{"id":6192,"date":"2025-06-27T10:58:53","date_gmt":"2025-06-27T07:58:53","guid":{"rendered":"https:\/\/birimler.atauni.edu.tr\/kutuphane-ve-dokumantasyon-daire-baskanligi\/?page_id=6192"},"modified":"2025-08-05T11:38:14","modified_gmt":"2025-08-05T08:38:14","slug":"duyurular","status":"publish","type":"page","link":"http:\/\/atauni.edu.tr\/kutuphane-ve-dokumantasyon-daire-baskanligi\/duyurular\/","title":{"rendered":"Duyurular"},"content":{"rendered":"<form method=\"get\" class=\"row g-3\" style=\"margin-bottom: 20px;\"><div class=\"col-md-3\"><input type=\"text\" name=\"Duyuru_ara\" class=\"form-control\" placeholder=\"Duyuru ara...\" value=\"\"><\/div><div class=\"col-md-3\"><input type=\"date\" name=\"baslangic_tarihi\" class=\"form-control\" value=\"\"><\/div><div class=\"col-md-3\"><input type=\"date\" name=\"bitis_tarihi\" class=\"form-control\" value=\"\"><\/div><div class=\"col-md-3\"><button type=\"submit\" class=\"btn btn-secondary w-50\">Filtrele<\/button><\/div><\/form><ul class=\"kategori-yazilari-liste\"><li style=\"display: flex; margin-bottom: 10px; align-items: center;\"><div class=\"post-content\" style=\"flex-grow: 1;\"><span class=\"post-date Duyurutarih\" style=\"display: block; font-weight: bold; margin-bottom: 5px;\">27 \u015eubat 2026<\/span><a class=\"Duyurubaslik\" href=\"http:\/\/atauni.edu.tr\/kutuphane-ve-dokumantasyon-daire-baskanligi\/2026\/02\/27\/proquest-urunleri-30-06-2020-tarihine-kadar-deneme-erisimine-acilmistir\/\">Proquest \u00fcr\u00fcnleri 30.06.2020 tarihine kadar deneme eri\u015fimine a\u00e7\u0131lm\u0131\u015ft\u0131r.<\/a><\/div><\/li><li style=\"display: flex; margin-bottom: 10px; align-items: center;\"><div class=\"post-content\" style=\"flex-grow: 1;\"><span class=\"post-date Duyurutarih\" style=\"display: block; font-weight: bold; margin-bottom: 5px;\">27 \u015eubat 2026<\/span><a class=\"Duyurubaslik\" href=\"http:\/\/atauni.edu.tr\/kutuphane-ve-dokumantasyon-daire-baskanligi\/2026\/02\/27\/spark-energy-online-nano-online-veritabanlari-30-haziran-2020-tarihine-kadar-deneme-erisimine-acilmistir\/\">Spark, Energy Online, Nano Online Veritabanlar\u0131 30 Haziran 2020 tarihine kadar deneme eri\u015fimine a\u00e7\u0131lm\u0131\u015ft\u0131r.<\/a><\/div><\/li><li style=\"display: flex; margin-bottom: 10px; align-items: center;\"><div class=\"post-content\" style=\"flex-grow: 1;\"><span class=\"post-date Duyurutarih\" style=\"display: block; font-weight: bold; margin-bottom: 5px;\">24 \u015eubat 2026<\/span><a class=\"Duyurubaslik\" href=\"http:\/\/atauni.edu.tr\/kutuphane-ve-dokumantasyon-daire-baskanligi\/2026\/02\/24\/ataturk-universitesinin-open-access-destegi-verdigi-veri-tabanlari-okuyayimla-anlasmalari\/\">ATAT\u00dcRK \u00dcN\u0130VERS\u0130TES\u0130N\u0130N OPEN ACCESS DESTE\u011e\u0130 VERD\u0130\u011e\u0130 VER\u0130 TABANLARI (OKU&amp;YAYIMLA ANLA\u015eMALARI)<\/a><\/div><\/li><li style=\"display: flex; margin-bottom: 10px; align-items: center;\"><div class=\"post-content\" style=\"flex-grow: 1;\"><span class=\"post-date Duyurutarih\" style=\"display: block; font-weight: bold; margin-bottom: 5px;\">29 Ocak 2026<\/span><a class=\"Duyurubaslik\" href=\"http:\/\/atauni.edu.tr\/kutuphane-ve-dokumantasyon-daire-baskanligi\/2026\/01\/29\/2025-yilinda-springer-nature-e-book-kitaplari-satin-alinmistir\/\">2025 YILINDA SPRINGER NATURE E-BOOK K\u0130TAPLARI SATIN ALINMI\u015eTIR.<\/a><\/div><\/li><li style=\"display: flex; margin-bottom: 10px; align-items: center;\"><div class=\"post-content\" style=\"flex-grow: 1;\"><span class=\"post-date Duyurutarih\" style=\"display: block; font-weight: bold; margin-bottom: 5px;\">9 Ocak 2026<\/span><a class=\"Duyurubaslik\" href=\"http:\/\/atauni.edu.tr\/kutuphane-ve-dokumantasyon-daire-baskanligi\/2026\/01\/09\/calisma-saatleri\/\">\u00c7al\u0131\u015fma Saatleri<\/a><\/div><\/li><li style=\"display: flex; margin-bottom: 10px; align-items: center;\"><div class=\"post-content\" style=\"flex-grow: 1;\"><span class=\"post-date Duyurutarih\" style=\"display: block; font-weight: bold; margin-bottom: 5px;\">19 Eyl\u00fcl 2025<\/span><a class=\"Duyurubaslik\" href=\"http:\/\/atauni.edu.tr\/kutuphane-ve-dokumantasyon-daire-baskanligi\/2025\/09\/19\/biofinder-deneme-erisimi-hk\/\">BioFinder deneme eri\u015fimi hk.<\/a><\/div><\/li><li style=\"display: flex; margin-bottom: 10px; align-items: center;\"><div class=\"post-content\" style=\"flex-grow: 1;\"><span class=\"post-date Duyurutarih\" style=\"display: block; font-weight: bold; margin-bottom: 5px;\">17 Eyl\u00fcl 2025<\/span><a class=\"Duyurubaslik\" href=\"http:\/\/atauni.edu.tr\/kutuphane-ve-dokumantasyon-daire-baskanligi\/2025\/09\/17\/ankos-tr-mylangprep-online-sinav-hazirlik-veritabani-deneme-erisimi-duyurusu\/\">[ANKOS-TR] MyLangPrep Online S\u0131nav Haz\u0131rl\u0131k Veritaban\u0131 Deneme Eri\u015fimi Duyurusu<\/a><\/div><\/li><li style=\"display: flex; margin-bottom: 10px; align-items: center;\"><div class=\"post-content\" style=\"flex-grow: 1;\"><span class=\"post-date Duyurutarih\" style=\"display: block; font-weight: bold; margin-bottom: 5px;\">17 Eyl\u00fcl 2025<\/span><a class=\"Duyurubaslik\" href=\"http:\/\/atauni.edu.tr\/kutuphane-ve-dokumantasyon-daire-baskanligi\/2025\/09\/17\/ankos-tr-hiperkitap-veritabani-deneme-erisimi-hakkinda\/\">[ANKOS-TR] Hiperkitap Veritaban\u0131 Deneme Eri\u015fimi Hakk\u0131nda<\/a><\/div><\/li><li style=\"display: flex; margin-bottom: 10px; align-items: center;\"><div class=\"post-content\" style=\"flex-grow: 1;\"><span class=\"post-date Duyurutarih\" style=\"display: block; font-weight: bold; margin-bottom: 5px;\">17 Eyl\u00fcl 2025<\/span><a class=\"Duyurubaslik\" href=\"http:\/\/atauni.edu.tr\/kutuphane-ve-dokumantasyon-daire-baskanligi\/2025\/09\/17\/rsc-dergileri-deneme-erisiminiz-acildi\/\">RSC Dergileri Deneme Eri\u015fiminiz A\u00e7\u0131ld\u0131!<\/a><\/div><\/li><li style=\"display: flex; margin-bottom: 10px; align-items: center;\"><div class=\"post-content\" style=\"flex-grow: 1;\"><span class=\"post-date Duyurutarih\" style=\"display: block; font-weight: bold; margin-bottom: 5px;\">9 Eyl\u00fcl 2025<\/span><a class=\"Duyurubaslik\" href=\"http:\/\/atauni.edu.tr\/kutuphane-ve-dokumantasyon-daire-baskanligi\/2025\/09\/09\/ankos-tr-wonders-ai-ankos-deneme-erisimi\/\">[ANKOS-TR] Wonders AI ANKOS Deneme Eri\u015fimi<\/a><\/div><\/li><\/ul><nav class=\"pagination\" style=\"margin-top: 20px;\"><ul class='page-numbers'>\n\t<li><span aria-current=\"page\" class=\"page-numbers current\">1<\/span><\/li>\n\t<li><a class=\"page-numbers\" href=\"http:\/\/atauni.edu.tr\/kutuphane-ve-dokumantasyon-daire-baskanligi\/wp-json\/wp\/v2\/pages\/6192\/page\/2\/\">2<\/a><\/li>\n\t<li><a class=\"page-numbers\" href=\"http:\/\/atauni.edu.tr\/kutuphane-ve-dokumantasyon-daire-baskanligi\/wp-json\/wp\/v2\/pages\/6192\/page\/3\/\">3<\/a><\/li>\n\t<li><span class=\"page-numbers dots\">&hellip;<\/span><\/li>\n\t<li><a class=\"page-numbers\" href=\"http:\/\/atauni.edu.tr\/kutuphane-ve-dokumantasyon-daire-baskanligi\/wp-json\/wp\/v2\/pages\/6192\/page\/6\/\">6<\/a><\/li>\n\t<li><a class=\"next page-numbers\" href=\"http:\/\/atauni.edu.tr\/kutuphane-ve-dokumantasyon-daire-baskanligi\/wp-json\/wp\/v2\/pages\/6192\/page\/2\/\">Sonraki &raquo;<\/a><\/li>\n<\/ul>\n<\/nav>\n\n\n\n<p><\/p>\n","protected":false},"excerpt":{"rendered":"","protected":false},"author":8,"featured_media":0,"parent":0,"menu_order":0,"comment_status":"closed","ping_status":"closed","template":"","meta":{"footnotes":""},"class_list":["post-6192","page","type-page","status-publish","hentry"],"_links":{"self":[{"href":"http:\/\/atauni.edu.tr\/kutuphane-ve-dokumantasyon-daire-baskanligi\/wp-json\/wp\/v2\/pages\/6192","targetHints":{"allow":["GET"]}}],"collection":[{"href":"http:\/\/atauni.edu.tr\/kutuphane-ve-dokumantasyon-daire-baskanligi\/wp-json\/wp\/v2\/pages"}],"about":[{"href":"http:\/\/atauni.edu.tr\/kutuphane-ve-dokumantasyon-daire-baskanligi\/wp-json\/wp\/v2\/types\/page"}],"author":[{"embeddable":true,"href":"http:\/\/atauni.edu.tr\/kutuphane-ve-dokumantasyon-daire-baskanligi\/wp-json\/wp\/v2\/users\/8"}],"replies":[{"embeddable":true,"href":"http:\/\/atauni.edu.tr\/kutuphane-ve-dokumantasyon-daire-baskanligi\/wp-json\/wp\/v2\/comments?post=6192"}],"version-history":[{"count":2,"href":"http:\/\/atauni.edu.tr\/kutuphane-ve-dokumantasyon-daire-baskanligi\/wp-json\/wp\/v2\/pages\/6192\/revisions"}],"predecessor-version":[{"id":6221,"href":"http:\/\/atauni.edu.tr\/kutuphane-ve-dokumantasyon-daire-baskanligi\/wp-json\/wp\/v2\/pages\/6192\/revisions\/6221"}],"wp:attachment":[{"href":"http:\/\/atauni.edu.tr\/kutuphane-ve-dokumantasyon-daire-baskanligi\/wp-json\/wp\/v2\/media?parent=6192"}],"curies":[{"name":"wp","href":"https:\/\/api.w.org\/{rel}","templated":true}]}}