{"id":6251,"date":"2026-01-29T14:00:37","date_gmt":"2026-01-29T11:00:37","guid":{"rendered":"https:\/\/birimler.atauni.edu.tr\/kutuphane-ve-dokumantasyon-daire-baskanligi\/?page_id=6251"},"modified":"2026-01-29T14:00:55","modified_gmt":"2026-01-29T11:00:55","slug":"yerlesim-plani","status":"publish","type":"page","link":"http:\/\/atauni.edu.tr\/kutuphane-ve-dokumantasyon-daire-baskanligi\/yerlesim-plani\/","title":{"rendered":"Yerle\u015fim Plan\u0131"},"content":{"rendered":"\t\t<div data-elementor-type=\"wp-page\" data-elementor-id=\"6251\" class=\"elementor elementor-6251\" data-elementor-post-type=\"page\">\n\t\t\t\t\t\t<section class=\"elementor-section elementor-top-section elementor-element elementor-element-bd2411d elementor-section-boxed elementor-section-height-default elementor-section-height-default\" data-id=\"bd2411d\" data-element_type=\"section\">\n\t\t\t\t\t\t<div class=\"elementor-container elementor-column-gap-default\">\n\t\t\t\t\t<div class=\"elementor-column elementor-col-100 elementor-top-column elementor-element elementor-element-2c1c9da\" data-id=\"2c1c9da\" data-element_type=\"column\">\n\t\t\t<div class=\"elementor-widget-wrap elementor-element-populated\">\n\t\t\t\t\t\t<div class=\"elementor-element elementor-element-2feae8d elementor-widget elementor-widget-text-editor\" data-id=\"2feae8d\" data-element_type=\"widget\" data-widget_type=\"text-editor.default\">\n\t\t\t\t<div class=\"elementor-widget-container\">\n\t\t\t\t\t\t\t\t\t<p><em><span class=\"fr-just\"><strong>Zemin Kat:<\/strong>\u00a0<\/span><\/em><em>Bilgi Kaynaklar\u0131 Ar\u015fivi , Cilt ve Onar\u0131m Servisi, Dayan\u0131kl\u0131 Ta\u015f\u0131n\u0131rlar Ambar\u0131, T\u00fcketim Malzemeleri Ambar\u0131<\/em><\/p><p><strong><em><span class=\"fr-just\">Giri\u015f Kat\u0131:\u00a0<\/span><\/em><\/strong><em>S\u00fcreli Yay\u0131nlar Salonu,Serbest Okuma ve \u00c7al\u0131\u015fma Salonu, \u0130nternet Salonu, Toplant\u0131 Salonu, G\u00f6rsel \u0130\u015fitsel Kaynaklar B\u00f6l\u00fcm\u00fc, \u00d6d\u00fcn\u00e7 Verme Servisi, Katalog Tarama Terminalleri, Fotokopi, Kafetarya, Kataloglama ve S\u0131n\u0131fland\u0131rma Servisi, Sa\u011flama Servisi, Daire Ba\u015fkanl\u0131\u011f\u0131 ve B\u00fcrolar bulunmaktad\u0131r<\/em><\/p><p><em><strong><span class=\"fr-just\">1.Kat:\u00a0<\/span><\/strong>Dil ve Edebiyat Okuma Salonu, \u00a0Mustafa Muhtar Karahano\u011flu Okumu Salonu, Z. Fahri F\u0131nd\u0131ko\u011flu Okuma Salonu<\/em><\/p><p><em><strong><span class=\"fr-just\">2.Kat:\u00a0<\/span><\/strong>R\u0131fk\u0131 Salim Bur\u00e7ak Okuma Salonu, M. Seyfettin \u00d6zege Nadir Eserler Salonu<\/em><\/p>\t\t\t\t\t\t\t\t<\/div>\n\t\t\t\t<\/div>\n\t\t\t\t\t<\/div>\n\t\t<\/div>\n\t\t\t\t\t<\/div>\n\t\t<\/section>\n\t\t\t\t<\/div>\n\t\t","protected":false},"excerpt":{"rendered":"<p>Zemin Kat:\u00a0Bilgi Kaynaklar\u0131 Ar\u015fivi , Cilt ve Onar\u0131m Servisi, Dayan\u0131kl\u0131 Ta\u015f\u0131n\u0131rlar Ambar\u0131, T\u00fcketim Malzemeleri Ambar\u0131 Giri\u015f Kat\u0131:\u00a0S\u00fcreli Yay\u0131nlar Salonu,Serbest Okuma ve \u00c7al\u0131\u015fma Salonu, \u0130nternet Salonu, Toplant\u0131 Salonu, G\u00f6rsel \u0130\u015fitsel Kaynaklar B\u00f6l\u00fcm\u00fc, \u00d6d\u00fcn\u00e7 Verme Servisi, Katalog Tarama Terminalleri, Fotokopi, Kafetarya, Kataloglama ve S\u0131n\u0131fland\u0131rma Servisi, Sa\u011flama Servisi, Daire Ba\u015fkanl\u0131\u011f\u0131 ve B\u00fcrolar bulunmaktad\u0131r 1.Kat:\u00a0Dil ve Edebiyat Okuma Salonu, [&hellip;]<\/p>\n","protected":false},"author":594,"featured_media":0,"parent":0,"menu_order":0,"comment_status":"closed","ping_status":"closed","template":"","meta":{"footnotes":""},"class_list":["post-6251","page","type-page","status-publish","hentry"],"_links":{"self":[{"href":"http:\/\/atauni.edu.tr\/kutuphane-ve-dokumantasyon-daire-baskanligi\/wp-json\/wp\/v2\/pages\/6251","targetHints":{"allow":["GET"]}}],"collection":[{"href":"http:\/\/atauni.edu.tr\/kutuphane-ve-dokumantasyon-daire-baskanligi\/wp-json\/wp\/v2\/pages"}],"about":[{"href":"http:\/\/atauni.edu.tr\/kutuphane-ve-dokumantasyon-daire-baskanligi\/wp-json\/wp\/v2\/types\/page"}],"author":[{"embeddable":true,"href":"http:\/\/atauni.edu.tr\/kutuphane-ve-dokumantasyon-daire-baskanligi\/wp-json\/wp\/v2\/users\/594"}],"replies":[{"embeddable":true,"href":"http:\/\/atauni.edu.tr\/kutuphane-ve-dokumantasyon-daire-baskanligi\/wp-json\/wp\/v2\/comments?post=6251"}],"version-history":[{"count":7,"href":"http:\/\/atauni.edu.tr\/kutuphane-ve-dokumantasyon-daire-baskanligi\/wp-json\/wp\/v2\/pages\/6251\/revisions"}],"predecessor-version":[{"id":6258,"href":"http:\/\/atauni.edu.tr\/kutuphane-ve-dokumantasyon-daire-baskanligi\/wp-json\/wp\/v2\/pages\/6251\/revisions\/6258"}],"wp:attachment":[{"href":"http:\/\/atauni.edu.tr\/kutuphane-ve-dokumantasyon-daire-baskanligi\/wp-json\/wp\/v2\/media?parent=6251"}],"curies":[{"name":"wp","href":"https:\/\/api.w.org\/{rel}","templated":true}]}}