{"id":6355,"date":"2026-02-09T13:43:04","date_gmt":"2026-02-09T10:43:04","guid":{"rendered":"https:\/\/birimler.atauni.edu.tr\/kutuphane-ve-dokumantasyon-daire-baskanligi\/?page_id=6355"},"modified":"2026-02-09T13:43:14","modified_gmt":"2026-02-09T10:43:14","slug":"bagis-politikasi","status":"publish","type":"page","link":"http:\/\/atauni.edu.tr\/kutuphane-ve-dokumantasyon-daire-baskanligi\/bagis-politikasi\/","title":{"rendered":"Ba\u011f\u0131\u015f Politikas\u0131"},"content":{"rendered":"\t\t<div data-elementor-type=\"wp-page\" data-elementor-id=\"6355\" class=\"elementor elementor-6355\" data-elementor-post-type=\"page\">\n\t\t\t\t\t\t<section class=\"elementor-section elementor-top-section elementor-element elementor-element-4f78b5f elementor-section-boxed elementor-section-height-default elementor-section-height-default\" data-id=\"4f78b5f\" data-element_type=\"section\">\n\t\t\t\t\t\t<div class=\"elementor-container elementor-column-gap-default\">\n\t\t\t\t\t<div class=\"elementor-column elementor-col-100 elementor-top-column elementor-element elementor-element-a5a1de6\" data-id=\"a5a1de6\" data-element_type=\"column\">\n\t\t\t<div class=\"elementor-widget-wrap elementor-element-populated\">\n\t\t\t\t\t\t<div class=\"elementor-element elementor-element-c73a04b elementor-widget elementor-widget-text-editor\" data-id=\"c73a04b\" data-element_type=\"widget\" data-widget_type=\"text-editor.default\">\n\t\t\t\t<div class=\"elementor-widget-container\">\n\t\t\t\t\t\t\t\t\t<h4>Ba\u011f\u0131\u015f Politikas\u0131<\/h4><p>(1)\u00a0Daire Ba\u015fkanl\u0131\u011f\u0131, ba\u011f\u0131\u015f yap\u0131lan bilgi kaynaklar\u0131n\u0131n koleksiyona eklenip eklenmeyece\u011fi ve hangi b\u00f6l\u00fcmde yer alaca\u011f\u0131 ve nas\u0131l ula\u015f\u0131laca\u011f\u0131 konusunda karar vermek hakk\u0131na sahiptir.<br \/>(2)\u00a0Koleksiyona eklenmeyen bilgi kaynaklar\u0131 ba\u011f\u0131\u015f yapan ki\u015fiye iade edilebilir veya di\u011fer k\u00fct\u00fcphanelere ba\u011f\u0131\u015f yap\u0131labilir.<\/p><p>(3)\u00a0Ba\u011f\u0131\u015f yap\u0131lmak istenen kaynaklar\u0131n bir listesinin \u00f6nceden Daire Ba\u015fkanl\u0131\u011f\u0131\u2019na iletilerek \u00f6n g\u00f6r\u00fc\u015f al\u0131nmas\u0131 tercih edilir. Bu liste \u00fczerinden \u201cKoleksiyon Geli\u015ftirme Politikas\u0131 \u0130lkeleri\u201d ne uyan bilgi kaynaklar\u0131n\u0131n kabul\u00fc hususunda Daire Ba\u015fkan\u0131\u2019n\u0131n onay\u0131 ile al\u0131nacak kaynaklar se\u00e7ilerek ilgili bireylere\/kurumlara bildirilir.<br \/>(4)\u00a0Ba\u011f\u0131\u015flanan kaynaklar\u0131n i\u00e7 kapa\u011f\u0131na, ba\u011f\u0131\u015f yapan ki\u015fi\/kurum ad\u0131 \u201c\u2026\u2026\u2026\u2026\u2026\u2026\u2026\u2026\u2026\u2026. taraf\u0131ndan ba\u011f\u0131\u015flanm\u0131\u015ft\u0131r\u201d damgas\u0131 bas\u0131larak belirtilir.<br \/>(5)\u00a0K\u00fct\u00fcphane koleksiyonu i\u00e7in uygun olan bilgi kaynaklar\u0131, di\u011fer bilgi kaynaklar\u0131 i\u00e7in yap\u0131lan i\u015flemlere tabi tutulur ve koleksiyona eklenir. Ba\u011f\u0131\u015f yapan ki\u015fi\/kuruma \u00dcniversitemiz ad\u0131na te\u015fekk\u00fcr mektubu g\u00f6nderilir.<\/p><h4><strong>\u00a0Koleksiyona Al\u0131nmayacak Nitelikteki Bilgi Kaynaklar\u0131na \u0130li\u015fkin Esaslar<\/strong><\/h4><p>A\u015fa\u011f\u0131da belirtilen nitelikteki kaynaklar, bir \u00fcniversite k\u00fct\u00fcphanesinin koleksiyonunda bulunmas\u0131n\u0131n uygun olmamas\u0131 nedeniyle ba\u011f\u0131\u015f olarak kabul edilmez.<br \/>a)\u00a0Yarg\u0131 karar\u0131 ile yasaklanm\u0131\u015f olanlar,<br \/>b)\u00a0Konu kapsam\u0131 ve kullan\u0131lan dil a\u00e7\u0131s\u0131ndan \u00fcniversitenin d\u00fczeyine uymayanlar,<br \/>c)\u00a0El yazmas\u0131 ve nadir basma eser niteli\u011fi olanlar d\u0131\u015f\u0131nda, g\u00fcncelli\u011fini yitirmi\u015f olanlar,<br \/>\u00e7)\u00a0Kopya ile \u00e7o\u011falt\u0131lm\u0131\u015f (fotokopi) ve\/veya telif hakk\u0131 sorunu olu\u015fturacak eserler,<br \/>d)\u00a0Kitap b\u00f6l\u00fcm\u00fc ve dergilere ait makalelerin ayr\u0131 bask\u0131lar\u0131,<br \/>e)\u00a0Gazeteler,<br \/>f)\u00a0Devaml\u0131l\u0131\u011f\u0131 olmayan ve bas\u0131m\u0131 durmu\u015f s\u00fcreli yay\u0131nlar,<br \/>g)\u00a0Cilt b\u00fct\u00fcnl\u00fc\u011f\u00fc sa\u011flanamayan dergi, ansiklopedi vb. gibi \u00e7ok ciltli eserler,<br \/>\u011f)\u00a0Fiziki durumu uygun olmayan ve y\u0131pranm\u0131\u015f eserler,<br \/>h)\u00a0K\u00fct\u00fcphane koleksiyonunda yeterli say\u0131da mevcut olanlar. (\u00c7ok kullan\u0131lan yay\u0131nlar<br \/>al\u0131nabilir)<br \/>Ba\u011f\u0131\u015f olarak al\u0131nm\u0131\u015f ancak, koleksiyona dahil edilmesi uygun g\u00f6r\u00fclmeyen kaynaklar, ihtiya\u00e7 duyan ba\u015fka k\u00fct\u00fcphanelere ba\u011f\u0131\u015flanabilir<\/p>\t\t\t\t\t\t\t\t<\/div>\n\t\t\t\t<\/div>\n\t\t\t\t\t<\/div>\n\t\t<\/div>\n\t\t\t\t\t<\/div>\n\t\t<\/section>\n\t\t\t\t<\/div>\n\t\t","protected":false},"excerpt":{"rendered":"<p>Ba\u011f\u0131\u015f Politikas\u0131 (1)\u00a0Daire Ba\u015fkanl\u0131\u011f\u0131, ba\u011f\u0131\u015f yap\u0131lan bilgi kaynaklar\u0131n\u0131n koleksiyona eklenip eklenmeyece\u011fi ve hangi b\u00f6l\u00fcmde yer alaca\u011f\u0131 ve nas\u0131l ula\u015f\u0131laca\u011f\u0131 konusunda karar vermek hakk\u0131na sahiptir.(2)\u00a0Koleksiyona eklenmeyen bilgi kaynaklar\u0131 ba\u011f\u0131\u015f yapan ki\u015fiye iade edilebilir veya di\u011fer k\u00fct\u00fcphanelere ba\u011f\u0131\u015f yap\u0131labilir. (3)\u00a0Ba\u011f\u0131\u015f yap\u0131lmak istenen kaynaklar\u0131n bir listesinin \u00f6nceden Daire Ba\u015fkanl\u0131\u011f\u0131\u2019na iletilerek \u00f6n g\u00f6r\u00fc\u015f al\u0131nmas\u0131 tercih edilir. Bu liste \u00fczerinden [&hellip;]<\/p>\n","protected":false},"author":594,"featured_media":0,"parent":0,"menu_order":0,"comment_status":"closed","ping_status":"closed","template":"","meta":{"footnotes":""},"class_list":["post-6355","page","type-page","status-publish","hentry"],"_links":{"self":[{"href":"http:\/\/atauni.edu.tr\/kutuphane-ve-dokumantasyon-daire-baskanligi\/wp-json\/wp\/v2\/pages\/6355","targetHints":{"allow":["GET"]}}],"collection":[{"href":"http:\/\/atauni.edu.tr\/kutuphane-ve-dokumantasyon-daire-baskanligi\/wp-json\/wp\/v2\/pages"}],"about":[{"href":"http:\/\/atauni.edu.tr\/kutuphane-ve-dokumantasyon-daire-baskanligi\/wp-json\/wp\/v2\/types\/page"}],"author":[{"embeddable":true,"href":"http:\/\/atauni.edu.tr\/kutuphane-ve-dokumantasyon-daire-baskanligi\/wp-json\/wp\/v2\/users\/594"}],"replies":[{"embeddable":true,"href":"http:\/\/atauni.edu.tr\/kutuphane-ve-dokumantasyon-daire-baskanligi\/wp-json\/wp\/v2\/comments?post=6355"}],"version-history":[{"count":7,"href":"http:\/\/atauni.edu.tr\/kutuphane-ve-dokumantasyon-daire-baskanligi\/wp-json\/wp\/v2\/pages\/6355\/revisions"}],"predecessor-version":[{"id":6362,"href":"http:\/\/atauni.edu.tr\/kutuphane-ve-dokumantasyon-daire-baskanligi\/wp-json\/wp\/v2\/pages\/6355\/revisions\/6362"}],"wp:attachment":[{"href":"http:\/\/atauni.edu.tr\/kutuphane-ve-dokumantasyon-daire-baskanligi\/wp-json\/wp\/v2\/media?parent=6355"}],"curies":[{"name":"wp","href":"https:\/\/api.w.org\/{rel}","templated":true}]}}