{"id":6379,"date":"2026-02-09T13:57:21","date_gmt":"2026-02-09T10:57:21","guid":{"rendered":"https:\/\/birimler.atauni.edu.tr\/kutuphane-ve-dokumantasyon-daire-baskanligi\/?page_id=6379"},"modified":"2026-03-10T10:51:57","modified_gmt":"2026-03-10T07:51:57","slug":"bilgi-kaynagi-siparisi","status":"publish","type":"page","link":"http:\/\/atauni.edu.tr\/kutuphane-ve-dokumantasyon-daire-baskanligi\/bilgi-kaynagi-siparisi\/","title":{"rendered":"Bilgi Kayna\u011f\u0131 Sipari\u015fi"},"content":{"rendered":"\t\t<div data-elementor-type=\"wp-page\" data-elementor-id=\"6379\" class=\"elementor elementor-6379\" data-elementor-post-type=\"page\">\n\t\t\t\t\t\t<section class=\"elementor-section elementor-top-section elementor-element elementor-element-a0104e7 elementor-section-boxed elementor-section-height-default elementor-section-height-default\" data-id=\"a0104e7\" data-element_type=\"section\">\n\t\t\t\t\t\t<div class=\"elementor-container elementor-column-gap-default\">\n\t\t\t\t\t<div class=\"elementor-column elementor-col-100 elementor-top-column elementor-element elementor-element-15d255f\" data-id=\"15d255f\" data-element_type=\"column\">\n\t\t\t<div class=\"elementor-widget-wrap elementor-element-populated\">\n\t\t\t\t\t\t<div class=\"elementor-element elementor-element-07fbf9e elementor-widget elementor-widget-spacer\" data-id=\"07fbf9e\" data-element_type=\"widget\" data-widget_type=\"spacer.default\">\n\t\t\t\t<div class=\"elementor-widget-container\">\n\t\t\t\t\t\t\t<div class=\"elementor-spacer\">\n\t\t\t<div class=\"elementor-spacer-inner\"><\/div>\n\t\t<\/div>\n\t\t\t\t\t\t<\/div>\n\t\t\t\t<\/div>\n\t\t\t\t\t<\/div>\n\t\t<\/div>\n\t\t\t\t\t<\/div>\n\t\t<\/section>\n\t\t\t\t<section class=\"elementor-section elementor-top-section elementor-element elementor-element-b8b3028 elementor-section-boxed elementor-section-height-default elementor-section-height-default\" data-id=\"b8b3028\" data-element_type=\"section\">\n\t\t\t\t\t\t<div class=\"elementor-container elementor-column-gap-default\">\n\t\t\t\t\t<div class=\"elementor-column elementor-col-100 elementor-top-column elementor-element elementor-element-24d040c\" data-id=\"24d040c\" data-element_type=\"column\">\n\t\t\t<div class=\"elementor-widget-wrap elementor-element-populated\">\n\t\t\t\t\t\t<div class=\"elementor-element elementor-element-eaa8eaf elementor-widget elementor-widget-heading\" data-id=\"eaa8eaf\" data-element_type=\"widget\" data-widget_type=\"heading.default\">\n\t\t\t\t<div class=\"elementor-widget-container\">\n\t\t\t\t\t<h2 class=\"elementor-heading-title elementor-size-default\">Bilgi Kayna\u011f\u0131 Sipari\u015fi<\/h2>\t\t\t\t<\/div>\n\t\t\t\t<\/div>\n\t\t\t\t<div class=\"elementor-element elementor-element-3cd9030 elementor-widget-divider--view-line elementor-widget elementor-widget-divider\" data-id=\"3cd9030\" data-element_type=\"widget\" data-widget_type=\"divider.default\">\n\t\t\t\t<div class=\"elementor-widget-container\">\n\t\t\t\t\t\t\t<div class=\"elementor-divider\">\n\t\t\t<span class=\"elementor-divider-separator\">\n\t\t\t\t\t\t<\/span>\n\t\t<\/div>\n\t\t\t\t\t\t<\/div>\n\t\t\t\t<\/div>\n\t\t\t\t\t<\/div>\n\t\t<\/div>\n\t\t\t\t\t<\/div>\n\t\t<\/section>\n\t\t\t\t<section class=\"elementor-section elementor-top-section elementor-element elementor-element-fcde0e2 elementor-section-boxed elementor-section-height-default elementor-section-height-default\" data-id=\"fcde0e2\" data-element_type=\"section\">\n\t\t\t\t\t\t<div class=\"elementor-container elementor-column-gap-default\">\n\t\t\t\t\t<div class=\"elementor-column elementor-col-100 elementor-top-column elementor-element elementor-element-2f34594\" data-id=\"2f34594\" data-element_type=\"column\">\n\t\t\t<div class=\"elementor-widget-wrap elementor-element-populated\">\n\t\t\t\t\t\t<div class=\"elementor-element elementor-element-501b497 elementor-widget elementor-widget-text-editor\" data-id=\"501b497\" data-element_type=\"widget\" data-widget_type=\"text-editor.default\">\n\t\t\t\t<div class=\"elementor-widget-container\">\n\t\t\t\t\t\t\t\t\t<div class=\"wr_medya text-left\"><p>Eser iste\u011finiz i\u00e7in,\u00a0<\/p><hr \/><p>1.)\u00a0<a href=\"https:\/\/kutuphane.atauni.edu.tr\/yordambt\/yordam.php\">https:\/\/kutuphane.atauni.edu.tr\/yordambt\/yordam.php<\/a>\u00a0ba\u011flant\u0131s\u0131 \u00fczerinden hesab\u0131n\u0131za giri\u015f yaparak kitap sat\u0131n alma iste\u011finde bulunabilirsiniz.<br \/>2.) A\u015fa\u011f\u0131daki \u201dEser \u0130stek Formunu\u201d doldurarak kutuphane@atauni.edu.tr adresine g\u00f6nderebilirsiniz.<\/p><\/div><div class=\"ekler\"><a href=\"https:\/\/atauni.edu.tr\/yuklemeler\/6c2ae6085cb97075a18af0233cc3cde8.xlsx\" target=\"_blank\" rel=\"noopener noreferrer\" download=\"\">B\u0130LG\u0130 KAYNAKLARI TALEP FORMU.xlsx<\/a><\/div>\t\t\t\t\t\t\t\t<\/div>\n\t\t\t\t<\/div>\n\t\t\t\t\t<\/div>\n\t\t<\/div>\n\t\t\t\t\t<\/div>\n\t\t<\/section>\n\t\t\t\t<section class=\"elementor-section elementor-top-section elementor-element elementor-element-8f74967 elementor-section-boxed elementor-section-height-default elementor-section-height-default\" data-id=\"8f74967\" data-element_type=\"section\">\n\t\t\t\t\t\t<div class=\"elementor-container elementor-column-gap-default\">\n\t\t\t\t\t<div class=\"elementor-column elementor-col-100 elementor-top-column elementor-element elementor-element-740529b\" data-id=\"740529b\" data-element_type=\"column\">\n\t\t\t<div class=\"elementor-widget-wrap elementor-element-populated\">\n\t\t\t\t\t\t<div class=\"elementor-element elementor-element-59268ee elementor-widget elementor-widget-spacer\" data-id=\"59268ee\" data-element_type=\"widget\" data-widget_type=\"spacer.default\">\n\t\t\t\t<div class=\"elementor-widget-container\">\n\t\t\t\t\t\t\t<div class=\"elementor-spacer\">\n\t\t\t<div class=\"elementor-spacer-inner\"><\/div>\n\t\t<\/div>\n\t\t\t\t\t\t<\/div>\n\t\t\t\t<\/div>\n\t\t\t\t\t<\/div>\n\t\t<\/div>\n\t\t\t\t\t<\/div>\n\t\t<\/section>\n\t\t\t\t<\/div>\n\t\t","protected":false},"excerpt":{"rendered":"<p>Bilgi Kayna\u011f\u0131 Sipari\u015fi Eser iste\u011finiz i\u00e7in,\u00a0 1.)\u00a0https:\/\/kutuphane.atauni.edu.tr\/yordambt\/yordam.php\u00a0ba\u011flant\u0131s\u0131 \u00fczerinden hesab\u0131n\u0131za giri\u015f yaparak kitap sat\u0131n alma iste\u011finde bulunabilirsiniz.2.) A\u015fa\u011f\u0131daki \u201dEser \u0130stek Formunu\u201d doldurarak kutuphane@atauni.edu.tr adresine g\u00f6nderebilirsiniz. B\u0130LG\u0130 KAYNAKLARI TALEP FORMU.xlsx<\/p>\n","protected":false},"author":594,"featured_media":0,"parent":0,"menu_order":0,"comment_status":"closed","ping_status":"closed","template":"elementor_header_footer","meta":{"footnotes":""},"class_list":["post-6379","page","type-page","status-publish","hentry"],"_links":{"self":[{"href":"http:\/\/atauni.edu.tr\/kutuphane-ve-dokumantasyon-daire-baskanligi\/wp-json\/wp\/v2\/pages\/6379","targetHints":{"allow":["GET"]}}],"collection":[{"href":"http:\/\/atauni.edu.tr\/kutuphane-ve-dokumantasyon-daire-baskanligi\/wp-json\/wp\/v2\/pages"}],"about":[{"href":"http:\/\/atauni.edu.tr\/kutuphane-ve-dokumantasyon-daire-baskanligi\/wp-json\/wp\/v2\/types\/page"}],"author":[{"embeddable":true,"href":"http:\/\/atauni.edu.tr\/kutuphane-ve-dokumantasyon-daire-baskanligi\/wp-json\/wp\/v2\/users\/594"}],"replies":[{"embeddable":true,"href":"http:\/\/atauni.edu.tr\/kutuphane-ve-dokumantasyon-daire-baskanligi\/wp-json\/wp\/v2\/comments?post=6379"}],"version-history":[{"count":16,"href":"http:\/\/atauni.edu.tr\/kutuphane-ve-dokumantasyon-daire-baskanligi\/wp-json\/wp\/v2\/pages\/6379\/revisions"}],"predecessor-version":[{"id":7576,"href":"http:\/\/atauni.edu.tr\/kutuphane-ve-dokumantasyon-daire-baskanligi\/wp-json\/wp\/v2\/pages\/6379\/revisions\/7576"}],"wp:attachment":[{"href":"http:\/\/atauni.edu.tr\/kutuphane-ve-dokumantasyon-daire-baskanligi\/wp-json\/wp\/v2\/media?parent=6379"}],"curies":[{"name":"wp","href":"https:\/\/api.w.org\/{rel}","templated":true}]}}