{"id":6388,"date":"2026-02-09T14:04:32","date_gmt":"2026-02-09T11:04:32","guid":{"rendered":"https:\/\/birimler.atauni.edu.tr\/kutuphane-ve-dokumantasyon-daire-baskanligi\/?page_id=6388"},"modified":"2026-02-26T14:09:44","modified_gmt":"2026-02-26T11:09:44","slug":"kits","status":"publish","type":"page","link":"http:\/\/atauni.edu.tr\/kutuphane-ve-dokumantasyon-daire-baskanligi\/kits\/","title":{"rendered":"K\u0130TS"},"content":{"rendered":"\t\t<div data-elementor-type=\"wp-page\" data-elementor-id=\"6388\" class=\"elementor elementor-6388\" data-elementor-post-type=\"page\">\n\t\t\t\t\t\t<section class=\"elementor-section elementor-top-section elementor-element elementor-element-372b7d3 elementor-section-boxed elementor-section-height-default elementor-section-height-default\" data-id=\"372b7d3\" data-element_type=\"section\">\n\t\t\t\t\t\t<div class=\"elementor-container elementor-column-gap-default\">\n\t\t\t\t\t<div class=\"elementor-column elementor-col-100 elementor-top-column elementor-element elementor-element-b370649\" data-id=\"b370649\" data-element_type=\"column\">\n\t\t\t<div class=\"elementor-widget-wrap elementor-element-populated\">\n\t\t\t\t\t\t<div class=\"elementor-element elementor-element-8fa0c46 elementor-widget elementor-widget-text-editor\" data-id=\"8fa0c46\" data-element_type=\"widget\" data-widget_type=\"text-editor.default\">\n\t\t\t\t<div class=\"elementor-widget-container\">\n\t\t\t\t\t\t\t\t\t<div class=\"wr_medya text-left\"><p>Formu doldurarak k\u00fct\u00fcphanemiz \u00fczerinden istedi\u011finiz kitaba veya makaleye ula\u015fabilirsiniz.<\/p><p>aslihanokur@atauni.edu.tr \u2018 e mail at\u0131p ve ya\u00a0<strong>0 442 231 12 47<\/strong>\u00a0 numaral\u0131 telefonu aray\u0131p personelimizle ileti\u015fime ge\u00e7ebilirsiniz.<\/p><\/div><div class=\"ekler\"><b>L\u00fctfen, \u00d6ncelikle Ayd\u0131nlatma Metnini Okumak \u0130\u00e7in\u00a0<a href=\"http:\/\/atauni.edu.tr\/kutuphane-ve-dokumantasyon-daire-baskanligi\/wp-content\/uploads\/sites\/218\/2026\/02\/KUTUPHANELER-ARASI-ODUNC-ISTEK-FORMU-1.pdf\">T\u0131klay\u0131n\u0131z.<\/a><\/b><\/div>\t\t\t\t\t\t\t\t<\/div>\n\t\t\t\t<\/div>\n\t\t\t\t\t<\/div>\n\t\t<\/div>\n\t\t\t\t\t<\/div>\n\t\t<\/section>\n\t\t\t\t<\/div>\n\t\t","protected":false},"excerpt":{"rendered":"<p>Formu doldurarak k\u00fct\u00fcphanemiz \u00fczerinden istedi\u011finiz kitaba veya makaleye ula\u015fabilirsiniz. aslihanokur@atauni.edu.tr \u2018 e mail at\u0131p ve ya\u00a00 442 231 12 47\u00a0 numaral\u0131 telefonu aray\u0131p personelimizle ileti\u015fime ge\u00e7ebilirsiniz. L\u00fctfen, \u00d6ncelikle Ayd\u0131nlatma Metnini Okumak \u0130\u00e7in\u00a0T\u0131klay\u0131n\u0131z.<\/p>\n","protected":false},"author":594,"featured_media":0,"parent":0,"menu_order":0,"comment_status":"closed","ping_status":"closed","template":"","meta":{"footnotes":""},"class_list":["post-6388","page","type-page","status-publish","hentry"],"_links":{"self":[{"href":"http:\/\/atauni.edu.tr\/kutuphane-ve-dokumantasyon-daire-baskanligi\/wp-json\/wp\/v2\/pages\/6388","targetHints":{"allow":["GET"]}}],"collection":[{"href":"http:\/\/atauni.edu.tr\/kutuphane-ve-dokumantasyon-daire-baskanligi\/wp-json\/wp\/v2\/pages"}],"about":[{"href":"http:\/\/atauni.edu.tr\/kutuphane-ve-dokumantasyon-daire-baskanligi\/wp-json\/wp\/v2\/types\/page"}],"author":[{"embeddable":true,"href":"http:\/\/atauni.edu.tr\/kutuphane-ve-dokumantasyon-daire-baskanligi\/wp-json\/wp\/v2\/users\/594"}],"replies":[{"embeddable":true,"href":"http:\/\/atauni.edu.tr\/kutuphane-ve-dokumantasyon-daire-baskanligi\/wp-json\/wp\/v2\/comments?post=6388"}],"version-history":[{"count":10,"href":"http:\/\/atauni.edu.tr\/kutuphane-ve-dokumantasyon-daire-baskanligi\/wp-json\/wp\/v2\/pages\/6388\/revisions"}],"predecessor-version":[{"id":7169,"href":"http:\/\/atauni.edu.tr\/kutuphane-ve-dokumantasyon-daire-baskanligi\/wp-json\/wp\/v2\/pages\/6388\/revisions\/7169"}],"wp:attachment":[{"href":"http:\/\/atauni.edu.tr\/kutuphane-ve-dokumantasyon-daire-baskanligi\/wp-json\/wp\/v2\/media?parent=6388"}],"curies":[{"name":"wp","href":"https:\/\/api.w.org\/{rel}","templated":true}]}}