{"id":6399,"date":"2026-02-09T14:05:39","date_gmt":"2026-02-09T11:05:39","guid":{"rendered":"https:\/\/birimler.atauni.edu.tr\/kutuphane-ve-dokumantasyon-daire-baskanligi\/?page_id=6399"},"modified":"2026-02-10T14:30:26","modified_gmt":"2026-02-10T11:30:26","slug":"tubess","status":"publish","type":"page","link":"http:\/\/atauni.edu.tr\/kutuphane-ve-dokumantasyon-daire-baskanligi\/tubess\/","title":{"rendered":"T\u00dcBESS"},"content":{"rendered":"\t\t<div data-elementor-type=\"wp-page\" data-elementor-id=\"6399\" class=\"elementor elementor-6399\" data-elementor-post-type=\"page\">\n\t\t\t\t\t\t<section class=\"elementor-section elementor-top-section elementor-element elementor-element-5d7168c elementor-section-boxed elementor-section-height-default elementor-section-height-default\" data-id=\"5d7168c\" data-element_type=\"section\">\n\t\t\t\t\t\t<div class=\"elementor-container elementor-column-gap-default\">\n\t\t\t\t\t<div class=\"elementor-column elementor-col-100 elementor-top-column elementor-element elementor-element-4cacb18\" data-id=\"4cacb18\" data-element_type=\"column\">\n\t\t\t<div class=\"elementor-widget-wrap elementor-element-populated\">\n\t\t\t\t\t\t<div class=\"elementor-element elementor-element-75514b8 elementor-widget elementor-widget-text-editor\" data-id=\"75514b8\" data-element_type=\"widget\" data-widget_type=\"text-editor.default\">\n\t\t\t\t<div class=\"elementor-widget-container\">\n\t\t\t\t\t\t\t\t\t<div class=\"wr_medya text-left\"><p>Formu doldurarak k\u00fct\u00fcphanemiz \u00fczerinden istedi\u011finiz teze ula\u015fabilirsiniz.<\/p><p>aslihanokur@atauni.edu.tr \u2018 e mail at\u0131p ve ya\u00a0<strong>0 442 231 12 47<\/strong>\u00a0 numaral\u0131 telefonu aray\u0131p personelimizle ileti\u015fime ge\u00e7ebilirsiniz.<\/p><\/div><div class=\"ekler\"><b>L\u00fctfen, \u00d6ncelikle Ayd\u0131nlatma Metnini Okumak \u0130\u00e7in\u00a0<a href=\"https:\/\/birimler.atauni.edu.tr\/kutuphane-ve-dokumantasyon-daire-baskanligi\/kullanici-aydinlatma-metni\/\" target=\"_blank\" rel=\"noopener\">T\u0131klay\u0131n\u0131z<\/a><\/b><\/div>\t\t\t\t\t\t\t\t<\/div>\n\t\t\t\t<\/div>\n\t\t\t\t\t<\/div>\n\t\t<\/div>\n\t\t\t\t\t<\/div>\n\t\t<\/section>\n\t\t\t\t<\/div>\n\t\t","protected":false},"excerpt":{"rendered":"<p>Formu doldurarak k\u00fct\u00fcphanemiz \u00fczerinden istedi\u011finiz teze ula\u015fabilirsiniz. aslihanokur@atauni.edu.tr \u2018 e mail at\u0131p ve ya\u00a00 442 231 12 47\u00a0 numaral\u0131 telefonu aray\u0131p personelimizle ileti\u015fime ge\u00e7ebilirsiniz. L\u00fctfen, \u00d6ncelikle Ayd\u0131nlatma Metnini Okumak \u0130\u00e7in\u00a0T\u0131klay\u0131n\u0131z<\/p>\n","protected":false},"author":594,"featured_media":0,"parent":0,"menu_order":0,"comment_status":"closed","ping_status":"closed","template":"","meta":{"footnotes":""},"class_list":["post-6399","page","type-page","status-publish","hentry"],"_links":{"self":[{"href":"http:\/\/atauni.edu.tr\/kutuphane-ve-dokumantasyon-daire-baskanligi\/wp-json\/wp\/v2\/pages\/6399","targetHints":{"allow":["GET"]}}],"collection":[{"href":"http:\/\/atauni.edu.tr\/kutuphane-ve-dokumantasyon-daire-baskanligi\/wp-json\/wp\/v2\/pages"}],"about":[{"href":"http:\/\/atauni.edu.tr\/kutuphane-ve-dokumantasyon-daire-baskanligi\/wp-json\/wp\/v2\/types\/page"}],"author":[{"embeddable":true,"href":"http:\/\/atauni.edu.tr\/kutuphane-ve-dokumantasyon-daire-baskanligi\/wp-json\/wp\/v2\/users\/594"}],"replies":[{"embeddable":true,"href":"http:\/\/atauni.edu.tr\/kutuphane-ve-dokumantasyon-daire-baskanligi\/wp-json\/wp\/v2\/comments?post=6399"}],"version-history":[{"count":10,"href":"http:\/\/atauni.edu.tr\/kutuphane-ve-dokumantasyon-daire-baskanligi\/wp-json\/wp\/v2\/pages\/6399\/revisions"}],"predecessor-version":[{"id":6431,"href":"http:\/\/atauni.edu.tr\/kutuphane-ve-dokumantasyon-daire-baskanligi\/wp-json\/wp\/v2\/pages\/6399\/revisions\/6431"}],"wp:attachment":[{"href":"http:\/\/atauni.edu.tr\/kutuphane-ve-dokumantasyon-daire-baskanligi\/wp-json\/wp\/v2\/media?parent=6399"}],"curies":[{"name":"wp","href":"https:\/\/api.w.org\/{rel}","templated":true}]}}