{"id":6405,"date":"2026-02-09T14:12:12","date_gmt":"2026-02-09T11:12:12","guid":{"rendered":"https:\/\/birimler.atauni.edu.tr\/kutuphane-ve-dokumantasyon-daire-baskanligi\/?page_id=6405"},"modified":"2026-03-12T08:50:20","modified_gmt":"2026-03-12T05:50:20","slug":"kullanici-aydinlatma-metni","status":"publish","type":"page","link":"http:\/\/atauni.edu.tr\/kutuphane-ve-dokumantasyon-daire-baskanligi\/kullanici-aydinlatma-metni\/","title":{"rendered":"Kullan\u0131c\u0131 Ayd\u0131nlatma Metni"},"content":{"rendered":"\t\t<div data-elementor-type=\"wp-page\" data-elementor-id=\"6405\" class=\"elementor elementor-6405\" data-elementor-post-type=\"page\">\n\t\t\t\t\t\t<section class=\"elementor-section elementor-top-section elementor-element elementor-element-5d595d0 elementor-section-boxed elementor-section-height-default elementor-section-height-default\" data-id=\"5d595d0\" data-element_type=\"section\">\n\t\t\t\t\t\t<div class=\"elementor-container elementor-column-gap-default\">\n\t\t\t\t\t<div class=\"elementor-column elementor-col-100 elementor-top-column elementor-element elementor-element-93c1225\" data-id=\"93c1225\" data-element_type=\"column\">\n\t\t\t<div class=\"elementor-widget-wrap elementor-element-populated\">\n\t\t\t\t\t\t<div class=\"elementor-element elementor-element-e0529cb elementor-widget elementor-widget-spacer\" data-id=\"e0529cb\" data-element_type=\"widget\" data-widget_type=\"spacer.default\">\n\t\t\t\t<div class=\"elementor-widget-container\">\n\t\t\t\t\t\t\t<div class=\"elementor-spacer\">\n\t\t\t<div class=\"elementor-spacer-inner\"><\/div>\n\t\t<\/div>\n\t\t\t\t\t\t<\/div>\n\t\t\t\t<\/div>\n\t\t\t\t\t<\/div>\n\t\t<\/div>\n\t\t\t\t\t<\/div>\n\t\t<\/section>\n\t\t\t\t<section class=\"elementor-section elementor-top-section elementor-element elementor-element-07f9b69 elementor-section-boxed elementor-section-height-default elementor-section-height-default\" data-id=\"07f9b69\" data-element_type=\"section\">\n\t\t\t\t\t\t<div class=\"elementor-container elementor-column-gap-default\">\n\t\t\t\t\t<div class=\"elementor-column elementor-col-100 elementor-top-column elementor-element elementor-element-350b5e9\" data-id=\"350b5e9\" data-element_type=\"column\">\n\t\t\t<div class=\"elementor-widget-wrap elementor-element-populated\">\n\t\t\t\t\t\t<div class=\"elementor-element elementor-element-6cc3dc7 elementor-widget elementor-widget-heading\" data-id=\"6cc3dc7\" data-element_type=\"widget\" data-widget_type=\"heading.default\">\n\t\t\t\t<div class=\"elementor-widget-container\">\n\t\t\t\t\t<h2 class=\"elementor-heading-title elementor-size-default\">Kullan\u0131c\u0131 Ayd\u0131nlatma Metni<\/h2>\t\t\t\t<\/div>\n\t\t\t\t<\/div>\n\t\t\t\t<div class=\"elementor-element elementor-element-4d480f9 elementor-widget-divider--view-line elementor-widget elementor-widget-divider\" data-id=\"4d480f9\" data-element_type=\"widget\" data-widget_type=\"divider.default\">\n\t\t\t\t<div class=\"elementor-widget-container\">\n\t\t\t\t\t\t\t<div class=\"elementor-divider\">\n\t\t\t<span class=\"elementor-divider-separator\">\n\t\t\t\t\t\t<\/span>\n\t\t<\/div>\n\t\t\t\t\t\t<\/div>\n\t\t\t\t<\/div>\n\t\t\t\t\t<\/div>\n\t\t<\/div>\n\t\t\t\t\t<\/div>\n\t\t<\/section>\n\t\t\t\t<section class=\"elementor-section elementor-top-section elementor-element elementor-element-ac40e41 elementor-section-boxed elementor-section-height-default elementor-section-height-default\" data-id=\"ac40e41\" data-element_type=\"section\">\n\t\t\t\t\t\t<div class=\"elementor-container elementor-column-gap-default\">\n\t\t\t\t\t<div class=\"elementor-column elementor-col-100 elementor-top-column elementor-element elementor-element-f076f5b\" data-id=\"f076f5b\" data-element_type=\"column\">\n\t\t\t<div class=\"elementor-widget-wrap elementor-element-populated\">\n\t\t\t\t\t\t<div class=\"elementor-element elementor-element-a95b5b9 elementor-widget elementor-widget-text-editor\" data-id=\"a95b5b9\" data-element_type=\"widget\" data-widget_type=\"text-editor.default\">\n\t\t\t\t<div class=\"elementor-widget-container\">\n\t\t\t\t\t\t\t\t\t<p>Bu Ayd\u0131nlatma Metni; 6698 Say\u0131l\u0131 Ki\u015fisel Verilerin Korunmas\u0131 Kanunu 10. maddesi uyar\u0131nca \u201cVeri Sorumlusunun Ayd\u0131nlatma Y\u00fck\u00fcml\u00fcl\u00fc\u011f\u00fc\u201d kapsam\u0131nda; Atat\u00fcrk \u00dcniversitesi Merkez K\u00fct\u00fcphanesine \u00fcye olunmas\u0131 s\u0131ras\u0131nda toplanan ve s\u00fcre\u00e7 i\u00e7inde i\u015flenecek verileriniz hakk\u0131nda bilgi vermek amac\u0131yla haz\u0131rlanm\u0131\u015ft\u0131r. \u201cYORDAM\u201d i\u015fletim sistemi \u00fczerinden yapaca\u011f\u0131n\u0131z i\u015flemlerde ki\u015fisel verileriniz \u00fcniversitemizde \u201c\u00d6\u011frenci \u0130\u015fleri\u201d b\u00fcnyesinde tutulan kay\u0131tlar arac\u0131l\u0131\u011f\u0131yla elde edildikten sonra, ki\u015fisel verileri veri taban\u0131na i\u015fleyen yaz\u0131l\u0131m arac\u0131l\u0131\u011f\u0131yla otomatik ve otomatik yollarla i\u015flenip, bir veri kay\u0131t sisteminin par\u00e7as\u0131 olmak kayd\u0131yla i\u015flenmesi ve aktar\u0131lmas\u0131 hakk\u0131nda veri sorumlusu s\u0131fat\u0131yla<strong>\u00a0Atat\u00fcrk \u00dcniversitesi Rekt\u00f6rl\u00fc\u011f\u00fc<\/strong>\u00a0taraf\u0131ndan ayd\u0131nlat\u0131lmaktas\u0131n\u0131z.<\/p><p><strong>Ki\u015fisel Verilerinizin Toplanmas\u0131, \u0130\u015flenmesi, Amac\u0131 ve Hukuki Sebebi;<\/strong><\/p><p>A\u015fa\u011f\u0131da belirtilen ki\u015fisel verileriniz; K\u00fct\u00fcphane Ve Dok\u00fcmantasyon Daire Ba\u015fkanl\u0131\u011f\u0131\u2019na \u00fcye olurken girdi\u011finiz bilgiler, OBS sisteminde yer alan bilgileriniz ile entegre sistem \u00fczerinden e\u015fle\u015ftirilmektedir.<\/p><p>Ki\u015fisel verileriniz;<br \/>\u2756 K\u00fct\u00fcphanemizden yapaca\u011f\u0131n\u0131z \u00fcyelik ve \u00f6d\u00fcn\u00e7 alma i\u015flemlerini y\u00fcr\u00fctmek,<br \/>\u2756 Sistem \u00fczerinden di\u011fer \u00dcniversite K\u00fct\u00fcphanelerden \u00f6d\u00fcn\u00e7 bilgi kayna\u011f\u0131 talep etmeniz halinde bu i\u015flemleri y\u00fcr\u00fctebilmek ama\u00e7lar\u0131yla;<\/p><p>Bir hakk\u0131n tesisi, kullan\u0131lmas\u0131 veya korunmas\u0131 i\u00e7in veri i\u015flemenin zorunlu olmas\u0131, \u0130lgili ki\u015finin temel hak ve \u00f6zg\u00fcrl\u00fcklerine zarar vermemek kayd\u0131yla, veri sorumlusunun me\u015fru menfaatleri i\u00e7in veri i\u015flenmesinin zorunlu olmas\u0131 hukuki sebeplerine dayal\u0131 olarak i\u015flenmektedir.<br \/>\u2756 Ad\u0131 ve soyad,<br \/>\u2756 Fak\u00fclte ve B\u00f6l\u00fcm,<br \/>\u2756 \u0130leti\u015fim bilgileri (dahili telefon ve Atat\u00fcrk \u00dcniversitesi uzant\u0131l\u0131 e-posta adresi)<\/p><p><strong>Ki\u015fisel Verilerinizin Aktar\u0131lmas\u0131, Amac\u0131 Ve Hukuki Sebebi;<\/strong><br \/>\u2756<strong>\u00a0Yukar\u0131da belirtilen ki\u015fisel verileriniz<\/strong>; k\u00fct\u00fcphane i\u00e7inde sa\u011flanan hizmetlerden yararlanabilmeniz ama\u00e7lar\u0131yla; bir hakk\u0131n tesisi, kullan\u0131lmas\u0131 veya korunmas\u0131 i\u00e7in veri i\u015flemenin zorunlu olmas\u0131 hukuki sebebine dayanarak, Atat\u00fcrk \u00dcniversitesi \u201cBilgisayar Bilimleri Ara\u015ft\u0131rma Ve Uygulama Merkezi\u2019nde\u201d korunmakta ve gerekli durumlarda k\u00fct\u00fcphane altyap\u0131s\u0131 hizmeti ald\u0131\u011f\u0131m\u0131z tedarik\u00e7imiz \u201cYORDAM\u201d ile payla\u015f\u0131labilmektedir.<br \/>\u2756\u00a0<strong>Sisteme tan\u0131mlad\u0131\u011f\u0131n\u0131z ad soyad ve e-posta adresiniz<\/strong>, Sistem \u00fczerinden k\u00fct\u00fcphanede yer almayan ancak di\u011fer \u00dcniversite K\u00fct\u00fcphanelerinden kitap talep etmeniz halinde ANKOS \u2013 K\u0130TS sistemleri \u00fczerinden farkl\u0131 \u00fcniversitelerle i\u015fbirli\u011fi yapmak ve kitap talep i\u015flemlerinizi tamamlamak ama\u00e7lar\u0131yla; \u0130lgili ki\u015finin temel hak ve \u00f6zg\u00fcrl\u00fcklerine zarar vermemek kayd\u0131yla, veri sorumlusunun me\u015fru menfaatleri i\u00e7in veri i\u015flenmesinin zorunlu olmas\u0131 hukuki sebebine dayanarak ilgili mevzuattan do\u011fan bilgi ve belge payla\u015f\u0131m\u0131na ili\u015fkin y\u00fck\u00fcml\u00fcl\u00fcklerini ve ayr\u0131ca di\u011fer hukuki y\u00fck\u00fcml\u00fcl\u00fcklerimizi yerine getirmek amac\u0131yla istek yap\u0131lan \u00dcniversite ile payla\u015f\u0131lmaktad\u0131r.<br \/>\u2756<strong>\u00a0Ki\u015fisel Verileriniz<\/strong>, veri sorumlusunun me\u015fru menfaati, kanunlarda a\u00e7\u0131k\u00e7a \u00f6ng\u00f6r\u00fclmesi hukuki sebeplerine dayanarak ilgili mevzuattan do\u011fan bilgi ve belge payla\u015f\u0131m\u0131na ili\u015fkin y\u00fck\u00fcml\u00fcl\u00fcklerini ve ayr\u0131ca di\u011fer hukuki y\u00fck\u00fcml\u00fcl\u00fcklerimizi yerine getirmek amac\u0131yla; \u2018\u2019Yetkili Kamu Kurum ve Kurulu\u015flar\u0131na\u2019\u2019 aktar\u0131labilecektir. (\u00d6rne\u011fin Y\u00d6K, Y\u00d6KS\u0130S, mahkemeler.)<br \/><strong>Haklar\u0131n\u0131z<\/strong>\u00a0\u2013 Atat\u00fcrk \u00dcniversitesi Rekt\u00f6rl\u00fc\u011f\u00fc taraf\u0131ndan verilerinizin i\u015flendi\u011fi ve Atat\u00fcrk \u00dcniversitesi Rekt\u00f6rl\u00fc\u011f\u00fc\u2019n\u00fcn verilerinizi veri sorumlusu s\u0131fat\u0131 ile i\u015fledi\u011fi \u00f6l\u00e7\u00fcde ki\u015fisel verileriniz bak\u0131m\u0131ndan a\u015fa\u011f\u0131da bulunan haklara sahipsiniz: \u201cHerhangi bir ki\u015fisel verinizin i\u015flenip i\u015flenmedi\u011fini \u00f6\u011frenme; i\u015flenme faaliyetlerine ili\u015fkin olarak bilgi talep etme; i\u015flenme ama\u00e7lar\u0131n\u0131 \u00f6\u011frenme; yurt i\u00e7inde veya yurt d\u0131\u015f\u0131nda \u00fc\u00e7\u00fcnc\u00fc ki\u015filere aktar\u0131lm\u0131\u015f olmas\u0131 durumunda bu ki\u015fileri \u00f6\u011frenme; eksik veya yanl\u0131\u015f i\u015flenmi\u015f olmas\u0131 halinde bunlar\u0131n d\u00fczeltilmesini isteme; i\u015flenmesini gerektiren sebeplerin ortadan kalkmas\u0131 veya Atat\u00fcrk \u00dcniversitesi Rekt\u00f6rl\u00fc\u011f\u00fc\u2019n\u00fcn s\u00f6z konusu verileri i\u015fleyebilmek i\u00e7in hukuki dayana\u011f\u0131 veya<br \/>me\u015fru menfaatinin bulunmamas\u0131 halinde ki\u015fisel verilerin silinmesini veya yok edilmesini isteme; Atat\u00fcrk \u00dcniversitesi\u2019nden, yine Atat\u00fcrk \u00dcniversitesi Rekt\u00f6rl\u00fc\u011f\u00fc taraf\u0131ndan yetkilendirilen ve ki\u015fisel verileri i\u015fleyen \u00fc\u00e7\u00fcnc\u00fc ki\u015filerin bu b\u00f6l\u00fcm kapsam\u0131ndaki haklar\u0131n\u0131za sayg\u0131 duymas\u0131n\u0131 sa\u011flamas\u0131n\u0131 talep etme; Ki\u015fisel verilerin otomatik sistemler vas\u0131tas\u0131yla i\u015flenmesi sonucu ortaya \u00e7\u0131kabilecek aleyhte sonu\u00e7lara itiraz etme ve; kanuna ayk\u0131r\u0131 bir \u015fekilde i\u015flenmesi sebebiyle zarara u\u011framan\u0131z halinde bu zarar\u0131n tazmin edilmesini isteme.\u201d<\/p><p><strong>Veri Sorumlusuna Ba\u015fvuru<\/strong>\u00a0\u2013 Kanunun ilgili ki\u015finin haklar\u0131n\u0131 d\u00fczenleyen 11. maddesi kapsam\u0131ndaki taleplerinizi, \u201cVeri Sorumlusuna Ba\u015fvuru Usul ve Esaslar\u0131 Hakk\u0131nda Tebli\u011fe\u201d g\u00f6re \u00fcniversitemizin fiziki adresine yaz\u0131l\u0131 olarak veya kimli\u011finizin do\u011frulanabildi\u011fi elektronik posta \u00fczerinden \u00fcniversitemiz elektronik posta adresine iletebilirsiniz.<br \/>Ki\u015fisel verilerimin ve \u00f6zel nitelikli ki\u015fisel verilerimin yukar\u0131da a\u00e7\u0131klanan ama\u00e7lar do\u011frultusunda i\u015flenmesi, aktar\u0131lmas\u0131 hakk\u0131nda ayd\u0131nlat\u0131larak bilgilendirildim.<\/p><p><a href=\"http:\/\/birimler.atauni.edu.tr\/kutuphane-ve-dokumantasyon-daire-baskanligi\/wp-content\/uploads\/sites\/218\/2026\/02\/5c704c1f0b8aa4781db7b87438155478-1.docx\" target=\"_blank\" rel=\"noopener\"><strong>T\u00fcbess Formuna Ula\u015fmak \u0130\u00e7in T\u0131klay\u0131n\u0131z<\/strong><\/a><\/p>\t\t\t\t\t\t\t\t<\/div>\n\t\t\t\t<\/div>\n\t\t\t\t\t<\/div>\n\t\t<\/div>\n\t\t\t\t\t<\/div>\n\t\t<\/section>\n\t\t\t\t<\/div>\n\t\t","protected":false},"excerpt":{"rendered":"<p>Kullan\u0131c\u0131 Ayd\u0131nlatma Metni Bu Ayd\u0131nlatma Metni; 6698 Say\u0131l\u0131 Ki\u015fisel Verilerin Korunmas\u0131 Kanunu 10. maddesi uyar\u0131nca \u201cVeri Sorumlusunun Ayd\u0131nlatma Y\u00fck\u00fcml\u00fcl\u00fc\u011f\u00fc\u201d kapsam\u0131nda; Atat\u00fcrk \u00dcniversitesi Merkez K\u00fct\u00fcphanesine \u00fcye olunmas\u0131 s\u0131ras\u0131nda toplanan ve s\u00fcre\u00e7 i\u00e7inde i\u015flenecek verileriniz hakk\u0131nda bilgi vermek amac\u0131yla haz\u0131rlanm\u0131\u015ft\u0131r. \u201cYORDAM\u201d i\u015fletim sistemi \u00fczerinden yapaca\u011f\u0131n\u0131z i\u015flemlerde ki\u015fisel verileriniz \u00fcniversitemizde \u201c\u00d6\u011frenci \u0130\u015fleri\u201d b\u00fcnyesinde tutulan kay\u0131tlar arac\u0131l\u0131\u011f\u0131yla elde edildikten [&hellip;]<\/p>\n","protected":false},"author":594,"featured_media":0,"parent":0,"menu_order":0,"comment_status":"closed","ping_status":"closed","template":"elementor_header_footer","meta":{"footnotes":""},"class_list":["post-6405","page","type-page","status-publish","hentry"],"_links":{"self":[{"href":"http:\/\/atauni.edu.tr\/kutuphane-ve-dokumantasyon-daire-baskanligi\/wp-json\/wp\/v2\/pages\/6405","targetHints":{"allow":["GET"]}}],"collection":[{"href":"http:\/\/atauni.edu.tr\/kutuphane-ve-dokumantasyon-daire-baskanligi\/wp-json\/wp\/v2\/pages"}],"about":[{"href":"http:\/\/atauni.edu.tr\/kutuphane-ve-dokumantasyon-daire-baskanligi\/wp-json\/wp\/v2\/types\/page"}],"author":[{"embeddable":true,"href":"http:\/\/atauni.edu.tr\/kutuphane-ve-dokumantasyon-daire-baskanligi\/wp-json\/wp\/v2\/users\/594"}],"replies":[{"embeddable":true,"href":"http:\/\/atauni.edu.tr\/kutuphane-ve-dokumantasyon-daire-baskanligi\/wp-json\/wp\/v2\/comments?post=6405"}],"version-history":[{"count":18,"href":"http:\/\/atauni.edu.tr\/kutuphane-ve-dokumantasyon-daire-baskanligi\/wp-json\/wp\/v2\/pages\/6405\/revisions"}],"predecessor-version":[{"id":7715,"href":"http:\/\/atauni.edu.tr\/kutuphane-ve-dokumantasyon-daire-baskanligi\/wp-json\/wp\/v2\/pages\/6405\/revisions\/7715"}],"wp:attachment":[{"href":"http:\/\/atauni.edu.tr\/kutuphane-ve-dokumantasyon-daire-baskanligi\/wp-json\/wp\/v2\/media?parent=6405"}],"curies":[{"name":"wp","href":"https:\/\/api.w.org\/{rel}","templated":true}]}}