{"id":6445,"date":"2026-02-10T14:39:08","date_gmt":"2026-02-10T11:39:08","guid":{"rendered":"https:\/\/birimler.atauni.edu.tr\/kutuphane-ve-dokumantasyon-daire-baskanligi\/?page_id=6445"},"modified":"2026-03-10T10:45:47","modified_gmt":"2026-03-10T07:45:47","slug":"odunc-verme","status":"publish","type":"page","link":"http:\/\/atauni.edu.tr\/kutuphane-ve-dokumantasyon-daire-baskanligi\/odunc-verme\/","title":{"rendered":"\u00d6d\u00fcn\u00e7 Verme"},"content":{"rendered":"\t\t<div data-elementor-type=\"wp-page\" data-elementor-id=\"6445\" class=\"elementor elementor-6445\" data-elementor-post-type=\"page\">\n\t\t\t\t\t\t<section class=\"elementor-section elementor-top-section elementor-element elementor-element-87d5900 elementor-section-boxed elementor-section-height-default elementor-section-height-default\" data-id=\"87d5900\" data-element_type=\"section\">\n\t\t\t\t\t\t<div class=\"elementor-container elementor-column-gap-default\">\n\t\t\t\t\t<div class=\"elementor-column elementor-col-100 elementor-top-column elementor-element elementor-element-9aedfe5\" data-id=\"9aedfe5\" data-element_type=\"column\">\n\t\t\t<div class=\"elementor-widget-wrap elementor-element-populated\">\n\t\t\t\t\t\t<div class=\"elementor-element elementor-element-10aa97f elementor-widget elementor-widget-spacer\" data-id=\"10aa97f\" data-element_type=\"widget\" data-widget_type=\"spacer.default\">\n\t\t\t\t<div class=\"elementor-widget-container\">\n\t\t\t\t\t\t\t<div class=\"elementor-spacer\">\n\t\t\t<div class=\"elementor-spacer-inner\"><\/div>\n\t\t<\/div>\n\t\t\t\t\t\t<\/div>\n\t\t\t\t<\/div>\n\t\t\t\t\t<\/div>\n\t\t<\/div>\n\t\t\t\t\t<\/div>\n\t\t<\/section>\n\t\t\t\t<section class=\"elementor-section elementor-top-section elementor-element elementor-element-836ac90 elementor-section-boxed elementor-section-height-default elementor-section-height-default\" data-id=\"836ac90\" data-element_type=\"section\">\n\t\t\t\t\t\t<div class=\"elementor-container elementor-column-gap-default\">\n\t\t\t\t\t<div class=\"elementor-column elementor-col-100 elementor-top-column elementor-element elementor-element-38578ad\" data-id=\"38578ad\" data-element_type=\"column\">\n\t\t\t<div class=\"elementor-widget-wrap elementor-element-populated\">\n\t\t\t\t\t\t<div class=\"elementor-element elementor-element-ca920dd elementor-widget elementor-widget-heading\" data-id=\"ca920dd\" data-element_type=\"widget\" data-widget_type=\"heading.default\">\n\t\t\t\t<div class=\"elementor-widget-container\">\n\t\t\t\t\t<h2 class=\"elementor-heading-title elementor-size-default\">\u00d6d\u00fcn\u00e7 Verme<\/h2>\t\t\t\t<\/div>\n\t\t\t\t<\/div>\n\t\t\t\t<div class=\"elementor-element elementor-element-da0a031 elementor-widget-divider--view-line elementor-widget elementor-widget-divider\" data-id=\"da0a031\" data-element_type=\"widget\" data-widget_type=\"divider.default\">\n\t\t\t\t<div class=\"elementor-widget-container\">\n\t\t\t\t\t\t\t<div class=\"elementor-divider\">\n\t\t\t<span class=\"elementor-divider-separator\">\n\t\t\t\t\t\t<\/span>\n\t\t<\/div>\n\t\t\t\t\t\t<\/div>\n\t\t\t\t<\/div>\n\t\t\t\t\t<\/div>\n\t\t<\/div>\n\t\t\t\t\t<\/div>\n\t\t<\/section>\n\t\t\t\t<section class=\"elementor-section elementor-top-section elementor-element elementor-element-b8c78b0 elementor-section-boxed elementor-section-height-default elementor-section-height-default\" data-id=\"b8c78b0\" data-element_type=\"section\">\n\t\t\t\t\t\t<div class=\"elementor-container elementor-column-gap-default\">\n\t\t\t\t\t<div class=\"elementor-column elementor-col-100 elementor-top-column elementor-element elementor-element-d97eb5e\" data-id=\"d97eb5e\" data-element_type=\"column\">\n\t\t\t<div class=\"elementor-widget-wrap elementor-element-populated\">\n\t\t\t\t\t\t<div class=\"elementor-element elementor-element-460c676 elementor-widget__width-initial elementor-widget elementor-widget-text-editor\" data-id=\"460c676\" data-element_type=\"widget\" data-widget_type=\"text-editor.default\">\n\t\t\t\t<div class=\"elementor-widget-container\">\n\t\t\t\t\t\t\t\t\t<p>K\u00fct\u00fcphanemizde \u00f6\u011fretim elemanlar\u0131 ve di\u011fer personel i\u00e7in 5 kitap 30 g\u00fcn; doktora \u00f6\u011frencileri i\u00e7in 5 kitap 30 g\u00fcn, y\u00fcksek lisans \u00f6\u011frencileri i\u00e7in 5 kitap 21 g\u00fcn, lisans ve \u00f6n lisans \u00f6\u011frencileri i\u00e7in ise 3 kitap 15 g\u00fcn s\u00fcre ile \u00f6d\u00fcn\u00e7 verilmektedir.<\/p>\t\t\t\t\t\t\t\t<\/div>\n\t\t\t\t<\/div>\n\t\t\t\t\t<\/div>\n\t\t<\/div>\n\t\t\t\t\t<\/div>\n\t\t<\/section>\n\t\t\t\t<section class=\"elementor-section elementor-top-section elementor-element elementor-element-d3ffd76 elementor-section-boxed elementor-section-height-default elementor-section-height-default\" data-id=\"d3ffd76\" data-element_type=\"section\">\n\t\t\t\t\t\t<div class=\"elementor-container elementor-column-gap-default\">\n\t\t\t\t\t<div class=\"elementor-column elementor-col-100 elementor-top-column elementor-element elementor-element-4eaa8fb\" data-id=\"4eaa8fb\" data-element_type=\"column\">\n\t\t\t<div class=\"elementor-widget-wrap elementor-element-populated\">\n\t\t\t\t\t\t<div class=\"elementor-element elementor-element-d07da28 elementor-widget elementor-widget-heading\" data-id=\"d07da28\" data-element_type=\"widget\" data-widget_type=\"heading.default\">\n\t\t\t\t<div class=\"elementor-widget-container\">\n\t\t\t\t\t<h2 class=\"elementor-heading-title elementor-size-default\">Katolog Tarama<\/h2>\t\t\t\t<\/div>\n\t\t\t\t<\/div>\n\t\t\t\t<div class=\"elementor-element elementor-element-10e9d32 elementor-widget-divider--view-line elementor-widget elementor-widget-divider\" data-id=\"10e9d32\" data-element_type=\"widget\" data-widget_type=\"divider.default\">\n\t\t\t\t<div class=\"elementor-widget-container\">\n\t\t\t\t\t\t\t<div class=\"elementor-divider\">\n\t\t\t<span class=\"elementor-divider-separator\">\n\t\t\t\t\t\t<\/span>\n\t\t<\/div>\n\t\t\t\t\t\t<\/div>\n\t\t\t\t<\/div>\n\t\t\t\t\t<\/div>\n\t\t<\/div>\n\t\t\t\t\t<\/div>\n\t\t<\/section>\n\t\t\t\t<section class=\"elementor-section elementor-top-section elementor-element elementor-element-3ab6720 elementor-section-boxed elementor-section-height-default elementor-section-height-default\" data-id=\"3ab6720\" data-element_type=\"section\">\n\t\t\t\t\t\t<div class=\"elementor-container elementor-column-gap-default\">\n\t\t\t\t\t<div class=\"elementor-column elementor-col-100 elementor-top-column elementor-element elementor-element-ef52977\" data-id=\"ef52977\" data-element_type=\"column\">\n\t\t\t<div class=\"elementor-widget-wrap elementor-element-populated\">\n\t\t\t\t\t\t<div class=\"elementor-element elementor-element-fa665b7 elementor-widget__width-initial elementor-widget elementor-widget-text-editor\" data-id=\"fa665b7\" data-element_type=\"widget\" data-widget_type=\"text-editor.default\">\n\t\t\t\t<div class=\"elementor-widget-container\">\n\t\t\t\t\t\t\t\t\t<p>1.ad\u0131m:\u00a0 Kullan\u0131c\u0131lar\u0131m\u0131z k\u00fct\u00fcphanede tarama terminaline gelerek \u2018\u2019Yordam BT\u2019\u2019 katalog tarama sayfas\u0131ndan \u2018\u2019konu, yazar ad\u0131, eser ad\u0131 vb\u2026\u2018\u2019 gibi t\u00fcrlere g\u00f6re diledikleri eserlerin aramas\u0131n\u0131 yaparlar. Kullan\u0131c\u0131, LC s\u0131n\u0131flama sistemine g\u00f6re kataloglanm\u0131\u015f olan kitab\u0131n yer numaras\u0131n\u0131 bulup not eder.<\/p><p>2.ad\u0131m: Eserin bulundu\u011fu salona gidilerek, ilgili raflardan yer numaras\u0131na bak\u0131l\u0131r ve esere ula\u015f\u0131l\u0131r. Bilgi kayna\u011f\u0131na ula\u015f\u0131lamad\u0131\u011f\u0131 takdirde yetkili personelimiz yard\u0131mc\u0131 olacakt\u0131r.<\/p><p>3.ad\u0131m: Eseri \u00f6d\u00fcn\u00e7 almak i\u00e7in kullan\u0131c\u0131lar\u0131m\u0131za 2 se\u00e7enek sunulmakta, \u00d6d\u00fcn\u00e7 verme birimine giderek \u00f6\u011frenci \/ personel kart\u0131yla birlikte eseri \u00f6d\u00fcn\u00e7 alabilir ya da kiosk (self check) cihaz\u0131nda\u00a0 \u2018\u2019Yordam BT\u2019\u2019 oturumunu a\u00e7arak i\u015flemini ger\u00e7ekle\u015ftirebilir.<\/p><p><strong>NOT:<\/strong> Gecikmi\u015f olan her bir eser ba\u015f\u0131na\u00a0 otomasyon sistemi taraf\u0131ndan g\u00fcn\u00fcn \u015fartlar\u0131na g\u00f6re belirlenmi\u015f olan g\u00fcnl\u00fck para cezas\u0131 uygulanmaktad\u0131r.\u00a0<\/p><p><strong>Herhangi sorun ve \/ ve ya sorunlar\u0131n\u0131z i\u00e7in 0 442 231 27 85 telefon numaras\u0131n\u0131 arayabilirsiniz.<\/strong><\/p>\t\t\t\t\t\t\t\t<\/div>\n\t\t\t\t<\/div>\n\t\t\t\t\t<\/div>\n\t\t<\/div>\n\t\t\t\t\t<\/div>\n\t\t<\/section>\n\t\t\t\t<section class=\"elementor-section elementor-top-section elementor-element elementor-element-7464f75 elementor-section-boxed elementor-section-height-default elementor-section-height-default\" data-id=\"7464f75\" data-element_type=\"section\">\n\t\t\t\t\t\t<div class=\"elementor-container elementor-column-gap-default\">\n\t\t\t\t\t<div class=\"elementor-column elementor-col-100 elementor-top-column elementor-element elementor-element-5013410\" data-id=\"5013410\" data-element_type=\"column\">\n\t\t\t<div class=\"elementor-widget-wrap elementor-element-populated\">\n\t\t\t\t\t\t<div class=\"elementor-element elementor-element-5661645 elementor-widget elementor-widget-spacer\" data-id=\"5661645\" data-element_type=\"widget\" data-widget_type=\"spacer.default\">\n\t\t\t\t<div class=\"elementor-widget-container\">\n\t\t\t\t\t\t\t<div class=\"elementor-spacer\">\n\t\t\t<div class=\"elementor-spacer-inner\"><\/div>\n\t\t<\/div>\n\t\t\t\t\t\t<\/div>\n\t\t\t\t<\/div>\n\t\t\t\t\t<\/div>\n\t\t<\/div>\n\t\t\t\t\t<\/div>\n\t\t<\/section>\n\t\t\t\t<\/div>\n\t\t","protected":false},"excerpt":{"rendered":"<p>\u00d6d\u00fcn\u00e7 Verme K\u00fct\u00fcphanemizde \u00f6\u011fretim elemanlar\u0131 ve di\u011fer personel i\u00e7in 5 kitap 30 g\u00fcn; doktora \u00f6\u011frencileri i\u00e7in 5 kitap 30 g\u00fcn, y\u00fcksek lisans \u00f6\u011frencileri i\u00e7in 5 kitap 21 g\u00fcn, lisans ve \u00f6n lisans \u00f6\u011frencileri i\u00e7in ise 3 kitap 15 g\u00fcn s\u00fcre ile \u00f6d\u00fcn\u00e7 verilmektedir. Katolog Tarama 1.ad\u0131m:\u00a0 Kullan\u0131c\u0131lar\u0131m\u0131z k\u00fct\u00fcphanede tarama terminaline gelerek \u2018\u2019Yordam BT\u2019\u2019 katalog tarama [&hellip;]<\/p>\n","protected":false},"author":594,"featured_media":0,"parent":0,"menu_order":0,"comment_status":"closed","ping_status":"closed","template":"elementor_header_footer","meta":{"footnotes":""},"class_list":["post-6445","page","type-page","status-publish","hentry"],"_links":{"self":[{"href":"http:\/\/atauni.edu.tr\/kutuphane-ve-dokumantasyon-daire-baskanligi\/wp-json\/wp\/v2\/pages\/6445","targetHints":{"allow":["GET"]}}],"collection":[{"href":"http:\/\/atauni.edu.tr\/kutuphane-ve-dokumantasyon-daire-baskanligi\/wp-json\/wp\/v2\/pages"}],"about":[{"href":"http:\/\/atauni.edu.tr\/kutuphane-ve-dokumantasyon-daire-baskanligi\/wp-json\/wp\/v2\/types\/page"}],"author":[{"embeddable":true,"href":"http:\/\/atauni.edu.tr\/kutuphane-ve-dokumantasyon-daire-baskanligi\/wp-json\/wp\/v2\/users\/594"}],"replies":[{"embeddable":true,"href":"http:\/\/atauni.edu.tr\/kutuphane-ve-dokumantasyon-daire-baskanligi\/wp-json\/wp\/v2\/comments?post=6445"}],"version-history":[{"count":20,"href":"http:\/\/atauni.edu.tr\/kutuphane-ve-dokumantasyon-daire-baskanligi\/wp-json\/wp\/v2\/pages\/6445\/revisions"}],"predecessor-version":[{"id":7561,"href":"http:\/\/atauni.edu.tr\/kutuphane-ve-dokumantasyon-daire-baskanligi\/wp-json\/wp\/v2\/pages\/6445\/revisions\/7561"}],"wp:attachment":[{"href":"http:\/\/atauni.edu.tr\/kutuphane-ve-dokumantasyon-daire-baskanligi\/wp-json\/wp\/v2\/media?parent=6445"}],"curies":[{"name":"wp","href":"https:\/\/api.w.org\/{rel}","templated":true}]}}