{"id":6527,"date":"2026-02-16T10:04:35","date_gmt":"2026-02-16T07:04:35","guid":{"rendered":"https:\/\/birimler.atauni.edu.tr\/kutuphane-ve-dokumantasyon-daire-baskanligi\/?page_id=6527"},"modified":"2026-02-16T10:04:45","modified_gmt":"2026-02-16T07:04:45","slug":"dunyanin-en-buyuk-dijital-kutuphaneleri","status":"publish","type":"page","link":"http:\/\/atauni.edu.tr\/kutuphane-ve-dokumantasyon-daire-baskanligi\/dunyanin-en-buyuk-dijital-kutuphaneleri\/","title":{"rendered":"D\u00fcnyan\u0131n En B\u00fcy\u00fck Dijital K\u00fct\u00fcphaneleri"},"content":{"rendered":"\t\t<div data-elementor-type=\"wp-page\" data-elementor-id=\"6527\" class=\"elementor elementor-6527\" data-elementor-post-type=\"page\">\n\t\t\t\t\t\t<section class=\"elementor-section elementor-top-section elementor-element elementor-element-841a765 elementor-section-boxed elementor-section-height-default elementor-section-height-default\" data-id=\"841a765\" data-element_type=\"section\">\n\t\t\t\t\t\t<div class=\"elementor-container elementor-column-gap-default\">\n\t\t\t\t\t<div class=\"elementor-column elementor-col-100 elementor-top-column elementor-element elementor-element-5d86556\" data-id=\"5d86556\" data-element_type=\"column\">\n\t\t\t<div class=\"elementor-widget-wrap elementor-element-populated\">\n\t\t\t\t\t\t<div class=\"elementor-element elementor-element-fd90c2e elementor-widget__width-initial elementor-widget elementor-widget-image\" data-id=\"fd90c2e\" data-element_type=\"widget\" data-widget_type=\"image.default\">\n\t\t\t\t<div class=\"elementor-widget-container\">\n\t\t\t\t\t\t\t\t\t\t\t\t\t\t\t<img fetchpriority=\"high\" decoding=\"async\" width=\"561\" height=\"616\" src=\"http:\/\/atauni.edu.tr\/kutuphane-ve-dokumantasyon-daire-baskanligi\/wp-content\/uploads\/sites\/218\/2026\/02\/dijitalhub-1.png\" class=\"attachment-large size-large wp-image-6529\" alt=\"\" srcset=\"http:\/\/atauni.edu.tr\/kutuphane-ve-dokumantasyon-daire-baskanligi\/wp-content\/uploads\/sites\/218\/2026\/02\/dijitalhub-1.png 561w, http:\/\/atauni.edu.tr\/kutuphane-ve-dokumantasyon-daire-baskanligi\/wp-content\/uploads\/sites\/218\/2026\/02\/dijitalhub-1-273x300.png 273w, http:\/\/atauni.edu.tr\/kutuphane-ve-dokumantasyon-daire-baskanligi\/wp-content\/uploads\/sites\/218\/2026\/02\/dijitalhub-1-546x600.png 546w, http:\/\/atauni.edu.tr\/kutuphane-ve-dokumantasyon-daire-baskanligi\/wp-content\/uploads\/sites\/218\/2026\/02\/dijitalhub-1-510x560.png 510w\" sizes=\"(max-width: 561px) 100vw, 561px\" \/>\t\t\t\t\t\t\t\t\t\t\t\t\t\t\t<\/div>\n\t\t\t\t<\/div>\n\t\t\t\t\t<\/div>\n\t\t<\/div>\n\t\t\t\t\t<\/div>\n\t\t<\/section>\n\t\t\t\t<section class=\"elementor-section elementor-top-section elementor-element elementor-element-0290157 elementor-section-boxed elementor-section-height-default elementor-section-height-default\" data-id=\"0290157\" data-element_type=\"section\">\n\t\t\t\t\t\t<div class=\"elementor-container elementor-column-gap-default\">\n\t\t\t\t\t<div class=\"elementor-column elementor-col-100 elementor-top-column elementor-element elementor-element-6bbf110\" data-id=\"6bbf110\" data-element_type=\"column\">\n\t\t\t<div class=\"elementor-widget-wrap elementor-element-populated\">\n\t\t\t\t\t\t<div class=\"elementor-element elementor-element-7841307 elementor-widget__width-initial elementor-widget elementor-widget-text-editor\" data-id=\"7841307\" data-element_type=\"widget\" data-widget_type=\"text-editor.default\">\n\t\t\t\t<div class=\"elementor-widget-container\">\n\t\t\t\t\t\t\t\t\t<p><strong><a href=\"https:\/\/archive.org\/\" target=\"_blank\" rel=\"noreferrer noopener\" aria-label=\" Internet Archive  (yeni sekmede a\u00e7\u0131l\u0131r)\">Internet Archive<\/a><\/strong><a href=\"https:\/\/archive.org\/\" target=\"_blank\" rel=\"noreferrer noopener\" aria-label=\" Internet Archive  (yeni sekmede a\u00e7\u0131l\u0131r)\">\u00a0<\/a>: Internet Archive\u00a0<strong>15 milyondan fazla<\/strong>\u00a0kitap ve farkl\u0131 t\u00fcrde yaz\u0131l\u0131-bas\u0131l\u0131 kayna\u011fa herkese a\u00e7\u0131k, \u00fccretsiz ve tam metin olarak eri\u015fim sa\u011fl\u0131yor. Bu a\u00e7\u0131dan d\u00fcnyan\u0131n a\u00e7\u0131k ara en b\u00fcy\u00fck dijital k\u00fct\u00fcphanesidir. Bir\u00e7ok k\u00fct\u00fcphane e-kitap ar\u015fivlerini \u0130nternet Archive web sitesi \u00fczerinden kullan\u0131ma sunmaktad\u0131r. \u0130nternet Archive\u2019de yaz\u0131l\u0131-bas\u0131l\u0131 kaynaklar\u0131n d\u0131\u015f\u0131nda,\u00a0<strong>g\u00f6rsel, video, film, ses ve bilgisayar programlar<\/strong>\u0131 gibi materyaller de bulabilirsiniz.<\/p><p><a href=\"https:\/\/www.hathitrust.org\/\" target=\"_blank\" rel=\"noreferrer noopener\" aria-label=\"HuthiTrust:  (yeni sekmede a\u00e7\u0131l\u0131r)\"><strong>HathiTrust:<\/strong>\u00a0<\/a>Amerika Birle\u015fik Devletleri ba\u015fta olmak \u00fczere d\u00fcnyan\u0131n bir \u00e7ok \u00fclkesinden 150\u2019ye yak\u0131n \u00fcniversitenin i\u015fbirli\u011fiyle kurulmu\u015f b\u00fcy\u00fck bir online k\u00fct\u00fcphanedir. Bu giri\u015fim \u00fcniversitelerin yan\u0131 s\u0131ra Google ve Microsoft gibi kurulu\u015flar taraf\u0131ndan da desteklenmektedir. E-kitap ar\u015fivi\u00a0<strong>3 milyona yak\u0131n<\/strong>\u00a0eser i\u00e7ermektedir. Bu kaynaklar Internet \u00fczerinden \u00fccretsiz olarak herkese a\u00e7\u0131kt\u0131r. Kaynaklar\u0131n b\u00fcy\u00fck \u00e7o\u011funlu\u011fu \u0130ngilizce olsa da, T\u00fcrkiye ve T\u00fcrk tarihi ile ilgili binlerce eser bar\u0131nd\u0131rmaktad\u0131r.<\/p><p><a href=\"https:\/\/openlibrary.org\/\" target=\"_blank\" rel=\"noreferrer noopener\" aria-label=\" Open Library (yeni sekmede a\u00e7\u0131l\u0131r)\"><strong>Open Library<\/strong><\/a>; Internet Archive taraf\u0131ndan hayata ge\u00e7irilen bir projedir. Amac\u0131 d\u00fcnya genelinde bas\u0131lan t\u00fcm kitaplar\u0131 web ortam\u0131nda bir katalogda toplamakt\u0131r. Hen\u00fcz bu amaca tam olarak ula\u015famam\u0131\u015f olsa da, Open Library katalo\u011fu 1 milyondan fazla kitab\u0131 i\u00e7ermektedir. Web sitesinin e-kitap ar\u015fivinde bu kitaplar\u0131n bir\u00e7o\u011funun tam metin kopyas\u0131 var. Katalogda bulunan kitaplar\u0131n telif s\u00fcreleri ge\u00e7mi\u015f olanlar\u0131n dijital kopyalar\u0131na a\u00e7\u0131k ve s\u0131n\u0131rs\u0131z olarak eri\u015febilirsiniz ve indirebilirsiniz. Telif haklar\u0131 devam eden kitaplar\u0131 da \u00fcye olmak \u015fart\u0131 ile okuyabilirsiniz. \u00dcyelik \u00fccretsizdir.<\/p><p><strong><a href=\"https:\/\/www.europeana.eu\/\">Europeana Collections<\/a><\/strong><a href=\"https:\/\/www.europeana.eu\/\">\u00a0<\/a>: Avrupa Birli\u011fi taraf\u0131ndan hayata ge\u00e7irilen Europeana Collections projesi Avrupa\u2019da bulunan k\u00fct\u00fcphane, m\u00fcze ve ar\u015fivlerin koleksiyonlar\u0131n\u0131 web ortam\u0131na ta\u015f\u0131may\u0131 ama\u00e7l\u0131yor. Avrupa \u00e7ap\u0131nda \u00e7ok say\u0131da kurumun dijital ar\u015fivine Europeana web sitesi \u00fczerinden eri\u015fmek m\u00fcmk\u00fcn. Web sitesinde bas\u0131l\u0131 kaynaklar\u0131n yan\u0131 s\u0131ra g\u00f6rsel, video ve m\u00fczik gibi farkl\u0131 t\u00fcrde materyal bulunuyor.<\/p><p><a href=\"https:\/\/www.gutenberg.org\/\" target=\"_blank\" rel=\"noreferrer noopener\" aria-label=\"Project Gutenberg (yeni sekmede a\u00e7\u0131l\u0131r)\"><strong>Project Gutenberg<\/strong><\/a>\u00a0: 1971 y\u0131l\u0131nda ba\u015flayan Project Gutenberg d\u00fcnyan\u0131n ilk dijital k\u00fct\u00fcphanesidir. Project Gutenberg\u2019in kurucusu Michael S. Hart e-kitab\u2019\u0131n mucitlerinden biridir. Internet ortaya \u00e7\u0131kmadan y\u0131llar \u00f6nce e-kitap ve dijital k\u00fct\u00fcphane alan\u0131nda \u00f6nc\u00fc \u00e7al\u0131\u015fmalar yapm\u0131\u015ft\u0131r. Internet\u2019in do\u011fmas\u0131 sonras\u0131nda web ortam\u0131na ta\u015f\u0131nan Project Gutenberg e-kitap ar\u015fivi, telif hakk\u0131 sona eren kitaplar\u0131n s\u0131n\u0131rs\u0131z ve \u00fccretsiz olarak insanlara ula\u015ft\u0131r\u0131lmas\u0131n\u0131 hedeflemektedir. G\u00fcn\u00fcm\u00fczde toplam 60 bine yak\u0131n e-kitap i\u00e7ermektedir.<\/p><p><a href=\"https:\/\/digitalcollections.nypl.org\/\" target=\"_blank\" rel=\"noreferrer noopener\" aria-label=\"New York K\u00fct\u00fcphanesi Dijital Koleksiyonlar\u0131 (yeni sekmede a\u00e7\u0131l\u0131r)\">New York K\u00fct\u00fcphanesi Dijital Koleksiyonlar\u0131<\/a>\u00a0: New York Devlet K\u00fct\u00fcphanesi ABD\u2019de en zengin online koleksiyona sahip k\u00fct\u00fcphanelerden biri. K\u00fct\u00fcphane web sitesinden e-kitap, s\u00fcreli yay\u0131n, resim, video gibi farkl\u0131 t\u00fcrde 800 bine yak\u0131n belgeye s\u0131n\u0131rs\u0131z ve \u00fccretsiz olarak eri\u015febilirsiniz.<\/p><p><strong><a href=\"http:\/\/en.childrenslibrary.org\/\" target=\"_blank\" rel=\"noreferrer noopener\" aria-label=\"Uluslararas\u0131 Dijital \u00c7ocuk K\u00fct\u00fcphanesi (yeni sekmede a\u00e7\u0131l\u0131r)\">Uluslararas\u0131 Dijital \u00c7ocuk K\u00fct\u00fcphanesi<\/a><\/strong>\u00a0: D\u00fcnyan\u0131n farkl\u0131 b\u00f6lgelerinden \u00e7ocuk kitaplar\u0131n\u0131 online ortamda toplama amac\u0131yla kurulan Uluslararas\u0131 Dijital \u00c7ocuk K\u00fct\u00fcphanesi farkl\u0131 dillerde 5 bine yak\u0131n \u00e7ocuk kitab\u0131 i\u00e7eriyor. Kitaplar\u0131n tam metinlerine web sitesinden eri\u015filebiliyor.<\/p><p><strong><a href=\"https:\/\/heritage.bnf.fr\/bibliothequesorient\/en\" target=\"_blank\" rel=\"noreferrer noopener\" aria-label=\"Bibliotheques d\u2019Orient (Do\u011fu K\u00fct\u00fcphaneleri) (yeni sekmede a\u00e7\u0131l\u0131r)\">Bibliotheques d\u2019Orient (Do\u011fu K\u00fct\u00fcphaneleri)<\/a><\/strong>\u00a0: Fransa Milli K\u00fct\u00fcphanesi \u00f6nc\u00fcl\u00fc\u011f\u00fcnde Fransa, M\u0131s\u0131r, T\u00fcrkiye, L\u00fcbnan ve Filistin\u2019den k\u00fct\u00fcphane ve ara\u015ft\u0131rma kurumlar\u0131n\u0131n i\u015fbirli\u011fiyle hayata ge\u00e7irilen bu proje Orta Do\u011fu b\u00f6lgesinin tarih, co\u011frafya ve k\u00fclt\u00fcr\u00fcyle ilgili belgeleri bir araya toplamay\u0131 ama\u00e7l\u0131yor. Web sitesi 10 binden fazla belgeyi a\u00e7\u0131k eri\u015fime sunuyor.<\/p><p>Bu konuda daha fazla web adresi i\u00e7in \u015furaya bakabilirsiniz:\u00a0<a href=\"https:\/\/onlinebooks.library.upenn.edu\/\">https:\/\/onlinebooks.library.upenn.edu<\/a><\/p><p>\u201d\u00a0<a href=\"https:\/\/www.dtarih.com\/ekitap-arsivleri-dijital-kutuphaneler\/\">https:\/\/www.dtarih.com\/ekitap-arsivleri-dijital-kutuphaneler\/<\/a>\u00a0\u201d sayfas\u0131ndan 13. 01.2020 tarihinde yararlan\u0131lm\u0131\u015ft\u0131r.<\/p>\t\t\t\t\t\t\t\t<\/div>\n\t\t\t\t<\/div>\n\t\t\t\t\t<\/div>\n\t\t<\/div>\n\t\t\t\t\t<\/div>\n\t\t<\/section>\n\t\t\t\t<\/div>\n\t\t","protected":false},"excerpt":{"rendered":"<p>Internet Archive\u00a0: Internet Archive\u00a015 milyondan fazla\u00a0kitap ve farkl\u0131 t\u00fcrde yaz\u0131l\u0131-bas\u0131l\u0131 kayna\u011fa herkese a\u00e7\u0131k, \u00fccretsiz ve tam metin olarak eri\u015fim sa\u011fl\u0131yor. Bu a\u00e7\u0131dan d\u00fcnyan\u0131n a\u00e7\u0131k ara en b\u00fcy\u00fck dijital k\u00fct\u00fcphanesidir. Bir\u00e7ok k\u00fct\u00fcphane e-kitap ar\u015fivlerini \u0130nternet Archive web sitesi \u00fczerinden kullan\u0131ma sunmaktad\u0131r. \u0130nternet Archive\u2019de yaz\u0131l\u0131-bas\u0131l\u0131 kaynaklar\u0131n d\u0131\u015f\u0131nda,\u00a0g\u00f6rsel, video, film, ses ve bilgisayar programlar\u0131 gibi materyaller de bulabilirsiniz. [&hellip;]<\/p>\n","protected":false},"author":594,"featured_media":0,"parent":0,"menu_order":0,"comment_status":"closed","ping_status":"closed","template":"","meta":{"footnotes":""},"class_list":["post-6527","page","type-page","status-publish","hentry"],"_links":{"self":[{"href":"http:\/\/atauni.edu.tr\/kutuphane-ve-dokumantasyon-daire-baskanligi\/wp-json\/wp\/v2\/pages\/6527","targetHints":{"allow":["GET"]}}],"collection":[{"href":"http:\/\/atauni.edu.tr\/kutuphane-ve-dokumantasyon-daire-baskanligi\/wp-json\/wp\/v2\/pages"}],"about":[{"href":"http:\/\/atauni.edu.tr\/kutuphane-ve-dokumantasyon-daire-baskanligi\/wp-json\/wp\/v2\/types\/page"}],"author":[{"embeddable":true,"href":"http:\/\/atauni.edu.tr\/kutuphane-ve-dokumantasyon-daire-baskanligi\/wp-json\/wp\/v2\/users\/594"}],"replies":[{"embeddable":true,"href":"http:\/\/atauni.edu.tr\/kutuphane-ve-dokumantasyon-daire-baskanligi\/wp-json\/wp\/v2\/comments?post=6527"}],"version-history":[{"count":6,"href":"http:\/\/atauni.edu.tr\/kutuphane-ve-dokumantasyon-daire-baskanligi\/wp-json\/wp\/v2\/pages\/6527\/revisions"}],"predecessor-version":[{"id":6535,"href":"http:\/\/atauni.edu.tr\/kutuphane-ve-dokumantasyon-daire-baskanligi\/wp-json\/wp\/v2\/pages\/6527\/revisions\/6535"}],"wp:attachment":[{"href":"http:\/\/atauni.edu.tr\/kutuphane-ve-dokumantasyon-daire-baskanligi\/wp-json\/wp\/v2\/media?parent=6527"}],"curies":[{"name":"wp","href":"https:\/\/api.w.org\/{rel}","templated":true}]}}