{"id":6574,"date":"2026-02-18T15:23:30","date_gmt":"2026-02-18T12:23:30","guid":{"rendered":"https:\/\/atauni.edu.tr\/kutuphane-ve-dokumantasyon-daire-baskanligi\/?page_id=6574"},"modified":"2026-02-18T15:43:39","modified_gmt":"2026-02-18T12:43:39","slug":"acik-erisim-hakkinda","status":"publish","type":"page","link":"http:\/\/atauni.edu.tr\/kutuphane-ve-dokumantasyon-daire-baskanligi\/acik-erisim-hakkinda\/","title":{"rendered":"A\u00e7\u0131k Eri\u015fim Hakk\u0131nda"},"content":{"rendered":"\t\t<div data-elementor-type=\"wp-page\" data-elementor-id=\"6574\" class=\"elementor elementor-6574\" data-elementor-post-type=\"page\">\n\t\t\t\t\t\t<section class=\"elementor-section elementor-top-section elementor-element elementor-element-5d6d2c1 elementor-section-boxed elementor-section-height-default elementor-section-height-default\" data-id=\"5d6d2c1\" data-element_type=\"section\">\n\t\t\t\t\t\t<div class=\"elementor-container elementor-column-gap-default\">\n\t\t\t\t\t<div class=\"elementor-column elementor-col-100 elementor-top-column elementor-element elementor-element-ca768de\" data-id=\"ca768de\" data-element_type=\"column\">\n\t\t\t<div class=\"elementor-widget-wrap elementor-element-populated\">\n\t\t\t\t\t\t<div class=\"elementor-element elementor-element-50f15f0 elementor-widget elementor-widget-text-editor\" data-id=\"50f15f0\" data-element_type=\"widget\" data-widget_type=\"text-editor.default\">\n\t\t\t\t<div class=\"elementor-widget-container\">\n\t\t\t\t\t\t\t\t\t<p>A\u00e7\u0131k eri\u015fim genellikle y\u00fcksek abonelik \u00fccretlerinden kaynaklanan bilimsel \u00e7\u0131kt\u0131lara s\u0131n\u0131rl\u0131 eri\u015fim sorununu irdeler.\u00a0<strong>Okuyucunun bilimsel bilgiye (makaleler, kitaplar, ara\u015ft\u0131rma verileri) \u00fccretsiz eri\u015fimini\u00a0<\/strong>ve bu bilgilerin lisanslanarak ara\u015ft\u0131rmac\u0131lar, sanayi ve vatanda\u015flar taraf\u0131ndan daha \u00e7ok kullan\u0131lmas\u0131n\u0131\u00a0<strong>sa\u011flayan uygulama<\/strong>d\u0131r.<\/p><p><a href=\"http:\/\/www.budapestopenaccessinitiative.org\/translations\/turkish-translation\" target=\"_blank\" rel=\"noreferrer noopener\">Budape\u015fte A\u00e7\u0131k Eri\u015fim Giri\u015fimi<\/a>\u2019nin (BOAI) ve<a href=\"http:\/\/openaccess.mpg.de\/1431035\/Berliner-Erklaerung-Tuerkisch.pdf\" target=\"_blank\" rel=\"noreferrer noopener\">\u00a0A\u00e7\u0131k Eri\u015fim Berlin Bildirgesi<\/a>\u2019nin (Ekim 2003) a\u00e7\u0131k eri\u015fim tan\u0131mlar\u0131 \u00f6nemlidir.<\/p><p>BOAI\u2019nin tan\u0131m\u0131na g\u00f6re a\u00e7\u0131k eri\u015fim; \u201cBilimsel literat\u00fcr\u00fcn \u0130nternet arac\u0131l\u0131\u011f\u0131yla finansal, yasal ve teknik bariyerler olmaks\u0131z\u0131n, eri\u015filebilir, okunabilir, kaydedilebilir, kopyalanabilir, yazd\u0131r\u0131labilir, taranabilir, tam metne ba\u011flant\u0131 verilebilir, dizinlenebilir, yaz\u0131l\u0131ma veri olarak aktar\u0131labilir ve her t\u00fcrl\u00fc yasal ama\u00e7 i\u00e7in kullan\u0131labilir olmas\u0131\u201d\u2019d\u0131r.\u00a0<\/p><p><strong>A\u00e7\u0131k Eri\u015fim Bildirgeleri<\/strong><\/p><ul class=\"wp-block-list\"><li><a href=\"http:\/\/ae2015.acikerisim.org\/wp-content\/uploads\/sites\/3\/2016\/11\/ae2015_ankara_bildirgesi.pdf\" target=\"_blank\" rel=\"noreferrer noopener\">AE2015 Ankara Bildirgesi<\/a><\/li><li><a href=\"http:\/\/ae2014.acikerisim.org\/wp-content\/uploads\/sites\/4\/2016\/11\/ae2014_sonuc_bildirgesi.pdf\" target=\"_blank\" rel=\"noreferrer noopener\">AE2014 \u00c7al\u0131\u015ftay\u0131 Sonu\u00e7 Bildirgesi<\/a><\/li><li><a href=\"http:\/\/ae2013.acikerisim.org\/wp-content\/uploads\/sites\/5\/2016\/11\/ae2013_sonuc_bildirgesi.pdff\" target=\"_blank\" rel=\"noreferrer noopener\">AE2013 \u00c7al\u0131\u015ftay\u0131 Sonu\u00e7 Bildirgesi<\/a><\/li><li><a href=\"http:\/\/ae2012.acikerisim.org\/wp-content\/uploads\/sites\/6\/2016\/11\/ae2012_sonuc_bildirgesi.pdf\" target=\"_blank\" rel=\"noreferrer noopener\">AE2012 \u00c7al\u0131\u015ftay\u0131 Sonu\u00e7 Bildirgesi<\/a><\/li><li>\u00a0<strong>A\u00e7\u0131k Eri\u015fim Konferanslar\u0131<\/strong><\/li><li><a href=\"http:\/\/ae2012.acikerisim.org\/\" target=\"_blank\" rel=\"noreferrer noopener\">AE2012<\/a><ul><li><a href=\"http:\/\/ae2013.acikerisim.org\/\" target=\"_blank\" rel=\"noreferrer noopener\">AE2013<\/a><\/li><li><a href=\"http:\/\/ae2014.acikerisim.org\/\" target=\"_blank\" rel=\"noreferrer noopener\">AE2014<\/a><\/li><li><a href=\"http:\/\/ae2015.acikerisim.org\/\" target=\"_blank\" rel=\"noreferrer noopener\">AE2015<\/a><\/li><li><a href=\"http:\/\/ae2016.acikerisim.org\/\" target=\"_blank\" rel=\"noreferrer noopener\">AE2016<\/a><\/li><\/ul><\/li><\/ul><figure class=\"wp-block-image\"><a href=\"https:\/\/atauni.edu.tr\/yuklemeler\/531a05da4bee092ef0a73a321c196923.jpg\"><img decoding=\"async\" src=\"https:\/\/atauni.edu.tr\/resizer.php?h=120&amp;zc=1&amp;src=\/yuklemeler\/531a05da4bee092ef0a73a321c196923.jpg\" alt=\"\" \/><\/a><\/figure>\t\t\t\t\t\t\t\t<\/div>\n\t\t\t\t<\/div>\n\t\t\t\t\t<\/div>\n\t\t<\/div>\n\t\t\t\t\t<\/div>\n\t\t<\/section>\n\t\t\t\t<\/div>\n\t\t","protected":false},"excerpt":{"rendered":"<p>A\u00e7\u0131k eri\u015fim genellikle y\u00fcksek abonelik \u00fccretlerinden kaynaklanan bilimsel \u00e7\u0131kt\u0131lara s\u0131n\u0131rl\u0131 eri\u015fim sorununu irdeler.\u00a0Okuyucunun bilimsel bilgiye (makaleler, kitaplar, ara\u015ft\u0131rma verileri) \u00fccretsiz eri\u015fimini\u00a0ve bu bilgilerin lisanslanarak ara\u015ft\u0131rmac\u0131lar, sanayi ve vatanda\u015flar taraf\u0131ndan daha \u00e7ok kullan\u0131lmas\u0131n\u0131\u00a0sa\u011flayan uygulamad\u0131r. Budape\u015fte A\u00e7\u0131k Eri\u015fim Giri\u015fimi\u2019nin (BOAI) ve\u00a0A\u00e7\u0131k Eri\u015fim Berlin Bildirgesi\u2019nin (Ekim 2003) a\u00e7\u0131k eri\u015fim tan\u0131mlar\u0131 \u00f6nemlidir. BOAI\u2019nin tan\u0131m\u0131na g\u00f6re a\u00e7\u0131k eri\u015fim; \u201cBilimsel literat\u00fcr\u00fcn [&hellip;]<\/p>\n","protected":false},"author":594,"featured_media":0,"parent":0,"menu_order":0,"comment_status":"closed","ping_status":"closed","template":"","meta":{"footnotes":""},"class_list":["post-6574","page","type-page","status-publish","hentry"],"_links":{"self":[{"href":"http:\/\/atauni.edu.tr\/kutuphane-ve-dokumantasyon-daire-baskanligi\/wp-json\/wp\/v2\/pages\/6574","targetHints":{"allow":["GET"]}}],"collection":[{"href":"http:\/\/atauni.edu.tr\/kutuphane-ve-dokumantasyon-daire-baskanligi\/wp-json\/wp\/v2\/pages"}],"about":[{"href":"http:\/\/atauni.edu.tr\/kutuphane-ve-dokumantasyon-daire-baskanligi\/wp-json\/wp\/v2\/types\/page"}],"author":[{"embeddable":true,"href":"http:\/\/atauni.edu.tr\/kutuphane-ve-dokumantasyon-daire-baskanligi\/wp-json\/wp\/v2\/users\/594"}],"replies":[{"embeddable":true,"href":"http:\/\/atauni.edu.tr\/kutuphane-ve-dokumantasyon-daire-baskanligi\/wp-json\/wp\/v2\/comments?post=6574"}],"version-history":[{"count":7,"href":"http:\/\/atauni.edu.tr\/kutuphane-ve-dokumantasyon-daire-baskanligi\/wp-json\/wp\/v2\/pages\/6574\/revisions"}],"predecessor-version":[{"id":6581,"href":"http:\/\/atauni.edu.tr\/kutuphane-ve-dokumantasyon-daire-baskanligi\/wp-json\/wp\/v2\/pages\/6574\/revisions\/6581"}],"wp:attachment":[{"href":"http:\/\/atauni.edu.tr\/kutuphane-ve-dokumantasyon-daire-baskanligi\/wp-json\/wp\/v2\/media?parent=6574"}],"curies":[{"name":"wp","href":"https:\/\/api.w.org\/{rel}","templated":true}]}}