{"id":6592,"date":"2026-02-24T09:46:57","date_gmt":"2026-02-24T06:46:57","guid":{"rendered":"https:\/\/atauni.edu.tr\/kutuphane-ve-dokumantasyon-daire-baskanligi\/?page_id=6592"},"modified":"2026-02-24T09:47:48","modified_gmt":"2026-02-24T06:47:48","slug":"koleksiyon-hakkinda","status":"publish","type":"page","link":"http:\/\/atauni.edu.tr\/kutuphane-ve-dokumantasyon-daire-baskanligi\/koleksiyon-hakkinda\/","title":{"rendered":"Koleksiyon Hakk\u0131nda"},"content":{"rendered":"\t\t<div data-elementor-type=\"wp-page\" data-elementor-id=\"6592\" class=\"elementor elementor-6592\" data-elementor-post-type=\"page\">\n\t\t\t\t\t\t<section class=\"elementor-section elementor-top-section elementor-element elementor-element-2b79c85 elementor-section-boxed elementor-section-height-default elementor-section-height-default\" data-id=\"2b79c85\" data-element_type=\"section\">\n\t\t\t\t\t\t<div class=\"elementor-container elementor-column-gap-default\">\n\t\t\t\t\t<div class=\"elementor-column elementor-col-100 elementor-top-column elementor-element elementor-element-28beb3a\" data-id=\"28beb3a\" data-element_type=\"column\">\n\t\t\t<div class=\"elementor-widget-wrap elementor-element-populated\">\n\t\t\t\t\t\t<div class=\"elementor-element elementor-element-966e309 elementor-widget elementor-widget-text-editor\" data-id=\"966e309\" data-element_type=\"widget\" data-widget_type=\"text-editor.default\">\n\t\t\t\t<div class=\"elementor-widget-container\">\n\t\t\t\t\t\t\t\t\t<p><strong>Seyfettin \u00d6zege Nadir Eserler Salonunda bulunan 50.000 civar\u0131nda Osmanl\u0131ca ( Eski T\u00fcrk\u00e7e) , Arap\u00e7a ve Fars\u00e7a eserler, dijitalle\u015ftirilerek online olarak hizmete sunulmu\u015ftur. \u00dcniversitemiz b\u00fcnyesinde faliyet g\u00f6steren Kullan\u0131c\u0131lar\u0131m\u0131z k\u00fct\u00fcphane katalog tarama sistemine girerek eserlerin dijitallerine ula\u015fabilmektedir. \u00dcniversitemiz d\u0131\u015f\u0131ndan eri\u015fim sa\u011flamak isteyen kullan\u0131c\u0131lar\u0131m\u0131z ise \u00fcyelik i\u015flemleri i\u00e7in\u00a0kutuphane@atauni.edu.tr\u00a0e-mail adresine Ad Soyad ve T.C kimlik bilgilerini g\u00f6ndererek ba\u015fvuru yapmak zorundad\u0131r.<\/strong><\/p>\t\t\t\t\t\t\t\t<\/div>\n\t\t\t\t<\/div>\n\t\t\t\t\t<\/div>\n\t\t<\/div>\n\t\t\t\t\t<\/div>\n\t\t<\/section>\n\t\t\t\t<\/div>\n\t\t","protected":false},"excerpt":{"rendered":"<p>Seyfettin \u00d6zege Nadir Eserler Salonunda bulunan 50.000 civar\u0131nda Osmanl\u0131ca ( Eski T\u00fcrk\u00e7e) , Arap\u00e7a ve Fars\u00e7a eserler, dijitalle\u015ftirilerek online olarak hizmete sunulmu\u015ftur. \u00dcniversitemiz b\u00fcnyesinde faliyet g\u00f6steren Kullan\u0131c\u0131lar\u0131m\u0131z k\u00fct\u00fcphane katalog tarama sistemine girerek eserlerin dijitallerine ula\u015fabilmektedir. \u00dcniversitemiz d\u0131\u015f\u0131ndan eri\u015fim sa\u011flamak isteyen kullan\u0131c\u0131lar\u0131m\u0131z ise \u00fcyelik i\u015flemleri i\u00e7in\u00a0kutuphane@atauni.edu.tr\u00a0e-mail adresine Ad Soyad ve T.C kimlik bilgilerini g\u00f6ndererek ba\u015fvuru yapmak [&hellip;]<\/p>\n","protected":false},"author":594,"featured_media":0,"parent":0,"menu_order":0,"comment_status":"closed","ping_status":"closed","template":"","meta":{"footnotes":""},"class_list":["post-6592","page","type-page","status-publish","hentry"],"_links":{"self":[{"href":"http:\/\/atauni.edu.tr\/kutuphane-ve-dokumantasyon-daire-baskanligi\/wp-json\/wp\/v2\/pages\/6592","targetHints":{"allow":["GET"]}}],"collection":[{"href":"http:\/\/atauni.edu.tr\/kutuphane-ve-dokumantasyon-daire-baskanligi\/wp-json\/wp\/v2\/pages"}],"about":[{"href":"http:\/\/atauni.edu.tr\/kutuphane-ve-dokumantasyon-daire-baskanligi\/wp-json\/wp\/v2\/types\/page"}],"author":[{"embeddable":true,"href":"http:\/\/atauni.edu.tr\/kutuphane-ve-dokumantasyon-daire-baskanligi\/wp-json\/wp\/v2\/users\/594"}],"replies":[{"embeddable":true,"href":"http:\/\/atauni.edu.tr\/kutuphane-ve-dokumantasyon-daire-baskanligi\/wp-json\/wp\/v2\/comments?post=6592"}],"version-history":[{"count":7,"href":"http:\/\/atauni.edu.tr\/kutuphane-ve-dokumantasyon-daire-baskanligi\/wp-json\/wp\/v2\/pages\/6592\/revisions"}],"predecessor-version":[{"id":6599,"href":"http:\/\/atauni.edu.tr\/kutuphane-ve-dokumantasyon-daire-baskanligi\/wp-json\/wp\/v2\/pages\/6592\/revisions\/6599"}],"wp:attachment":[{"href":"http:\/\/atauni.edu.tr\/kutuphane-ve-dokumantasyon-daire-baskanligi\/wp-json\/wp\/v2\/media?parent=6592"}],"curies":[{"name":"wp","href":"https:\/\/api.w.org\/{rel}","templated":true}]}}