{"id":6612,"date":"2026-02-24T10:36:25","date_gmt":"2026-02-24T07:36:25","guid":{"rendered":"https:\/\/atauni.edu.tr\/kutuphane-ve-dokumantasyon-daire-baskanligi\/?page_id=6612"},"modified":"2026-02-24T10:36:36","modified_gmt":"2026-02-24T07:36:36","slug":"yonetim-2","status":"publish","type":"page","link":"http:\/\/atauni.edu.tr\/kutuphane-ve-dokumantasyon-daire-baskanligi\/yonetim-2\/","title":{"rendered":"Y\u00f6netim"},"content":{"rendered":"\t\t<div data-elementor-type=\"wp-page\" data-elementor-id=\"6612\" class=\"elementor elementor-6612\" data-elementor-post-type=\"page\">\n\t\t\t\t\t\t<section class=\"elementor-section elementor-top-section elementor-element elementor-element-2357523 elementor-section-boxed elementor-section-height-default elementor-section-height-default\" data-id=\"2357523\" data-element_type=\"section\">\n\t\t\t\t\t\t<div class=\"elementor-container elementor-column-gap-default\">\n\t\t\t\t\t<div class=\"elementor-column elementor-col-100 elementor-top-column elementor-element elementor-element-7b9ec44\" data-id=\"7b9ec44\" data-element_type=\"column\">\n\t\t\t<div class=\"elementor-widget-wrap elementor-element-populated\">\n\t\t\t\t\t\t<div class=\"elementor-element elementor-element-9172ac2 elementor-widget elementor-widget-text-editor\" data-id=\"9172ac2\" data-element_type=\"widget\" data-widget_type=\"text-editor.default\">\n\t\t\t\t<div class=\"elementor-widget-container\">\n\t\t\t\t\t\t\t\t\t<style>\n.kurumsal-tablo-wrapper {\n  width: 100%;\n  overflow-x: auto;\n  margin: 30px 0;\n  font-family: \"Segoe UI\", Arial, sans-serif;\n}\n\n.kurumsal-tablo {\n  width: 100%;\n  border-collapse: collapse;\n  border-radius: 12px;\n  overflow: hidden;\n  box-shadow: 0 10px 25px rgba(0, 50, 120, 0.15);\n}\n\n\/* Ba\u015fl\u0131k Alan\u0131 *\/\n.kurumsal-tablo thead {\n  background: linear-gradient(135deg, #0b3c5d, #0f5f9a);\n}\n\n.kurumsal-tablo th {\n  padding: 16px;\n  text-align: left;\n  color: #ffffff;\n  font-weight: 600;\n  font-size: 14px;\n  letter-spacing: 0.5px;\n}\n\n\/* Sat\u0131rlar *\/\n.kurumsal-tablo tbody tr {\n  transition: all 0.3s ease;\n  border-left: 5px solid transparent;\n}\n\n.kurumsal-tablo tbody tr:nth-child(even) {\n  background-color: #f2f8fd;\n}\n\n.kurumsal-tablo tbody tr:nth-child(odd) {\n  background-color: #ffffff;\n}\n\n.kurumsal-tablo td {\n  padding: 14px 16px;\n  font-size: 14px;\n  color: #2c3e50;\n  border-bottom: 1px solid #e6eef5;\n}\n\n\/* Hover Efekti *\/\n.kurumsal-tablo tbody tr:hover {\n  background-color: #d8ecfb;\n  border-left: 5px solid #0f5f9a;\n  transform: scale(1.01);\n  cursor: pointer;\n}\n\n\/* Mail Linki *\/\n.kurumsal-tablo a {\n  color: #0f5f9a;\n  text-decoration: none;\n  font-weight: 500;\n  transition: 0.2s;\n}\n\n.kurumsal-tablo a:hover {\n  color: #0b3c5d;\n  text-decoration: underline;\n}\n\n\/* Responsive *\/\n@media screen and (max-width: 768px) {\n  .kurumsal-tablo th,\n  .kurumsal-tablo td {\n    font-size: 13px;\n    padding: 10px;\n  }\n}\n<\/style>\n\n<div class=\"kurumsal-tablo-wrapper\">\n  <table class=\"kurumsal-tablo\">\n    <thead>\n      <tr>\n        <th>ADI SOYADI<\/th>\n        <th>UNVANI<\/th>\n        <th>G\u00d6REV\u0130<\/th>\n        <th>E-POSTA ADRES\u0130<\/th>\n        <th>TELEFON<\/th>\n      <\/tr>\n    <\/thead>\n    <tbody>\n      <tr>\n        <td>Murat \u00dcST\u00dcNDA\u011e<\/td>\n        <td>Daire Ba\u015fkan\u0131<\/td>\n        <td>\u0130dari Y\u00f6netim<\/td>\n        <td><a href=\"mailto:mustun@atauni.edu.tr\">mustun@atauni.edu.tr<\/a><\/td>\n        <td>0 442 231 1603<\/td>\n      <\/tr>\n      <tr>\n        <td>Fatih \u00c7APADA\u011e<\/td>\n        <td>\u015eube M\u00fcd\u00fcr\u00fc<\/td>\n        <td>Prof. Dr. Fuat Sezgin Okuma Salonu<\/td>\n        <td><a href=\"mailto:fatihcapadag@atauni.edu.tr\">fatihcapadag@atauni.edu.tr<\/a><\/td>\n        <td>0 442 231 6279<\/td>\n      <\/tr>\n      <tr>\n        <td>\u015eafak ODABA\u015e<\/td>\n        <td>\u015eube M\u00fcd\u00fcr\u00fc<\/td>\n        <td>Kullan\u0131c\u0131 Hizmetleri<\/td>\n        <td><a href=\"mailto:safak@atauni.edu.tr\">safak@atauni.edu.tr<\/a><\/td>\n        <td>0 442 231 1236<\/td>\n      <\/tr>\n      <tr>\n        <td>Harun ASLAN<\/td>\n        <td>\u015eube M\u00fcd\u00fcr\u00fc<\/td>\n        <td>\u0130dari Hizmetler<\/td>\n        <td><a href=\"mailto:haslan@atauni.edu.tr\">haslan@atauni.edu.tr<\/a><\/td>\n        <td>0 442 231 1237<\/td>\n      <\/tr>\n      <tr>\n        <td>Derya Sedefo\u011flu<\/td>\n        <td>\u015eube M\u00fcd\u00fcr\u00fc<\/td>\n        <td>Sat\u0131n Alma<\/td>\n        <td><a href=\"mailto:sedefogluderya@atauni.edu.tr\">sedefogluderya@atauni.edu.tr<\/a><\/td>\n        <td>0 442 231 1234<\/td>\n      <\/tr>\n      <tr>\n        <td>Abdulkadir G\u00dcZELTEPE<\/td>\n        <td>\u015eube M\u00fcd\u00fcr\u00fc<\/td>\n        <td>Seyfettin \u00d6zege Nadir Eserler Salonu<\/td>\n        <td><a href=\"mailto:abdulkadir.guzeltepe@atauni.edu.tr\">abdulkadir.guzeltepe@atauni.edu.tr<\/a><\/td>\n        <td>0 442 231 1241<\/td>\n      <\/tr>\n    <\/tbody>\n  <\/table>\n<\/div>\t\t\t\t\t\t\t\t<\/div>\n\t\t\t\t<\/div>\n\t\t\t\t\t<\/div>\n\t\t<\/div>\n\t\t\t\t\t<\/div>\n\t\t<\/section>\n\t\t\t\t<\/div>\n\t\t","protected":false},"excerpt":{"rendered":"<p>ADI SOYADI UNVANI G\u00d6REV\u0130 E-POSTA ADRES\u0130 TELEFON Murat \u00dcST\u00dcNDA\u011e Daire Ba\u015fkan\u0131 \u0130dari Y\u00f6netim mustun@atauni.edu.tr 0 442 231 1603 Fatih \u00c7APADA\u011e \u015eube M\u00fcd\u00fcr\u00fc Prof. Dr. Fuat Sezgin Okuma Salonu fatihcapadag@atauni.edu.tr 0 442 231 6279 \u015eafak ODABA\u015e \u015eube M\u00fcd\u00fcr\u00fc Kullan\u0131c\u0131 Hizmetleri safak@atauni.edu.tr 0 442 231 1236 Harun ASLAN \u015eube M\u00fcd\u00fcr\u00fc \u0130dari Hizmetler haslan@atauni.edu.tr 0 442 231 1237 [&hellip;]<\/p>\n","protected":false},"author":594,"featured_media":0,"parent":0,"menu_order":0,"comment_status":"closed","ping_status":"closed","template":"","meta":{"footnotes":""},"class_list":["post-6612","page","type-page","status-publish","hentry"],"_links":{"self":[{"href":"http:\/\/atauni.edu.tr\/kutuphane-ve-dokumantasyon-daire-baskanligi\/wp-json\/wp\/v2\/pages\/6612","targetHints":{"allow":["GET"]}}],"collection":[{"href":"http:\/\/atauni.edu.tr\/kutuphane-ve-dokumantasyon-daire-baskanligi\/wp-json\/wp\/v2\/pages"}],"about":[{"href":"http:\/\/atauni.edu.tr\/kutuphane-ve-dokumantasyon-daire-baskanligi\/wp-json\/wp\/v2\/types\/page"}],"author":[{"embeddable":true,"href":"http:\/\/atauni.edu.tr\/kutuphane-ve-dokumantasyon-daire-baskanligi\/wp-json\/wp\/v2\/users\/594"}],"replies":[{"embeddable":true,"href":"http:\/\/atauni.edu.tr\/kutuphane-ve-dokumantasyon-daire-baskanligi\/wp-json\/wp\/v2\/comments?post=6612"}],"version-history":[{"count":7,"href":"http:\/\/atauni.edu.tr\/kutuphane-ve-dokumantasyon-daire-baskanligi\/wp-json\/wp\/v2\/pages\/6612\/revisions"}],"predecessor-version":[{"id":6619,"href":"http:\/\/atauni.edu.tr\/kutuphane-ve-dokumantasyon-daire-baskanligi\/wp-json\/wp\/v2\/pages\/6612\/revisions\/6619"}],"wp:attachment":[{"href":"http:\/\/atauni.edu.tr\/kutuphane-ve-dokumantasyon-daire-baskanligi\/wp-json\/wp\/v2\/media?parent=6612"}],"curies":[{"name":"wp","href":"https:\/\/api.w.org\/{rel}","templated":true}]}}