{"id":6622,"date":"2026-02-24T10:58:30","date_gmt":"2026-02-24T07:58:30","guid":{"rendered":"https:\/\/atauni.edu.tr\/kutuphane-ve-dokumantasyon-daire-baskanligi\/?page_id=6622"},"modified":"2026-02-24T10:58:42","modified_gmt":"2026-02-24T07:58:42","slug":"personel-2","status":"publish","type":"page","link":"http:\/\/atauni.edu.tr\/kutuphane-ve-dokumantasyon-daire-baskanligi\/personel-2\/","title":{"rendered":"Personel"},"content":{"rendered":"\t\t<div data-elementor-type=\"wp-page\" data-elementor-id=\"6622\" class=\"elementor elementor-6622\" data-elementor-post-type=\"page\">\n\t\t\t\t\t\t<section class=\"elementor-section elementor-top-section elementor-element elementor-element-d12cc68 elementor-section-boxed elementor-section-height-default elementor-section-height-default\" data-id=\"d12cc68\" data-element_type=\"section\">\n\t\t\t\t\t\t<div class=\"elementor-container elementor-column-gap-default\">\n\t\t\t\t\t<div class=\"elementor-column elementor-col-100 elementor-top-column elementor-element elementor-element-ebca5a3\" data-id=\"ebca5a3\" data-element_type=\"column\">\n\t\t\t<div class=\"elementor-widget-wrap elementor-element-populated\">\n\t\t\t\t\t\t<div class=\"elementor-element elementor-element-01d788d elementor-widget elementor-widget-text-editor\" data-id=\"01d788d\" data-element_type=\"widget\" data-widget_type=\"text-editor.default\">\n\t\t\t\t<div class=\"elementor-widget-container\">\n\t\t\t\t\t\t\t\t\t<style>\n.kurumsal-tablo-wrapper {\n  width: 100%;\n  overflow-x: auto;\n  margin: 40px 0;\n  font-family: \"Segoe UI\", Arial, sans-serif;\n}\n\n\/* \u00dcst Ba\u015fl\u0131k *\/\n.tablo-baslik {\n  background: linear-gradient(135deg, #f7e7a1, #e8c65a);\n  padding: 18px;\n  font-weight: 600;\n  font-size: 18px;\n  color: #5a4300;\n  border-radius: 12px 12px 0 0;\n  box-shadow: 0 6px 18px rgba(180, 140, 0, 0.15);\n}\n\n\/* Tablo *\/\n.kurumsal-tablo {\n  width: 100%;\n  border-collapse: collapse;\n  border-radius: 0 0 12px 12px;\n  overflow: hidden;\n  box-shadow: 0 10px 25px rgba(180, 140, 0, 0.15);\n}\n\n.kurumsal-tablo thead {\n  background: linear-gradient(135deg, #e8c65a, #d4aa2a);\n}\n\n.kurumsal-tablo th {\n  padding: 16px;\n  text-align: left;\n  color: #ffffff;\n  font-weight: 600;\n  font-size: 14px;\n  letter-spacing: 0.5px;\n}\n\n\/* Sat\u0131rlar *\/\n.kurumsal-tablo tbody tr {\n  transition: all 0.3s ease;\n  border-left: 5px solid transparent;\n}\n\n.kurumsal-tablo tbody tr:nth-child(even) {\n  background-color: #fff9e6;\n}\n\n.kurumsal-tablo tbody tr:nth-child(odd) {\n  background-color: #ffffff;\n}\n\n.kurumsal-tablo td {\n  padding: 14px 16px;\n  font-size: 14px;\n  color: #4a3b00;\n  border-bottom: 1px solid #f0e2b6;\n}\n\n\/* Hover Efekti *\/\n.kurumsal-tablo tbody tr:hover {\n  background-color: #ffe8a3;\n  border-left: 5px solid #d4aa2a;\n  transform: scale(1.01);\n  cursor: pointer;\n}\n\n\/* Mail Link *\/\n.kurumsal-tablo a {\n  color: #b8860b;\n  text-decoration: none;\n  font-weight: 500;\n  transition: 0.2s;\n}\n\n.kurumsal-tablo a:hover {\n  color: #8b6508;\n  text-decoration: underline;\n}\n\n\/* Responsive *\/\n@media screen and (max-width: 768px) {\n  .kurumsal-tablo th,\n  .kurumsal-tablo td {\n    font-size: 13px;\n    padding: 10px;\n  }\n}\n<\/style>\n\n<div class=\"kurumsal-tablo-wrapper\">\n\n  <div class=\"tablo-baslik\">\n    PROF. DR. FUAT SEZG\u0130N K\u00dcT\u00dcPHANES\u0130 (MERKEZ K\u00dcT\u00dcPHANE)\n  <\/div>\n\n  <table class=\"kurumsal-tablo\">\n    <thead>\n      <tr>\n        <th>ADI SOYADI<\/th>\n        <th>UNVANI<\/th>\n        <th>G\u00d6REV\u0130<\/th>\n        <th>E-POSTA ADRES\u0130<\/th>\n        <th>TELEFON<\/th>\n      <\/tr>\n    <\/thead>\n    <tbody>\n      <tr><td>Murat \u00dcST\u00dcNDA\u011e<\/td><td>Daire Ba\u015fkan\u0131<\/td><td>\u0130dari Y\u00f6netim<\/td><td><a href=\"mailto:mustun@atauni.edu.tr\">mustun@atauni.edu.tr<\/a><\/td><td>0 442 231 1603<\/td><\/tr>\n      <tr><td>Asl\u0131han OKUR<\/td><td>S\u00f6z. B\u00fcro Memuru<\/td><td>K\u00fct\u00fcphaneler Aras\u0131 \u0130\u015fbirli\u011fi (ILL), T\u00dcBESS, Veritabanlar\u0131 ve S\u00fcreli Yay\u0131nlar<\/td><td><a href=\"mailto:aslihanokur@atauni.edu.tr\">aslihanokur@atauni.edu.tr<\/a><\/td><td>0 442 231 1603<\/td><\/tr>\n      <tr><td>Derya SEDEFO\u011eLU<\/td><td>\u015eube M\u00fcd\u00fcr\u00fc<\/td><td>Sat\u0131nalma<\/td><td><a href=\"mailto:sedefogluderya@atauni.edu.tr\">sedefogluderya@atauni.edu.tr<\/a><\/td><td>0 442 231 1234<\/td><\/tr>\n      <tr><td>\u015eefak ODABA\u015e<\/td><td>\u015eube M\u00fcd\u00fcr\u00fc<\/td><td>Kullan\u0131c\u0131 Hizmetler<\/td><td><a href=\"mailto:safako@atauni.edu.tr\">safako@atauni.edu.tr<\/a><\/td><td>0 442 231 1236<\/td><\/tr>\n      <tr><td>Harun ASLAN<\/td><td>\u015eube M\u00fcd\u00fcr\u00fc<\/td><td>\u0130dari Hizmetler<\/td><td><a href=\"mailto:haslan@atauni.edu.tr\">haslan@atauni.edu.tr<\/a><\/td><td>0 442 231 1237<\/td><\/tr>\n      <tr><td>Abdulkadir G\u00dcZELTEPE<\/td><td>\u015eube M\u00fcd\u00fcr\u00fc<\/td><td>Seyfettin \u00d6zege Nadir Eserler Salonu<\/td><td><a href=\"mailto:abdulkadir.guzeltepe@atauni.edu.tr\">abdulkadir.guzeltepe@atauni.edu.tr<\/a><\/td><td>0 442 231 1241<\/td><\/tr>\n      <tr><td>Ali \u00d6zcan AYDIN<\/td><td>\u015eef<\/td><td>Kataloglama, S\u0131n\u0131flama, Tezler Birimi Sorumlusu<\/td><td><a href=\"mailto:aliozcan.aydin@atauni.edu.tr\">aliozcan.aydin@atauni.edu.tr<\/a><\/td><td>0 442 231 1245<\/td><\/tr>\n      <tr><td>S\u00fcleyman G\u00dcM\u00dc\u015e<\/td><td>Ayniyat Sayman\u0131<\/td><td>Sat\u0131nalma<\/td><td><a href=\"mailto:sgumus@atauni.edu.tr\">sgumus@atauni.edu.tr<\/a><\/td><td>0 442 231 1235<\/td><\/tr>\n      <tr><td>Murat DURMU\u015e<\/td><td>V.H.K.\u0130.<\/td><td>Kataloglama, S\u0131n\u0131flama, Tezler<\/td><td><a href=\"mailto:mdurmus@atauni.edu.tr\">mdurmus@atauni.edu.tr<\/a><\/td><td>0 442 231 1238<\/td><\/tr>\n      <tr><td>\u00d6zcan \u00d6ZER<\/td><td>V.H.K.\u0130.<\/td><td>\u00d6d\u00fcn\u00e7 Verme Birim Sorumlusu<\/td><td><a href=\"mailto:ozcanozer@atauni.edu.tr\">ozcanozer@atauni.edu.tr<\/a><\/td><td>0 442 231 2785<\/td><\/tr>\n      <tr><td>\u0130srafil BALTAN<\/td><td>V.H.K.\u0130.<\/td><td>Ta\u015f\u0131n\u0131r \u0130\u015flemleri<\/td><td><a href=\"mailto:israfil.baltan@atauni.edu.tr\">israfil.baltan@atauni.edu.tr<\/a><\/td><td>0 442 231 1247<\/td><\/tr>\n      <tr><td>Yener \u00d6ZORHAN<\/td><td>V.H.K.\u0130.<\/td><td>Dil ve Edebiyat Salonu<\/td><td><a href=\"mailto:yener.ozorhan@atauni.edu.tr\">yener.ozorhan@atauni.edu.tr<\/a><\/td><td>0 442 231 1250<\/td><\/tr>\n      <tr><td>Hayrettin KIZILO\u011eLU<\/td><td>V.H.K.\u0130.<\/td><td>Ziyaeddin Fahri F\u0131nd\u0131ko\u011flu Salonu<\/td><td><a href=\"mailto:hkiziloglu@atauni.edu.tr\">hkiziloglu@atauni.edu.tr<\/a><\/td><td>0 442 231 1242<\/td><\/tr>\n      <tr><td>Ak\u0131n TERCAN<\/td><td>V.H.K.\u0130.<\/td><td>R\u0131fk\u0131 Salim Bur\u00e7ak Salonu<\/td><td><a href=\"mailto:akin.tercan@atauni.edu.tr\">akin.tercan@atauni.edu.tr<\/a><\/td><td>0 442 231 1243<\/td><\/tr>\n      <tr><td>Yavuz TUTKUS<\/td><td>Bilgisayar \u0130\u015fletmeni<\/td><td>Dil ve Edebiyat Salonu<\/td><td><a href=\"mailto:yavuztutkus@atauni.edu.tr\">yavuztutkus@atauni.edu.tr<\/a><\/td><td>0 442 231 1250<\/td><\/tr>\n      <tr><td>\u0130smail CAN<\/td><td>Bilgisayar \u0130\u015fletmeni<\/td><td>Belge Y\u00f6netim<\/td><td><a href=\"mailto:ismail.can@atauni.edu.tr\">ismail.can@atauni.edu.tr<\/a><\/td><td>0 442 231 1249<\/td><\/tr>\n      <tr><td>\u00c7i\u011fdem \u00d6ZT\u00dcRK<\/td><td>Bilgisayar \u0130\u015fletmeni<\/td><td>Salon G\u00f6revlisi (Ak\u015fam)<\/td><td><a href=\"mailto:cigdem.ozturk@atauni.edu.tr\">cigdem.ozturk@atauni.edu.tr<\/a><\/td><td>0 442 231 1240<\/td><\/tr>\n      <tr><td>Arzu NACAKGED\u0130\u011e\u0130<\/td><td>V.H.K.\u0130.<\/td><td>Salon G\u00f6revlisi (Ak\u015fam)<\/td><td><a href=\"mailto:arzu@atauni.edu.tr\">arzu@atauni.edu.tr<\/a><\/td><td>0 442 231 1210<\/td><\/tr>\n      <tr><td>Yahya TATAR<\/td><td>Memur<\/td><td>S\u00fcreli Yay\u0131nlar Salonu<\/td><td><a href=\"mailto:yahya.tatar@atauni.edu.tr\">yahya.tatar@atauni.edu.tr<\/a><\/td><td>0 442 231 1239<\/td><\/tr>\n      <tr><td>Filiz LALO\u011eLU AKBABA<\/td><td>S\u00fcrekli \u0130\u015f\u00e7i<\/td><td>Salon G\u00f6revlisi (Ak\u015fam)<\/td><td><a href=\"mailto:filizlaloglu.akbaba@atauni.edu.tr\">filizlaloglu.akbaba@atauni.edu.tr<\/a><\/td><td>0 442 231 1250<\/td><\/tr>\n      <tr><td>M\u00fccahit D\u0130K\u0130C\u0130<\/td><td>V.H.K.\u0130.<\/td><td>Salon G\u00f6revlisi (Ak\u015fam)<\/td><td><a href=\"mailto:mucahit.dikici@atauni.edu.tr\">mucahit.dikici@atauni.edu.tr<\/a><\/td><td>0 442 231 1210<\/td><\/tr>\n      <tr><td>Elif \u0130LHAN<\/td><td>S\u00f6z. B\u00fcro Memuru<\/td><td>K\u00fct\u00fcphaneler Aras\u0131 \u0130\u015fbirli\u011fi (ILL), T\u00dcBESS, Veritabanlar\u0131 ve S\u00fcreli Yay\u0131nlar<\/td><td><a href=\"mailto:elif.ilhan@atauni.edu.tr\">elif.ilhan@atauni.edu.tr<\/a><\/td><td>0 442 231 3714<\/td><\/tr>\n      <tr><td>Bur\u00e7ak B\u0130\u015eM\u0130\u015e<\/td><td>Yrd. Hizmetli<\/td><td>Destek Hizmetleri<\/td><td><a href=\"mailto:burcak.bismis@atauni.edu.tr\">burcak.bismis@atauni.edu.tr<\/a><\/td><td>0 442 231 1251<\/td><\/tr>\n      <tr><td>Elifnur T\u00dcRK<\/td><td>S\u00f6z. Destek Personeli<\/td><td>Salon G\u00f6revlisi (Ak\u015fam)<\/td><td><a href=\"mailto:elifnur.turk@atauni.edu.tr\">elifnur.turk@atauni.edu.tr<\/a><\/td><td>0 442 231 1246<\/td><\/tr>\n      <tr><td>\u00dcmit DA\u015eTAN<\/td><td>S\u00f6z. Destek Personeli<\/td><td>Seyfettin \u00d6zege Nadir Eserler Salonu<\/td><td><a href=\"mailto:umit.dastan@atauni.edu.tr\">umit.dastan@atauni.edu.tr<\/a><\/td><td>0 442 231 2754<\/td><\/tr>\n      <tr><td>Sel\u00e7uk ERT\u00dcRK<\/td><td>S\u00fcrekli \u0130\u015f\u00e7i<\/td><td>Destek Hizmetleri \u2013 Cilthane<\/td><td><a href=\"mailto:selcukerturk@atauni.edu.tr\">selcukerturk@atauni.edu.tr<\/a><\/td><td>0 442 231 1246<\/td><\/tr>\n      <tr><td>Lokman KIZILTAN<\/td><td>S\u00fcrekli \u0130\u015f\u00e7i<\/td><td>Destek Hizmetleri<\/td><td><a href=\"mailto:lokmankiziltan@atauni.edu.tr\">lokmankiziltan@atauni.edu.tr<\/a><\/td><td>0 442 231 1246<\/td><\/tr>\n      <tr><td>M\u00fckremin EREN<\/td><td>S\u00fcrekli \u0130\u015f\u00e7i<\/td><td>Destek Hizmetleri<\/td><td><a href=\"mailto:mukremineren@atauni.edu.tr\">mukremineren@atauni.edu.tr<\/a><\/td><td>0 442 231 1246<\/td><\/tr>\n      <tr><td>\u0130rfan UZUN<\/td><td>S\u00fcrekli \u0130\u015f\u00e7i<\/td><td>Destek Hizmetleri<\/td><td><a href=\"mailto:irfan.uzun@atauni.edu.tr\">irfan.uzun@atauni.edu.tr<\/a><\/td><td>0 442 231 1240<\/td><\/tr>\n      <tr><td>G\u00fcvenlik<\/td><td>G\u00fcvenlik G\u00f6revlisi<\/td><td>Merkez K\u00fct\u00fcphane<\/td><td><\/td><td>0 442 231 1210<\/td><\/tr>\n    <\/tbody>\n  <\/table>\n\n<\/div>\t\t\t\t\t\t\t\t<\/div>\n\t\t\t\t<\/div>\n\t\t\t\t\t<\/div>\n\t\t<\/div>\n\t\t\t\t\t<\/div>\n\t\t<\/section>\n\t\t\t\t<section class=\"elementor-section elementor-top-section elementor-element elementor-element-18b759a elementor-section-boxed elementor-section-height-default elementor-section-height-default\" data-id=\"18b759a\" data-element_type=\"section\">\n\t\t\t\t\t\t<div class=\"elementor-container elementor-column-gap-default\">\n\t\t\t\t\t<div class=\"elementor-column elementor-col-100 elementor-top-column elementor-element elementor-element-99ba00d\" data-id=\"99ba00d\" data-element_type=\"column\">\n\t\t\t<div class=\"elementor-widget-wrap elementor-element-populated\">\n\t\t\t\t\t\t<div class=\"elementor-element elementor-element-768bfee elementor-widget elementor-widget-text-editor\" data-id=\"768bfee\" data-element_type=\"widget\" data-widget_type=\"text-editor.default\">\n\t\t\t\t<div class=\"elementor-widget-container\">\n\t\t\t\t\t\t\t\t\t<style>\n.kurumsal-tablo-wrapper {\n  width: 100%;\n  overflow-x: auto;\n  margin: 40px 0;\n  font-family: \"Segoe UI\", Arial, sans-serif;\n}\n\n\/* \u00dcst Ba\u015fl\u0131k *\/\n.tablo-baslik-pembe {\n  background: linear-gradient(135deg, #f8cdda, #f4a7b9);\n  padding: 18px;\n  font-weight: 600;\n  font-size: 18px;\n  color: #7a1f3d;\n  border-radius: 12px 12px 0 0;\n  box-shadow: 0 6px 18px rgba(200, 80, 120, 0.15);\n}\n\n\/* Tablo *\/\n.kurumsal-tablo-pembe {\n  width: 100%;\n  border-collapse: collapse;\n  border-radius: 0 0 12px 12px;\n  overflow: hidden;\n  box-shadow: 0 10px 25px rgba(200, 80, 120, 0.15);\n}\n\n.kurumsal-tablo-pembe thead {\n  background: linear-gradient(135deg, #f4a7b9, #e889a0);\n}\n\n.kurumsal-tablo-pembe th {\n  padding: 16px;\n  text-align: left;\n  color: #ffffff;\n  font-weight: 600;\n  font-size: 14px;\n  letter-spacing: 0.5px;\n}\n\n\/* Sat\u0131rlar *\/\n.kurumsal-tablo-pembe tbody tr {\n  transition: all 0.3s ease;\n  border-left: 5px solid transparent;\n}\n\n.kurumsal-tablo-pembe tbody tr:nth-child(even) {\n  background-color: #fff0f5;\n}\n\n.kurumsal-tablo-pembe tbody tr:nth-child(odd) {\n  background-color: #ffffff;\n}\n\n.kurumsal-tablo-pembe td {\n  padding: 14px 16px;\n  font-size: 14px;\n  color: #5a2a3b;\n  border-bottom: 1px solid #f3c7d4;\n}\n\n\/* Hover Efekti *\/\n.kurumsal-tablo-pembe tbody tr:hover {\n  background-color: #ffd6e2;\n  border-left: 5px solid #e889a0;\n  transform: scale(1.01);\n  cursor: pointer;\n}\n\n\/* Mail Link *\/\n.kurumsal-tablo-pembe a {\n  color: #c2185b;\n  text-decoration: none;\n  font-weight: 500;\n  transition: 0.2s;\n}\n\n.kurumsal-tablo-pembe a:hover {\n  color: #8e1645;\n  text-decoration: underline;\n}\n\n\/* Responsive *\/\n@media screen and (max-width: 768px) {\n  .kurumsal-tablo-pembe th,\n  .kurumsal-tablo-pembe td {\n    font-size: 13px;\n    padding: 10px;\n  }\n}\n<\/style>\n\n<div class=\"kurumsal-tablo-wrapper\">\n\n  <div class=\"tablo-baslik-pembe\">\n    PROF. DR. FUAT SEZG\u0130N OKUMA SALONU (EK B\u0130NA)\n  <\/div>\n\n  <table class=\"kurumsal-tablo-pembe\">\n    <thead>\n      <tr>\n        <th>ADI SOYADI<\/th>\n        <th>UNVANI<\/th>\n        <th>G\u00d6REV\u0130<\/th>\n        <th>E-POSTA ADRES\u0130<\/th>\n        <th>TELEFON<\/th>\n      <\/tr>\n    <\/thead>\n    <tbody>\n      <tr><td>Murat \u00dcST\u00dcNDA\u011e<\/td><td>Daire Ba\u015fkan\u0131<\/td><td>\u0130dari Y\u00f6netim<\/td><td><a href=\"mailto:mustun@atauni.edu.tr\">mustun@atauni.edu.tr<\/a><\/td><td>0 442 231 1603<\/td><\/tr>\n      <tr><td>Fatih \u00c7APADA\u011e<\/td><td>\u015eube M\u00fcd\u00fcr\u00fc<\/td><td>\u0130dari Hizmetler<\/td><td><a href=\"mailto:fatihcapadag@atauni.edu.tr\">fatihcapadag@atauni.edu.tr<\/a><\/td><td>0 442 231 6271<\/td><\/tr>\n      <tr><td>Ya\u015far B\u00dcY\u00dcKS\u0130NG\u0130R<\/td><td>V.H.K.\u0130.<\/td><td>Prof.Dr.Fuat Sezgin Okuma Salonu<\/td><td><a href=\"mailto:ybuyuksingir@atauni.edu.tr\">ybuyuksingir@atauni.edu.tr<\/a><\/td><td>0 442 231 6273<\/td><\/tr>\n      <tr><td>Ayd\u0131n HARS<\/td><td>Bilgisayar \u0130\u015fletmeni<\/td><td>Prof.Dr.Fuat Sezgin Okuma Salonu<\/td><td><a href=\"mailto:aydin.hars@atauni.edu.tr\">aydin.hars@atauni.edu.tr<\/a><\/td><td>0 442 231 6273<\/td><\/tr>\n      <tr><td>\u0130brahim ALKAN<\/td><td>Tekniker<\/td><td>Prof.Dr.Fuat Sezgin Okuma Salonu<\/td><td><a href=\"mailto:ialkan@atauni.edu.tr\">ialkan@atauni.edu.tr<\/a><\/td><td>0 442 231 6274<\/td><\/tr>\n      <tr><td>Ali KARGI<\/td><td>Teknisyen<\/td><td>Prof.Dr.Fuat Sezgin Okuma Salonu (Ak\u015fam)<\/td><td><a href=\"mailto:alikargi@atauni.edu.tr\">alikargi@atauni.edu.tr<\/a><\/td><td>0 442 231 6279<\/td><\/tr>\n      <tr><td>H\u00fcseyin BAKIR<\/td><td>V.H.K.\u0130.<\/td><td>Prof.Dr.Fuat Sezgin Okuma Salonu (Hafta Sonu)<\/td><td><a href=\"mailto:bakirh@atauni.edu.tr\">bakirh@atauni.edu.tr<\/a><\/td><td>0 442 231 6277<\/td><\/tr>\n      <tr><td>M.Nuri AK\u00c7EL\u0130K<\/td><td>Teknisyen Yrd.<\/td><td>Prof.Dr.Fuat Sezgin Okuma Salonu (Hafta Sonu)<\/td><td><a href=\"mailto:mnuri@atauni.edu.tr\">mnuri@atauni.edu.tr<\/a><\/td><td>0 442 231 6277<\/td><\/tr>\n      <tr><td>Abdullah AKG\u00dcL<\/td><td>S\u00fcrekli \u0130\u015f\u00e7i<\/td><td>Prof.Dr.Fuat Sezgin Okuma Salonu &#8211; Destek Hizmetleri<\/td><td><a href=\"mailto:abdullahakgul@atauni.edu.tr\">abdullahakgul@atauni.edu.tr<\/a><\/td><td>0 442 231 6275<\/td><\/tr>\n      <tr><td>Taner CANVAR<\/td><td>S\u00fcrekli \u0130\u015f\u00e7i<\/td><td>Prof.Dr.Fuat Sezgin Okuma Salonu &#8211; Destek Hizmetleri<\/td><td><a href=\"mailto:tanercanvar25@atauni.edu.tr\">tanercanvar25@atauni.edu.tr<\/a><\/td><td>0 442 231 6275<\/td><\/tr>\n      <tr><td>Muhammed Emin KARTAL<\/td><td>S\u00f6z. Destek Personeli<\/td><td>Prof.Dr.Fuat Sezgin Okuma Salonu<\/td><td><a href=\"mailto:mkartal@atauni.edu.tr\">mkartal@atauni.edu.tr<\/a><\/td><td>0 442 231 6275<\/td><\/tr>\n      <tr><td>G\u00fcvenlik<\/td><td>G\u00fcvenlik G\u00f6revlisi<\/td><td>Prof.Dr.Fuat Sezgin Okuma Salonu<\/td><td><\/td><td>0 442 231 6277<\/td><\/tr>\n    <\/tbody>\n  <\/table>\n\n<\/div>\t\t\t\t\t\t\t\t<\/div>\n\t\t\t\t<\/div>\n\t\t\t\t\t<\/div>\n\t\t<\/div>\n\t\t\t\t\t<\/div>\n\t\t<\/section>\n\t\t\t\t<section class=\"elementor-section elementor-top-section elementor-element elementor-element-9c75a7c elementor-section-boxed elementor-section-height-default elementor-section-height-default\" data-id=\"9c75a7c\" data-element_type=\"section\">\n\t\t\t\t\t\t<div class=\"elementor-container elementor-column-gap-default\">\n\t\t\t\t\t<div class=\"elementor-column elementor-col-100 elementor-top-column elementor-element elementor-element-e540181\" data-id=\"e540181\" data-element_type=\"column\">\n\t\t\t<div class=\"elementor-widget-wrap elementor-element-populated\">\n\t\t\t\t\t\t<div class=\"elementor-element elementor-element-472513e elementor-widget elementor-widget-text-editor\" data-id=\"472513e\" data-element_type=\"widget\" data-widget_type=\"text-editor.default\">\n\t\t\t\t<div class=\"elementor-widget-container\">\n\t\t\t\t\t\t\t\t\t<style>\n.kurumsal-tablo-wrapper {\n  width: 100%;\n  overflow-x: auto;\n  margin: 40px 0;\n  font-family: \"Segoe UI\", Arial, sans-serif;\n}\n\n\/* \u00dcst Ba\u015fl\u0131k *\/\n.tablo-baslik-yesil {\n  background: linear-gradient(135deg, #c8f2d0, #9fe3b0);\n  padding: 18px;\n  font-weight: 600;\n  font-size: 18px;\n  color: #1f5e3b;\n  border-radius: 12px 12px 0 0;\n  box-shadow: 0 6px 18px rgba(40, 150, 90, 0.15);\n}\n\n\/* Tablo *\/\n.kurumsal-tablo-yesil {\n  width: 100%;\n  border-collapse: collapse;\n  border-radius: 0 0 12px 12px;\n  overflow: hidden;\n  box-shadow: 0 10px 25px rgba(40, 150, 90, 0.15);\n}\n\n.kurumsal-tablo-yesil thead {\n  background: linear-gradient(135deg, #9fe3b0, #6ecf8f);\n}\n\n.kurumsal-tablo-yesil th {\n  padding: 16px;\n  text-align: left;\n  color: #ffffff;\n  font-weight: 600;\n  font-size: 14px;\n  letter-spacing: 0.5px;\n}\n\n\/* Sat\u0131rlar *\/\n.kurumsal-tablo-yesil tbody tr {\n  transition: all 0.3s ease;\n  border-left: 5px solid transparent;\n}\n\n.kurumsal-tablo-yesil tbody tr:nth-child(even) {\n  background-color: #f0fff4;\n}\n\n.kurumsal-tablo-yesil tbody tr:nth-child(odd) {\n  background-color: #ffffff;\n}\n\n.kurumsal-tablo-yesil td {\n  padding: 14px 16px;\n  font-size: 14px;\n  color: #1f3f2d;\n  border-bottom: 1px solid #d6f5df;\n}\n\n\/* Hover Efekti *\/\n.kurumsal-tablo-yesil tbody tr:hover {\n  background-color: #d7fbe3;\n  border-left: 5px solid #3bb273;\n  transform: scale(1.01);\n  cursor: pointer;\n}\n\n\/* Mail Link *\/\n.kurumsal-tablo-yesil a {\n  color: #2e8b57;\n  text-decoration: none;\n  font-weight: 500;\n  transition: 0.2s;\n}\n\n.kurumsal-tablo-yesil a:hover {\n  color: #1f5e3b;\n  text-decoration: underline;\n}\n\n\/* Responsive *\/\n@media screen and (max-width: 768px) {\n  .kurumsal-tablo-yesil th,\n  .kurumsal-tablo-yesil td {\n    font-size: 13px;\n    padding: 10px;\n  }\n}\n<\/style>\n\n<div class=\"kurumsal-tablo-wrapper\">\n\n  <div class=\"tablo-baslik-yesil\">\n    GARAJ OKUMA SALONU (EK B\u0130NA)\n  <\/div>\n\n  <table class=\"kurumsal-tablo-yesil\">\n    <thead>\n      <tr>\n        <th>ADI SOYADI<\/th>\n        <th>UNVANI<\/th>\n        <th>G\u00d6REV\u0130<\/th>\n        <th>E-POSTA ADRES\u0130<\/th>\n        <th>TELEFON<\/th>\n      <\/tr>\n    <\/thead>\n    <tbody>\n      <tr><td>Murat \u00dcST\u00dcNDA\u011e<\/td><td>Daire Ba\u015fkan\u0131<\/td><td>\u0130dari Y\u00f6netim<\/td><td><a href=\"mailto:mustun@atauni.edu.tr\">mustun@atauni.edu.tr<\/a><\/td><td>0 442 231 1603<\/td><\/tr>\n      <tr><td>Fatih \u00c7APADA\u011e<\/td><td>\u015eube M\u00fcd\u00fcr\u00fc<\/td><td>\u0130dari Hizmetler<\/td><td><a href=\"mailto:fatihcapadag@atauni.edu.tr\">fatihcapadag@atauni.edu.tr<\/a><\/td><td>0 442 231 6279<\/td><\/tr>\n      <tr><td>Serap G\u00dcNAY<\/td><td>Bilgisayar \u0130\u015fletmeni<\/td><td>Garaj Okuma Salonu<\/td><td><a href=\"mailto:serapgunay@atauni.edu.tr\">serapgunay@atauni.edu.tr<\/a><\/td><td>0 442 231 8699<\/td><\/tr>\n      <tr><td>F\u0131rat \u00d6ZKA\u015e<\/td><td>V.H.K.\u0130.<\/td><td>Garaj Okuma Salonu<\/td><td><a href=\"mailto:fozkas@atauni.edu.tr\">fozkas@atauni.edu.tr<\/a><\/td><td>0 442 231 8699<\/td><\/tr>\n      <tr><td>\u00c7a\u011fda\u015f G\u00dcVEN<\/td><td>Memur<\/td><td>Garaj Okuma Salonu (Ak\u015fam)<\/td><td><a href=\"mailto:cagdas.guven@atauni.edu.tr\">cagdas.guven@atauni.edu.tr<\/a><\/td><td>0 442 231 8699<\/td><\/tr>\n      <tr><td>Aytekin KAYA<\/td><td>S\u00fcrekli \u0130\u015f\u00e7i<\/td><td>Destek Hizmetleri<\/td><td><a href=\"mailto:aytekinkaya@atauni.edu.tr\">aytekinkaya@atauni.edu.tr<\/a><\/td><td>0 442 231 1246<\/td><\/tr>\n      <tr><td>Ertu\u011frul AYDO\u011eAN<\/td><td>S\u00fcrekli \u0130\u015f\u00e7i<\/td><td>Destek Hizmetleri<\/td><td><a href=\"mailto:ertugrulaydogan@atauni.edu.tr\">ertugrulaydogan@atauni.edu.tr<\/a><\/td><td>0 442 231 8699<\/td><\/tr>\n      <tr><td>G\u00fcvenlik<\/td><td>G\u00fcvenlik G\u00f6revlisi<\/td><td>Garaj Okuma Salonu<\/td><td><\/td><td>0 442 231 8699<\/td><\/tr>\n    <\/tbody>\n  <\/table>\n\n<\/div>\t\t\t\t\t\t\t\t<\/div>\n\t\t\t\t<\/div>\n\t\t\t\t\t<\/div>\n\t\t<\/div>\n\t\t\t\t\t<\/div>\n\t\t<\/section>\n\t\t\t\t<\/div>\n\t\t","protected":false},"excerpt":{"rendered":"<p>PROF. DR. FUAT SEZG\u0130N K\u00dcT\u00dcPHANES\u0130 (MERKEZ K\u00dcT\u00dcPHANE) ADI SOYADI UNVANI G\u00d6REV\u0130 E-POSTA ADRES\u0130 TELEFON Murat \u00dcST\u00dcNDA\u011e Daire Ba\u015fkan\u0131 \u0130dari Y\u00f6netim mustun@atauni.edu.tr 0 442 231 1603 Asl\u0131han OKUR S\u00f6z. B\u00fcro Memuru K\u00fct\u00fcphaneler Aras\u0131 \u0130\u015fbirli\u011fi (ILL), T\u00dcBESS, Veritabanlar\u0131 ve S\u00fcreli Yay\u0131nlar aslihanokur@atauni.edu.tr 0 442 231 1603 Derya SEDEFO\u011eLU \u015eube M\u00fcd\u00fcr\u00fc Sat\u0131nalma sedefogluderya@atauni.edu.tr 0 442 231 1234 \u015eefak [&hellip;]<\/p>\n","protected":false},"author":594,"featured_media":0,"parent":0,"menu_order":0,"comment_status":"closed","ping_status":"closed","template":"","meta":{"footnotes":""},"class_list":["post-6622","page","type-page","status-publish","hentry"],"_links":{"self":[{"href":"http:\/\/atauni.edu.tr\/kutuphane-ve-dokumantasyon-daire-baskanligi\/wp-json\/wp\/v2\/pages\/6622","targetHints":{"allow":["GET"]}}],"collection":[{"href":"http:\/\/atauni.edu.tr\/kutuphane-ve-dokumantasyon-daire-baskanligi\/wp-json\/wp\/v2\/pages"}],"about":[{"href":"http:\/\/atauni.edu.tr\/kutuphane-ve-dokumantasyon-daire-baskanligi\/wp-json\/wp\/v2\/types\/page"}],"author":[{"embeddable":true,"href":"http:\/\/atauni.edu.tr\/kutuphane-ve-dokumantasyon-daire-baskanligi\/wp-json\/wp\/v2\/users\/594"}],"replies":[{"embeddable":true,"href":"http:\/\/atauni.edu.tr\/kutuphane-ve-dokumantasyon-daire-baskanligi\/wp-json\/wp\/v2\/comments?post=6622"}],"version-history":[{"count":7,"href":"http:\/\/atauni.edu.tr\/kutuphane-ve-dokumantasyon-daire-baskanligi\/wp-json\/wp\/v2\/pages\/6622\/revisions"}],"predecessor-version":[{"id":6629,"href":"http:\/\/atauni.edu.tr\/kutuphane-ve-dokumantasyon-daire-baskanligi\/wp-json\/wp\/v2\/pages\/6622\/revisions\/6629"}],"wp:attachment":[{"href":"http:\/\/atauni.edu.tr\/kutuphane-ve-dokumantasyon-daire-baskanligi\/wp-json\/wp\/v2\/media?parent=6622"}],"curies":[{"name":"wp","href":"https:\/\/api.w.org\/{rel}","templated":true}]}}