{"id":6652,"date":"2026-02-24T14:45:58","date_gmt":"2026-02-24T11:45:58","guid":{"rendered":"https:\/\/atauni.edu.tr\/kutuphane-ve-dokumantasyon-daire-baskanligi\/?page_id=6652"},"modified":"2026-02-24T15:13:22","modified_gmt":"2026-02-24T12:13:22","slug":"dokumanlar","status":"publish","type":"page","link":"http:\/\/atauni.edu.tr\/kutuphane-ve-dokumantasyon-daire-baskanligi\/dokumanlar\/","title":{"rendered":"D\u00f6k\u00fcmanlar"},"content":{"rendered":"\t\t<div data-elementor-type=\"wp-page\" data-elementor-id=\"6652\" class=\"elementor elementor-6652\" data-elementor-post-type=\"page\">\n\t\t\t\t\t\t<section class=\"elementor-section elementor-top-section elementor-element elementor-element-2c8434c elementor-section-boxed elementor-section-height-default elementor-section-height-default\" data-id=\"2c8434c\" data-element_type=\"section\">\n\t\t\t\t\t\t<div class=\"elementor-container elementor-column-gap-default\">\n\t\t\t\t\t<div class=\"elementor-column elementor-col-100 elementor-top-column elementor-element elementor-element-43a5c6e\" data-id=\"43a5c6e\" data-element_type=\"column\">\n\t\t\t<div class=\"elementor-widget-wrap elementor-element-populated\">\n\t\t\t\t\t\t<div class=\"elementor-element elementor-element-8622215 elementor-widget elementor-widget-text-editor\" data-id=\"8622215\" data-element_type=\"widget\" data-widget_type=\"text-editor.default\">\n\t\t\t\t<div class=\"elementor-widget-container\">\n\t\t\t\t\t\t\t\t\t<ul><li><h6><span style=\"color: #333399;\"><a style=\"color: #333399;\" href=\"http:\/\/birimler.atauni.edu.tr\/kutuphane-ve-dokumantasyon-daire-baskanligi\/wp-content\/uploads\/sites\/218\/2026\/01\/1X.pdf\" target=\"_blank\" rel=\"noopener noreferrer\" download=\"\">KAMU \u0130\u00c7 KONTROL REHBER\u0130<\/a><\/span><\/h6><\/li><li><h6><span style=\"color: #333399;\"><a style=\"color: #333399;\" href=\"http:\/\/atauni.edu.tr\/kutuphane-ve-dokumantasyon-daire-baskanligi\/wp-content\/uploads\/sites\/218\/2026\/02\/5f867b4fd0e9ccaa6409394a1c250abe-6.pdf\" target=\"_blank\" rel=\"noopener noreferrer\" download=\"\">ELEKTRON\u0130K KAYNAK KULLANIM E\u011e\u0130T\u0130M \u0130\u015e AKI\u015e S\u00dcREC\u0130<\/a><\/span><\/h6><\/li><li><h6><span style=\"color: #333399;\"><a style=\"color: #333399;\" href=\"http:\/\/atauni.edu.tr\/kutuphane-ve-dokumantasyon-daire-baskanligi\/wp-content\/uploads\/sites\/218\/2026\/02\/3853b4c62f1f9e138353e0373e0007f8-3.pdf\" target=\"_blank\" rel=\"noopener noreferrer\" download=\"\">ELEKTRON\u0130K KAYNAK SE\u00c7\u0130M\u0130 VE SA\u011eLAMA \u0130\u015e AKI\u015e S\u00dcREC\u0130<\/a><\/span><\/h6><\/li><li><h6><span style=\"color: #333399;\"><a style=\"color: #333399;\" href=\"http:\/\/atauni.edu.tr\/kutuphane-ve-dokumantasyon-daire-baskanligi\/wp-content\/uploads\/sites\/218\/2026\/02\/ilisikkesmeisakis.pdf\" rel=\"noopener noreferrer\" download=\"\">\u0130L\u0130\u015e\u0130K KESME \u0130\u015e AKI\u015e S\u00dcREC\u0130<\/a><\/span><\/h6><\/li><li><h6><span style=\"color: #333399;\"><a style=\"color: #333399;\" href=\"http:\/\/atauni.edu.tr\/kutuphane-ve-dokumantasyon-daire-baskanligi\/wp-content\/uploads\/sites\/218\/2026\/02\/15415b9f9b28e998a72970276afe264e-2.pdf\" rel=\"noopener noreferrer\" download=\"\">KATALOG TARAMA VE KULLANICI E\u011e\u0130T\u0130M \u0130\u015e AKI\u015eI<\/a><\/span><\/h6><\/li><li><h6><span style=\"color: #333399;\"><a style=\"color: #333399;\" href=\"http:\/\/atauni.edu.tr\/kutuphane-ve-dokumantasyon-daire-baskanligi\/wp-content\/uploads\/sites\/218\/2026\/02\/3ef26d8bb8b08b7a40f155fcf6b50659-1.pdf\" rel=\"noopener\">KATALOGLAMA ve SINIFLANDIRMA \u0130\u015e AKI\u015e S\u00dcREC\u0130.docx<\/a><\/span><\/h6><\/li><li><h6><span style=\"color: #333399;\"><a style=\"color: #333399;\" href=\"http:\/\/atauni.edu.tr\/kutuphane-ve-dokumantasyon-daire-baskanligi\/wp-content\/uploads\/sites\/218\/2026\/02\/594414c667d5446383e0ac04b181baa9-1-1.pdf\" rel=\"noopener noreferrer\" download=\"\">K\u00dcT\u00dcPHANELER \u0130\u015eB\u0130RL\u0130\u011e\u0130 VE BELGE SA\u011eLAMA \u0130\u015e AKI\u015e S\u00dcREC\u0130<\/a><\/span><\/h6><\/li><li><h6><span style=\"color: #333399;\"><a style=\"color: #333399;\" href=\"http:\/\/atauni.edu.tr\/kutuphane-ve-dokumantasyon-daire-baskanligi\/wp-content\/uploads\/sites\/218\/2026\/02\/c162eb4f665b34d740370c6dff1a1095-1.pdf\" rel=\"noopener noreferrer\" download=\"\">N\u00d6BET H\u0130ZMETLER\u0130 \u0130\u015e AKI\u015e S\u00dcREC\u0130<\/a><\/span><\/h6><\/li><li><h6><a href=\"http:\/\/atauni.edu.tr\/kutuphane-ve-dokumantasyon-daire-baskanligi\/wp-content\/uploads\/sites\/218\/2026\/02\/9b9c1dd3a6620e74a3c00f36bba84865-1.pdf\"><span style=\"color: #333399;\">ONARIM VE C\u0130LTLEME \u0130\u015e AKI\u015e S\u00dcREC\u0130<\/span><\/a><\/h6><\/li><li><h6><span style=\"color: #333399;\"><a style=\"color: #333399;\" href=\"http:\/\/atauni.edu.tr\/kutuphane-ve-dokumantasyon-daire-baskanligi\/wp-content\/uploads\/sites\/218\/2026\/02\/30643acf5def8ea8f4d7a1d8052a6120-1.pdf\" target=\"_blank\" rel=\"noopener\">OTOMASYON \u0130\u015e AKI\u015e S\u00dcREC\u0130<\/a><\/span><\/h6><\/li><li><h6><span style=\"color: #333399;\"><a style=\"color: #333399;\" href=\"http:\/\/atauni.edu.tr\/kutuphane-ve-dokumantasyon-daire-baskanligi\/wp-content\/uploads\/sites\/218\/2026\/02\/ad554b9871df28b830b4b1e31891394e-1-1.pdf\" rel=\"noopener noreferrer\" download=\"\">\u00d6D\u00dcN\u00c7 VERME \u0130\u015e AKI\u015e S\u00dcREC\u0130<\/a><\/span><\/h6><\/li><li><h6><span style=\"color: #333399;\"><a style=\"color: #333399;\" href=\"http:\/\/atauni.edu.tr\/kutuphane-ve-dokumantasyon-daire-baskanligi\/wp-content\/uploads\/sites\/218\/2026\/02\/c11583236283fb0485b039e5acbaf111-1.pdf\" rel=\"noopener noreferrer\" download=\"\">SATIN ALMA A\u00c7IK \u0130HALE \u0130\u015e AKI\u015e S\u00dcREC\u0130<\/a><br \/><\/span><\/h6><\/li><li><h6><span style=\"color: #333399;\"><a style=\"color: #333399;\" href=\"http:\/\/atauni.edu.tr\/kutuphane-ve-dokumantasyon-daire-baskanligi\/wp-content\/uploads\/sites\/218\/2026\/02\/a52ea805501ff225046881fae8675dcd-1.pdf\" rel=\"noopener noreferrer\" download=\"\">EBYS B\u00dcRO \u0130\u015e AKIKI\u015eI<\/a><br \/><\/span><\/h6><\/li><li><h6><span style=\"color: #333399;\"><a style=\"color: #333399;\" href=\"http:\/\/atauni.edu.tr\/kutuphane-ve-dokumantasyon-daire-baskanligi\/wp-content\/uploads\/sites\/218\/2026\/02\/GOREV-TANIMI-ORGANIZASYON-SEMASI-1.pdf\">G\u00d6REV TANIMI ORGAN\u0130ZASYON \u015eEMASI<\/a><\/span><\/h6><\/li><\/ul><p>.<\/p>\t\t\t\t\t\t\t\t<\/div>\n\t\t\t\t<\/div>\n\t\t\t\t\t<\/div>\n\t\t<\/div>\n\t\t\t\t\t<\/div>\n\t\t<\/section>\n\t\t\t\t<\/div>\n\t\t","protected":false},"excerpt":{"rendered":"<p>KAMU \u0130\u00c7 KONTROL REHBER\u0130 ELEKTRON\u0130K KAYNAK KULLANIM E\u011e\u0130T\u0130M \u0130\u015e AKI\u015e S\u00dcREC\u0130 ELEKTRON\u0130K KAYNAK SE\u00c7\u0130M\u0130 VE SA\u011eLAMA \u0130\u015e AKI\u015e S\u00dcREC\u0130 \u0130L\u0130\u015e\u0130K KESME \u0130\u015e AKI\u015e S\u00dcREC\u0130 KATALOG TARAMA VE KULLANICI E\u011e\u0130T\u0130M \u0130\u015e AKI\u015eI KATALOGLAMA ve SINIFLANDIRMA \u0130\u015e AKI\u015e S\u00dcREC\u0130.docx K\u00dcT\u00dcPHANELER \u0130\u015eB\u0130RL\u0130\u011e\u0130 VE BELGE SA\u011eLAMA \u0130\u015e AKI\u015e S\u00dcREC\u0130 N\u00d6BET H\u0130ZMETLER\u0130 \u0130\u015e AKI\u015e S\u00dcREC\u0130 ONARIM VE C\u0130LTLEME \u0130\u015e AKI\u015e [&hellip;]<\/p>\n","protected":false},"author":594,"featured_media":0,"parent":0,"menu_order":0,"comment_status":"closed","ping_status":"closed","template":"","meta":{"footnotes":""},"class_list":["post-6652","page","type-page","status-publish","hentry"],"_links":{"self":[{"href":"http:\/\/atauni.edu.tr\/kutuphane-ve-dokumantasyon-daire-baskanligi\/wp-json\/wp\/v2\/pages\/6652","targetHints":{"allow":["GET"]}}],"collection":[{"href":"http:\/\/atauni.edu.tr\/kutuphane-ve-dokumantasyon-daire-baskanligi\/wp-json\/wp\/v2\/pages"}],"about":[{"href":"http:\/\/atauni.edu.tr\/kutuphane-ve-dokumantasyon-daire-baskanligi\/wp-json\/wp\/v2\/types\/page"}],"author":[{"embeddable":true,"href":"http:\/\/atauni.edu.tr\/kutuphane-ve-dokumantasyon-daire-baskanligi\/wp-json\/wp\/v2\/users\/594"}],"replies":[{"embeddable":true,"href":"http:\/\/atauni.edu.tr\/kutuphane-ve-dokumantasyon-daire-baskanligi\/wp-json\/wp\/v2\/comments?post=6652"}],"version-history":[{"count":16,"href":"http:\/\/atauni.edu.tr\/kutuphane-ve-dokumantasyon-daire-baskanligi\/wp-json\/wp\/v2\/pages\/6652\/revisions"}],"predecessor-version":[{"id":6685,"href":"http:\/\/atauni.edu.tr\/kutuphane-ve-dokumantasyon-daire-baskanligi\/wp-json\/wp\/v2\/pages\/6652\/revisions\/6685"}],"wp:attachment":[{"href":"http:\/\/atauni.edu.tr\/kutuphane-ve-dokumantasyon-daire-baskanligi\/wp-json\/wp\/v2\/media?parent=6652"}],"curies":[{"name":"wp","href":"https:\/\/api.w.org\/{rel}","templated":true}]}}