{"id":5674,"date":"2021-07-13T10:47:12","date_gmt":"2021-07-13T07:47:12","guid":{"rendered":"https:\/\/portaltest.atauni.edu.tr\/muhendislik-fakultesi\/?page_id=5674"},"modified":"2021-08-27T15:18:51","modified_gmt":"2021-08-27T12:18:51","slug":"fakulte-kurulu","status":"publish","type":"page","link":"https:\/\/atauni.edu.tr\/acikogretim-fakultesi\/fakulte-kurulu\/","title":{"rendered":"Fak\u00fclte Kurulu"},"content":{"rendered":"\t\t<div data-elementor-type=\"wp-page\" data-elementor-id=\"5674\" class=\"elementor elementor-5674\" data-elementor-post-type=\"page\">\n\t\t\t\t\t\t<section class=\"elementor-section elementor-top-section elementor-element elementor-element-46c2cb5d elementor-section-boxed elementor-section-height-default elementor-section-height-default\" data-id=\"46c2cb5d\" data-element_type=\"section\">\n\t\t\t\t\t\t<div class=\"elementor-container elementor-column-gap-default\">\n\t\t\t\t\t<div class=\"elementor-column elementor-col-100 elementor-top-column elementor-element elementor-element-299813e7\" data-id=\"299813e7\" data-element_type=\"column\">\n\t\t\t<div class=\"elementor-widget-wrap elementor-element-populated\">\n\t\t\t\t\t\t<div class=\"elementor-element elementor-element-3ec495a9 elementor-widget elementor-widget-heading\" data-id=\"3ec495a9\" data-element_type=\"widget\" data-widget_type=\"heading.default\">\n\t\t\t\t<div class=\"elementor-widget-container\">\n\t\t\t\t\t<h2 class=\"elementor-heading-title elementor-size-default\">Fak\u00fclte Kurulu<\/h2>\t\t\t\t<\/div>\n\t\t\t\t<\/div>\n\t\t\t\t<div class=\"elementor-element elementor-element-2092e3b3 elementor-widget-divider--view-line elementor-widget elementor-widget-divider\" data-id=\"2092e3b3\" data-element_type=\"widget\" data-widget_type=\"divider.default\">\n\t\t\t\t<div class=\"elementor-widget-container\">\n\t\t\t\t\t\t\t<div class=\"elementor-divider\">\n\t\t\t<span class=\"elementor-divider-separator\">\n\t\t\t\t\t\t<\/span>\n\t\t<\/div>\n\t\t\t\t\t\t<\/div>\n\t\t\t\t<\/div>\n\t\t\t\t\t<\/div>\n\t\t<\/div>\n\t\t\t\t\t<\/div>\n\t\t<\/section>\n\t\t\t\t<section class=\"elementor-section elementor-top-section elementor-element elementor-element-7727b5a elementor-section-boxed elementor-section-height-default elementor-section-height-default\" data-id=\"7727b5a\" data-element_type=\"section\">\n\t\t\t\t\t\t<div class=\"elementor-container elementor-column-gap-default\">\n\t\t\t\t\t<div class=\"elementor-column elementor-col-100 elementor-top-column elementor-element elementor-element-590a86b\" data-id=\"590a86b\" data-element_type=\"column\">\n\t\t\t<div class=\"elementor-widget-wrap elementor-element-populated\">\n\t\t\t\t\t\t<div class=\"elementor-element elementor-element-e02a6b9 elementor-widget elementor-widget-text-editor\" data-id=\"e02a6b9\" data-element_type=\"widget\" data-widget_type=\"text-editor.default\">\n\t\t\t\t<div class=\"elementor-widget-container\">\n\t\t\t\t\t\t\t\t\t<p>A\u00e7\u0131k\u00f6\u011fretim Fak\u00fcltesi&#8217;nin akademik ve idari i\u015fleyi\u015fini y\u00f6netmekle g\u00f6revli olan Fak\u00fclte Kurulu, fak\u00fcltenin stratejik kararlar\u0131n\u0131 belirlemek ve uygulamalar\u0131n\u0131 denetlemekle sorumludur.<\/p>\n<p>Fak\u00fclte Kurulunun olu\u015fumu ve g\u00f6rev tan\u0131mlar\u0131 a\u015fa\u011f\u0131daki gibidir:<\/p>\n<ul>\n  <li>Rekt\u00f6r veya g\u00f6revlendirece\u011fi bir rekt\u00f6r yard\u0131mc\u0131s\u0131<\/li>\n  <li>Fak\u00fclte Dekan\u0131<\/li>\n  <li>Fak\u00fcltenin b\u00f6l\u00fcm ba\u015fkanlar\u0131<\/li>\n  <li>Fak\u00fclte Sekreteri<\/li>\n<\/ul>\n<p>Fak\u00fclte Kurulu, en az ayda bir kez toplan\u0131r. Toplant\u0131 g\u00fcndemi Fak\u00fclte Dekanl\u0131\u011f\u0131 taraf\u0131ndan belirlenir ve kurul \u00fcyelerine toplant\u0131 tarihinden en az bir hafta \u00f6nce bildirilir.<\/p>\n<p>Fak\u00fclte Kurulunun g\u00f6rev ve sorumluluklar\u0131 aras\u0131nda a\u015fa\u011f\u0131daki hususlar yer al\u0131r:<\/p>\n<ul>\n  <li>Akademik programlar\u0131n de\u011ferlendirilmesi ve geli\u015ftirilmesi<\/li>\n  <li>\u00d6\u011fretim eleman\u0131 atamalar\u0131 ve Performans de\u011ferlendirmeleri<\/li>\n  <li>B\u00fct\u00e7e planlamas\u0131 ve harcamalar\u0131n denetimi<\/li>\n  <li>Fak\u00fcltenin ara\u015ft\u0131rma ve yay\u0131n faaliyetlerinin desteklenmesi<\/li>\n  <li>\u0130dari ve akademik i\u015fleyi\u015fe ili\u015fkin kararlar al\u0131nmas\u0131<\/li>\n<\/ul>\n<p>Fak\u00fclte Kurulu, kararlar\u0131n\u0131 salt \u00e7o\u011funlukla al\u0131r. Oylar\u0131n e\u015fit olmas\u0131 halinde, ba\u015fkan\u0131n oyu iki oy say\u0131l\u0131r.<\/p>\n<p>Fak\u00fclte Kurulu toplant\u0131lar\u0131n\u0131n tutanaklar\u0131 tutularak Fak\u00fclte Dekanl\u0131\u011f\u0131 taraf\u0131ndan saklan\u0131r.<\/p>\t\t\t\t\t\t\t\t<\/div>\n\t\t\t\t<\/div>\n\t\t\t\t\t<\/div>\n\t\t<\/div>\n\t\t\t\t\t<\/div>\n\t\t<\/section>\n\t\t\t\t<\/div>\n\t\t","protected":false},"excerpt":{"rendered":"<p>Fak\u00fclte Kurulu Fak\u00fcltemizin akademik, idari ve y\u00f6netsel i\u015fleyi\u015fini d\u00fczenleyen en \u00fcst karar organ\u0131 Fak\u00fclte Kuruludur. Bu kurul, fak\u00fcltenin e\u011fitim-\u00f6\u011fretim ve ara\u015ft\u0131rma faaliyetlerini y\u00f6nlendirmekle g\u00f6revlidir. Kurul \u00dcyeleri Fak\u00fclte Kurulu; dekan, dekan yard\u0131mc\u0131lar\u0131, b\u00f6l\u00fcm ba\u015fkanlar\u0131 ve di\u011fer ilgili \u00fcyelerden olu\u015fmaktad\u0131r. Bu \u00fcyeler, akademik ve idari konularda deneyim sahibi ki\u015filer aras\u0131ndan se\u00e7ilir. G\u00f6rev ve Sorumluluklar Fak\u00fclte Kurulunun g\u00f6rev [&hellip;]<\/p>\n","protected":false},"author":1,"featured_media":0,"parent":0,"menu_order":0,"comment_status":"closed","ping_status":"closed","template":"elementor_header_footer","meta":{"footnotes":""},"class_list":["post-5674","page","type-page","status-publish","hentry"],"_links":{"self":[{"href":"https:\/\/atauni.edu.tr\/acikogretim-fakultesi\/wp-json\/wp\/v2\/pages\/5674","targetHints":{"allow":["GET"]}}],"collection":[{"href":"https:\/\/atauni.edu.tr\/acikogretim-fakultesi\/wp-json\/wp\/v2\/pages"}],"about":[{"href":"https:\/\/atauni.edu.tr\/acikogretim-fakultesi\/wp-json\/wp\/v2\/types\/page"}],"author":[{"embeddable":true,"href":"https:\/\/atauni.edu.tr\/acikogretim-fakultesi\/wp-json\/wp\/v2\/users\/1"}],"replies":[{"embeddable":true,"href":"https:\/\/atauni.edu.tr\/acikogretim-fakultesi\/wp-json\/wp\/v2\/comments?post=5674"}],"version-history":[{"count":14,"href":"https:\/\/atauni.edu.tr\/acikogretim-fakultesi\/wp-json\/wp\/v2\/pages\/5674\/revisions"}],"predecessor-version":[{"id":6386,"href":"https:\/\/atauni.edu.tr\/acikogretim-fakultesi\/wp-json\/wp\/v2\/pages\/5674\/revisions\/6386"}],"wp:attachment":[{"href":"https:\/\/atauni.edu.tr\/acikogretim-fakultesi\/wp-json\/wp\/v2\/media?parent=5674"}],"curies":[{"name":"wp","href":"https:\/\/api.w.org\/{rel}","templated":true}]}}