{"id":5691,"date":"2021-07-13T10:56:29","date_gmt":"2021-07-13T07:56:29","guid":{"rendered":"https:\/\/portaltest.atauni.edu.tr\/muhendislik-fakultesi\/?page_id=5691"},"modified":"2021-08-27T15:19:13","modified_gmt":"2021-08-27T12:19:13","slug":"yonetim-kurulu","status":"publish","type":"page","link":"https:\/\/atauni.edu.tr\/acikogretim-fakultesi\/yonetim-kurulu\/","title":{"rendered":"Y\u00f6netim Kurulu"},"content":{"rendered":"\t\t<div data-elementor-type=\"wp-page\" data-elementor-id=\"5691\" class=\"elementor elementor-5691\" data-elementor-post-type=\"page\">\n\t\t\t\t\t\t<section class=\"elementor-section elementor-top-section elementor-element elementor-element-46c2cb5d elementor-section-boxed elementor-section-height-default elementor-section-height-default\" data-id=\"46c2cb5d\" data-element_type=\"section\">\n\t\t\t\t\t\t<div class=\"elementor-container elementor-column-gap-default\">\n\t\t\t\t\t<div class=\"elementor-column elementor-col-100 elementor-top-column elementor-element elementor-element-299813e7\" data-id=\"299813e7\" data-element_type=\"column\">\n\t\t\t<div class=\"elementor-widget-wrap elementor-element-populated\">\n\t\t\t\t\t\t<div class=\"elementor-element elementor-element-3ec495a9 elementor-widget elementor-widget-heading\" data-id=\"3ec495a9\" data-element_type=\"widget\" data-widget_type=\"heading.default\">\n\t\t\t\t<div class=\"elementor-widget-container\">\n\t\t\t\t\t<h2 class=\"elementor-heading-title elementor-size-default\">Y\u00f6netim Kurulu<\/h2>\t\t\t\t<\/div>\n\t\t\t\t<\/div>\n\t\t\t\t<div class=\"elementor-element elementor-element-2092e3b3 elementor-widget-divider--view-line elementor-widget elementor-widget-divider\" data-id=\"2092e3b3\" data-element_type=\"widget\" data-widget_type=\"divider.default\">\n\t\t\t\t<div class=\"elementor-widget-container\">\n\t\t\t\t\t\t\t<div class=\"elementor-divider\">\n\t\t\t<span class=\"elementor-divider-separator\">\n\t\t\t\t\t\t<\/span>\n\t\t<\/div>\n\t\t\t\t\t\t<\/div>\n\t\t\t\t<\/div>\n\t\t\t\t\t<\/div>\n\t\t<\/div>\n\t\t\t\t\t<\/div>\n\t\t<\/section>\n\t\t\t\t<section class=\"elementor-section elementor-top-section elementor-element elementor-element-e5dfdc3 elementor-section-boxed elementor-section-height-default elementor-section-height-default\" data-id=\"e5dfdc3\" data-element_type=\"section\">\n\t\t\t\t\t\t<div class=\"elementor-container elementor-column-gap-default\">\n\t\t\t\t\t<div class=\"elementor-column elementor-col-100 elementor-top-column elementor-element elementor-element-0e7cb33\" data-id=\"0e7cb33\" data-element_type=\"column\">\n\t\t\t<div class=\"elementor-widget-wrap elementor-element-populated\">\n\t\t\t\t\t\t<div class=\"elementor-element elementor-element-e23f401 elementor-widget elementor-widget-text-editor\" data-id=\"e23f401\" data-element_type=\"widget\" data-widget_type=\"text-editor.default\">\n\t\t\t\t<div class=\"elementor-widget-container\">\n\t\t\t\t\t\t\t\t\t<h1>Y\u00f6netim Kurulu<\/h1>\n<p>A\u00e7\u0131k\u00f6\u011fretim Fak\u00fcltesi&#8217;nin y\u00f6netim yap\u0131s\u0131n\u0131 olu\u015fturan Y\u00f6netim Kurulu, kurumun akademik ve idari i\u015fleyi\u015fini belirleyen en \u00fcst d\u00fczey organlardan biridir. Bu kurul, fak\u00fcltenin stratejik hedeflerini belirlemek, e\u011fitim-\u00f6\u011fretim faaliyetlerini y\u00f6nlendirmek ve kurumun genel politikalar\u0131n\u0131 \u015fekillendirmekle sorumludur.<\/p>\n<p>Y\u00f6netim Kurulu, A\u00e7\u0131k\u00f6\u011fretim Fak\u00fcltesi&#8217;nin misyon ve vizyonuna uygun olarak hareket ederek, y\u00fcksek \u00f6\u011frenimin kalitesini art\u0131rmaya y\u00f6nelik kararlar al\u0131r. Kurul, ayn\u0131 zamanda akademik programlar\u0131n geli\u015ftirilmesi, \u00f6\u011fretim elemanlar\u0131n\u0131nperformanslar\u0131n\u0131n de\u011ferlendirilmesi ve \u00f6\u011frenci hizmetlerinin iyile\u015ftirilmesine ili\u015fkin konularda da \u00f6nemli roller \u00fcstlenir.<\/p>\n<p>Y\u00f6netim Kurulu toplant\u0131lar\u0131 d\u00fczenli olarak yap\u0131l\u0131r ve bu toplant\u0131larda al\u0131nan kararlar, A\u00e7\u0131k\u00f6\u011fretim Fak\u00fcltesi&#8217;nin entire i\u015fleyi\u015fini etkileyen kritik \u00f6nemdedir. Kurulun \u00fcyeleri, akademik ve idari tecr\u00fcbeye sahip ki\u015filerden olu\u015fur ve \u00fcyelerin g\u00f6rev s\u00fcreleri kurumun i\u00e7 d\u00fczenlemelerine g\u00f6re belirlenir.<\/p>\n<p>Y\u00f6netim Kurulu, karar alma s\u00fcrecinde \u015feffafl\u0131k ve hesap verilebilirlik ilkelerini g\u00f6z \u00f6n\u00fcnde bulundurur. Bu sayede, A\u00e7\u0131k\u00f6\u011fretim Fak\u00fcltesi&#8217;nin i\u015fleyi\u015finin kamuoyu taraf\u0131ndan anla\u015f\u0131l\u0131r ve takip edilebilir olmas\u0131 sa\u011flan\u0131r. Ayr\u0131ca, kurulun faaliyetleri hakk\u0131nda d\u00fczenli olarak raporlar haz\u0131rlan\u0131r ve bu raporlar gerekli mercilere sunulur.<\/p>\n<p>Sonu\u00e7 olarak, Y\u00f6netim Kurulu, A\u00e7\u0131k\u00f6\u011fretim Fak\u00fcltesi&#8217;nin etkili ve verimli bir \u015fekilde y\u00f6netilmesine b\u00fcy\u00fck katk\u0131 sa\u011flar. Kurulun kararlar\u0131, kurumun gelece\u011fini \u015fekillendirmenin yan\u0131 s\u0131ra, \u00f6\u011frencilerin ve \u00f6\u011fretim elemanlar\u0131n\u0131n \u00e7\u0131karlar\u0131n\u0131 da g\u00f6zeterek al\u0131n\u0131r.<\/p>\t\t\t\t\t\t\t\t<\/div>\n\t\t\t\t<\/div>\n\t\t\t\t\t<\/div>\n\t\t<\/div>\n\t\t\t\t\t<\/div>\n\t\t<\/section>\n\t\t\t\t<\/div>\n\t\t","protected":false},"excerpt":{"rendered":"<p>Y\u00d6NET\u0130M KURULU A\u00e7\u0131k\u00f6\u011fretim Fak\u00fcltesi&#8217;nin y\u00f6netim yap\u0131s\u0131, akademik ve idari konularda karar alma s\u00fcre\u00e7lerini belirlemektedir. Y\u00f6netim Kurulu, fak\u00fcltenin stratejik hedeflerini belirleme, akademik programlar\u0131 geli\u015ftirme, ara\u015ft\u0131rma faaliyetlerini y\u00f6nlendirme ve \u00f6\u011frenci destek hizmetleri gibi \u00f6nemli g\u00f6revleri \u00fcstlenmektedir. Y\u00f6netim Kurulu \u00dcyeleri &#8212;&#8212;&#8212;&#8212;&#8212;&#8212;&#8212;&#8212; * Dekan: Fak\u00fcltenin en \u00fcst y\u00f6neticisi olarak, y\u00f6netim kurulunun ba\u015fkanl\u0131\u011f\u0131n\u0131 yapar. * Dekan Yard\u0131mc\u0131lar\u0131: Akademik ve idari [&hellip;]<\/p>\n","protected":false},"author":1,"featured_media":0,"parent":0,"menu_order":0,"comment_status":"closed","ping_status":"closed","template":"elementor_header_footer","meta":{"footnotes":""},"class_list":["post-5691","page","type-page","status-publish","hentry"],"_links":{"self":[{"href":"https:\/\/atauni.edu.tr\/acikogretim-fakultesi\/wp-json\/wp\/v2\/pages\/5691","targetHints":{"allow":["GET"]}}],"collection":[{"href":"https:\/\/atauni.edu.tr\/acikogretim-fakultesi\/wp-json\/wp\/v2\/pages"}],"about":[{"href":"https:\/\/atauni.edu.tr\/acikogretim-fakultesi\/wp-json\/wp\/v2\/types\/page"}],"author":[{"embeddable":true,"href":"https:\/\/atauni.edu.tr\/acikogretim-fakultesi\/wp-json\/wp\/v2\/users\/1"}],"replies":[{"embeddable":true,"href":"https:\/\/atauni.edu.tr\/acikogretim-fakultesi\/wp-json\/wp\/v2\/comments?post=5691"}],"version-history":[{"count":17,"href":"https:\/\/atauni.edu.tr\/acikogretim-fakultesi\/wp-json\/wp\/v2\/pages\/5691\/revisions"}],"predecessor-version":[{"id":6392,"href":"https:\/\/atauni.edu.tr\/acikogretim-fakultesi\/wp-json\/wp\/v2\/pages\/5691\/revisions\/6392"}],"wp:attachment":[{"href":"https:\/\/atauni.edu.tr\/acikogretim-fakultesi\/wp-json\/wp\/v2\/media?parent=5691"}],"curies":[{"name":"wp","href":"https:\/\/api.w.org\/{rel}","templated":true}]}}