{"id":5717,"date":"2021-07-13T11:26:14","date_gmt":"2021-07-13T08:26:14","guid":{"rendered":"https:\/\/portaltest.atauni.edu.tr\/muhendislik-fakultesi\/?page_id=5717"},"modified":"2021-08-27T15:19:11","modified_gmt":"2021-08-27T12:19:11","slug":"komisyonlar","status":"publish","type":"page","link":"https:\/\/atauni.edu.tr\/acikogretim-fakultesi\/komisyonlar\/","title":{"rendered":"Komisyonlar"},"content":{"rendered":"\t\t<div data-elementor-type=\"wp-page\" data-elementor-id=\"5717\" class=\"elementor elementor-5717\" data-elementor-post-type=\"page\">\n\t\t\t\t\t\t<section class=\"elementor-section elementor-top-section elementor-element elementor-element-46c2cb5d elementor-section-boxed elementor-section-height-default elementor-section-height-default\" data-id=\"46c2cb5d\" data-element_type=\"section\">\n\t\t\t\t\t\t<div class=\"elementor-container elementor-column-gap-default\">\n\t\t\t\t\t<div class=\"elementor-column elementor-col-100 elementor-top-column elementor-element elementor-element-299813e7\" data-id=\"299813e7\" data-element_type=\"column\">\n\t\t\t<div class=\"elementor-widget-wrap elementor-element-populated\">\n\t\t\t\t\t\t<div class=\"elementor-element elementor-element-3ec495a9 elementor-widget elementor-widget-heading\" data-id=\"3ec495a9\" data-element_type=\"widget\" data-widget_type=\"heading.default\">\n\t\t\t\t<div class=\"elementor-widget-container\">\n\t\t\t\t\t<h2 class=\"elementor-heading-title elementor-size-default\">KOM\u0130SYONLAR<\/h2>\t\t\t\t<\/div>\n\t\t\t\t<\/div>\n\t\t\t\t<div class=\"elementor-element elementor-element-2092e3b3 elementor-widget-divider--view-line elementor-widget elementor-widget-divider\" data-id=\"2092e3b3\" data-element_type=\"widget\" data-widget_type=\"divider.default\">\n\t\t\t\t<div class=\"elementor-widget-container\">\n\t\t\t\t\t\t\t<div class=\"elementor-divider\">\n\t\t\t<span class=\"elementor-divider-separator\">\n\t\t\t\t\t\t<\/span>\n\t\t<\/div>\n\t\t\t\t\t\t<\/div>\n\t\t\t\t<\/div>\n\t\t\t\t\t<\/div>\n\t\t<\/div>\n\t\t\t\t\t<\/div>\n\t\t<\/section>\n\t\t\t\t<section class=\"elementor-section elementor-top-section elementor-element elementor-element-658ec73 elementor-section-boxed elementor-section-height-default elementor-section-height-default\" data-id=\"658ec73\" data-element_type=\"section\">\n\t\t\t\t\t\t<div class=\"elementor-container elementor-column-gap-default\">\n\t\t\t\t\t<div class=\"elementor-column elementor-col-100 elementor-top-column elementor-element elementor-element-6513a20\" data-id=\"6513a20\" data-element_type=\"column\">\n\t\t\t<div class=\"elementor-widget-wrap elementor-element-populated\">\n\t\t\t\t\t\t<div class=\"elementor-element elementor-element-ae6a295 elementor-widget elementor-widget-text-editor\" data-id=\"ae6a295\" data-element_type=\"widget\" data-widget_type=\"text-editor.default\">\n\t\t\t\t<div class=\"elementor-widget-container\">\n\t\t\t\t\t\t\t\t\t<p>A\u00e7\u0131k\u00f6\u011fretim Fak\u00fcltesi b\u00fcnyesinde \u00e7e\u015fitli akademik ve idari konularda karar almak, ara\u015ft\u0131rma yapmak ve g\u00f6revleri yerine getirmek amac\u0131yla komisyonlar olu\u015fturulur. Bu komisyonlar fak\u00fcltenin akademik ve idari hayat\u0131nda \u00f6nemli roller \u00fcstlenir.<\/p>\n<p>\u00d6rne\u011fin, Akademik De\u011ferlendirme Komisyonu \u00f6\u011frencilerin akademik performans\u0131n\u0131 de\u011ferlendirmekle sorumludur. Ayn\u0131 zamanda \u00d6\u011frenci \u0130\u015fleri Komisyonu, \u00f6\u011frencilere ili\u015fkin i\u015f ve i\u015flemlerin y\u00fcr\u00fct\u00fclmesini sa\u011flar. Ayr\u0131ca E\u011fitim-\u00d6\u011fretim Komisyonu e\u011fitim programlar\u0131n\u0131n geli\u015ftirilmesi ve uygulanmas\u0131 ile ilgili konulara odaklan\u0131r.<\/p>\n<p>Bunun yan\u0131nda, Ara\u015ft\u0131rma ve Yay\u0131n Komisyonu akademik ara\u015ft\u0131rmalar\u0131n desteklenmesi ve yay\u0131nlar\u0131n y\u00f6netimi ile ilgilenir. Sosyal Aktiviteler Komisyonu ise \u00f6\u011frencilerin sosyal ve k\u00fclt\u00fcrel geli\u015fimini te\u015fvik eden etkinliklerin organizasyonunu \u00fcstlenir.<\/p>\n<p>\u0130leti\u015fim ve Tan\u0131t\u0131m Komisyonu, fak\u00fcltenin i\u00e7 ve d\u0131\u015f ileti\u015fim faaliyetlerini y\u00f6netir ve tan\u0131t\u0131m \u00e7al\u0131\u015fmalar\u0131n\u0131 ger\u00e7ekle\u015ftirir. Disiplin Kurulu ise \u00f6\u011frencilerin disiplin i\u015f ve i\u015flemlerini de\u011ferlendirerek gerekli kararlar\u0131 al\u0131r.<\/p>\n<p>Bu komisyonlar, A\u00e7\u0131k\u00f6\u011fretim Fak\u00fcltesi&#8217;nin etkili ve verimli bir \u015fekilde \u00e7al\u0131\u015fmas\u0131n\u0131 sa\u011flamak i\u00e7in kritik \u00f6neme sahiptir. Her biri farkl\u0131 alanlarda uzmanla\u015fm\u0131\u015f \u00fcyelerden olu\u015fur ve fak\u00fcltenin genel hedeflerine ula\u015fmas\u0131na katk\u0131da bulunur.<\/p>\t\t\t\t\t\t\t\t<\/div>\n\t\t\t\t<\/div>\n\t\t\t\t\t<\/div>\n\t\t<\/div>\n\t\t\t\t\t<\/div>\n\t\t<\/section>\n\t\t\t\t<\/div>\n\t\t","protected":false},"excerpt":{"rendered":"<p>A\u00e7\u0131k\u00f6\u011fretim Fak\u00fcltesi Komisyonlar\u0131 ===================================== A\u00e7\u0131k\u00f6\u011fretim Fak\u00fcltesi, akademik ve idari i\u015fleyi\u015fini \u00e7e\u015fitli komisyonlar\u0131n deste\u011fiyle y\u00fcr\u00fct\u00fcr. Bu komisyonlar, fak\u00fcltenin ama\u00e7lar\u0131na ula\u015fmas\u0131na katk\u0131da bulunmak amac\u0131yla kurulmu\u015f olup, her biri farkl\u0131 alanlarda g\u00f6rev \u00fcstlenmektedir. ### Akademik Komisyon Akademik Komisyon, A\u00e7\u0131k\u00f6\u011fretim Fak\u00fcltesi&#8217;nin akademik konular\u0131yla ilgilenen komisyondur. Bu komisyonun temel g\u00f6revi, fak\u00fcltenin akademik standartlar\u0131n\u0131 korumak ve geli\u015ftirmektir. Akademik programlar\u0131n de\u011ferlendirilmesi, yeni [&hellip;]<\/p>\n","protected":false},"author":1,"featured_media":0,"parent":0,"menu_order":0,"comment_status":"closed","ping_status":"closed","template":"elementor_header_footer","meta":{"footnotes":""},"class_list":["post-5717","page","type-page","status-publish","hentry"],"_links":{"self":[{"href":"https:\/\/atauni.edu.tr\/acikogretim-fakultesi\/wp-json\/wp\/v2\/pages\/5717","targetHints":{"allow":["GET"]}}],"collection":[{"href":"https:\/\/atauni.edu.tr\/acikogretim-fakultesi\/wp-json\/wp\/v2\/pages"}],"about":[{"href":"https:\/\/atauni.edu.tr\/acikogretim-fakultesi\/wp-json\/wp\/v2\/types\/page"}],"author":[{"embeddable":true,"href":"https:\/\/atauni.edu.tr\/acikogretim-fakultesi\/wp-json\/wp\/v2\/users\/1"}],"replies":[{"embeddable":true,"href":"https:\/\/atauni.edu.tr\/acikogretim-fakultesi\/wp-json\/wp\/v2\/comments?post=5717"}],"version-history":[{"count":29,"href":"https:\/\/atauni.edu.tr\/acikogretim-fakultesi\/wp-json\/wp\/v2\/pages\/5717\/revisions"}],"predecessor-version":[{"id":6389,"href":"https:\/\/atauni.edu.tr\/acikogretim-fakultesi\/wp-json\/wp\/v2\/pages\/5717\/revisions\/6389"}],"wp:attachment":[{"href":"https:\/\/atauni.edu.tr\/acikogretim-fakultesi\/wp-json\/wp\/v2\/media?parent=5717"}],"curies":[{"name":"wp","href":"https:\/\/api.w.org\/{rel}","templated":true}]}}