{"id":5743,"date":"2021-07-13T11:47:21","date_gmt":"2021-07-13T08:47:21","guid":{"rendered":"https:\/\/portaltest.atauni.edu.tr\/muhendislik-fakultesi\/?page_id=5743"},"modified":"2021-09-13T10:14:12","modified_gmt":"2021-09-13T07:14:12","slug":"misyon-vizyon-ve-temel-degerler","status":"publish","type":"page","link":"https:\/\/atauni.edu.tr\/acikogretim-fakultesi\/misyon-vizyon-ve-temel-degerler\/","title":{"rendered":"Misyon, Vizyon ve Temel De\u011ferler"},"content":{"rendered":"\t\t<div data-elementor-type=\"wp-page\" data-elementor-id=\"5743\" class=\"elementor elementor-5743\" data-elementor-post-type=\"page\">\n\t\t\t\t\t\t<section class=\"elementor-section elementor-top-section elementor-element elementor-element-46c2cb5d elementor-section-boxed elementor-section-height-default elementor-section-height-default\" data-id=\"46c2cb5d\" data-element_type=\"section\">\n\t\t\t\t\t\t<div class=\"elementor-container elementor-column-gap-default\">\n\t\t\t\t\t<div class=\"elementor-column elementor-col-100 elementor-top-column elementor-element elementor-element-299813e7\" data-id=\"299813e7\" data-element_type=\"column\">\n\t\t\t<div class=\"elementor-widget-wrap elementor-element-populated\">\n\t\t\t\t\t\t<div class=\"elementor-element elementor-element-3ec495a9 elementor-widget elementor-widget-heading\" data-id=\"3ec495a9\" data-element_type=\"widget\" data-widget_type=\"heading.default\">\n\t\t\t\t<div class=\"elementor-widget-container\">\n\t\t\t\t\t<h2 class=\"elementor-heading-title elementor-size-default\">Misyon, Vizyon ve Temel De\u011ferler<\/h2>\t\t\t\t<\/div>\n\t\t\t\t<\/div>\n\t\t\t\t<div class=\"elementor-element elementor-element-2092e3b3 elementor-widget-divider--view-line elementor-widget elementor-widget-divider\" data-id=\"2092e3b3\" data-element_type=\"widget\" data-widget_type=\"divider.default\">\n\t\t\t\t<div class=\"elementor-widget-container\">\n\t\t\t\t\t\t\t<div class=\"elementor-divider\">\n\t\t\t<span class=\"elementor-divider-separator\">\n\t\t\t\t\t\t<\/span>\n\t\t<\/div>\n\t\t\t\t\t\t<\/div>\n\t\t\t\t<\/div>\n\t\t\t\t\t<\/div>\n\t\t<\/div>\n\t\t\t\t\t<\/div>\n\t\t<\/section>\n\t\t\t\t<section class=\"elementor-section elementor-top-section elementor-element elementor-element-d76d987 elementor-section-boxed elementor-section-height-default elementor-section-height-default\" data-id=\"d76d987\" data-element_type=\"section\">\n\t\t\t\t\t\t<div class=\"elementor-container elementor-column-gap-default\">\n\t\t\t\t\t<div class=\"elementor-column elementor-col-100 elementor-top-column elementor-element elementor-element-acd741f\" data-id=\"acd741f\" data-element_type=\"column\">\n\t\t\t<div class=\"elementor-widget-wrap elementor-element-populated\">\n\t\t\t\t\t\t<div class=\"elementor-element elementor-element-dd538b4 elementor-widget elementor-widget-text-editor\" data-id=\"dd538b4\" data-element_type=\"widget\" data-widget_type=\"text-editor.default\">\n\t\t\t\t<div class=\"elementor-widget-container\">\n\t\t\t\t\t\t\t\t\t<p>A\u00e7\u0131k\u00f6\u011fretim Fak\u00fcltesi, toplumun her kesimine ula\u015fan, geni\u015f kapsaml\u0131 ve herkese a\u00e7\u0131k bir e\u011fitim anlay\u0131\u015f\u0131n\u0131 benimsemektedir. Misyonumuz, bireylerin kendilerini geli\u015ftirmelerine ve topluma katk\u0131da bulunmalar\u0131na olanak tan\u0131yan kaliteli ve eri\u015filebilir bir e\u011fitim sunmakt\u0131r.<\/p>\n<p>Vizyonumuz, teknolojik geli\u015fmeleri takip eden, yenilik\u00e7i ve s\u00fcrekli \u00f6\u011frenen bir kurum olmak ve a\u00e7\u0131k\u00f6\u011fretim alan\u0131ndaki liderli\u011fimizi s\u00fcrd\u00fcrmektir. Ayn\u0131 zamanda, \u00f6\u011frencilerimizin gelece\u011fe d\u00f6n\u00fck beceriler kazanmalar\u0131na yard\u0131mc\u0131 olarak, onlara ba\u015far\u0131l\u0131 ve mutlu bir ya\u015fam i\u00e7in gerekli ara\u00e7lar\u0131 sa\u011flamay\u0131 hedefliyoruz.<\/p>\n<p>Temel de\u011ferlerimiz aras\u0131nda, \u015feffafl\u0131k, hesap verebilirlik, sayg\u0131, adalet ve s\u00fcrekli \u00f6\u011frenme bulunmaktad\u0131r. \u00d6\u011frenci merkezli bir yakla\u015f\u0131m\u0131 benimseyerek, her bir \u00f6\u011frencinin benzersiz ihtiya\u00e7lar\u0131na cevap vermeyi ama\u00e7l\u0131yoruz. Ayr\u0131ca, topluma kar\u015f\u0131 sorumluluk bilinciyle hareket ederek, toplumsal kalk\u0131nmaya katk\u0131da bulunmay\u0131 \u00f6nemsiyoruz.<\/p>\n<p>A\u00e7\u0131k\u00f6\u011fretim Fak\u00fcltesi olarak, e\u011fitimde f\u0131rsat e\u015fitli\u011fini savunuyor ve herkesin y\u00fcksek kaliteli bir \u00f6\u011frenim deneyimine eri\u015fmesini sa\u011flamay\u0131 ama\u00e7l\u0131yoruz. \u00d6\u011frencilerimizin akademik ba\u015far\u0131lar\u0131n\u0131n yan\u0131 s\u0131ra ki\u015fisel geli\u015fimlerine de \u00f6nem vererek, onlar\u0131 gelece\u011fin liderleri ve sorumluluk sahibi bireyleri olarak yeti\u015ftirmeyi hedefliyoruz.<\/p>\t\t\t\t\t\t\t\t<\/div>\n\t\t\t\t<\/div>\n\t\t\t\t\t<\/div>\n\t\t<\/div>\n\t\t\t\t\t<\/div>\n\t\t<\/section>\n\t\t\t\t<\/div>\n\t\t","protected":false},"excerpt":{"rendered":"<p>**Misyon, Vizyon ve Temel De\u011ferler** A\u00e7\u0131k\u00f6\u011fretim Fak\u00fcltesi olarak, \u00f6\u011frencilerimize kaliteli ve eri\u015filebilir e\u011fitim sunarken, toplumun ihtiya\u00e7lar\u0131n\u0131 kar\u015f\u0131layacak \u015fekilde yeti\u015ftiriyoruz. Misyonumuz, vizyonumuz ve temel de\u011ferlerimiz, e\u011fitim faaliyetlerimizi y\u00f6nlendiren esaslar\u0131 olu\u015fturur. **Misyonumuz:** A\u00e7\u0131k\u00f6\u011fretim Fak\u00fcltesi olarak misyonumuz, \u00f6\u011frencilerimize y\u00fcksek kaliteli, esnek ve eri\u015filebilir bir \u015fekilde e\u011fitim sunarak, onlar\u0131n ki\u015fisel ve mesleki geli\u015fimine katk\u0131da bulunmakt\u0131r. Toplumun ihtiya\u00e7 duydu\u011fu alan\u0131nda [&hellip;]<\/p>\n","protected":false},"author":1,"featured_media":0,"parent":0,"menu_order":0,"comment_status":"closed","ping_status":"closed","template":"elementor_header_footer","meta":{"footnotes":""},"class_list":["post-5743","page","type-page","status-publish","hentry"],"_links":{"self":[{"href":"https:\/\/atauni.edu.tr\/acikogretim-fakultesi\/wp-json\/wp\/v2\/pages\/5743","targetHints":{"allow":["GET"]}}],"collection":[{"href":"https:\/\/atauni.edu.tr\/acikogretim-fakultesi\/wp-json\/wp\/v2\/pages"}],"about":[{"href":"https:\/\/atauni.edu.tr\/acikogretim-fakultesi\/wp-json\/wp\/v2\/types\/page"}],"author":[{"embeddable":true,"href":"https:\/\/atauni.edu.tr\/acikogretim-fakultesi\/wp-json\/wp\/v2\/users\/1"}],"replies":[{"embeddable":true,"href":"https:\/\/atauni.edu.tr\/acikogretim-fakultesi\/wp-json\/wp\/v2\/comments?post=5743"}],"version-history":[{"count":11,"href":"https:\/\/atauni.edu.tr\/acikogretim-fakultesi\/wp-json\/wp\/v2\/pages\/5743\/revisions"}],"predecessor-version":[{"id":6541,"href":"https:\/\/atauni.edu.tr\/acikogretim-fakultesi\/wp-json\/wp\/v2\/pages\/5743\/revisions\/6541"}],"wp:attachment":[{"href":"https:\/\/atauni.edu.tr\/acikogretim-fakultesi\/wp-json\/wp\/v2\/media?parent=5743"}],"curies":[{"name":"wp","href":"https:\/\/api.w.org\/{rel}","templated":true}]}}