{"id":5774,"date":"2021-07-13T13:54:52","date_gmt":"2021-07-13T10:54:52","guid":{"rendered":"https:\/\/portaltest.atauni.edu.tr\/muhendislik-fakultesi\/?page_id=5774"},"modified":"2021-09-13T10:17:32","modified_gmt":"2021-09-13T07:17:32","slug":"tarihce","status":"publish","type":"page","link":"https:\/\/atauni.edu.tr\/acikogretim-fakultesi\/tarihce\/","title":{"rendered":"Tarih\u00e7e"},"content":{"rendered":"\t\t<div data-elementor-type=\"wp-page\" data-elementor-id=\"5774\" class=\"elementor elementor-5774\" data-elementor-post-type=\"page\">\n\t\t\t\t\t\t<section class=\"elementor-section elementor-top-section elementor-element elementor-element-46c2cb5d elementor-section-boxed elementor-section-height-default elementor-section-height-default\" data-id=\"46c2cb5d\" data-element_type=\"section\">\n\t\t\t\t\t\t<div class=\"elementor-container elementor-column-gap-default\">\n\t\t\t\t\t<div class=\"elementor-column elementor-col-100 elementor-top-column elementor-element elementor-element-299813e7\" data-id=\"299813e7\" data-element_type=\"column\">\n\t\t\t<div class=\"elementor-widget-wrap elementor-element-populated\">\n\t\t\t\t\t\t<div class=\"elementor-element elementor-element-3ec495a9 elementor-widget elementor-widget-heading\" data-id=\"3ec495a9\" data-element_type=\"widget\" data-widget_type=\"heading.default\">\n\t\t\t\t<div class=\"elementor-widget-container\">\n\t\t\t\t\t<h2 class=\"elementor-heading-title elementor-size-default\">Tarih\u00e7e<\/h2>\t\t\t\t<\/div>\n\t\t\t\t<\/div>\n\t\t\t\t<div class=\"elementor-element elementor-element-2092e3b3 elementor-widget-divider--view-line elementor-widget elementor-widget-divider\" data-id=\"2092e3b3\" data-element_type=\"widget\" data-widget_type=\"divider.default\">\n\t\t\t\t<div class=\"elementor-widget-container\">\n\t\t\t\t\t\t\t<div class=\"elementor-divider\">\n\t\t\t<span class=\"elementor-divider-separator\">\n\t\t\t\t\t\t<\/span>\n\t\t<\/div>\n\t\t\t\t\t\t<\/div>\n\t\t\t\t<\/div>\n\t\t\t\t\t<\/div>\n\t\t<\/div>\n\t\t\t\t\t<\/div>\n\t\t<\/section>\n\t\t\t\t<section class=\"elementor-section elementor-top-section elementor-element elementor-element-a00ea8d elementor-section-boxed elementor-section-height-default elementor-section-height-default\" data-id=\"a00ea8d\" data-element_type=\"section\">\n\t\t\t\t\t\t<div class=\"elementor-container elementor-column-gap-default\">\n\t\t\t\t\t<div class=\"elementor-column elementor-col-100 elementor-top-column elementor-element elementor-element-0ad1be4\" data-id=\"0ad1be4\" data-element_type=\"column\">\n\t\t\t<div class=\"elementor-widget-wrap elementor-element-populated\">\n\t\t\t\t\t\t<div class=\"elementor-element elementor-element-c133bed elementor-widget elementor-widget-text-editor\" data-id=\"c133bed\" data-element_type=\"widget\" data-widget_type=\"text-editor.default\">\n\t\t\t\t<div class=\"elementor-widget-container\">\n\t\t\t\t\t\t\t\t\t<p>A\u00e7\u0131k\u00f6\u011fretim Fak\u00fcltesi, T\u00fcrkiye&#8217;de a\u00e7\u0131k ve uzaktan e\u011fitim yoluyla y\u00fcksek \u00f6\u011frenim sunan bir kurumdur. Fak\u00fcltenin tarihi, 1980&#8217;li y\u0131llara kadar uzanmaktad\u0131r.<\/p>\n<p>Fak\u00fclte, ilk olarak Ankara \u00dcniversitesi b\u00fcnyesinde &#8220;A\u00e7\u0131k \u00d6\u011fretim Fak\u00fcltesi&#8221; ad\u0131yla kurulmu\u015f ve e\u011fitim-\u00f6\u011fretime ba\u015flam\u0131\u015ft\u0131r. Daha sonra, \u00e7e\u015fitli yasal d\u00fczenlemelerle birlikte yap\u0131sal de\u011fi\u015fikliklere u\u011fram\u0131\u015f ve g\u00fcn\u00fcm\u00fczdeki yap\u0131s\u0131na kavu\u015fmu\u015ftur.<\/p>\n<p>A\u00e7\u0131k\u00f6\u011fretim Fak\u00fcltesi, y\u00fcksek \u00f6\u011frenim alan\u0131nda \u00f6nemli bir role sahiptir.\u5c24llar\u0131 boyunca y\u00fczbinlerce \u00f6\u011frenciye e\u011fitim vermi\u015f ve bir\u00e7ok mezununu i\u015f d\u00fcnyas\u0131na kazand\u0131rm\u0131\u015ft\u0131r. Fak\u00fcltenin ama\u00e7lar\u0131 aras\u0131nda, \u00f6\u011frencilere esnek ve ula\u015f\u0131labilir bir \u015fekilde y\u00fcksek \u00f6\u011frenim sunmak, onlar\u0131 g\u00fcn\u00fcm\u00fcz\u00fcn bilgi toplumuna haz\u0131rlamak ve \u00fclke genelinde a\u00e7\u0131k ve uzaktan e\u011fitim yoluyla f\u0131rsat e\u015fitli\u011fi sa\u011flamakt\u0131r.<\/p>\n<p>Fak\u00fclte, \u00e7e\u015fitli b\u00f6l\u00fcmlerden olu\u015fmakta ve farkl\u0131 alanlarda lisans ve \u00f6nlisans programlar\u0131 sunmaktad\u0131r. Programlar, \u00f6\u011frencilerin ilgi ve yeteneklerine g\u00f6re tasarlanm\u0131\u015f olup, teorik ve pratik e\u011fitimi bir araya getirmektedir.<\/p>\n<p>A\u00e7\u0131k\u00f6\u011fretim Fak\u00fcltesi, e\u011fitim materyallerini s\u00fcrekli g\u00fcncellemekte ve teknolojiyi kullanarak \u00f6\u011frencilere en iyi \u00f6\u011frenme deneyimini sunmaya \u00e7al\u0131\u015fmaktad\u0131r. Ayr\u0131ca, \u00f6\u011fretim elemanlar\u0131 ve idari personeliyle birlikte, \u00f6\u011frencilerin akademik ba\u015far\u0131s\u0131 ve ki\u015fisel geli\u015fimi i\u00e7in destekleyici bir ortam sa\u011flamaktad\u0131r.<\/p>\n<p>Toplumsal katk\u0131da bulunmak ve e\u011fitimde f\u0131rsat e\u015fitli\u011fini te\u015fvik etmek amac\u0131yla faaliyet g\u00f6steren A\u00e7\u0131k\u00f6\u011fretim Fak\u00fcltesi, T\u00fcrkiye&#8217;de a\u00e7\u0131k ve uzaktan \u00f6\u011frenim alan\u0131nda \u00f6nemli bir kurum olarak varl\u0131k g\u00f6stermektedir.<\/p>\t\t\t\t\t\t\t\t<\/div>\n\t\t\t\t<\/div>\n\t\t\t\t\t<\/div>\n\t\t<\/div>\n\t\t\t\t\t<\/div>\n\t\t<\/section>\n\t\t\t\t<\/div>\n\t\t","protected":false},"excerpt":{"rendered":"<p>A\u015fa\u011f\u0131daki metni kullanabilirsiniz: Tarih\u00e7e \u00d6\u011frencilerin kolayca eri\u015febilece\u011fi esnek ve uzaktan e\u011fitim imk\u00e2n\u0131 sunmak amac\u0131yla kurulan A\u00e7\u0131k\u00f6\u011fretim Fak\u00fcltesi, bug\u00fcne kadar bir\u00e7ok \u00f6\u011frenciye kaliteli e\u011fitim hizmeti vermi\u015ftir. Fak\u00fcltemiz, kuruldu\u011fu g\u00fcnden itibaren s\u00fcrekli geli\u015fen ve yenilenen bir yap\u0131ya sahiptir. \u00d6\u011fretim \u00fcyelerimiz ve akademik personelimizle birlikte, \u00f6\u011frencilerimizin bilgi ve becerilerini art\u0131rmalar\u0131na yard\u0131mc\u0131 olmak i\u00e7in \u00e7al\u0131\u015f\u0131yoruz. A\u00e7\u0131k\u00f6\u011fretim Fak\u00fcltesi olarak ama\u00e7lar\u0131m\u0131z; [&hellip;]<\/p>\n","protected":false},"author":1,"featured_media":0,"parent":0,"menu_order":0,"comment_status":"closed","ping_status":"closed","template":"elementor_header_footer","meta":{"footnotes":""},"class_list":["post-5774","page","type-page","status-publish","hentry"],"_links":{"self":[{"href":"https:\/\/atauni.edu.tr\/acikogretim-fakultesi\/wp-json\/wp\/v2\/pages\/5774","targetHints":{"allow":["GET"]}}],"collection":[{"href":"https:\/\/atauni.edu.tr\/acikogretim-fakultesi\/wp-json\/wp\/v2\/pages"}],"about":[{"href":"https:\/\/atauni.edu.tr\/acikogretim-fakultesi\/wp-json\/wp\/v2\/types\/page"}],"author":[{"embeddable":true,"href":"https:\/\/atauni.edu.tr\/acikogretim-fakultesi\/wp-json\/wp\/v2\/users\/1"}],"replies":[{"embeddable":true,"href":"https:\/\/atauni.edu.tr\/acikogretim-fakultesi\/wp-json\/wp\/v2\/comments?post=5774"}],"version-history":[{"count":20,"href":"https:\/\/atauni.edu.tr\/acikogretim-fakultesi\/wp-json\/wp\/v2\/pages\/5774\/revisions"}],"predecessor-version":[{"id":6544,"href":"https:\/\/atauni.edu.tr\/acikogretim-fakultesi\/wp-json\/wp\/v2\/pages\/5774\/revisions\/6544"}],"wp:attachment":[{"href":"https:\/\/atauni.edu.tr\/acikogretim-fakultesi\/wp-json\/wp\/v2\/media?parent=5774"}],"curies":[{"name":"wp","href":"https:\/\/api.w.org\/{rel}","templated":true}]}}