{"id":5789,"date":"2021-07-13T14:10:52","date_gmt":"2021-07-13T11:10:52","guid":{"rendered":"https:\/\/portaltest.atauni.edu.tr\/muhendislik-fakultesi\/?page_id=5789"},"modified":"2021-08-27T15:20:21","modified_gmt":"2021-08-27T12:20:21","slug":"staj","status":"publish","type":"page","link":"https:\/\/atauni.edu.tr\/acikogretim-fakultesi\/staj\/","title":{"rendered":"Staj"},"content":{"rendered":"\t\t<div data-elementor-type=\"wp-page\" data-elementor-id=\"5789\" class=\"elementor elementor-5789\" data-elementor-post-type=\"page\">\n\t\t\t\t\t\t<section class=\"elementor-section elementor-top-section elementor-element elementor-element-46c2cb5d elementor-section-boxed elementor-section-height-default elementor-section-height-default\" data-id=\"46c2cb5d\" data-element_type=\"section\">\n\t\t\t\t\t\t<div class=\"elementor-container elementor-column-gap-default\">\n\t\t\t\t\t<div class=\"elementor-column elementor-col-100 elementor-top-column elementor-element elementor-element-299813e7\" data-id=\"299813e7\" data-element_type=\"column\">\n\t\t\t<div class=\"elementor-widget-wrap elementor-element-populated\">\n\t\t\t\t\t\t<div class=\"elementor-element elementor-element-3ec495a9 elementor-widget elementor-widget-heading\" data-id=\"3ec495a9\" data-element_type=\"widget\" data-widget_type=\"heading.default\">\n\t\t\t\t<div class=\"elementor-widget-container\">\n\t\t\t\t\t<h2 class=\"elementor-heading-title elementor-size-default\">Staj<\/h2>\t\t\t\t<\/div>\n\t\t\t\t<\/div>\n\t\t\t\t<div class=\"elementor-element elementor-element-2092e3b3 elementor-widget-divider--view-line elementor-widget elementor-widget-divider\" data-id=\"2092e3b3\" data-element_type=\"widget\" data-widget_type=\"divider.default\">\n\t\t\t\t<div class=\"elementor-widget-container\">\n\t\t\t\t\t\t\t<div class=\"elementor-divider\">\n\t\t\t<span class=\"elementor-divider-separator\">\n\t\t\t\t\t\t<\/span>\n\t\t<\/div>\n\t\t\t\t\t\t<\/div>\n\t\t\t\t<\/div>\n\t\t\t\t\t<\/div>\n\t\t<\/div>\n\t\t\t\t\t<\/div>\n\t\t<\/section>\n\t\t\t\t<section class=\"elementor-section elementor-top-section elementor-element elementor-element-55dbe3f elementor-section-boxed elementor-section-height-default elementor-section-height-default\" data-id=\"55dbe3f\" data-element_type=\"section\">\n\t\t\t\t\t\t<div class=\"elementor-container elementor-column-gap-default\">\n\t\t\t\t\t<div class=\"elementor-column elementor-col-100 elementor-top-column elementor-element elementor-element-c38135b\" data-id=\"c38135b\" data-element_type=\"column\">\n\t\t\t<div class=\"elementor-widget-wrap elementor-element-populated\">\n\t\t\t\t\t\t<div class=\"elementor-element elementor-element-70f771c elementor-widget elementor-widget-text-editor\" data-id=\"70f771c\" data-element_type=\"widget\" data-widget_type=\"text-editor.default\">\n\t\t\t\t<div class=\"elementor-widget-container\">\n\t\t\t\t\t\t\t\t\t<h2>Staj<\/h2>\n<p>A\u00e7\u0131k\u00f6\u011fretim Fak\u00fcltesi \u00f6\u011frencilerinin mezun olmadan \u00f6nce deneyim kazanmalar\u0131n\u0131 sa\u011flayan staj programlar\u0131, mezuniyet sonras\u0131 i\u015f hayat\u0131naoothan\u00e9 bir ba\u015flang\u0131\u00e7 yapmalar\u0131n\u0131 ama\u00e7lar.<\/p>\n<p>\u00d6\u011frencilerimizin i\u015f ortam\u0131nda edindikleri tecr\u00fcbeler, ald\u0131klar\u0131 e\u011fitim ile peki\u015ferek daha donan\u0131ml\u0131 bireyler olarak mezun olmalar\u0131n\u0131 sa\u011flar. Staj programlar\u0131, \u00f6\u011frencilere teorik bilgilerin uygulamada nas\u0131l kullan\u0131ld\u0131\u011f\u0131n\u0131 g\u00f6stermenin yan\u0131 s\u0131ra i\u015fbirli\u011fi, ileti\u015fim ve problem \u00e7\u00f6zme becerilerini de geli\u015ftirmelerine yard\u0131mc\u0131 olur.<\/p>\n<p>Stajlar, \u00f6\u011frencilerin kendi alanlar\u0131na \u00f6zg\u00fc g\u00f6revleri \u00fcstlenmelerine ve sekt\u00f6rde \u00e7al\u0131\u015fman\u0131n gerekliliklerini \u00f6\u011frenmelerine olanak tan\u0131r. Ayr\u0131ca, staj s\u0131ras\u0131nda edindikleri network ve \u03b5\u03c0\u03b1\u03c6eleri i\u015f hayat\u0131nda ilerlemeleri i\u00e7in \u00f6nemli bir dayanak olu\u015fturur.<\/p>\n<p>\u00d6\u011frencilerimiz, e\u011fitim ald\u0131klar\u0131 b\u00f6l\u00fcm\u00fcn ilgili alan\u0131nda staj yapma f\u0131rsat\u0131 bulur. Bu sayede, teorik bilgilerini prati\u011fe d\u00f6kme imkan\u0131 elde eder ve mezuniyet sonras\u0131nda i\u015f hayat\u0131na daha g\u00fc\u00e7l\u00fc bir \u015fekilde ad\u0131m atarlar.<\/p>\t\t\t\t\t\t\t\t<\/div>\n\t\t\t\t<\/div>\n\t\t\t\t\t<\/div>\n\t\t<\/div>\n\t\t\t\t\t<\/div>\n\t\t<\/section>\n\t\t\t\t<\/div>\n\t\t","protected":false},"excerpt":{"rendered":"<p>**Staj** A\u00e7\u0131k\u00f6\u011fretim Fak\u00fcltesi olarak \u00f6\u011frencilerimizin e\u011fitimlerini tamamlarken ayn\u0131 zamanda sekt\u00f6rdeki deneyimi kazanmalar\u0131na \u00f6nem vermekteyiz. Bu ama\u00e7la, \u00f6\u011frencilerimize staj olanaklar\u0131 sunuyoruz. Staj, \u00f6\u011frencilerin teorik bilgilerini pratikte uygulayarak deneyim kazanmalar\u0131 ve sekt\u00f6rde tan\u0131nan birer uzman haline gelmeleri i\u00e7in \u00f6nemli bir ad\u0131md\u0131r. Ayr\u0131ca, staj yaparken kazan\u0131lan deneyim, \u00f6\u011frencilerin mezuniyet sonras\u0131 i\u015f bulma olanaklar\u0131n\u0131 da art\u0131r\u0131r. A\u00e7\u0131k\u00f6\u011fretim Fak\u00fcltesi olarak, [&hellip;]<\/p>\n","protected":false},"author":1,"featured_media":0,"parent":0,"menu_order":0,"comment_status":"closed","ping_status":"closed","template":"elementor_header_footer","meta":{"footnotes":""},"class_list":["post-5789","page","type-page","status-publish","hentry"],"_links":{"self":[{"href":"https:\/\/atauni.edu.tr\/acikogretim-fakultesi\/wp-json\/wp\/v2\/pages\/5789","targetHints":{"allow":["GET"]}}],"collection":[{"href":"https:\/\/atauni.edu.tr\/acikogretim-fakultesi\/wp-json\/wp\/v2\/pages"}],"about":[{"href":"https:\/\/atauni.edu.tr\/acikogretim-fakultesi\/wp-json\/wp\/v2\/types\/page"}],"author":[{"embeddable":true,"href":"https:\/\/atauni.edu.tr\/acikogretim-fakultesi\/wp-json\/wp\/v2\/users\/1"}],"replies":[{"embeddable":true,"href":"https:\/\/atauni.edu.tr\/acikogretim-fakultesi\/wp-json\/wp\/v2\/comments?post=5789"}],"version-history":[{"count":20,"href":"https:\/\/atauni.edu.tr\/acikogretim-fakultesi\/wp-json\/wp\/v2\/pages\/5789\/revisions"}],"predecessor-version":[{"id":6398,"href":"https:\/\/atauni.edu.tr\/acikogretim-fakultesi\/wp-json\/wp\/v2\/pages\/5789\/revisions\/6398"}],"wp:attachment":[{"href":"https:\/\/atauni.edu.tr\/acikogretim-fakultesi\/wp-json\/wp\/v2\/media?parent=5789"}],"curies":[{"name":"wp","href":"https:\/\/api.w.org\/{rel}","templated":true}]}}