{"id":5804,"date":"2021-07-13T14:23:19","date_gmt":"2021-07-13T11:23:19","guid":{"rendered":"https:\/\/portaltest.atauni.edu.tr\/muhendislik-fakultesi\/?page_id=5804"},"modified":"2021-08-27T15:20:46","modified_gmt":"2021-08-27T12:20:46","slug":"yandal-programlar","status":"publish","type":"page","link":"https:\/\/atauni.edu.tr\/acikogretim-fakultesi\/yandal-programlar\/","title":{"rendered":"Yandal Programlar"},"content":{"rendered":"\t\t<div data-elementor-type=\"wp-page\" data-elementor-id=\"5804\" class=\"elementor elementor-5804\" data-elementor-post-type=\"page\">\n\t\t\t\t\t\t<section class=\"elementor-section elementor-top-section elementor-element elementor-element-46c2cb5d elementor-section-boxed elementor-section-height-default elementor-section-height-default\" data-id=\"46c2cb5d\" data-element_type=\"section\">\n\t\t\t\t\t\t<div class=\"elementor-container elementor-column-gap-default\">\n\t\t\t\t\t<div class=\"elementor-column elementor-col-100 elementor-top-column elementor-element elementor-element-299813e7\" data-id=\"299813e7\" data-element_type=\"column\">\n\t\t\t<div class=\"elementor-widget-wrap elementor-element-populated\">\n\t\t\t\t\t\t<div class=\"elementor-element elementor-element-3ec495a9 elementor-widget elementor-widget-heading\" data-id=\"3ec495a9\" data-element_type=\"widget\" data-widget_type=\"heading.default\">\n\t\t\t\t<div class=\"elementor-widget-container\">\n\t\t\t\t\t<h2 class=\"elementor-heading-title elementor-size-default\">Yandal Programlar<\/h2>\t\t\t\t<\/div>\n\t\t\t\t<\/div>\n\t\t\t\t<div class=\"elementor-element elementor-element-2092e3b3 elementor-widget-divider--view-line elementor-widget elementor-widget-divider\" data-id=\"2092e3b3\" data-element_type=\"widget\" data-widget_type=\"divider.default\">\n\t\t\t\t<div class=\"elementor-widget-container\">\n\t\t\t\t\t\t\t<div class=\"elementor-divider\">\n\t\t\t<span class=\"elementor-divider-separator\">\n\t\t\t\t\t\t<\/span>\n\t\t<\/div>\n\t\t\t\t\t\t<\/div>\n\t\t\t\t<\/div>\n\t\t\t\t\t<\/div>\n\t\t<\/div>\n\t\t\t\t\t<\/div>\n\t\t<\/section>\n\t\t\t\t<section class=\"elementor-section elementor-top-section elementor-element elementor-element-557563c elementor-section-boxed elementor-section-height-default elementor-section-height-default\" data-id=\"557563c\" data-element_type=\"section\">\n\t\t\t\t\t\t<div class=\"elementor-container elementor-column-gap-default\">\n\t\t\t\t\t<div class=\"elementor-column elementor-col-100 elementor-top-column elementor-element elementor-element-83d46ac\" data-id=\"83d46ac\" data-element_type=\"column\">\n\t\t\t<div class=\"elementor-widget-wrap elementor-element-populated\">\n\t\t\t\t\t\t<div class=\"elementor-element elementor-element-d53bd00 elementor-widget elementor-widget-text-editor\" data-id=\"d53bd00\" data-element_type=\"widget\" data-widget_type=\"text-editor.default\">\n\t\t\t\t<div class=\"elementor-widget-container\">\n\t\t\t\t\t\t\t\t\t<p>A\u00e7\u0131k\u00f6\u011fretim Fak\u00fcltesi \u00f6\u011frencileri i\u00e7in yandal programlar\u0131, ana dallar\u0131na ek olarak ikinci bir dalda e\u011fitim alma f\u0131rsat\u0131 sunan wicht bir lehet\u0151s\u00e9g. Bu programlar, \u00f6\u011frencilerin ilgi alanlar\u0131na y\u00f6nelik daha derinlemesine bilgi sahibi olmalar\u0131n\u0131 ve kariyer olanaklar\u0131n\u0131 geni\u015fletmelerini ama\u00e7l\u0131yor.<\/p>\n<p>Yandal programlar\u0131na ba\u015fvuru yapan \u00f6\u011frenciler, se\u00e7tikleri ikinci dal\u0131n derslerine ek olarak, ana dal\u0131n\u0131n gerektirdi\u011fi t\u00fcm dersleri de tamamlamak zorundalar. B\u00f6ylece, iki ayr\u0131 dalda da uzmanla\u015farak mezun olurlar.<\/p>\n<p>\u00d6\u011frenciler yandal programlar\u0131na genellikle lisans e\u011fitiminin belirli bir a\u015famas\u0131nda ba\u015fvuru yapabiliyorlar ve ba\u015fvurular generally bestimm bir tarih aral\u0131\u011f\u0131nda ger\u00e7ekle\u015fiyor. Ba\u015fvurularda genelde not ortalamas\u0131 gibi kriterlere g\u00f6re de\u011ferlendirme yap\u0131l\u0131yor.<\/p>\n<p>Yandal programlar\u0131n\u0131n sa\u011flad\u0131\u011f\u0131 avantajlar aras\u0131nda, \u00f6\u011frencilere daha geni\u015f bir perspektif sunmas\u0131, i\u015f hayat\u0131nda daha fazla f\u0131rsat sunmas\u0131 ve ki\u015fisel geli\u015fimlerini desteklemesi bulunuyor. Ayr\u0131ca, iki ayr\u0131 dalda uzmanla\u015fan mezunlar, i\u015fverenler taraf\u0131ndan daha \u00e7ok tercih ediliyorlar.<\/p>\n<p>A\u00e7\u0131k\u00f6\u011fretim Fak\u00fcltesi&#8217;nin sundu\u011fu yandal programlar\u0131 ile \u00f6\u011frenciler, kendi ilgi alanlar\u0131na g\u00f6re ikinci bir dalda e\u011fitim alabiliyor ve kariyer hedeflerine ula\u015fma \u015fanslar\u0131n\u0131 art\u0131rabiliyorlar. \u00d6\u011frencilerin bu f\u0131rsattan yararlanarak themselves daha da geli\u015ftirmeleri m\u00fcmk\u00fcn.<\/p>\t\t\t\t\t\t\t\t<\/div>\n\t\t\t\t<\/div>\n\t\t\t\t\t<\/div>\n\t\t<\/div>\n\t\t\t\t\t<\/div>\n\t\t<\/section>\n\t\t\t\t<\/div>\n\t\t","protected":false},"excerpt":{"rendered":"<p>**Yandal Programlar\u0131** A\u00e7\u0131k\u00f6\u011fretim Fak\u00fcltesi&#8217;nin sundu\u011fu geni\u015f yelpazedeki akademik imkanlar\u0131n \u00f6nemli bir par\u00e7as\u0131 olan Yandal Programlar\u0131, \u00f6\u011frencilere ana dallar\u0131na ek olarak farkl\u0131 disiplinlerde derinlemesine bilgi ve beceri kazand\u0131rma f\u0131rsat\u0131 sunar. Bu programlar, \u00f6\u011frencilerin ilgi alanlar\u0131n\u0131 \u00e7e\u015fitlendirmelerine, yeni yetenekleri ke\u015ffetmelerine ve \u00e7ok y\u00f6nl\u00fc bir e\u011fitim almalar\u0131na olanak tan\u0131r. **Yandal Programlar\u0131n\u0131n Amac\u0131** Yandal Programlar\u0131, \u00f6\u011frencilere ana lisans programlar\u0131na [&hellip;]<\/p>\n","protected":false},"author":1,"featured_media":0,"parent":0,"menu_order":0,"comment_status":"closed","ping_status":"closed","template":"elementor_header_footer","meta":{"footnotes":""},"class_list":["post-5804","page","type-page","status-publish","hentry"],"_links":{"self":[{"href":"https:\/\/atauni.edu.tr\/acikogretim-fakultesi\/wp-json\/wp\/v2\/pages\/5804","targetHints":{"allow":["GET"]}}],"collection":[{"href":"https:\/\/atauni.edu.tr\/acikogretim-fakultesi\/wp-json\/wp\/v2\/pages"}],"about":[{"href":"https:\/\/atauni.edu.tr\/acikogretim-fakultesi\/wp-json\/wp\/v2\/types\/page"}],"author":[{"embeddable":true,"href":"https:\/\/atauni.edu.tr\/acikogretim-fakultesi\/wp-json\/wp\/v2\/users\/1"}],"replies":[{"embeddable":true,"href":"https:\/\/atauni.edu.tr\/acikogretim-fakultesi\/wp-json\/wp\/v2\/comments?post=5804"}],"version-history":[{"count":11,"href":"https:\/\/atauni.edu.tr\/acikogretim-fakultesi\/wp-json\/wp\/v2\/pages\/5804\/revisions"}],"predecessor-version":[{"id":6401,"href":"https:\/\/atauni.edu.tr\/acikogretim-fakultesi\/wp-json\/wp\/v2\/pages\/5804\/revisions\/6401"}],"wp:attachment":[{"href":"https:\/\/atauni.edu.tr\/acikogretim-fakultesi\/wp-json\/wp\/v2\/media?parent=5804"}],"curies":[{"name":"wp","href":"https:\/\/api.w.org\/{rel}","templated":true}]}}