{"id":5807,"date":"2021-07-13T14:25:31","date_gmt":"2021-07-13T11:25:31","guid":{"rendered":"https:\/\/portaltest.atauni.edu.tr\/muhendislik-fakultesi\/?page_id=5807"},"modified":"2021-08-27T15:20:55","modified_gmt":"2021-08-27T12:20:55","slug":"ders-programlari","status":"publish","type":"page","link":"https:\/\/atauni.edu.tr\/acikogretim-fakultesi\/ders-programlari\/","title":{"rendered":"Ders Programlar\u0131"},"content":{"rendered":"\t\t<div data-elementor-type=\"wp-page\" data-elementor-id=\"5807\" class=\"elementor elementor-5807\" data-elementor-post-type=\"page\">\n\t\t\t\t\t\t<section class=\"elementor-section elementor-top-section elementor-element elementor-element-46c2cb5d elementor-section-boxed elementor-section-height-default elementor-section-height-default\" data-id=\"46c2cb5d\" data-element_type=\"section\">\n\t\t\t\t\t\t<div class=\"elementor-container elementor-column-gap-default\">\n\t\t\t\t\t<div class=\"elementor-column elementor-col-100 elementor-top-column elementor-element elementor-element-299813e7\" data-id=\"299813e7\" data-element_type=\"column\">\n\t\t\t<div class=\"elementor-widget-wrap elementor-element-populated\">\n\t\t\t\t\t\t<div class=\"elementor-element elementor-element-3ec495a9 elementor-widget elementor-widget-heading\" data-id=\"3ec495a9\" data-element_type=\"widget\" data-widget_type=\"heading.default\">\n\t\t\t\t<div class=\"elementor-widget-container\">\n\t\t\t\t\t<h2 class=\"elementor-heading-title elementor-size-default\">Ders Program\u0131<\/h2>\t\t\t\t<\/div>\n\t\t\t\t<\/div>\n\t\t\t\t<div class=\"elementor-element elementor-element-2092e3b3 elementor-widget-divider--view-line elementor-widget elementor-widget-divider\" data-id=\"2092e3b3\" data-element_type=\"widget\" data-widget_type=\"divider.default\">\n\t\t\t\t<div class=\"elementor-widget-container\">\n\t\t\t\t\t\t\t<div class=\"elementor-divider\">\n\t\t\t<span class=\"elementor-divider-separator\">\n\t\t\t\t\t\t<\/span>\n\t\t<\/div>\n\t\t\t\t\t\t<\/div>\n\t\t\t\t<\/div>\n\t\t\t\t\t<\/div>\n\t\t<\/div>\n\t\t\t\t\t<\/div>\n\t\t<\/section>\n\t\t\t\t<section class=\"elementor-section elementor-top-section elementor-element elementor-element-33c46b8 elementor-section-boxed elementor-section-height-default elementor-section-height-default\" data-id=\"33c46b8\" data-element_type=\"section\">\n\t\t\t\t\t\t<div class=\"elementor-container elementor-column-gap-default\">\n\t\t\t\t\t<div class=\"elementor-column elementor-col-100 elementor-top-column elementor-element elementor-element-1def29c\" data-id=\"1def29c\" data-element_type=\"column\">\n\t\t\t<div class=\"elementor-widget-wrap elementor-element-populated\">\n\t\t\t\t\t\t<div class=\"elementor-element elementor-element-3c63582 elementor-widget elementor-widget-text-editor\" data-id=\"3c63582\" data-element_type=\"widget\" data-widget_type=\"text-editor.default\">\n\t\t\t\t<div class=\"elementor-widget-container\">\n\t\t\t\t\t\t\t\t\t<p>A\u00e7\u0131k\u00f6\u011fretim Fak\u00fcltesi ders programlar\u0131, \u00f6\u011frencilerin akademik takvimlerini planlamalar\u0131na yard\u0131mc\u0131 olmak amac\u0131yla haz\u0131rlan\u0131r. Bu programlar, \u00f6\u011fretim y\u0131l\u0131 boyunca yap\u0131lacak olan derslerin g\u00fcn ve saatlerini, ayr\u0131ca s\u0131nav tarihlerini i\u00e7erir.<\/p>\n<p>\u00d6\u011frenciler, ders programlar\u0131n\u0131 kullanarak hangi g\u00fcn ve saatlerde hangi derslere gireceklerini kolayca \u00f6\u011frenebilirler. Ayr\u0131ca, ders programlar\u0131 sayesinde \u00f6\u011frencilerin derslere haz\u0131rlanmalar\u0131 ve \u00e7al\u0131\u015fmak i\u00e7in yeterli zaman ay\u0131rmalar\u0131 da m\u00f6glich olur.<\/p>\n<p>Ders programlar\u0131n\u0131n haz\u0131rlanmas\u0131nda \u00f6\u011fretim \u00fcyeleri ve idari personel birlikte \u00e7al\u0131\u015f\u0131r. Programlar, \u00f6\u011frencilerin ihtiya\u00e7lar\u0131 ve \u00f6\u011fretim y\u0131l\u0131 hedefleri do\u011frultusunda haz\u0131rlan\u0131r.<\/p>\n<p>A\u00e7\u0131k\u00f6\u011fretim Fak\u00fcltesi ders programlar\u0131 genellikle her \u00f6\u011fretim y\u0131l\u0131nda g\u00fcncellenir. \u00d6\u011frenciler, g\u00fcncel ders programlar\u0131na ula\u015fabilmek i\u00e7in Open\u00f6\u011fretim Fak\u00fcltesinin resmi web sayfas\u0131n\u0131 takip edebilirler.<\/p>\n<p>Ders programlar\u0131n\u0131n yan\u0131 s\u0131ra, \u00f6\u011frencilere ayr\u0131ca akademik takvim de sunulur. Akademik takvim, \u00f6\u011fretim y\u0131l\u0131 boyunca yap\u0131lacak olan \u00f6nemli olaylar\u0131 ve tarihleri i\u00e7erir.<\/p>\t\t\t\t\t\t\t\t<\/div>\n\t\t\t\t<\/div>\n\t\t\t\t\t<\/div>\n\t\t<\/div>\n\t\t\t\t\t<\/div>\n\t\t<\/section>\n\t\t\t\t<\/div>\n\t\t","protected":false},"excerpt":{"rendered":"<p>A\u00e7\u0131k\u00f6\u011fretim Fak\u00fcltesi Ders Programlar\u0131 A\u00e7\u0131k\u00f6\u011fretim Fak\u00fcltesi, \u00f6\u011frencilerine esnek veaccessible bir e\u011fitim deneyimi sunmak i\u00e7in \u00e7e\u015fitli ders programlar\u0131 sunar. Bu programlar, \u00f6\u011frencilerin kendi \u00f6\u011frenme h\u0131zlar\u0131na ve programlar\u0131na uygun olarak ders almalar\u0131n\u0131 sa\u011flar. Ders programlar\u0131m\u0131z, akademik y\u0131l\u0131n ba\u015f\u0131nda a\u00e7\u0131kland\u0131ktan sonra \u00f6\u011frencilerimize duyurulur. \u00d6\u011frenciler, kay\u0131t olduklar\u0131 b\u00f6l\u00fcm\u00fcn ilgili ders program\u0131n\u0131 takip ederek derslerine planlama yapabilirler. A\u015fa\u011f\u0131daki listede baz\u0131 [&hellip;]<\/p>\n","protected":false},"author":1,"featured_media":0,"parent":0,"menu_order":0,"comment_status":"closed","ping_status":"closed","template":"elementor_header_footer","meta":{"footnotes":""},"class_list":["post-5807","page","type-page","status-publish","hentry"],"_links":{"self":[{"href":"https:\/\/atauni.edu.tr\/acikogretim-fakultesi\/wp-json\/wp\/v2\/pages\/5807","targetHints":{"allow":["GET"]}}],"collection":[{"href":"https:\/\/atauni.edu.tr\/acikogretim-fakultesi\/wp-json\/wp\/v2\/pages"}],"about":[{"href":"https:\/\/atauni.edu.tr\/acikogretim-fakultesi\/wp-json\/wp\/v2\/types\/page"}],"author":[{"embeddable":true,"href":"https:\/\/atauni.edu.tr\/acikogretim-fakultesi\/wp-json\/wp\/v2\/users\/1"}],"replies":[{"embeddable":true,"href":"https:\/\/atauni.edu.tr\/acikogretim-fakultesi\/wp-json\/wp\/v2\/comments?post=5807"}],"version-history":[{"count":17,"href":"https:\/\/atauni.edu.tr\/acikogretim-fakultesi\/wp-json\/wp\/v2\/pages\/5807\/revisions"}],"predecessor-version":[{"id":6404,"href":"https:\/\/atauni.edu.tr\/acikogretim-fakultesi\/wp-json\/wp\/v2\/pages\/5807\/revisions\/6404"}],"wp:attachment":[{"href":"https:\/\/atauni.edu.tr\/acikogretim-fakultesi\/wp-json\/wp\/v2\/media?parent=5807"}],"curies":[{"name":"wp","href":"https:\/\/api.w.org\/{rel}","templated":true}]}}