{"id":5847,"date":"2021-07-13T14:56:17","date_gmt":"2021-07-13T11:56:17","guid":{"rendered":"https:\/\/portaltest.atauni.edu.tr\/muhendislik-fakultesi\/?page_id=5847"},"modified":"2021-08-27T15:21:04","modified_gmt":"2021-08-27T12:21:04","slug":"formlar","status":"publish","type":"page","link":"https:\/\/atauni.edu.tr\/acikogretim-fakultesi\/formlar\/","title":{"rendered":"Formlar"},"content":{"rendered":"\t\t<div data-elementor-type=\"wp-page\" data-elementor-id=\"5847\" class=\"elementor elementor-5847\" data-elementor-post-type=\"page\">\n\t\t\t\t\t\t<section class=\"elementor-section elementor-top-section elementor-element elementor-element-46c2cb5d elementor-section-boxed elementor-section-height-default elementor-section-height-default\" data-id=\"46c2cb5d\" data-element_type=\"section\">\n\t\t\t\t\t\t<div class=\"elementor-container elementor-column-gap-default\">\n\t\t\t\t\t<div class=\"elementor-column elementor-col-100 elementor-top-column elementor-element elementor-element-299813e7\" data-id=\"299813e7\" data-element_type=\"column\">\n\t\t\t<div class=\"elementor-widget-wrap elementor-element-populated\">\n\t\t\t\t\t\t<div class=\"elementor-element elementor-element-3ec495a9 elementor-widget elementor-widget-heading\" data-id=\"3ec495a9\" data-element_type=\"widget\" data-widget_type=\"heading.default\">\n\t\t\t\t<div class=\"elementor-widget-container\">\n\t\t\t\t\t<h2 class=\"elementor-heading-title elementor-size-default\">Formlar<\/h2>\t\t\t\t<\/div>\n\t\t\t\t<\/div>\n\t\t\t\t<div class=\"elementor-element elementor-element-2092e3b3 elementor-widget-divider--view-line elementor-widget elementor-widget-divider\" data-id=\"2092e3b3\" data-element_type=\"widget\" data-widget_type=\"divider.default\">\n\t\t\t\t<div class=\"elementor-widget-container\">\n\t\t\t\t\t\t\t<div class=\"elementor-divider\">\n\t\t\t<span class=\"elementor-divider-separator\">\n\t\t\t\t\t\t<\/span>\n\t\t<\/div>\n\t\t\t\t\t\t<\/div>\n\t\t\t\t<\/div>\n\t\t\t\t\t<\/div>\n\t\t<\/div>\n\t\t\t\t\t<\/div>\n\t\t<\/section>\n\t\t\t\t<section class=\"elementor-section elementor-top-section elementor-element elementor-element-ec5523f elementor-section-boxed elementor-section-height-default elementor-section-height-default\" data-id=\"ec5523f\" data-element_type=\"section\">\n\t\t\t\t\t\t<div class=\"elementor-container elementor-column-gap-default\">\n\t\t\t\t\t<div class=\"elementor-column elementor-col-100 elementor-top-column elementor-element elementor-element-60ffefd\" data-id=\"60ffefd\" data-element_type=\"column\">\n\t\t\t<div class=\"elementor-widget-wrap elementor-element-populated\">\n\t\t\t\t\t\t<div class=\"elementor-element elementor-element-a49a9c5 elementor-widget elementor-widget-text-editor\" data-id=\"a49a9c5\" data-element_type=\"widget\" data-widget_type=\"text-editor.default\">\n\t\t\t\t<div class=\"elementor-widget-container\">\n\t\t\t\t\t\t\t\t\t<h2>\u00d6\u011frenci \u0130\u015fleri Formlar\u0131<\/h2>\n<p>A\u00e7\u0131k\u00f6\u011fretim Fak\u00fcltesi \u00f6\u011frencilerinin \u00e7e\u015fitli i\u015flemlerini ger\u00e7ekle\u015ftirmeleri i\u00e7in gerekli formlar\u0131 bu b\u00f6l\u00fcmde bulabilirsiniz.<\/p>\n\n<ul>\n  <li><b>Kay\u0131t Yenileme Formu:<\/b> \u00d6\u011frencilerin kay\u0131tlar\u0131n\u0131 yenileyebilmeleri i\u00e7in gereken formdur.<\/li>\n  <li><b>Ders Ekle\/B\u0131rak Formu:<\/b> \u00d6\u011frencilerin ders eklemelerini veya b\u0131rakmalar\u0131n\u0131 sa\u011flayan formdur.<\/li>\n  <li><b>\u00d6\u011fretim \u015eekli De\u011fi\u015fikli\u011fi Formu:<\/b> \u00d6\u011frencilerin \u00f6\u011fretim \u015fekillerini de\u011fi\u015ftirmek istediklerinde kullanabilecekleri formdur.<\/li>\n  <li><b>Adres ve \u0130leti\u015fim Bilgisi G\u00fcncelleme Formu:<\/b> \u00d6\u011frencilerin adres ve ileti\u015fim bilgilerini g\u00fcncellemelerine olanak tan\u0131yan formdur.<\/li>\n<\/ul>\n\n<h2>\u00d6\u011fretim Eleman\u0131 Formlar\u0131<\/h2>\n<p>A\u00e7\u0131k\u00f6\u011fretim Fak\u00fcltesi \u00f6\u011fretim elemanlar\u0131n\u0131n \u00e7e\u015fitli i\u015flemlerini ger\u00e7ekle\u015ftirmeleri i\u00e7in gerekli formlar\u0131 bu b\u00f6l\u00fcmde bulabilirsiniz.<\/p>\n\n<ul>\n  <li><b>Ders \u0130\u00e7erik Onay Formu:<\/b> \u00d6\u011fretim elemanlar\u0131n\u0131n ders i\u00e7eriklerini onaylamalar\u0131na yard\u0131mc\u0131 olan formdur.<\/li>\n  <li><b>\u00d6\u011fretim Program\u0131 Olu\u015fturma Formu:<\/b> \u00d6\u011fretim elemanlar\u0131n\u0131n \u00f6\u011fretim programlar\u0131n\u0131 olu\u015fturmalar\u0131n\u0131 sa\u011flayan formdur.<\/li>\n<\/ul>\n\n<h2>Diploma ve Transkript Formlar\u0131<\/h2>\n<p>A\u00e7\u0131k\u00f6\u011fretim Fak\u00fcltesi \u00f6\u011frencilerinin diploma ve transkript i\u015flemlerini ger\u00e7ekle\u015ftirmeleri i\u00e7in gerekli formlar\u0131 bu b\u00f6l\u00fcmde bulabilirsiniz.<\/p>\n\n<ul>\n  <li><b>Diploma Ba\u015fvuru Formu:<\/b> \u00d6\u011frencilerin diplomalar\u0131n\u0131 alabilmeleri i\u00e7in gereken formdur.<\/li>\n  <li><b>Transkript Ba\u015fvuru Formu:<\/b> \u00d6\u011frencilerin transkriptlerini alabilmeleri i\u00e7in gereken formdur.<\/li>\n<\/ul>\n\n<p>L\u00fctfen ilgili formlar\u0131 dikkatlice doldurunuz ve belirtilen tarihlerde teslim ediniz.(Form teslim tarihleri ayr\u0131 bir duyuruda payla\u015f\u0131lacakt\u0131r.)<\/p>\t\t\t\t\t\t\t\t<\/div>\n\t\t\t\t<\/div>\n\t\t\t\t\t<\/div>\n\t\t<\/div>\n\t\t\t\t\t<\/div>\n\t\t<\/section>\n\t\t\t\t<\/div>\n\t\t","protected":false},"excerpt":{"rendered":"<p>**A\u00e7\u0131k\u00f6\u011fretim Fak\u00fcltesi Formlar\u0131** A\u00e7\u0131k\u00f6\u011fretim Fak\u00fcltesi \u00f6\u011frencilerinin akademik s\u00fcre\u00e7lerini kolayla\u015ft\u0131rmak amac\u0131yla \u00e7e\u015fitli formlar haz\u0131rlanm\u0131\u015ft\u0131r. Bu formlar, \u00f6\u011frencilerin kay\u0131t i\u015flemlerinden ders se\u00e7me ve s\u0131nav ba\u015fvurular\u0131na kadar bir\u00e7ok konuda kullan\u0131lmaktad\u0131r. **Kay\u0131t \u0130\u015flemleri i\u00e7in Gerekli Formlar** &#8211; Kay\u0131t ba\u015fvuru formu: Yeni kay\u0131t yapt\u0131rmak isteyen \u00f6\u011frenciler taraf\u0131ndan doldurulmas\u0131 gereken bir formdur. &#8211; \u00d6\u011frenci bilgi g\u00fcncelleme formu: Mevcut \u00f6\u011frencilerin ki\u015fisel bilgilerini [&hellip;]<\/p>\n","protected":false},"author":1,"featured_media":0,"parent":0,"menu_order":0,"comment_status":"closed","ping_status":"closed","template":"elementor_header_footer","meta":{"footnotes":""},"class_list":["post-5847","page","type-page","status-publish","hentry"],"_links":{"self":[{"href":"https:\/\/atauni.edu.tr\/acikogretim-fakultesi\/wp-json\/wp\/v2\/pages\/5847","targetHints":{"allow":["GET"]}}],"collection":[{"href":"https:\/\/atauni.edu.tr\/acikogretim-fakultesi\/wp-json\/wp\/v2\/pages"}],"about":[{"href":"https:\/\/atauni.edu.tr\/acikogretim-fakultesi\/wp-json\/wp\/v2\/types\/page"}],"author":[{"embeddable":true,"href":"https:\/\/atauni.edu.tr\/acikogretim-fakultesi\/wp-json\/wp\/v2\/users\/1"}],"replies":[{"embeddable":true,"href":"https:\/\/atauni.edu.tr\/acikogretim-fakultesi\/wp-json\/wp\/v2\/comments?post=5847"}],"version-history":[{"count":14,"href":"https:\/\/atauni.edu.tr\/acikogretim-fakultesi\/wp-json\/wp\/v2\/pages\/5847\/revisions"}],"predecessor-version":[{"id":6407,"href":"https:\/\/atauni.edu.tr\/acikogretim-fakultesi\/wp-json\/wp\/v2\/pages\/5847\/revisions\/6407"}],"wp:attachment":[{"href":"https:\/\/atauni.edu.tr\/acikogretim-fakultesi\/wp-json\/wp\/v2\/media?parent=5847"}],"curies":[{"name":"wp","href":"https:\/\/api.w.org\/{rel}","templated":true}]}}