{"id":5864,"date":"2021-07-13T15:10:19","date_gmt":"2021-07-13T12:10:19","guid":{"rendered":"https:\/\/portaltest.atauni.edu.tr\/muhendislik-fakultesi\/?page_id=5864"},"modified":"2021-08-27T15:39:20","modified_gmt":"2021-08-27T12:39:20","slug":"yayinlar","status":"publish","type":"page","link":"https:\/\/atauni.edu.tr\/acikogretim-fakultesi\/yayinlar\/","title":{"rendered":"Fak\u00fclte Kurulu Kararlar\u0131"},"content":{"rendered":"\t\t<div data-elementor-type=\"wp-page\" data-elementor-id=\"5864\" class=\"elementor elementor-5864\" data-elementor-post-type=\"page\">\n\t\t\t\t\t\t<section class=\"elementor-section elementor-top-section elementor-element elementor-element-46c2cb5d elementor-section-boxed elementor-section-height-default elementor-section-height-default\" data-id=\"46c2cb5d\" data-element_type=\"section\">\n\t\t\t\t\t\t<div class=\"elementor-container elementor-column-gap-default\">\n\t\t\t\t\t<div class=\"elementor-column elementor-col-100 elementor-top-column elementor-element elementor-element-299813e7\" data-id=\"299813e7\" data-element_type=\"column\">\n\t\t\t<div class=\"elementor-widget-wrap elementor-element-populated\">\n\t\t\t\t\t\t<div class=\"elementor-element elementor-element-3ec495a9 elementor-widget elementor-widget-heading\" data-id=\"3ec495a9\" data-element_type=\"widget\" data-widget_type=\"heading.default\">\n\t\t\t\t<div class=\"elementor-widget-container\">\n\t\t\t\t\t<h2 class=\"elementor-heading-title elementor-size-default\">Fak\u00fclte Kurulu Kararlar\u0131<\/h2>\t\t\t\t<\/div>\n\t\t\t\t<\/div>\n\t\t\t\t<div class=\"elementor-element elementor-element-2092e3b3 elementor-widget-divider--view-line elementor-widget elementor-widget-divider\" data-id=\"2092e3b3\" data-element_type=\"widget\" data-widget_type=\"divider.default\">\n\t\t\t\t<div class=\"elementor-widget-container\">\n\t\t\t\t\t\t\t<div class=\"elementor-divider\">\n\t\t\t<span class=\"elementor-divider-separator\">\n\t\t\t\t\t\t<\/span>\n\t\t<\/div>\n\t\t\t\t\t\t<\/div>\n\t\t\t\t<\/div>\n\t\t\t\t\t<\/div>\n\t\t<\/div>\n\t\t\t\t\t<\/div>\n\t\t<\/section>\n\t\t\t\t<section class=\"elementor-section elementor-top-section elementor-element elementor-element-4a7c24b elementor-section-boxed elementor-section-height-default elementor-section-height-default\" data-id=\"4a7c24b\" data-element_type=\"section\">\n\t\t\t\t\t\t<div class=\"elementor-container elementor-column-gap-default\">\n\t\t\t\t\t<div class=\"elementor-column elementor-col-100 elementor-top-column elementor-element elementor-element-6963039\" data-id=\"6963039\" data-element_type=\"column\">\n\t\t\t<div class=\"elementor-widget-wrap elementor-element-populated\">\n\t\t\t\t\t\t<div class=\"elementor-element elementor-element-07fe6a4 elementor-widget elementor-widget-text-editor\" data-id=\"07fe6a4\" data-element_type=\"widget\" data-widget_type=\"text-editor.default\">\n\t\t\t\t<div class=\"elementor-widget-container\">\n\t\t\t\t\t\t\t\t\t<p>A\u00e7\u0131k\u00f6\u011fretim Fak\u00fcltesi&#8217;nin y\u00f6netim organlar\u0131ndan biri olan Fak\u00fclte Kurulu, akademik ve idari konularda kararlar al\u0131r. Bu kurulun ald\u0131\u011f\u0131 kararlar, fak\u00fcltenin e\u011fitim-\u00f6\u011fretim faaliyetlerini, ara\u015ft\u0131rma projelerini ve hizmetlerin kalitesini etkileyen \u00f6nemli hususlard\u0131r.<\/p>\n<p>Fak\u00fclte Kurulu Kararlar\u0131, a\u00e7\u0131k ve \u015feffaf bir \u015fekilde yay\u0131mlan\u0131r. \u00d6\u011frenciler, akademik personel ve idari staff, bu kararlar\u0131 inceleyerek fak\u00fcltenin genel politikalar\u0131 ve y\u00f6nelimleri hakk\u0131nda bilgi sahibi olabilirler. Ayr\u0131ca, al\u0131nan kararlar \u00f6\u011frencilerin ders se\u00e7iminden mezuniyet ko\u015fullar\u0131na kadar bir\u00e7ok konuda rehberlik eder.<\/p>\n<p>Fak\u00fclte Kurulu, d\u00fczenli aral\u0131klarla toplanarak e\u011fitim-\u00f6\u011fretim y\u0131l\u0131 i\u00e7indeki geli\u015fmeleri de\u011ferlendirir ve gelecek d\u00f6neme ili\u015fkin planlamalar\u0131 yapar. Bu kurulun kararlar\u0131, hem fak\u00fcltenin i\u00e7 i\u015fleyi\u015fini hem de d\u0131\u015f ili\u015fkilerini etkileyen stratejik \u00f6nemdedir.<\/p>\n<p>\u00d6\u011frencilerin ve akademik personelin Fak\u00fclte Kurulu Kararlar\u0131na eri\u015fimi kolayd\u0131r. \u0130lgili kararlar, fak\u00fcltenin web sayfas\u0131nda &#8216;Fak\u00fclte Kurulu Kararlar\u0131&#8217; ba\u015fl\u0131\u011f\u0131 alt\u0131nda yay\u0131mlan\u0131r ve bu sayede herkes bu kararlara kolayca ula\u015fabilir.<\/p>\t\t\t\t\t\t\t\t<\/div>\n\t\t\t\t<\/div>\n\t\t\t\t\t<\/div>\n\t\t<\/div>\n\t\t\t\t\t<\/div>\n\t\t<\/section>\n\t\t\t\t<\/div>\n\t\t","protected":false},"excerpt":{"rendered":"<p>**Fak\u00fclte Kurulu Kararlar\u0131** A\u00e7\u0131k\u00f6\u011fretim Fak\u00fcltesi olarak akademik ve idari i\u015fleyi\u015fimizi \u015feffaf ve hesap verilebilir bir \u015fekilde y\u00fcr\u00fctmeyi \u00f6nemsiyoruz. Bu \u00e7er\u00e7evede, Fak\u00fclte Kurulumuz taraf\u0131ndan al\u0131nan kararlar \u00f6nemli bir yer tutmaktad\u0131r. Bu kararlar, fak\u00fcltemizin e\u011fitim-\u00f6\u011fretim activitiesini, ara\u015ft\u0131rma projelerini, idari i\u015fleyi\u015fini ve \u00f6\u011frenci hizmetlerini kapsayan geni\u015f bir yelpazeyi i\u00e7ermektedir. Fak\u00fclte Kurulu Kararlar\u0131, akademik kadro atamalar\u0131ndan, b\u00f6l\u00fcm ve anabilim [&hellip;]<\/p>\n","protected":false},"author":1,"featured_media":0,"parent":0,"menu_order":0,"comment_status":"closed","ping_status":"closed","template":"elementor_header_footer","meta":{"footnotes":""},"class_list":["post-5864","page","type-page","status-publish","hentry"],"_links":{"self":[{"href":"https:\/\/atauni.edu.tr\/acikogretim-fakultesi\/wp-json\/wp\/v2\/pages\/5864","targetHints":{"allow":["GET"]}}],"collection":[{"href":"https:\/\/atauni.edu.tr\/acikogretim-fakultesi\/wp-json\/wp\/v2\/pages"}],"about":[{"href":"https:\/\/atauni.edu.tr\/acikogretim-fakultesi\/wp-json\/wp\/v2\/types\/page"}],"author":[{"embeddable":true,"href":"https:\/\/atauni.edu.tr\/acikogretim-fakultesi\/wp-json\/wp\/v2\/users\/1"}],"replies":[{"embeddable":true,"href":"https:\/\/atauni.edu.tr\/acikogretim-fakultesi\/wp-json\/wp\/v2\/comments?post=5864"}],"version-history":[{"count":12,"href":"https:\/\/atauni.edu.tr\/acikogretim-fakultesi\/wp-json\/wp\/v2\/pages\/5864\/revisions"}],"predecessor-version":[{"id":6538,"href":"https:\/\/atauni.edu.tr\/acikogretim-fakultesi\/wp-json\/wp\/v2\/pages\/5864\/revisions\/6538"}],"wp:attachment":[{"href":"https:\/\/atauni.edu.tr\/acikogretim-fakultesi\/wp-json\/wp\/v2\/media?parent=5864"}],"curies":[{"name":"wp","href":"https:\/\/api.w.org\/{rel}","templated":true}]}}