{"id":5638,"date":"2021-07-13T09:49:25","date_gmt":"2021-07-13T06:49:25","guid":{"rendered":"https:\/\/portaltest.atauni.edu.tr\/bilgisayar-muhendisligi\/?page_id=5638"},"modified":"2021-09-13T10:21:35","modified_gmt":"2021-09-13T07:21:35","slug":"tarihce","status":"publish","type":"page","link":"https:\/\/atauni.edu.tr\/acil-yardim-ve-afet-yonetimi\/tarihce\/","title":{"rendered":"Tarih\u00e7e"},"content":{"rendered":"\t\t<div data-elementor-type=\"wp-page\" data-elementor-id=\"5638\" class=\"elementor elementor-5638\" data-elementor-post-type=\"page\">\n\t\t\t\t\t\t<section class=\"elementor-section elementor-top-section elementor-element elementor-element-730d320 elementor-section-boxed elementor-section-height-default elementor-section-height-default\" data-id=\"730d320\" data-element_type=\"section\">\n\t\t\t\t\t\t<div class=\"elementor-container elementor-column-gap-default\">\n\t\t\t\t\t<div class=\"elementor-column elementor-col-100 elementor-top-column elementor-element elementor-element-753d0860\" data-id=\"753d0860\" data-element_type=\"column\">\n\t\t\t<div class=\"elementor-widget-wrap\">\n\t\t\t\t\t\t\t<\/div>\n\t\t<\/div>\n\t\t\t\t\t<\/div>\n\t\t<\/section>\n\t\t\t\t<section class=\"elementor-section elementor-top-section elementor-element elementor-element-9be811a elementor-section-boxed elementor-section-height-default elementor-section-height-default\" data-id=\"9be811a\" data-element_type=\"section\">\n\t\t\t\t\t\t<div class=\"elementor-container elementor-column-gap-default\">\n\t\t\t\t\t<div class=\"elementor-column elementor-col-100 elementor-top-column elementor-element elementor-element-1ed847b7\" data-id=\"1ed847b7\" data-element_type=\"column\">\n\t\t\t<div class=\"elementor-widget-wrap elementor-element-populated\">\n\t\t\t\t\t\t<div class=\"elementor-element elementor-element-4ce0d07f elementor-widget elementor-widget-heading\" data-id=\"4ce0d07f\" data-element_type=\"widget\" data-widget_type=\"heading.default\">\n\t\t\t\t<div class=\"elementor-widget-container\">\n\t\t\t\t\t<h2 class=\"elementor-heading-title elementor-size-default\">Tarih\u00e7e<\/h2>\t\t\t\t<\/div>\n\t\t\t\t<\/div>\n\t\t\t\t<div class=\"elementor-element elementor-element-63260862 elementor-widget-divider--view-line elementor-widget elementor-widget-divider\" data-id=\"63260862\" data-element_type=\"widget\" data-widget_type=\"divider.default\">\n\t\t\t\t<div class=\"elementor-widget-container\">\n\t\t\t\t\t\t\t<div class=\"elementor-divider\">\n\t\t\t<span class=\"elementor-divider-separator\">\n\t\t\t\t\t\t<\/span>\n\t\t<\/div>\n\t\t\t\t\t\t<\/div>\n\t\t\t\t<\/div>\n\t\t\t\t\t<\/div>\n\t\t<\/div>\n\t\t\t\t\t<\/div>\n\t\t<\/section>\n\t\t\t\t<section class=\"elementor-section elementor-top-section elementor-element elementor-element-681db8b elementor-section-boxed elementor-section-height-default elementor-section-height-default\" data-id=\"681db8b\" data-element_type=\"section\">\n\t\t\t\t\t\t<div class=\"elementor-container elementor-column-gap-default\">\n\t\t\t\t\t<div class=\"elementor-column elementor-col-100 elementor-top-column elementor-element elementor-element-ad4dac5\" data-id=\"ad4dac5\" data-element_type=\"column\">\n\t\t\t<div class=\"elementor-widget-wrap elementor-element-populated\">\n\t\t\t\t\t\t<div class=\"elementor-element elementor-element-2f96b3d elementor-widget elementor-widget-text-editor\" data-id=\"2f96b3d\" data-element_type=\"widget\" data-widget_type=\"text-editor.default\">\n\t\t\t\t<div class=\"elementor-widget-container\">\n\t\t\t\t\t\t\t\t\t<p>Atat\u00fcrk \u00dcniversitesi Acil Yard\u0131m ve Afet Y\u00f6netimi b\u00f6l\u00fcm\u00fcn\u00fcn tarihi, \u00fclkemizdeki acil yard\u0131m ve afet y\u00f6netimi alan\u0131ndaki e\u011fitim ihtiyac\u0131n\u0131n kar\u015f\u0131lanmas\u0131 amac\u0131n\u0131 ta\u015f\u0131yan giri\u015fimlerle ba\u015flar.<\/p>\n<p>B\u00f6l\u00fcm\u00fcn kurulmas\u0131na yol a\u00e7an s\u00fcre\u00e7, acil durumlarda etkin bir \u015fekilde m\u00fcdahale edebilecek, afetlerin \u00f6nlenmesi ve y\u00f6netimine katk\u0131da bulunabilecek nitelikli personele olan talebin artmas\u0131yla \u015fekillenmi\u015ftir.<\/p>\n<p>\u00dcniversitelerin bu alandaki e\u011fitim ihtiyac\u0131n\u0131 kar\u015f\u0131lamak \u00fczere \u00e7e\u015fitli programlar geli\u015ftirmesi, acil yard\u0131m ve afet y\u00f6netimi alan\u0131ndaki \u00e7al\u0131\u015fmalar\u0131 h\u0131zland\u0131rm\u0131\u015ft\u0131r.<\/p>\n<p>Bu ba\u011flamda, Atat\u00fcrk \u00dcniversitesi de acil yard\u0131m ve afet y\u00f6netimi alan\u0131nda kaliteli bir e\u011fitim vermeyi ama\u00e7layarak b\u00f6l\u00fcm\u00fcn\u00fc kurmu\u015f ve b\u00f6ylece bu alanda yeti\u015fmi\u015f personel say\u0131s\u0131n\u0131n art\u0131r\u0131lmas\u0131na katk\u0131da bulunmu\u015ftur.<\/p>\n<p>B\u00f6l\u00fcm\u00fcn tarih\u00e7esi boyunca, akademik ve idari a\u00e7\u0131dan \u00f6nemli ad\u0131mlar at\u0131lm\u0131\u015f, \u00f6\u011fretim \u00fcyeleri ve \u00f6\u011frencilerle birlikte acil yard\u0131m ve afet y\u00f6netimi alan\u0131ndaki bilgi ve deneyim birikimi art\u0131r\u0131lm\u0131\u015ft\u0131r.<\/p>\n<p>Atat\u00fcrk \u00dcniversitesi Acil Yard\u0131m ve Afet Y\u00f6netimi b\u00f6l\u00fcm\u00fc, e\u011fitim-\u00f6\u011fretim faaliyetleri boyunca, teorik ve pratik bilgileri birle\u015ftirerek \u00f6\u011frencilerin bu alanda donan\u0131ml\u0131 bir \u015fekilde yeti\u015fmesine \u00f6nem vermi\u015ftir.<\/p>\n<p>Bu yakla\u015f\u0131m, mezunlar\u0131n acil yard\u0131m ve afet y\u00f6netimi alan\u0131nda etkili bir \u015fekilde \u00e7al\u0131\u015fabilmesini sa\u011flamay\u0131 hedeflemektedir.<\/p>\n<p>B\u00f6l\u00fcm\u00fcn misyonu, toplumun acil durumlarda ihtiya\u00e7 duydu\u011fu nitelikli personelin yeti\u015ftirilmesine katk\u0131da bulunmak ve bu alanlardaki nghi\u00eanme ve uygulamalar\u0131 desteklemektir.<\/p>\t\t\t\t\t\t\t\t<\/div>\n\t\t\t\t<\/div>\n\t\t\t\t\t<\/div>\n\t\t<\/div>\n\t\t\t\t\t<\/div>\n\t\t<\/section>\n\t\t\t\t<\/div>\n\t\t","protected":false},"excerpt":{"rendered":"<p>Tarih\u00e7e Lorem Ipsum Nedir? Lorem Ipsum, dizgi ve bask\u0131 end\u00fcstrisinde kullan\u0131lan m\u0131g\u0131r metinlerdir. Lorem Ipsum, ad\u0131 bilinmeyen bir matbaac\u0131n\u0131n bir hurufat numune kitab\u0131 olu\u015fturmak \u00fczere bir yaz\u0131 galerisini alarak kar\u0131\u015ft\u0131rd\u0131\u011f\u0131 1500&#8217;lerden beri end\u00fcstri standard\u0131 sahte metinler olarak kullan\u0131lm\u0131\u015ft\u0131r. Be\u015fy\u00fcz y\u0131l boyunca varl\u0131\u011f\u0131n\u0131 s\u00fcrd\u00fcrmekle kalmam\u0131\u015f, ayn\u0131 zamanda pek de\u011fi\u015fmeden elektronik dizgiye de s\u0131\u00e7ram\u0131\u015ft\u0131r. 1960&#8217;larda Lorem Ipsum [&hellip;]<\/p>\n","protected":false},"author":1,"featured_media":0,"parent":0,"menu_order":0,"comment_status":"closed","ping_status":"closed","template":"","meta":{"footnotes":""},"class_list":["post-5638","page","type-page","status-publish","hentry"],"_links":{"self":[{"href":"https:\/\/atauni.edu.tr\/acil-yardim-ve-afet-yonetimi\/wp-json\/wp\/v2\/pages\/5638","targetHints":{"allow":["GET"]}}],"collection":[{"href":"https:\/\/atauni.edu.tr\/acil-yardim-ve-afet-yonetimi\/wp-json\/wp\/v2\/pages"}],"about":[{"href":"https:\/\/atauni.edu.tr\/acil-yardim-ve-afet-yonetimi\/wp-json\/wp\/v2\/types\/page"}],"author":[{"embeddable":true,"href":"https:\/\/atauni.edu.tr\/acil-yardim-ve-afet-yonetimi\/wp-json\/wp\/v2\/users\/1"}],"replies":[{"embeddable":true,"href":"https:\/\/atauni.edu.tr\/acil-yardim-ve-afet-yonetimi\/wp-json\/wp\/v2\/comments?post=5638"}],"version-history":[{"count":22,"href":"https:\/\/atauni.edu.tr\/acil-yardim-ve-afet-yonetimi\/wp-json\/wp\/v2\/pages\/5638\/revisions"}],"predecessor-version":[{"id":6117,"href":"https:\/\/atauni.edu.tr\/acil-yardim-ve-afet-yonetimi\/wp-json\/wp\/v2\/pages\/5638\/revisions\/6117"}],"wp:attachment":[{"href":"https:\/\/atauni.edu.tr\/acil-yardim-ve-afet-yonetimi\/wp-json\/wp\/v2\/media?parent=5638"}],"curies":[{"name":"wp","href":"https:\/\/api.w.org\/{rel}","templated":true}]}}