{"id":5734,"date":"2021-07-13T11:37:45","date_gmt":"2021-07-13T08:37:45","guid":{"rendered":"https:\/\/portaltest.atauni.edu.tr\/bilgisayar-muhendisligi\/?page_id=5734"},"modified":"2021-08-27T15:50:14","modified_gmt":"2021-08-27T12:50:14","slug":"ogrenci-deneyimi","status":"publish","type":"page","link":"https:\/\/atauni.edu.tr\/acil-yardim-ve-afet-yonetimi\/ogrenci-deneyimi\/","title":{"rendered":"\u00d6\u011frenci Deneyimi"},"content":{"rendered":"\t\t<div data-elementor-type=\"wp-page\" data-elementor-id=\"5734\" class=\"elementor elementor-5734\" data-elementor-post-type=\"page\">\n\t\t\t\t\t\t<section class=\"elementor-section elementor-top-section elementor-element elementor-element-730d320 elementor-section-boxed elementor-section-height-default elementor-section-height-default\" data-id=\"730d320\" data-element_type=\"section\">\n\t\t\t\t\t\t<div class=\"elementor-container elementor-column-gap-default\">\n\t\t\t\t\t<div class=\"elementor-column elementor-col-100 elementor-top-column elementor-element elementor-element-753d0860\" data-id=\"753d0860\" data-element_type=\"column\">\n\t\t\t<div class=\"elementor-widget-wrap\">\n\t\t\t\t\t\t\t<\/div>\n\t\t<\/div>\n\t\t\t\t\t<\/div>\n\t\t<\/section>\n\t\t\t\t<section class=\"elementor-section elementor-top-section elementor-element elementor-element-9be811a elementor-section-boxed elementor-section-height-default elementor-section-height-default\" data-id=\"9be811a\" data-element_type=\"section\">\n\t\t\t\t\t\t<div class=\"elementor-container elementor-column-gap-default\">\n\t\t\t\t\t<div class=\"elementor-column elementor-col-100 elementor-top-column elementor-element elementor-element-1ed847b7\" data-id=\"1ed847b7\" data-element_type=\"column\">\n\t\t\t<div class=\"elementor-widget-wrap elementor-element-populated\">\n\t\t\t\t\t\t<div class=\"elementor-element elementor-element-4ce0d07f elementor-widget elementor-widget-heading\" data-id=\"4ce0d07f\" data-element_type=\"widget\" data-widget_type=\"heading.default\">\n\t\t\t\t<div class=\"elementor-widget-container\">\n\t\t\t\t\t<h2 class=\"elementor-heading-title elementor-size-default\">\u00d6\u011frenci Deneyimi<\/h2>\t\t\t\t<\/div>\n\t\t\t\t<\/div>\n\t\t\t\t<div class=\"elementor-element elementor-element-63260862 elementor-widget-divider--view-line elementor-widget elementor-widget-divider\" data-id=\"63260862\" data-element_type=\"widget\" data-widget_type=\"divider.default\">\n\t\t\t\t<div class=\"elementor-widget-container\">\n\t\t\t\t\t\t\t<div class=\"elementor-divider\">\n\t\t\t<span class=\"elementor-divider-separator\">\n\t\t\t\t\t\t<\/span>\n\t\t<\/div>\n\t\t\t\t\t\t<\/div>\n\t\t\t\t<\/div>\n\t\t\t\t\t<\/div>\n\t\t<\/div>\n\t\t\t\t\t<\/div>\n\t\t<\/section>\n\t\t\t\t<section class=\"elementor-section elementor-top-section elementor-element elementor-element-4debb41 elementor-section-boxed elementor-section-height-default elementor-section-height-default\" data-id=\"4debb41\" data-element_type=\"section\">\n\t\t\t\t\t\t<div class=\"elementor-container elementor-column-gap-default\">\n\t\t\t\t\t<div class=\"elementor-column elementor-col-100 elementor-top-column elementor-element elementor-element-28420b1\" data-id=\"28420b1\" data-element_type=\"column\">\n\t\t\t<div class=\"elementor-widget-wrap elementor-element-populated\">\n\t\t\t\t\t\t<div class=\"elementor-element elementor-element-e007b90 elementor-widget elementor-widget-ova_testimonial\" data-id=\"e007b90\" data-element_type=\"widget\" data-settings=\"{&quot;pause_on_hover&quot;:&quot;yes&quot;,&quot;infinite&quot;:&quot;yes&quot;,&quot;autoplay&quot;:&quot;yes&quot;,&quot;autoplay_speed&quot;:3000,&quot;dot_control&quot;:&quot;yes&quot;}\" data-widget_type=\"ova_testimonial.default\">\n\t\t\t\t<div class=\"elementor-widget-container\">\n\t\t\t\t\t\n\t\t\n\t\t\t<section class=\"ova-testimonial \">\n\t\t\t\t<div class=\"slide-testimonials owl-carousel owl-theme\" data-options=\"{&quot;items&quot;:3,&quot;slideBy&quot;:1,&quot;margin&quot;:30,&quot;autoplayHoverPause&quot;:true,&quot;loop&quot;:true,&quot;autoplay&quot;:true,&quot;autoplayTimeout&quot;:3000,&quot;smartSpeed&quot;:500,&quot;dots&quot;:true}\">\n\t\t\t\t\t\t\t\t\t\t\t<div class=\"item\">\n\t\t\t\t\t\t\t<div class=\"client_info\">\n\t\t\t\t\t\t\t\t\t\t\t\t\t\t\t\t\t<p class=\"evaluate\">Atat\u00fcrk \u00dcniversitesi Acil Yard\u0131m ve Afet Y\u00f6netimi b\u00f6l\u00fcm\u00fc, \u00f6\u011frencilerine ger\u00e7ek\u00e7i ve uygulamal\u0131 bir \u00f6\u011frenme deneyimi sunmaya odaklan\u0131r. \u00d6\u011frenciler, acil yard\u0131m ve afet y\u00f6netimi alan\u0131ndaki teorik bilgilerini peki\u015ftirmek i\u00e7in \u00e7e\u015fitli uygulamalar ve projelerle desteklenir.\n\nB\u00f6l\u00fcm\u00fcn e\u011fitim m\u00fcfredat\u0131, \u00f6\u011frencilerin farkl\u0131 afet senaryolar\u0131nda nas\u0131l davranmalar\u0131 gerekti\u011fini \u00f6\u011frenmelerine ve \u1ee9ng\u00fcsl\u00fc \u015fekilde karar almalar\u0131na yard\u0131mc\u0131 olur. \u00d6\u011frenciler ayr\u0131ca, acil yard\u0131m ekiplerinin bir par\u00e7as\u0131 olarak \u00e7al\u0131\u015farak ger\u00e7ek hayattaki\u7ecf\u9a8c kazanma f\u0131rsat\u0131 bulurlar.\n\nAtat\u00fcrk \u00dcniversitesi Acil Yard\u0131m ve Afet Y\u00f6netimi b\u00f6l\u00fcm\u00fcnde \u00f6\u011frenci deneyimi, sadece derslerle s\u0131n\u0131rl\u0131 de\u011fildir. B\u00f6l\u00fcm, \u00f6\u011frencilerin sosyal sorumluluk projelerine kat\u0131l\u0131m\u0131n\u0131 te\u015fvik eder ve bu sayede \u00f6\u011frenciler toplumun farkl\u0131 kesimlerine ula\u015fma f\u0131rsat\u0131 bulurlar.\n\nBunun yan\u0131 s\u0131ra, b\u00f6l\u00fcm\u00fcn uzman akademisyenleri ve sekt\u00f6r profesyonelleriyle yak\u0131n i\u015fbirli\u011fi, \u00f6\u011frencilere sekt\u00f6r\u00fcn g\u00fcncel sorunlar\u0131 hakk\u0131nda bilgi edinme ve gelecekteki kariyerlerinde ba\u015far\u0131l\u0131 olma konusunda yard\u0131mc\u0131 olur. \u00d6\u011frencilerin kendi ilgi alanlar\u0131na g\u00f6re geli\u015fmelerine olanak tan\u0131yan \u00e7e\u015fitli kul\u00fcpler ve topluluklar da b\u00f6l\u00fcm\u00fcn bir par\u00e7as\u0131d\u0131r.\n\nSonu\u00e7 olarak, Atat\u00fcrk \u00dcniversitesi Acil Yard\u0131m ve Afet Y\u00f6netimi b\u00f6l\u00fcm\u00fcnde \u00f6\u011frenci deneyimi, teorik bilgi ile pratik uygulamalar\u0131n birle\u015fti\u011fi kapsaml\u0131 bir e\u011fitim anlay\u0131\u015f\u0131n\u0131 yans\u0131t\u0131r. \u00d6\u011frenciler, sadece akademik Success de\u011fil, ayn\u0131 zamanda ki\u015fisel geli\u015fim ve topluma katk\u0131da bulunma f\u0131rsatlar\u0131n\u0131 da elde ederler.<\/p>\n\t\t\t\t\t\t\t\t\n\t\t\t\t\t\t\t\t<div class=\"info\">\n\t\t\t\t\t\t\t\t\t\t\t\t\t\t\t\t\t\t<div class=\"name-job\">\n\t\t\t\t\t\t\t\t\t\t\t\t\t\t\t\t\t\t\t\t\t<p class=\"name second_font\">Atat\u00fcrk \u00dcniversitesi Acil Yard\u0131m ve Afet Y\u00f6netimi b\u00f6l\u00fcm\u00fc, \u00f6\u011frencilerine ger\u00e7ek\u00e7i ve uygulamal\u0131 bir \u00f6\u011frenme deneyimi sunmaya odaklan\u0131r. \u00d6\u011frenciler, acil yard\u0131m ve afet y\u00f6netimi alan\u0131ndaki teorik bilgilerini peki\u015ftirmek i\u00e7in \u00e7e\u015fitli uygulamalar ve projelerle desteklenir.\n\nB\u00f6l\u00fcm\u00fcn e\u011fitim m\u00fcfredat\u0131, \u00f6\u011frencilerin farkl\u0131 afet senaryolar\u0131nda nas\u0131l davranmalar\u0131 gerekti\u011fini \u00f6\u011frenmelerine ve \u1ee9ng\u00fcsl\u00fc \u015fekilde karar almalar\u0131na yard\u0131mc\u0131 olur. \u00d6\u011frenciler ayr\u0131ca, acil yard\u0131m ekiplerinin bir par\u00e7as\u0131 olarak \u00e7al\u0131\u015farak ger\u00e7ek hayattaki\u7ecf\u9a8c kazanma f\u0131rsat\u0131 bulurlar.\n\nAtat\u00fcrk \u00dcniversitesi Acil Yard\u0131m ve Afet Y\u00f6netimi b\u00f6l\u00fcm\u00fcnde \u00f6\u011frenci deneyimi, sadece derslerle s\u0131n\u0131rl\u0131 de\u011fildir. B\u00f6l\u00fcm, \u00f6\u011frencilerin sosyal sorumluluk projelerine kat\u0131l\u0131m\u0131n\u0131 te\u015fvik eder ve bu sayede \u00f6\u011frenciler toplumun farkl\u0131 kesimlerine ula\u015fma f\u0131rsat\u0131 bulurlar.\n\nBunun yan\u0131 s\u0131ra, b\u00f6l\u00fcm\u00fcn uzman akademisyenleri ve sekt\u00f6r profesyonelleriyle yak\u0131n i\u015fbirli\u011fi, \u00f6\u011frencilere sekt\u00f6r\u00fcn g\u00fcncel sorunlar\u0131 hakk\u0131nda bilgi edinme ve gelecekteki kariyerlerinde ba\u015far\u0131l\u0131 olma konusunda yard\u0131mc\u0131 olur. \u00d6\u011frencilerin kendi ilgi alanlar\u0131na g\u00f6re geli\u015fmelerine olanak tan\u0131yan \u00e7e\u015fitli kul\u00fcpler ve topluluklar da b\u00f6l\u00fcm\u00fcn bir par\u00e7as\u0131d\u0131r.\n\nSonu\u00e7 olarak, Atat\u00fcrk \u00dcniversitesi Acil Yard\u0131m ve Afet Y\u00f6netimi b\u00f6l\u00fcm\u00fcnde \u00f6\u011frenci deneyimi, teorik bilgi ile pratik uygulamalar\u0131n birle\u015fti\u011fi kapsaml\u0131 bir e\u011fitim anlay\u0131\u015f\u0131n\u0131 yans\u0131t\u0131r. \u00d6\u011frenciler, sadece akademik Success de\u011fil, ayn\u0131 zamanda ki\u015fisel geli\u015fim ve topluma katk\u0131da bulunma f\u0131rsatlar\u0131n\u0131 da elde ederler.<\/p>\n\t\t\t\t\t\t\t\t\t\t\t\t\t\t\t\t\t\t\t\t\t\t\t\t\t\t\t\t\t\t\t<p class=\"job\">Atat\u00fcrk \u00dcniversitesi Acil Yard\u0131m ve Afet Y\u00f6netimi b\u00f6l\u00fcm\u00fc, \u00f6\u011frencilerine ger\u00e7ek\u00e7i ve uygulamal\u0131 bir \u00f6\u011frenme deneyimi sunmaya odaklan\u0131r. \u00d6\u011frenciler, acil yard\u0131m ve afet y\u00f6netimi alan\u0131ndaki teorik bilgilerini peki\u015ftirmek i\u00e7in \u00e7e\u015fitli uygulamalar ve projelerle desteklenir.\n\nB\u00f6l\u00fcm\u00fcn e\u011fitim m\u00fcfredat\u0131, \u00f6\u011frencilerin farkl\u0131 afet senaryolar\u0131nda nas\u0131l davranmalar\u0131 gerekti\u011fini \u00f6\u011frenmelerine ve \u1ee9ng\u00fcsl\u00fc \u015fekilde karar almalar\u0131na yard\u0131mc\u0131 olur. \u00d6\u011frenciler ayr\u0131ca, acil yard\u0131m ekiplerinin bir par\u00e7as\u0131 olarak \u00e7al\u0131\u015farak ger\u00e7ek hayattaki\u7ecf\u9a8c kazanma f\u0131rsat\u0131 bulurlar.\n\nAtat\u00fcrk \u00dcniversitesi Acil Yard\u0131m ve Afet Y\u00f6netimi b\u00f6l\u00fcm\u00fcnde \u00f6\u011frenci deneyimi, sadece derslerle s\u0131n\u0131rl\u0131 de\u011fildir. B\u00f6l\u00fcm, \u00f6\u011frencilerin sosyal sorumluluk projelerine kat\u0131l\u0131m\u0131n\u0131 te\u015fvik eder ve bu sayede \u00f6\u011frenciler toplumun farkl\u0131 kesimlerine ula\u015fma f\u0131rsat\u0131 bulurlar.\n\nBunun yan\u0131 s\u0131ra, b\u00f6l\u00fcm\u00fcn uzman akademisyenleri ve sekt\u00f6r profesyonelleriyle yak\u0131n i\u015fbirli\u011fi, \u00f6\u011frencilere sekt\u00f6r\u00fcn g\u00fcncel sorunlar\u0131 hakk\u0131nda bilgi edinme ve gelecekteki kariyerlerinde ba\u015far\u0131l\u0131 olma konusunda yard\u0131mc\u0131 olur. \u00d6\u011frencilerin kendi ilgi alanlar\u0131na g\u00f6re geli\u015fmelerine olanak tan\u0131yan \u00e7e\u015fitli kul\u00fcpler ve topluluklar da b\u00f6l\u00fcm\u00fcn bir par\u00e7as\u0131d\u0131r.\n\nSonu\u00e7 olarak, Atat\u00fcrk \u00dcniversitesi Acil Yard\u0131m ve Afet Y\u00f6netimi b\u00f6l\u00fcm\u00fcnde \u00f6\u011frenci deneyimi, teorik bilgi ile pratik uygulamalar\u0131n birle\u015fti\u011fi kapsaml\u0131 bir e\u011fitim anlay\u0131\u015f\u0131n\u0131 yans\u0131t\u0131r. \u00d6\u011frenciler, sadece akademik Success de\u011fil, ayn\u0131 zamanda ki\u015fisel geli\u015fim ve topluma katk\u0131da bulunma f\u0131rsatlar\u0131n\u0131 da elde ederler.<\/p>\n\t\t\t\t\t\t\t\t\t\t\t\t\t\t\t\t\t\t\t<\/div>\n\t\t\t\t\t\t\t\t<\/div>\n\t\t\t\t\t\t\t\t\n\t\t\t\t\t\t\t\t\t\t\t\t\t\t\t\t\t<div class=\"icon-quote\">\n\t\t\t\t\t\t\t\t\t\t<span class=\"flaticon-left-quote-1\"><\/span>\n\t\t\t\t\t\t\t\t\t<\/div>\n\t\t\t\t\t\t\t\t\t\t\t\t\t\t\t<\/div>\n\t\t\t\t\t\t<\/div>\n\t\t\t\t\t\t\t\t\t<\/div>\n\t\t\t<\/section>\n\n\t\t\t\t\n\t\t\t\t\t\t<\/div>\n\t\t\t\t<\/div>\n\t\t\t\t\t<\/div>\n\t\t<\/div>\n\t\t\t\t\t<\/div>\n\t\t<\/section>\n\t\t\t\t<\/div>\n\t\t","protected":false},"excerpt":{"rendered":"<p>\u00d6\u011frenci Deneyimi Lorem Ipsum Nedir? Lorem Ipsum, dizgi ve bask\u0131 end\u00fcstrisinde kullan\u0131lan m\u0131g\u0131r metinlerdir. Lorem Ipsum, ad\u0131 bilinmeyen bir matbaac\u0131n\u0131n bir hurufat numune kitab\u0131 olu\u015fturmak \u00fczere bir yaz\u0131 galerisini alarak kar\u0131\u015ft\u0131rd\u0131\u011f\u0131 1500&#039;lerden beri end\u00fcstri standard\u0131 sahte metinler olarak kullan\u0131lm\u0131\u015ft\u0131r. Be\u015fy\u00fcz y\u0131l boyunca varl\u0131\u011f\u0131n\u0131 s\u00fcrd\u00fcrmekle kalmam\u0131\u015f, ayn\u0131 zamanda pek de\u011fi\u015fmeden elektronik dizgiye de s\u0131\u00e7ram\u0131\u015ft\u0131r. 1960&#039;larda Lorem [&hellip;]<\/p>\n","protected":false},"author":1,"featured_media":0,"parent":0,"menu_order":0,"comment_status":"closed","ping_status":"closed","template":"elementor_header_footer","meta":{"footnotes":""},"class_list":["post-5734","page","type-page","status-publish","hentry"],"_links":{"self":[{"href":"https:\/\/atauni.edu.tr\/acil-yardim-ve-afet-yonetimi\/wp-json\/wp\/v2\/pages\/5734","targetHints":{"allow":["GET"]}}],"collection":[{"href":"https:\/\/atauni.edu.tr\/acil-yardim-ve-afet-yonetimi\/wp-json\/wp\/v2\/pages"}],"about":[{"href":"https:\/\/atauni.edu.tr\/acil-yardim-ve-afet-yonetimi\/wp-json\/wp\/v2\/types\/page"}],"author":[{"embeddable":true,"href":"https:\/\/atauni.edu.tr\/acil-yardim-ve-afet-yonetimi\/wp-json\/wp\/v2\/users\/1"}],"replies":[{"embeddable":true,"href":"https:\/\/atauni.edu.tr\/acil-yardim-ve-afet-yonetimi\/wp-json\/wp\/v2\/comments?post=5734"}],"version-history":[{"count":20,"href":"https:\/\/atauni.edu.tr\/acil-yardim-ve-afet-yonetimi\/wp-json\/wp\/v2\/pages\/5734\/revisions"}],"predecessor-version":[{"id":6103,"href":"https:\/\/atauni.edu.tr\/acil-yardim-ve-afet-yonetimi\/wp-json\/wp\/v2\/pages\/5734\/revisions\/6103"}],"wp:attachment":[{"href":"https:\/\/atauni.edu.tr\/acil-yardim-ve-afet-yonetimi\/wp-json\/wp\/v2\/media?parent=5734"}],"curies":[{"name":"wp","href":"https:\/\/api.w.org\/{rel}","templated":true}]}}