{"id":5765,"date":"2021-07-13T12:56:51","date_gmt":"2021-07-13T09:56:51","guid":{"rendered":"https:\/\/portaltest.atauni.edu.tr\/bilgisayar-muhendisligi\/?page_id=5765"},"modified":"2021-08-27T15:48:18","modified_gmt":"2021-08-27T12:48:18","slug":"anabilim-dallari","status":"publish","type":"page","link":"https:\/\/atauni.edu.tr\/acil-yardim-ve-afet-yonetimi\/anabilim-dallari\/","title":{"rendered":"Anabilim Dallar\u0131"},"content":{"rendered":"\t\t<div data-elementor-type=\"wp-page\" data-elementor-id=\"5765\" class=\"elementor elementor-5765\" data-elementor-post-type=\"page\">\n\t\t\t\t\t\t<section class=\"elementor-section elementor-top-section elementor-element elementor-element-730d320 elementor-section-boxed elementor-section-height-default elementor-section-height-default\" data-id=\"730d320\" data-element_type=\"section\">\n\t\t\t\t\t\t<div class=\"elementor-container elementor-column-gap-default\">\n\t\t\t\t\t<div class=\"elementor-column elementor-col-100 elementor-top-column elementor-element elementor-element-753d0860\" data-id=\"753d0860\" data-element_type=\"column\">\n\t\t\t<div class=\"elementor-widget-wrap\">\n\t\t\t\t\t\t\t<\/div>\n\t\t<\/div>\n\t\t\t\t\t<\/div>\n\t\t<\/section>\n\t\t\t\t<section class=\"elementor-section elementor-top-section elementor-element elementor-element-9be811a elementor-section-boxed elementor-section-height-default elementor-section-height-default\" data-id=\"9be811a\" data-element_type=\"section\">\n\t\t\t\t\t\t<div class=\"elementor-container elementor-column-gap-default\">\n\t\t\t\t\t<div class=\"elementor-column elementor-col-100 elementor-top-column elementor-element elementor-element-1ed847b7\" data-id=\"1ed847b7\" data-element_type=\"column\">\n\t\t\t<div class=\"elementor-widget-wrap elementor-element-populated\">\n\t\t\t\t\t\t<div class=\"elementor-element elementor-element-4ce0d07f elementor-widget elementor-widget-heading\" data-id=\"4ce0d07f\" data-element_type=\"widget\" data-widget_type=\"heading.default\">\n\t\t\t\t<div class=\"elementor-widget-container\">\n\t\t\t\t\t<h2 class=\"elementor-heading-title elementor-size-default\">Anabilim Dallar\u0131<\/h2>\t\t\t\t<\/div>\n\t\t\t\t<\/div>\n\t\t\t\t<div class=\"elementor-element elementor-element-63260862 elementor-widget-divider--view-line elementor-widget elementor-widget-divider\" data-id=\"63260862\" data-element_type=\"widget\" data-widget_type=\"divider.default\">\n\t\t\t\t<div class=\"elementor-widget-container\">\n\t\t\t\t\t\t\t<div class=\"elementor-divider\">\n\t\t\t<span class=\"elementor-divider-separator\">\n\t\t\t\t\t\t<\/span>\n\t\t<\/div>\n\t\t\t\t\t\t<\/div>\n\t\t\t\t<\/div>\n\t\t\t\t\t<\/div>\n\t\t<\/div>\n\t\t\t\t\t<\/div>\n\t\t<\/section>\n\t\t\t\t<section class=\"elementor-section elementor-top-section elementor-element elementor-element-681db8b elementor-section-boxed elementor-section-height-default elementor-section-height-default\" data-id=\"681db8b\" data-element_type=\"section\">\n\t\t\t\t\t\t<div class=\"elementor-container elementor-column-gap-default\">\n\t\t\t\t\t<div class=\"elementor-column elementor-col-100 elementor-top-column elementor-element elementor-element-ad4dac5\" data-id=\"ad4dac5\" data-element_type=\"column\">\n\t\t\t<div class=\"elementor-widget-wrap elementor-element-populated\">\n\t\t\t\t\t\t<div class=\"elementor-element elementor-element-2f96b3d elementor-widget elementor-widget-text-editor\" data-id=\"2f96b3d\" data-element_type=\"widget\" data-widget_type=\"text-editor.default\">\n\t\t\t\t<div class=\"elementor-widget-container\">\n\t\t\t\t\t\t\t\t\t<p>Anabilim dallar\u0131, akademik bir yap\u0131n\u0131n temel ta\u015flar\u0131n\u0131 olu\u015fturur. Bu dallar, bilginin derinle\u015ftirilmesi ve yeni bilgiler \u00fcretilmesi i\u00e7in \u00f6zel alanlarda odaklanma sa\u011flar.<\/p>\n<p>Acil Yard\u0131m ve Afet Y\u00f6netimi gibi kritik alanlarda anabilim dallar\u0131 \u00f6zellikle \u00f6nemlidir. \u00c7\u00fcnk\u00fc bu alanda uzmanla\u015fma, hayat kurtarmaya ve afetlerin etkilerini minimize etmeye direkt olarak katk\u0131da bulunur.<\/p>\n<p>Anabilim dallar\u0131n\u0131n \u00e7e\u015fitlili\u011fi, \u00f6\u011frencilere geni\u015f bir yelpaze sunar ve onlar\u0131 kendi ilgi ve yeteneklerine g\u00f6re y\u00f6nlendirir. Bu, daha spesifik ve derinlemesine bir e\u011fitim olanaklar\u0131 sa\u011flar.<\/p>\n<p>\u00d6rne\u011fin, t\u0131bbi acil yard\u0131m anabilim dal\u0131nda, \u00f6\u011frenciler acil t\u0131p ilkeleri, travma y\u00f6netimi, kardiyopulmoner res\u00fcsitasyon gibi konularda uzmanla\u015fabilir. Benzer \u015fekilde, afet y\u00f6netimi anabilim dal\u0131nda, \u00f6\u011frenciler afetlerin \u00f6nlenmesi, haz\u0131rl\u0131kl\u0131 olunmas\u0131, m\u00fcdahale ve rehabilitasyon s\u00fcre\u00e7leri hakk\u0131nda bilgi sahibi olurlar.<\/p>\n<p>Bu dallar, sadece teorik bilgiyi aktarmakla kalmaz, ayn\u0131 zamanda pratik becerilerin geli\u015ftirilmesine de odaklan\u0131r. Stajlar, sim\u00fclasyon \u00e7al\u0131\u015fmalar\u0131 ve uygulamal\u0131 projelerle \u00f6\u011frenciler ger\u00e7ek ya\u015fam ko\u015fullar\u0131na haz\u0131rlan\u0131r.<\/p>\n<p>Sonu\u00e7 olarak, anabilim dallar\u0131, disiplinler aras\u0131 bir yakla\u015f\u0131m sunarak \u00f6\u011frencilere gelecekteki meslek ya\u015famlar\u0131nda kar\u015f\u0131la\u015ft\u0131klar\u0131 karma\u015f\u0131k sorunlar\u0131 \u00e7\u00f6zme becerisi kazand\u0131r\u0131r. B\u00f6ylece, toplumun ihtiya\u00e7 duydu\u011fu uzmanlar\u0131 yeti\u015ftirmek a\u00e7\u0131s\u0131ndan kritik bir rol oynarlar.<\/p>\t\t\t\t\t\t\t\t<\/div>\n\t\t\t\t<\/div>\n\t\t\t\t\t<\/div>\n\t\t<\/div>\n\t\t\t\t\t<\/div>\n\t\t<\/section>\n\t\t\t\t<\/div>\n\t\t","protected":false},"excerpt":{"rendered":"<p>Anabilim Dallar\u0131 Lorem Ipsum Nedir? Lorem Ipsum, dizgi ve bask\u0131 end\u00fcstrisinde kullan\u0131lan m\u0131g\u0131r metinlerdir. Lorem Ipsum, ad\u0131 bilinmeyen bir matbaac\u0131n\u0131n bir hurufat numune kitab\u0131 olu\u015fturmak \u00fczere bir yaz\u0131 galerisini alarak kar\u0131\u015ft\u0131rd\u0131\u011f\u0131 1500&#8217;lerden beri end\u00fcstri standard\u0131 sahte metinler olarak kullan\u0131lm\u0131\u015ft\u0131r. Be\u015fy\u00fcz y\u0131l boyunca varl\u0131\u011f\u0131n\u0131 s\u00fcrd\u00fcrmekle kalmam\u0131\u015f, ayn\u0131 zamanda pek de\u011fi\u015fmeden elektronik dizgiye de s\u0131\u00e7ram\u0131\u015ft\u0131r. 1960&#8217;larda Lorem [&hellip;]<\/p>\n","protected":false},"author":1,"featured_media":0,"parent":0,"menu_order":0,"comment_status":"closed","ping_status":"closed","template":"elementor_header_footer","meta":{"footnotes":""},"class_list":["post-5765","page","type-page","status-publish","hentry"],"_links":{"self":[{"href":"https:\/\/atauni.edu.tr\/acil-yardim-ve-afet-yonetimi\/wp-json\/wp\/v2\/pages\/5765","targetHints":{"allow":["GET"]}}],"collection":[{"href":"https:\/\/atauni.edu.tr\/acil-yardim-ve-afet-yonetimi\/wp-json\/wp\/v2\/pages"}],"about":[{"href":"https:\/\/atauni.edu.tr\/acil-yardim-ve-afet-yonetimi\/wp-json\/wp\/v2\/types\/page"}],"author":[{"embeddable":true,"href":"https:\/\/atauni.edu.tr\/acil-yardim-ve-afet-yonetimi\/wp-json\/wp\/v2\/users\/1"}],"replies":[{"embeddable":true,"href":"https:\/\/atauni.edu.tr\/acil-yardim-ve-afet-yonetimi\/wp-json\/wp\/v2\/comments?post=5765"}],"version-history":[{"count":8,"href":"https:\/\/atauni.edu.tr\/acil-yardim-ve-afet-yonetimi\/wp-json\/wp\/v2\/pages\/5765\/revisions"}],"predecessor-version":[{"id":6082,"href":"https:\/\/atauni.edu.tr\/acil-yardim-ve-afet-yonetimi\/wp-json\/wp\/v2\/pages\/5765\/revisions\/6082"}],"wp:attachment":[{"href":"https:\/\/atauni.edu.tr\/acil-yardim-ve-afet-yonetimi\/wp-json\/wp\/v2\/media?parent=5765"}],"curies":[{"name":"wp","href":"https:\/\/api.w.org\/{rel}","templated":true}]}}