{"id":5638,"date":"2021-07-13T09:49:25","date_gmt":"2021-07-13T06:49:25","guid":{"rendered":"https:\/\/portaltest.atauni.edu.tr\/bilgisayar-muhendisligi\/?page_id=5638"},"modified":"2021-09-13T10:21:35","modified_gmt":"2021-09-13T07:21:35","slug":"tarihce","status":"publish","type":"page","link":"https:\/\/atauni.edu.tr\/adalet\/tarihce\/","title":{"rendered":"Tarih\u00e7e"},"content":{"rendered":"\t\t<div data-elementor-type=\"wp-page\" data-elementor-id=\"5638\" class=\"elementor elementor-5638\" data-elementor-post-type=\"page\">\n\t\t\t\t\t\t<section class=\"elementor-section elementor-top-section elementor-element elementor-element-730d320 elementor-section-boxed elementor-section-height-default elementor-section-height-default\" data-id=\"730d320\" data-element_type=\"section\">\n\t\t\t\t\t\t<div class=\"elementor-container elementor-column-gap-default\">\n\t\t\t\t\t<div class=\"elementor-column elementor-col-100 elementor-top-column elementor-element elementor-element-753d0860\" data-id=\"753d0860\" data-element_type=\"column\">\n\t\t\t<div class=\"elementor-widget-wrap\">\n\t\t\t\t\t\t\t<\/div>\n\t\t<\/div>\n\t\t\t\t\t<\/div>\n\t\t<\/section>\n\t\t\t\t<section class=\"elementor-section elementor-top-section elementor-element elementor-element-9be811a elementor-section-boxed elementor-section-height-default elementor-section-height-default\" data-id=\"9be811a\" data-element_type=\"section\">\n\t\t\t\t\t\t<div class=\"elementor-container elementor-column-gap-default\">\n\t\t\t\t\t<div class=\"elementor-column elementor-col-100 elementor-top-column elementor-element elementor-element-1ed847b7\" data-id=\"1ed847b7\" data-element_type=\"column\">\n\t\t\t<div class=\"elementor-widget-wrap elementor-element-populated\">\n\t\t\t\t\t\t<div class=\"elementor-element elementor-element-4ce0d07f elementor-widget elementor-widget-heading\" data-id=\"4ce0d07f\" data-element_type=\"widget\" data-widget_type=\"heading.default\">\n\t\t\t\t<div class=\"elementor-widget-container\">\n\t\t\t\t\t<h2 class=\"elementor-heading-title elementor-size-default\">Tarih\u00e7e<\/h2>\t\t\t\t<\/div>\n\t\t\t\t<\/div>\n\t\t\t\t<div class=\"elementor-element elementor-element-63260862 elementor-widget-divider--view-line elementor-widget elementor-widget-divider\" data-id=\"63260862\" data-element_type=\"widget\" data-widget_type=\"divider.default\">\n\t\t\t\t<div class=\"elementor-widget-container\">\n\t\t\t\t\t\t\t<div class=\"elementor-divider\">\n\t\t\t<span class=\"elementor-divider-separator\">\n\t\t\t\t\t\t<\/span>\n\t\t<\/div>\n\t\t\t\t\t\t<\/div>\n\t\t\t\t<\/div>\n\t\t\t\t\t<\/div>\n\t\t<\/div>\n\t\t\t\t\t<\/div>\n\t\t<\/section>\n\t\t\t\t<section class=\"elementor-section elementor-top-section elementor-element elementor-element-681db8b elementor-section-boxed elementor-section-height-default elementor-section-height-default\" data-id=\"681db8b\" data-element_type=\"section\">\n\t\t\t\t\t\t<div class=\"elementor-container elementor-column-gap-default\">\n\t\t\t\t\t<div class=\"elementor-column elementor-col-100 elementor-top-column elementor-element elementor-element-ad4dac5\" data-id=\"ad4dac5\" data-element_type=\"column\">\n\t\t\t<div class=\"elementor-widget-wrap elementor-element-populated\">\n\t\t\t\t\t\t<div class=\"elementor-element elementor-element-2f96b3d elementor-widget elementor-widget-text-editor\" data-id=\"2f96b3d\" data-element_type=\"widget\" data-widget_type=\"text-editor.default\">\n\t\t\t\t<div class=\"elementor-widget-container\">\n\t\t\t\t\t\t\t\t\t<p>Atat\u00fcrk \u00dcniversitesi Adalet Program\u0131n\u0131n k\u00f6keni, \u00fclkenin adalet sistemini g\u00fc\u00e7lendirmek ve bu alanda e\u011fitimli ki\u015filer yeti\u015ftirmek amac\u0131na dayanmaktad\u0131r. <\/p>\n<p>Program\u0131nhistorik geli\u015fimi, T\u00fcrkiye&#8217;nin hukuk alan\u0131ndaki ihtiya\u00e7lar\u0131na cevap vermek \u00fczere \u015fekillenmi\u015ftir. Adalet sisteminin temel ta\u015flar\u0131n\u0131 olu\u015fturan personelin yeti\u015ftirilmesi i\u00e7in \u00f6nemli bir rol \u00fcstlenmektedir. <\/p>\n<p>E\u011fitim ve \u00f6\u011fretim faaliyetleri kapsam\u0131nda, \u00f6\u011frencilere teorik ve pratik bilgiler verilerek, adalet sistemi i\u00e7erisinde etkili bir \u015fekilde \u00e7al\u0131\u015fabilmeleri sa\u011flanmaktad\u0131r. <\/p>\n<p>Program\u0131n zaman i\u00e7inde geli\u015fimi, \u00fclkenin de\u011fi\u015fen ihtiya\u00e7lar\u0131na ba\u011fl\u0131 olarak g\u00fcncellenmi\u015f ve zenginle\u015ftirilmi\u015ftir. Bu sayede, mezunlar\u0131n ger\u00e7ek hayattaki sorunlara \u00e7\u00f6z\u00fcm \u00fcretme yetenekleri t\u0103ng\u0131r\u0131lm\u0131\u015ft\u0131r. <\/p>\n<p>Atat\u00fcrk \u00dcniversitesi Adalet Program\u0131, adalet sistemini daha da g\u00fc\u00e7lendirmek amac\u0131yla e\u011fitim vermeye devam etmektedir. Gelecek nesillerin adalet anlay\u0131\u015f\u0131n\u0131 \u015fekillendirmede \u00f6nemli bir rol oynamay\u0131 s\u00fcrd\u00fcrmektedir.<\/p>\t\t\t\t\t\t\t\t<\/div>\n\t\t\t\t<\/div>\n\t\t\t\t\t<\/div>\n\t\t<\/div>\n\t\t\t\t\t<\/div>\n\t\t<\/section>\n\t\t\t\t<\/div>\n\t\t","protected":false},"excerpt":{"rendered":"<p>Tarih\u00e7e Lorem Ipsum Nedir? Lorem Ipsum, dizgi ve bask\u0131 end\u00fcstrisinde kullan\u0131lan m\u0131g\u0131r metinlerdir. Lorem Ipsum, ad\u0131 bilinmeyen bir matbaac\u0131n\u0131n bir hurufat numune kitab\u0131 olu\u015fturmak \u00fczere bir yaz\u0131 galerisini alarak kar\u0131\u015ft\u0131rd\u0131\u011f\u0131 1500&#8217;lerden beri end\u00fcstri standard\u0131 sahte metinler olarak kullan\u0131lm\u0131\u015ft\u0131r. Be\u015fy\u00fcz y\u0131l boyunca varl\u0131\u011f\u0131n\u0131 s\u00fcrd\u00fcrmekle kalmam\u0131\u015f, ayn\u0131 zamanda pek de\u011fi\u015fmeden elektronik dizgiye de s\u0131\u00e7ram\u0131\u015ft\u0131r. 1960&#8217;larda Lorem Ipsum [&hellip;]<\/p>\n","protected":false},"author":1,"featured_media":0,"parent":0,"menu_order":0,"comment_status":"closed","ping_status":"closed","template":"","meta":{"footnotes":""},"class_list":["post-5638","page","type-page","status-publish","hentry"],"_links":{"self":[{"href":"https:\/\/atauni.edu.tr\/adalet\/wp-json\/wp\/v2\/pages\/5638","targetHints":{"allow":["GET"]}}],"collection":[{"href":"https:\/\/atauni.edu.tr\/adalet\/wp-json\/wp\/v2\/pages"}],"about":[{"href":"https:\/\/atauni.edu.tr\/adalet\/wp-json\/wp\/v2\/types\/page"}],"author":[{"embeddable":true,"href":"https:\/\/atauni.edu.tr\/adalet\/wp-json\/wp\/v2\/users\/1"}],"replies":[{"embeddable":true,"href":"https:\/\/atauni.edu.tr\/adalet\/wp-json\/wp\/v2\/comments?post=5638"}],"version-history":[{"count":22,"href":"https:\/\/atauni.edu.tr\/adalet\/wp-json\/wp\/v2\/pages\/5638\/revisions"}],"predecessor-version":[{"id":6117,"href":"https:\/\/atauni.edu.tr\/adalet\/wp-json\/wp\/v2\/pages\/5638\/revisions\/6117"}],"wp:attachment":[{"href":"https:\/\/atauni.edu.tr\/adalet\/wp-json\/wp\/v2\/media?parent=5638"}],"curies":[{"name":"wp","href":"https:\/\/api.w.org\/{rel}","templated":true}]}}