{"id":6602,"date":"2024-12-06T15:30:53","date_gmt":"2024-12-06T12:30:53","guid":{"rendered":"https:\/\/birimler.atauni.edu.tr\/afet-haberlesmesi-ve-teknolojileri-koordinatorlugu\/?page_id=6602"},"modified":"2025-03-18T12:01:40","modified_gmt":"2025-03-18T09:01:40","slug":"toplumsal-katki","status":"publish","type":"page","link":"https:\/\/atauni.edu.tr\/afet-haberlesmesi-ve-teknolojileri-koordinatorlugu\/toplumsal-katki\/","title":{"rendered":"Toplumsal Katk\u0131"},"content":{"rendered":"\t\t<div data-elementor-type=\"wp-page\" data-elementor-id=\"6602\" class=\"elementor elementor-6602\" data-elementor-post-type=\"page\">\n\t\t\t\t\t\t<section class=\"elementor-section elementor-top-section elementor-element elementor-element-e10420f elementor-section-boxed elementor-section-height-default elementor-section-height-default\" data-id=\"e10420f\" data-element_type=\"section\">\n\t\t\t\t\t\t<div class=\"elementor-container elementor-column-gap-default\">\n\t\t\t\t\t<div class=\"elementor-column elementor-col-100 elementor-top-column elementor-element elementor-element-dda75c6\" data-id=\"dda75c6\" data-element_type=\"column\">\n\t\t\t<div class=\"elementor-widget-wrap elementor-element-populated\">\n\t\t\t\t\t\t<div class=\"elementor-element elementor-element-c877966 elementor-widget elementor-widget-spacer\" data-id=\"c877966\" data-element_type=\"widget\" data-widget_type=\"spacer.default\">\n\t\t\t\t<div class=\"elementor-widget-container\">\n\t\t\t\t\t\t\t<div class=\"elementor-spacer\">\n\t\t\t<div class=\"elementor-spacer-inner\"><\/div>\n\t\t<\/div>\n\t\t\t\t\t\t<\/div>\n\t\t\t\t<\/div>\n\t\t\t\t\t<\/div>\n\t\t<\/div>\n\t\t\t\t\t<\/div>\n\t\t<\/section>\n\t\t\t\t<section class=\"elementor-section elementor-top-section elementor-element elementor-element-de441be elementor-section-boxed elementor-section-height-default elementor-section-height-default\" data-id=\"de441be\" data-element_type=\"section\">\n\t\t\t\t\t\t<div class=\"elementor-container elementor-column-gap-default\">\n\t\t\t\t\t<div class=\"elementor-column elementor-col-100 elementor-top-column elementor-element elementor-element-df039b6\" data-id=\"df039b6\" data-element_type=\"column\">\n\t\t\t<div class=\"elementor-widget-wrap elementor-element-populated\">\n\t\t\t\t\t\t<div class=\"elementor-element elementor-element-944b652 elementor-widget elementor-widget-heading\" data-id=\"944b652\" data-element_type=\"widget\" data-widget_type=\"heading.default\">\n\t\t\t\t<div class=\"elementor-widget-container\">\n\t\t\t\t\t<h2 class=\"elementor-heading-title elementor-size-default\">Toplumsal Katk\u0131<\/h2>\t\t\t\t<\/div>\n\t\t\t\t<\/div>\n\t\t\t\t<div class=\"elementor-element elementor-element-0858e68 elementor-widget-divider--view-line elementor-widget elementor-widget-divider\" data-id=\"0858e68\" data-element_type=\"widget\" data-widget_type=\"divider.default\">\n\t\t\t\t<div class=\"elementor-widget-container\">\n\t\t\t\t\t\t\t<div class=\"elementor-divider\">\n\t\t\t<span class=\"elementor-divider-separator\">\n\t\t\t\t\t\t<\/span>\n\t\t<\/div>\n\t\t\t\t\t\t<\/div>\n\t\t\t\t<\/div>\n\t\t\t\t\t<\/div>\n\t\t<\/div>\n\t\t\t\t\t<\/div>\n\t\t<\/section>\n\t\t\t\t<section class=\"elementor-section elementor-top-section elementor-element elementor-element-c0ee50e elementor-section-boxed elementor-section-height-default elementor-section-height-default\" data-id=\"c0ee50e\" data-element_type=\"section\">\n\t\t\t\t\t\t<div class=\"elementor-container elementor-column-gap-default\">\n\t\t\t\t\t<div class=\"elementor-column elementor-col-100 elementor-top-column elementor-element elementor-element-fb8fc57\" data-id=\"fb8fc57\" data-element_type=\"column\">\n\t\t\t<div class=\"elementor-widget-wrap elementor-element-populated\">\n\t\t\t\t\t\t<div class=\"elementor-element elementor-element-29d48d3 elementor-widget elementor-widget-spacer\" data-id=\"29d48d3\" data-element_type=\"widget\" data-widget_type=\"spacer.default\">\n\t\t\t\t<div class=\"elementor-widget-container\">\n\t\t\t\t\t\t\t<div class=\"elementor-spacer\">\n\t\t\t<div class=\"elementor-spacer-inner\"><\/div>\n\t\t<\/div>\n\t\t\t\t\t\t<\/div>\n\t\t\t\t<\/div>\n\t\t\t\t\t<\/div>\n\t\t<\/div>\n\t\t\t\t\t<\/div>\n\t\t<\/section>\n\t\t\t\t<section class=\"elementor-section elementor-top-section elementor-element elementor-element-cf1d43c elementor-section-boxed elementor-section-height-default elementor-section-height-default\" data-id=\"cf1d43c\" data-element_type=\"section\">\n\t\t\t\t\t\t<div class=\"elementor-container elementor-column-gap-default\">\n\t\t\t\t\t<div class=\"elementor-column elementor-col-100 elementor-top-column elementor-element elementor-element-eaf430d\" data-id=\"eaf430d\" data-element_type=\"column\">\n\t\t\t<div class=\"elementor-widget-wrap elementor-element-populated\">\n\t\t\t\t\t\t<div class=\"elementor-element elementor-element-05bfee4 elementor-widget elementor-widget-heading\" data-id=\"05bfee4\" data-element_type=\"widget\" data-widget_type=\"heading.default\">\n\t\t\t\t<div class=\"elementor-widget-container\">\n\t\t\t\t\t<h2 class=\"elementor-heading-title elementor-size-default\">Hizmet \u0130\u00e7i E\u011fitim<\/h2>\t\t\t\t<\/div>\n\t\t\t\t<\/div>\n\t\t\t\t<div class=\"elementor-element elementor-element-97d5e8f elementor-widget-divider--view-line elementor-widget elementor-widget-divider\" data-id=\"97d5e8f\" data-element_type=\"widget\" data-widget_type=\"divider.default\">\n\t\t\t\t<div class=\"elementor-widget-container\">\n\t\t\t\t\t\t\t<div class=\"elementor-divider\">\n\t\t\t<span class=\"elementor-divider-separator\">\n\t\t\t\t\t\t<\/span>\n\t\t<\/div>\n\t\t\t\t\t\t<\/div>\n\t\t\t\t<\/div>\n\t\t\t\t\t<\/div>\n\t\t<\/div>\n\t\t\t\t\t<\/div>\n\t\t<\/section>\n\t\t\t\t<section class=\"elementor-section elementor-top-section elementor-element elementor-element-2b0b015 elementor-section-boxed elementor-section-height-default elementor-section-height-default\" data-id=\"2b0b015\" data-element_type=\"section\">\n\t\t\t\t\t\t<div class=\"elementor-container elementor-column-gap-default\">\n\t\t\t\t\t<div class=\"elementor-column elementor-col-100 elementor-top-column elementor-element elementor-element-49f73ae\" data-id=\"49f73ae\" data-element_type=\"column\">\n\t\t\t<div class=\"elementor-widget-wrap elementor-element-populated\">\n\t\t\t\t\t\t<div class=\"elementor-element elementor-element-63f1980 elementor-widget elementor-widget-text-editor\" data-id=\"63f1980\" data-element_type=\"widget\" data-widget_type=\"text-editor.default\">\n\t\t\t\t<div class=\"elementor-widget-container\">\n\t\t\t\t\t\t\t\t\t<p><strong>1.<\/strong> Enstit\u00fc m\u00fcd\u00fcr yard\u0131mc\u0131m\u0131z Do\u00e7. Dr. Ceyhun OZAN, 1 ve 3 Aral\u0131k 2020 tarihlerinde Erzurum Mill\u00ee E\u011fitim M\u00fcd\u00fcrl\u00fc\u011f\u00fcne ba\u011fl\u0131 okullarda g\u00f6revli t\u00fcm ilkokul ve ortaokul \u00f6\u011fretmenlerine &#8220;\u00c7oktan Se\u00e7meli Soru Haz\u0131rlama ve Madde Analizi&#8221; konulu hizmet i\u00e7i e\u011fitim vermi\u015ftir.<\/p><p><strong>2.<\/strong> Enstit\u00fc m\u00fcd\u00fcr yard\u0131mc\u0131m\u0131z Do\u00e7. Dr. Ceyhun OZAN, 8 ve 11 \u015eubat 2021 tarihleri aras\u0131nda Artvin Mill\u00ee E\u011fitim M\u00fcd\u00fcrl\u00fc\u011f\u00fcne ba\u011fl\u0131 okullarda g\u00f6revli t\u00fcm ortaokul ve lise \u00f6\u011fretmenlerine &#8220;\u00c7oktan Se\u00e7meli Soru Haz\u0131rlama ve Madde Analizi&#8221; konulu hizmet i\u00e7i e\u011fitim vermi\u015ftir.<\/p><p><strong>3.<\/strong> Enstit\u00fc m\u00fcd\u00fcr yard\u0131mc\u0131m\u0131z Do\u00e7. Dr. Ceyhun OZAN, 27 \u015eubat 2021 tarihinde Erzurum Mill\u00ee E\u011fitim M\u00fcd\u00fcrl\u00fc\u011f\u00fcne ba\u011fl\u0131 meslek liselerinde g\u00f6revli \u00f6\u011fretmenlere &#8220;Tamamlay\u0131c\u0131 De\u011ferlendirme Y\u00f6ntemleri&#8221; konulu hizmet i\u00e7i e\u011fitim vermi\u015ftir.<\/p><p><strong>4.<\/strong> Enstit\u00fc m\u00fcd\u00fcr yard\u0131mc\u0131m\u0131z Do\u00e7. Dr. Ceyhun OZAN, 06 Temmuz 2021 tarihinde Atat\u00fcrk \u00dcniversitesi Uzaktan E\u011fitim ve Uygulama Merkezi taraf\u0131ndan d\u00fczenlenen &#8220;Pandemi Sonras\u0131 Uzaktan E\u011fitim Uygulamalar\u0131 \u00c7al\u0131\u015ftay\u0131&#8221;na kat\u0131lm\u0131\u015ft\u0131r.<\/p><p><strong>5.<\/strong> Enstit\u00fc m\u00fcd\u00fcr yard\u0131mc\u0131m\u0131z Do\u00e7. Dr. Ceyhun OZAN, 06 Temmuz 2021 tarihinde Atat\u00fcrk \u00dcniversitesi Uzaktan E\u011fitim ve Uygulama Merkezi taraf\u0131ndan d\u00fczenlenen &#8220;Pandemi Sonras\u0131 Uzaktan E\u011fitim Uygulamalar\u0131 \u00c7al\u0131\u015ftay\u0131 2&#8243;ye kat\u0131lm\u0131\u015ft\u0131r.<\/p><p><strong>6.<\/strong> Enstit\u00fc m\u00fcd\u00fcr yard\u0131mc\u0131m\u0131z Do\u00e7. Dr. Ceyhun OZAN, 15 ve 19 Kas\u0131m 2021 tarihleri aras\u0131nda Atat\u00fcrk \u00dcniversitesi S\u00fcrekli E\u011fitim Merkezinin d\u00fczenledi\u011fi e\u011fitim kapsam\u0131nda KUDAKA personeline &#8220;Ara\u015ft\u0131rma Y\u00f6ntemleri ve Veri De\u011ferlendirme E\u011fitimi&#8221; konulu e\u011fitim vermi\u015ftir.<\/p><p><strong>7.<\/strong> Enstit\u00fc m\u00fcd\u00fcr yard\u0131mc\u0131m\u0131z Do\u00e7. Dr. Ceyhun OZAN, 16 \u015eubat 2022 tarihinde Atat\u00fcrk \u00dcniversitesi \u00d6\u011fretme ve \u00d6\u011frenmeyi Geli\u015ftirme Uygulama ve Ara\u015ft\u0131rma Merkezinin d\u00fczenledi\u011fi e\u011fitim kapsam\u0131nda akademik personellere y\u00f6nelik &#8220;G\u00fcncel \u00d6\u011fretim Y\u00f6ntem ve Teknikleri&#8221; konulu e\u011fitim vermi\u015ftir.<\/p><p><strong>8.<\/strong> Enstit\u00fc m\u00fcd\u00fcr yard\u0131mc\u0131m\u0131z Do\u00e7. Dr. Ceyhun OZAN, 30.05.2022-03.06.2022 tarihleri aras\u0131nda Mill\u00ee E\u011fitim Bakanl\u0131\u011f\u0131 taraf\u0131ndan lise \u00f6\u011fretmenlerine y\u00f6nelik d\u00fczenlenen &#8220;Program Okuryazarl\u0131k E\u011fitici E\u011fitimi&#8221; konulu hizmet i\u00e7i e\u011fitim vermi\u015ftir.<\/p><p><strong>9.<\/strong> Enstit\u00fc m\u00fcd\u00fcr yard\u0131mc\u0131m\u0131z Do\u00e7. Dr. Ceyhun OZAN, 19.09.2022-30.09.2022 tarihleri aras\u0131nda Erzurum Mill\u00ee E\u011fitim M\u00fcd\u00fcrl\u00fc\u011f\u00fc taraf\u0131ndan lise \u00f6\u011fretmenlerine y\u00f6nelik d\u00fczenlenen &#8220;Proje Y\u00f6netim S\u00fcreci&#8221; konulu e\u011fitim vermi\u015ftir.<\/p><p><strong>10.<\/strong> Enstit\u00fc m\u00fcd\u00fcr yard\u0131mc\u0131m\u0131z Do\u00e7. Dr. Ceyhun OZAN, 07-08 Ekim 2022 tarihleri aras\u0131nda Atat\u00fcrk \u00dcniversitesi \u00d6\u011fretme ve \u00d6\u011frenmeyi Geli\u015ftirme Uygulama ve Ara\u015ft\u0131rma Merkezinin d\u00fczenledi\u011fi &#8220;Harmanlanm\u0131\u015f \u00d6\u011fretim Uygulamalar\u0131 E\u011fitimi&#8221; kapsam\u0131nda akademik personellere y\u00f6nelik &#8220;Harmanlanm\u0131\u015f \u00d6\u011frenmede G\u00fcncel \u00d6\u011fretim Y\u00f6ntem ve Teknikleri&#8221; konulu e\u011fitim vermi\u015ftir.<\/p><p><strong>11.<\/strong> Enstit\u00fc m\u00fcd\u00fcr yard\u0131mc\u0131m\u0131z Do\u00e7. Dr. Ceyhun OZAN, 14 Kas\u0131m 2022 tarihinde Atat\u00fcrk \u00dcniversitesi Hem\u015firelik Fak\u00fcltesi taraf\u0131ndan d\u00fczenlenen &#8220;Hem\u015firelik E\u011fitiminde \u00d6l\u00e7me De\u011ferlendirme \u00c7al\u0131\u015ftay\u0131&#8221;nda &#8220;Soru Analizi&#8221; konulu e\u011fitim vermi\u015ftir.<\/p><p><strong>12.<\/strong> Enstit\u00fc m\u00fcd\u00fcr yard\u0131mc\u0131m\u0131z Do\u00e7. Dr. Ceyhun OZAN, 16-17 Aral\u0131k 2022 tarihleri aras\u0131nda Atat\u00fcrk \u00dcniversitesi \u00d6\u011fretme ve \u00d6\u011frenmeyi Geli\u015ftirme Uygulama ve Ara\u015ft\u0131rma Merkezinin d\u00fczenledi\u011fi &#8220;Harmanlanm\u0131\u015f \u00d6\u011fretim Uygulamalar\u0131 E\u011fitimi 2&#8221; kapsam\u0131nda akademik personellere y\u00f6nelik &#8220;Harmanlanm\u0131\u015f \u00d6\u011frenmede G\u00fcncel \u00d6\u011fretim Y\u00f6ntem ve Teknikleri&#8221; konulu e\u011fitim vermi\u015ftir.<\/p><p><strong>13.<\/strong> Enstit\u00fc m\u00fcd\u00fcr yard\u0131mc\u0131m\u0131z Do\u00e7. Dr. Ceyhun OZAN, 21-22 Ocak 2023 tarihleri aras\u0131nda Ondokuz May\u0131s \u00dcniversitesi taraf\u0131ndan ger\u00e7ekle\u015ftirilen &#8220;Mill\u00ee Maarif D\u00fc\u015f\u00fcncemizin Temelleri \u00c7al\u0131\u015ftay\u0131&#8221;na \u201c\u0130bn Tufeyl\u201d ba\u015fl\u0131kl\u0131 s\u00f6zl\u00fc sunumuyla kat\u0131lm\u0131\u015ft\u0131r.<\/p>\t\t\t\t\t\t\t\t<\/div>\n\t\t\t\t<\/div>\n\t\t\t\t\t<\/div>\n\t\t<\/div>\n\t\t\t\t\t<\/div>\n\t\t<\/section>\n\t\t\t\t<section class=\"elementor-section elementor-top-section elementor-element elementor-element-cfd3568 elementor-section-boxed elementor-section-height-default elementor-section-height-default\" data-id=\"cfd3568\" data-element_type=\"section\">\n\t\t\t\t\t\t<div class=\"elementor-container elementor-column-gap-default\">\n\t\t\t\t\t<div class=\"elementor-column elementor-col-100 elementor-top-column elementor-element elementor-element-376b47a\" data-id=\"376b47a\" data-element_type=\"column\">\n\t\t\t<div class=\"elementor-widget-wrap elementor-element-populated\">\n\t\t\t\t\t\t<div class=\"elementor-element elementor-element-2ca1396 elementor-widget elementor-widget-spacer\" data-id=\"2ca1396\" data-element_type=\"widget\" data-widget_type=\"spacer.default\">\n\t\t\t\t<div class=\"elementor-widget-container\">\n\t\t\t\t\t\t\t<div class=\"elementor-spacer\">\n\t\t\t<div class=\"elementor-spacer-inner\"><\/div>\n\t\t<\/div>\n\t\t\t\t\t\t<\/div>\n\t\t\t\t<\/div>\n\t\t\t\t\t<\/div>\n\t\t<\/div>\n\t\t\t\t\t<\/div>\n\t\t<\/section>\n\t\t\t\t<section class=\"elementor-section elementor-top-section elementor-element elementor-element-a867595 elementor-section-boxed elementor-section-height-default elementor-section-height-default\" data-id=\"a867595\" data-element_type=\"section\">\n\t\t\t\t\t\t<div class=\"elementor-container elementor-column-gap-default\">\n\t\t\t\t\t<div class=\"elementor-column elementor-col-100 elementor-top-column elementor-element elementor-element-a25dba8\" data-id=\"a25dba8\" data-element_type=\"column\">\n\t\t\t<div class=\"elementor-widget-wrap elementor-element-populated\">\n\t\t\t\t\t\t<div class=\"elementor-element elementor-element-5f1f1aa elementor-widget elementor-widget-heading\" data-id=\"5f1f1aa\" data-element_type=\"widget\" data-widget_type=\"heading.default\">\n\t\t\t\t<div class=\"elementor-widget-container\">\n\t\t\t\t\t<h2 class=\"elementor-heading-title elementor-size-default\">Panel<\/h2>\t\t\t\t<\/div>\n\t\t\t\t<\/div>\n\t\t\t\t<div class=\"elementor-element elementor-element-9efcbac elementor-widget-divider--view-line elementor-widget elementor-widget-divider\" data-id=\"9efcbac\" data-element_type=\"widget\" data-widget_type=\"divider.default\">\n\t\t\t\t<div class=\"elementor-widget-container\">\n\t\t\t\t\t\t\t<div class=\"elementor-divider\">\n\t\t\t<span class=\"elementor-divider-separator\">\n\t\t\t\t\t\t<\/span>\n\t\t<\/div>\n\t\t\t\t\t\t<\/div>\n\t\t\t\t<\/div>\n\t\t\t\t\t<\/div>\n\t\t<\/div>\n\t\t\t\t\t<\/div>\n\t\t<\/section>\n\t\t\t\t<section class=\"elementor-section elementor-top-section elementor-element elementor-element-e06ebe3 elementor-section-boxed elementor-section-height-default elementor-section-height-default\" data-id=\"e06ebe3\" data-element_type=\"section\">\n\t\t\t\t\t\t<div class=\"elementor-container elementor-column-gap-default\">\n\t\t\t\t\t<div class=\"elementor-column elementor-col-100 elementor-top-column elementor-element elementor-element-df0d42e\" data-id=\"df0d42e\" data-element_type=\"column\">\n\t\t\t<div class=\"elementor-widget-wrap elementor-element-populated\">\n\t\t\t\t\t\t<div class=\"elementor-element elementor-element-9c43134 elementor-widget elementor-widget-text-editor\" data-id=\"9c43134\" data-element_type=\"widget\" data-widget_type=\"text-editor.default\">\n\t\t\t\t<div class=\"elementor-widget-container\">\n\t\t\t\t\t\t\t\t\t<p>Enstit\u00fc m\u00fcd\u00fcr\u00fcm\u00fcz Prof. Dr. Adnan K\u00fc\u00e7\u00fcko\u011flu, 24.12.2020 tarihinde \u00e7evrim i\u00e7i olarak d\u00fczenlenen II. T\u00fcrk E\u011fitim Kongresi, &#8220;21. Y\u00fczy\u0131lda \u00d6\u011fretmen Yeti\u015ftirme: Beklentiler ve \u00c7\u00f6z\u00fcmler&#8221; ba\u015fl\u0131kl\u0131 a\u00e7\u0131l\u0131\u015f panelinde panelist olarak sunum yapm\u0131\u015ft\u0131r.<\/p>\t\t\t\t\t\t\t\t<\/div>\n\t\t\t\t<\/div>\n\t\t\t\t\t<\/div>\n\t\t<\/div>\n\t\t\t\t\t<\/div>\n\t\t<\/section>\n\t\t\t\t<section class=\"elementor-section elementor-top-section elementor-element elementor-element-5bd05f6 elementor-section-boxed elementor-section-height-default elementor-section-height-default\" data-id=\"5bd05f6\" data-element_type=\"section\">\n\t\t\t\t\t\t<div class=\"elementor-container elementor-column-gap-default\">\n\t\t\t\t\t<div class=\"elementor-column elementor-col-100 elementor-top-column elementor-element elementor-element-37619e3\" data-id=\"37619e3\" data-element_type=\"column\">\n\t\t\t<div class=\"elementor-widget-wrap elementor-element-populated\">\n\t\t\t\t\t\t<div class=\"elementor-element elementor-element-3bc52aa elementor-icon-list--layout-traditional elementor-list-item-link-full_width elementor-widget elementor-widget-icon-list\" data-id=\"3bc52aa\" data-element_type=\"widget\" data-widget_type=\"icon-list.default\">\n\t\t\t\t<div class=\"elementor-widget-container\">\n\t\t\t\t\t\t\t<ul class=\"elementor-icon-list-items\">\n\t\t\t\t\t\t\t<li class=\"elementor-icon-list-item\">\n\t\t\t\t\t\t\t\t\t\t\t<a href=\"https:\/\/atauni.edu.tr\/yuklemeler\/f2fe1f87c236bb98ffc13736a7993525.pdf\">\n\n\t\t\t\t\t\t\t\t\t\t\t\t<span class=\"elementor-icon-list-icon\">\n\t\t\t\t\t\t\t<i aria-hidden=\"true\" class=\"fas fa-link\"><\/i>\t\t\t\t\t\t<\/span>\n\t\t\t\t\t\t\t\t\t\t<span class=\"elementor-icon-list-text\">Kongre Program\u0131<\/span>\n\t\t\t\t\t\t\t\t\t\t\t<\/a>\n\t\t\t\t\t\t\t\t\t<\/li>\n\t\t\t\t\t\t<\/ul>\n\t\t\t\t\t\t<\/div>\n\t\t\t\t<\/div>\n\t\t\t\t\t<\/div>\n\t\t<\/div>\n\t\t\t\t\t<\/div>\n\t\t<\/section>\n\t\t\t\t<section class=\"elementor-section elementor-top-section elementor-element elementor-element-44ad8f7 elementor-section-boxed elementor-section-height-default elementor-section-height-default\" data-id=\"44ad8f7\" data-element_type=\"section\">\n\t\t\t\t\t\t<div class=\"elementor-container elementor-column-gap-default\">\n\t\t\t\t\t<div class=\"elementor-column elementor-col-100 elementor-top-column elementor-element elementor-element-897cf7f\" data-id=\"897cf7f\" data-element_type=\"column\">\n\t\t\t<div class=\"elementor-widget-wrap elementor-element-populated\">\n\t\t\t\t\t\t<div class=\"elementor-element elementor-element-5abeba6 elementor-widget elementor-widget-spacer\" data-id=\"5abeba6\" data-element_type=\"widget\" data-widget_type=\"spacer.default\">\n\t\t\t\t<div class=\"elementor-widget-container\">\n\t\t\t\t\t\t\t<div class=\"elementor-spacer\">\n\t\t\t<div class=\"elementor-spacer-inner\"><\/div>\n\t\t<\/div>\n\t\t\t\t\t\t<\/div>\n\t\t\t\t<\/div>\n\t\t\t\t\t<\/div>\n\t\t<\/div>\n\t\t\t\t\t<\/div>\n\t\t<\/section>\n\t\t\t\t<section class=\"elementor-section elementor-top-section elementor-element elementor-element-55bbb75 elementor-section-boxed elementor-section-height-default elementor-section-height-default\" data-id=\"55bbb75\" data-element_type=\"section\">\n\t\t\t\t\t\t<div class=\"elementor-container elementor-column-gap-default\">\n\t\t\t\t\t<div class=\"elementor-column elementor-col-100 elementor-top-column elementor-element elementor-element-7729b5e\" data-id=\"7729b5e\" data-element_type=\"column\" data-settings=\"{&quot;background_background&quot;:&quot;classic&quot;}\">\n\t\t\t<div class=\"elementor-widget-wrap elementor-element-populated\">\n\t\t\t\t\t\t<section class=\"elementor-section elementor-inner-section elementor-element elementor-element-e28ead8 elementor-section-boxed elementor-section-height-default elementor-section-height-default\" data-id=\"e28ead8\" data-element_type=\"section\" data-settings=\"{&quot;background_background&quot;:&quot;classic&quot;}\">\n\t\t\t\t\t\t<div class=\"elementor-container elementor-column-gap-default\">\n\t\t\t\t\t<div class=\"elementor-column elementor-col-100 elementor-inner-column elementor-element elementor-element-0b0fdb3\" data-id=\"0b0fdb3\" data-element_type=\"column\">\n\t\t\t<div class=\"elementor-widget-wrap elementor-element-populated\">\n\t\t\t\t\t\t<div class=\"elementor-element elementor-element-6f2d510 elementor-widget elementor-widget-heading\" data-id=\"6f2d510\" data-element_type=\"widget\" data-widget_type=\"heading.default\">\n\t\t\t\t<div class=\"elementor-widget-container\">\n\t\t\t\t\t<h2 class=\"elementor-heading-title elementor-size-default\">\u0130\u00e7erik Haz\u0131rlama Uyar\u0131s\u0131 !<\/h2>\t\t\t\t<\/div>\n\t\t\t\t<\/div>\n\t\t\t\t<div class=\"elementor-element elementor-element-5d13c67 elementor-widget elementor-widget-text-editor\" data-id=\"5d13c67\" data-element_type=\"widget\" data-widget_type=\"text-editor.default\">\n\t\t\t\t<div class=\"elementor-widget-container\">\n\t\t\t\t\t\t\t\t\t<p>Fak\u00fcltemizin \u00fcniversite-toplum ili\u015fkileri kapsam\u0131nda y\u00fcr\u00fctt\u00fc\u011f\u00fc faaliyetleri, sosyal sorumluluk projelerini ve toplumsal katk\u0131 alan\u0131ndaki \u00e7al\u0131\u015fmalar\u0131n\u0131 yans\u0131tmak amac\u0131yla haz\u0131rlanm\u0131\u015ft\u0131r. Bu do\u011frultuda i\u00e7erik olu\u015fturulurken kurumsal b\u00fct\u00fcnl\u00fc\u011fe uygun, sade, a\u00e7\u0131k ve akademik bir dil kullan\u0131lmas\u0131na \u00f6zen g\u00f6sterilmelidir. Toplumsal katk\u0131 ba\u015fl\u0131\u011f\u0131 alt\u0131nda sunulacak i\u00e7erikler, kurumun toplumla kurdu\u011fu ba\u011f\u0131 g\u00f6r\u00fcn\u00fcr k\u0131lmal\u0131; e\u011fitim, k\u00fclt\u00fcr, sanat, sa\u011fl\u0131k, \u00e7evre, sosyal sorumluluk ve kamu i\u015f birli\u011fi gibi alanlardaki somut faaliyetleri yans\u0131tmal\u0131d\u0131r. Yaln\u0131zca faaliyet ad\u0131 vermek yeterli de\u011fildir; etkinliklerin kapsam\u0131, hedef kitlesi, topluma sa\u011flad\u0131\u011f\u0131 fayda ve \u00e7\u0131kt\u0131lar\u0131 k\u0131sa ve \u00f6z bi\u00e7imde a\u00e7\u0131klanmal\u0131d\u0131r. \u0130\u00e7eriklerde gereksiz uzunluklardan ve a\u015f\u0131r\u0131 teknik ifadelerden ka\u00e7\u0131n\u0131lmal\u0131; metinler, genel kullan\u0131c\u0131 kitlesi taraf\u0131ndan kolayca anla\u015f\u0131labilir nitelikte olmal\u0131d\u0131r. Ayr\u0131ca, eklenecek g\u00f6rseller, haber ba\u011flant\u0131lar\u0131 veya dok\u00fcmanlar d\u00fczenli \u015fekilde sisteme y\u00fcklenmeli, ilgili dosya adlar\u0131 ve a\u00e7\u0131klamalar titizlikle belirtilmelidir. Kurumsal yap\u0131 i\u00e7erisinde \u00fcslup ve i\u00e7erik b\u00fct\u00fcnl\u00fc\u011f\u00fcn\u00fcn korunabilmesi ad\u0131na, sayfa d\u00fczenlemelerinin bu ilkelere uygun olarak yap\u0131lmas\u0131 b\u00fcy\u00fck \u00f6nem ta\u015f\u0131maktad\u0131r. Eksik veya uygun olmayan i\u00e7erikler sistemsel b\u00fct\u00fcnl\u00fc\u011f\u00fc ve kurumsal imaj\u0131 zedeleyebilece\u011finden, i\u00e7erik giri\u015fleri dikkatle ger\u00e7ekle\u015ftirilmelidir.<\/p>\t\t\t\t\t\t\t\t<\/div>\n\t\t\t\t<\/div>\n\t\t\t\t\t<\/div>\n\t\t<\/div>\n\t\t\t\t\t<\/div>\n\t\t<\/section>\n\t\t\t\t\t<\/div>\n\t\t<\/div>\n\t\t\t\t\t<\/div>\n\t\t<\/section>\n\t\t\t\t<section class=\"elementor-section elementor-top-section elementor-element elementor-element-14f1464 elementor-section-boxed elementor-section-height-default elementor-section-height-default\" data-id=\"14f1464\" data-element_type=\"section\">\n\t\t\t\t\t\t<div class=\"elementor-container elementor-column-gap-default\">\n\t\t\t\t\t<div class=\"elementor-column elementor-col-100 elementor-top-column elementor-element elementor-element-03b4c89\" data-id=\"03b4c89\" data-element_type=\"column\">\n\t\t\t<div class=\"elementor-widget-wrap elementor-element-populated\">\n\t\t\t\t\t\t<div class=\"elementor-element elementor-element-2c85556 elementor-widget elementor-widget-spacer\" data-id=\"2c85556\" data-element_type=\"widget\" data-widget_type=\"spacer.default\">\n\t\t\t\t<div class=\"elementor-widget-container\">\n\t\t\t\t\t\t\t<div class=\"elementor-spacer\">\n\t\t\t<div class=\"elementor-spacer-inner\"><\/div>\n\t\t<\/div>\n\t\t\t\t\t\t<\/div>\n\t\t\t\t<\/div>\n\t\t\t\t\t<\/div>\n\t\t<\/div>\n\t\t\t\t\t<\/div>\n\t\t<\/section>\n\t\t\t\t<\/div>\n\t\t","protected":false},"excerpt":{"rendered":"<p>Toplumsal Katk\u0131 Hizmet \u0130\u00e7i E\u011fitim 1. Enstit\u00fc m\u00fcd\u00fcr yard\u0131mc\u0131m\u0131z Do\u00e7. Dr. Ceyhun OZAN, 1 ve 3 Aral\u0131k 2020 tarihlerinde Erzurum Mill\u00ee E\u011fitim M\u00fcd\u00fcrl\u00fc\u011f\u00fcne ba\u011fl\u0131 okullarda g\u00f6revli t\u00fcm ilkokul ve ortaokul \u00f6\u011fretmenlerine &#8220;\u00c7oktan Se\u00e7meli Soru Haz\u0131rlama ve Madde Analizi&#8221; konulu hizmet i\u00e7i e\u011fitim vermi\u015ftir. 2. Enstit\u00fc m\u00fcd\u00fcr yard\u0131mc\u0131m\u0131z Do\u00e7. Dr. Ceyhun OZAN, 8 ve 11 \u015eubat [&hellip;]<\/p>\n","protected":false},"author":239,"featured_media":0,"parent":0,"menu_order":0,"comment_status":"closed","ping_status":"closed","template":"elementor_header_footer","meta":{"footnotes":""},"class_list":["post-6602","page","type-page","status-publish","hentry"],"_links":{"self":[{"href":"https:\/\/atauni.edu.tr\/afet-haberlesmesi-ve-teknolojileri-koordinatorlugu\/wp-json\/wp\/v2\/pages\/6602","targetHints":{"allow":["GET"]}}],"collection":[{"href":"https:\/\/atauni.edu.tr\/afet-haberlesmesi-ve-teknolojileri-koordinatorlugu\/wp-json\/wp\/v2\/pages"}],"about":[{"href":"https:\/\/atauni.edu.tr\/afet-haberlesmesi-ve-teknolojileri-koordinatorlugu\/wp-json\/wp\/v2\/types\/page"}],"author":[{"embeddable":true,"href":"https:\/\/atauni.edu.tr\/afet-haberlesmesi-ve-teknolojileri-koordinatorlugu\/wp-json\/wp\/v2\/users\/239"}],"replies":[{"embeddable":true,"href":"https:\/\/atauni.edu.tr\/afet-haberlesmesi-ve-teknolojileri-koordinatorlugu\/wp-json\/wp\/v2\/comments?post=6602"}],"version-history":[{"count":22,"href":"https:\/\/atauni.edu.tr\/afet-haberlesmesi-ve-teknolojileri-koordinatorlugu\/wp-json\/wp\/v2\/pages\/6602\/revisions"}],"predecessor-version":[{"id":8610,"href":"https:\/\/atauni.edu.tr\/afet-haberlesmesi-ve-teknolojileri-koordinatorlugu\/wp-json\/wp\/v2\/pages\/6602\/revisions\/8610"}],"wp:attachment":[{"href":"https:\/\/atauni.edu.tr\/afet-haberlesmesi-ve-teknolojileri-koordinatorlugu\/wp-json\/wp\/v2\/media?parent=6602"}],"curies":[{"name":"wp","href":"https:\/\/api.w.org\/{rel}","templated":true}]}}