{"id":8575,"date":"2025-03-12T08:23:13","date_gmt":"2025-03-12T05:23:13","guid":{"rendered":"https:\/\/birimler.atauni.edu.tr\/afet-haberlesmesi-ve-teknolojileri-koordinatorlugu\/?page_id=8575"},"modified":"2025-03-12T08:43:09","modified_gmt":"2025-03-12T05:43:09","slug":"organizasyon-semasi","status":"publish","type":"page","link":"https:\/\/atauni.edu.tr\/afet-haberlesmesi-ve-teknolojileri-koordinatorlugu\/organizasyon-semasi\/","title":{"rendered":"Organizasyon \u015eemas\u0131"},"content":{"rendered":"\t\t<div data-elementor-type=\"wp-page\" data-elementor-id=\"8575\" class=\"elementor elementor-8575\" data-elementor-post-type=\"page\">\n\t\t\t\t\t\t<section class=\"elementor-section elementor-top-section elementor-element elementor-element-83722e4 elementor-section-boxed elementor-section-height-default elementor-section-height-default\" data-id=\"83722e4\" data-element_type=\"section\">\n\t\t\t\t\t\t<div class=\"elementor-container elementor-column-gap-default\">\n\t\t\t\t\t<div class=\"elementor-column elementor-col-100 elementor-top-column elementor-element elementor-element-c8defb2\" data-id=\"c8defb2\" data-element_type=\"column\">\n\t\t\t<div class=\"elementor-widget-wrap elementor-element-populated\">\n\t\t\t\t\t\t<div class=\"elementor-element elementor-element-be148f8 elementor-widget elementor-widget-spacer\" data-id=\"be148f8\" data-element_type=\"widget\" data-widget_type=\"spacer.default\">\n\t\t\t\t<div class=\"elementor-widget-container\">\n\t\t\t\t\t\t\t<div class=\"elementor-spacer\">\n\t\t\t<div class=\"elementor-spacer-inner\"><\/div>\n\t\t<\/div>\n\t\t\t\t\t\t<\/div>\n\t\t\t\t<\/div>\n\t\t\t\t\t<\/div>\n\t\t<\/div>\n\t\t\t\t\t<\/div>\n\t\t<\/section>\n\t\t\t\t<section class=\"elementor-section elementor-top-section elementor-element elementor-element-f252515 elementor-section-boxed elementor-section-height-default elementor-section-height-default\" data-id=\"f252515\" data-element_type=\"section\">\n\t\t\t\t\t\t<div class=\"elementor-container elementor-column-gap-default\">\n\t\t\t\t\t<div class=\"elementor-column elementor-col-100 elementor-top-column elementor-element elementor-element-b67366d\" data-id=\"b67366d\" data-element_type=\"column\">\n\t\t\t<div class=\"elementor-widget-wrap elementor-element-populated\">\n\t\t\t\t\t\t<div class=\"elementor-element elementor-element-d0bdd52 elementor-widget elementor-widget-heading\" data-id=\"d0bdd52\" data-element_type=\"widget\" data-widget_type=\"heading.default\">\n\t\t\t\t<div class=\"elementor-widget-container\">\n\t\t\t\t\t<h2 class=\"elementor-heading-title elementor-size-default\">Organizasyon \u015eemas\u0131<\/h2>\t\t\t\t<\/div>\n\t\t\t\t<\/div>\n\t\t\t\t<div class=\"elementor-element elementor-element-e1df410 elementor-widget-divider--view-line elementor-widget elementor-widget-divider\" data-id=\"e1df410\" data-element_type=\"widget\" data-widget_type=\"divider.default\">\n\t\t\t\t<div class=\"elementor-widget-container\">\n\t\t\t\t\t\t\t<div class=\"elementor-divider\">\n\t\t\t<span class=\"elementor-divider-separator\">\n\t\t\t\t\t\t<\/span>\n\t\t<\/div>\n\t\t\t\t\t\t<\/div>\n\t\t\t\t<\/div>\n\t\t\t\t\t<\/div>\n\t\t<\/div>\n\t\t\t\t\t<\/div>\n\t\t<\/section>\n\t\t\t\t<section class=\"elementor-section elementor-top-section elementor-element elementor-element-4e20f01 elementor-section-boxed elementor-section-height-default elementor-section-height-default\" data-id=\"4e20f01\" data-element_type=\"section\">\n\t\t\t\t\t\t<div class=\"elementor-container elementor-column-gap-default\">\n\t\t\t\t\t<div class=\"elementor-column elementor-col-100 elementor-top-column elementor-element elementor-element-b24608c\" data-id=\"b24608c\" data-element_type=\"column\">\n\t\t\t<div class=\"elementor-widget-wrap elementor-element-populated\">\n\t\t\t\t\t\t<div class=\"elementor-element elementor-element-e86cae7 elementor-widget elementor-widget-image\" data-id=\"e86cae7\" data-element_type=\"widget\" data-widget_type=\"image.default\">\n\t\t\t\t<div class=\"elementor-widget-container\">\n\t\t\t\t\t\t\t\t\t\t\t\t\t\t\t<img decoding=\"async\" src=\"https:\/\/birimler.atauni.edu.tr\/prestij\/wp-content\/uploads\/sites\/800\/2025\/03\/Ekran-Resmi-2025-03-12-08.36.18.png\" title=\"\" alt=\"\" loading=\"lazy\" \/>\t\t\t\t\t\t\t\t\t\t\t\t\t\t\t<\/div>\n\t\t\t\t<\/div>\n\t\t\t\t\t<\/div>\n\t\t<\/div>\n\t\t\t\t\t<\/div>\n\t\t<\/section>\n\t\t\t\t<section class=\"elementor-section elementor-top-section elementor-element elementor-element-cd944cf elementor-section-boxed elementor-section-height-default elementor-section-height-default\" data-id=\"cd944cf\" data-element_type=\"section\">\n\t\t\t\t\t\t<div class=\"elementor-container elementor-column-gap-default\">\n\t\t\t\t\t<div class=\"elementor-column elementor-col-100 elementor-top-column elementor-element elementor-element-a3ed2cb\" data-id=\"a3ed2cb\" data-element_type=\"column\">\n\t\t\t<div class=\"elementor-widget-wrap elementor-element-populated\">\n\t\t\t\t\t\t<div class=\"elementor-element elementor-element-0951740 elementor-widget elementor-widget-spacer\" data-id=\"0951740\" data-element_type=\"widget\" data-widget_type=\"spacer.default\">\n\t\t\t\t<div class=\"elementor-widget-container\">\n\t\t\t\t\t\t\t<div class=\"elementor-spacer\">\n\t\t\t<div class=\"elementor-spacer-inner\"><\/div>\n\t\t<\/div>\n\t\t\t\t\t\t<\/div>\n\t\t\t\t<\/div>\n\t\t\t\t\t<\/div>\n\t\t<\/div>\n\t\t\t\t\t<\/div>\n\t\t<\/section>\n\t\t\t\t<section class=\"elementor-section elementor-top-section elementor-element elementor-element-8d4d066 elementor-section-boxed elementor-section-height-default elementor-section-height-default\" data-id=\"8d4d066\" data-element_type=\"section\">\n\t\t\t\t\t\t<div class=\"elementor-container elementor-column-gap-default\">\n\t\t\t\t\t<div class=\"elementor-column elementor-col-100 elementor-top-column elementor-element elementor-element-fd3c65e\" data-id=\"fd3c65e\" data-element_type=\"column\">\n\t\t\t<div class=\"elementor-widget-wrap elementor-element-populated\">\n\t\t\t\t\t\t<div class=\"elementor-element elementor-element-8220a9e elementor-widget elementor-widget-heading\" data-id=\"8220a9e\" data-element_type=\"widget\" data-widget_type=\"heading.default\">\n\t\t\t\t<div class=\"elementor-widget-container\">\n\t\t\t\t\t<h2 class=\"elementor-heading-title elementor-size-default\">Organizasyon Metodolojisi<\/h2>\t\t\t\t<\/div>\n\t\t\t\t<\/div>\n\t\t\t\t<div class=\"elementor-element elementor-element-33e0c29 elementor-widget-divider--view-line elementor-widget elementor-widget-divider\" data-id=\"33e0c29\" data-element_type=\"widget\" data-widget_type=\"divider.default\">\n\t\t\t\t<div class=\"elementor-widget-container\">\n\t\t\t\t\t\t\t<div class=\"elementor-divider\">\n\t\t\t<span class=\"elementor-divider-separator\">\n\t\t\t\t\t\t<\/span>\n\t\t<\/div>\n\t\t\t\t\t\t<\/div>\n\t\t\t\t<\/div>\n\t\t\t\t\t<\/div>\n\t\t<\/div>\n\t\t\t\t\t<\/div>\n\t\t<\/section>\n\t\t\t\t<section class=\"elementor-section elementor-top-section elementor-element elementor-element-d431995 elementor-section-boxed elementor-section-height-default elementor-section-height-default\" data-id=\"d431995\" data-element_type=\"section\">\n\t\t\t\t\t\t<div class=\"elementor-container elementor-column-gap-default\">\n\t\t\t\t\t<div class=\"elementor-column elementor-col-100 elementor-top-column elementor-element elementor-element-80d46a2\" data-id=\"80d46a2\" data-element_type=\"column\">\n\t\t\t<div class=\"elementor-widget-wrap elementor-element-populated\">\n\t\t\t\t\t\t<div class=\"elementor-element elementor-element-45fb49a elementor-widget elementor-widget-image\" data-id=\"45fb49a\" data-element_type=\"widget\" data-widget_type=\"image.default\">\n\t\t\t\t<div class=\"elementor-widget-container\">\n\t\t\t\t\t\t\t\t\t\t\t\t\t\t\t<img decoding=\"async\" src=\"https:\/\/birimler.atauni.edu.tr\/prestij\/wp-content\/uploads\/sites\/800\/2025\/03\/sema-scaled.jpg\" title=\"\" alt=\"\" loading=\"lazy\" \/>\t\t\t\t\t\t\t\t\t\t\t\t\t\t\t<\/div>\n\t\t\t\t<\/div>\n\t\t\t\t\t<\/div>\n\t\t<\/div>\n\t\t\t\t\t<\/div>\n\t\t<\/section>\n\t\t\t\t<section class=\"elementor-section elementor-top-section elementor-element elementor-element-c11013b elementor-section-boxed elementor-section-height-default elementor-section-height-default\" data-id=\"c11013b\" data-element_type=\"section\">\n\t\t\t\t\t\t<div class=\"elementor-container elementor-column-gap-default\">\n\t\t\t\t\t<div class=\"elementor-column elementor-col-100 elementor-top-column elementor-element elementor-element-acab739\" data-id=\"acab739\" data-element_type=\"column\">\n\t\t\t<div class=\"elementor-widget-wrap elementor-element-populated\">\n\t\t\t\t\t\t<div class=\"elementor-element elementor-element-7375a9d elementor-widget elementor-widget-spacer\" data-id=\"7375a9d\" data-element_type=\"widget\" data-widget_type=\"spacer.default\">\n\t\t\t\t<div class=\"elementor-widget-container\">\n\t\t\t\t\t\t\t<div class=\"elementor-spacer\">\n\t\t\t<div class=\"elementor-spacer-inner\"><\/div>\n\t\t<\/div>\n\t\t\t\t\t\t<\/div>\n\t\t\t\t<\/div>\n\t\t\t\t\t<\/div>\n\t\t<\/div>\n\t\t\t\t\t<\/div>\n\t\t<\/section>\n\t\t\t\t<section class=\"elementor-section elementor-top-section elementor-element elementor-element-30d911e elementor-section-boxed elementor-section-height-default elementor-section-height-default\" data-id=\"30d911e\" data-element_type=\"section\">\n\t\t\t\t\t\t<div class=\"elementor-container elementor-column-gap-default\">\n\t\t\t\t\t<div class=\"elementor-column elementor-col-100 elementor-top-column elementor-element elementor-element-b0df9f9\" data-id=\"b0df9f9\" data-element_type=\"column\" data-settings=\"{&quot;background_background&quot;:&quot;classic&quot;}\">\n\t\t\t<div class=\"elementor-widget-wrap elementor-element-populated\">\n\t\t\t\t\t\t<section class=\"elementor-section elementor-inner-section elementor-element elementor-element-05af450 elementor-section-boxed elementor-section-height-default elementor-section-height-default\" data-id=\"05af450\" data-element_type=\"section\" data-settings=\"{&quot;background_background&quot;:&quot;classic&quot;}\">\n\t\t\t\t\t\t<div class=\"elementor-container elementor-column-gap-default\">\n\t\t\t\t\t<div class=\"elementor-column elementor-col-100 elementor-inner-column elementor-element elementor-element-26661f2\" data-id=\"26661f2\" data-element_type=\"column\">\n\t\t\t<div class=\"elementor-widget-wrap elementor-element-populated\">\n\t\t\t\t\t\t<div class=\"elementor-element elementor-element-178cec6 elementor-widget elementor-widget-heading\" data-id=\"178cec6\" data-element_type=\"widget\" data-widget_type=\"heading.default\">\n\t\t\t\t<div class=\"elementor-widget-container\">\n\t\t\t\t\t<h2 class=\"elementor-heading-title elementor-size-default\">\u0130\u00e7erik Haz\u0131rlama Uyar\u0131s\u0131 !<\/h2>\t\t\t\t<\/div>\n\t\t\t\t<\/div>\n\t\t\t\t<div class=\"elementor-element elementor-element-bf8ae11 elementor-widget elementor-widget-text-editor\" data-id=\"bf8ae11\" data-element_type=\"widget\" data-widget_type=\"text-editor.default\">\n\t\t\t\t<div class=\"elementor-widget-container\">\n\t\t\t\t\t\t\t\t\tKurumsal yap\u0131 i\u00e7erisinde i\u00e7eriklerin tutarl\u0131, anla\u015f\u0131l\u0131r ve \u00f6l\u00e7\u00fcl\u00fc bi\u00e7imde sunulmas\u0131 esas al\u0131nmal\u0131d\u0131r. Bu do\u011frultuda, fak\u00fclte organizasyon \u015femas\u0131 sekmesi de sade, i\u015flevsel ve g\u00f6rsel b\u00fct\u00fcnl\u00fc\u011f\u00fc destekleyen bir yakla\u015f\u0131mla d\u00fczenlenmelidir. Organizasyon \u015femas\u0131n\u0131n amac\u0131; y\u00f6netsel yap\u0131y\u0131 a\u00e7\u0131k bi\u00e7imde ifade etmek ve birimler aras\u0131 ili\u015fkileri yal\u0131n bir d\u00fczende ortaya koymakt\u0131r. Bu ba\u011flamda, \u015femada yaln\u0131zca gerekli kadro ve birim bilgilerine yer verilmesi, bilgi kirlili\u011fini \u00f6nleyecek ve kurumsal anlat\u0131m bi\u00e7imiyle \u00f6rt\u00fc\u015fecektir. A\u015f\u0131r\u0131 detayland\u0131r\u0131lm\u0131\u015f ya da eksik b\u0131rak\u0131lm\u0131\u015f \u015femalar, kullan\u0131c\u0131 deneyimini olumsuz etkileyebilece\u011fi gibi, i\u00e7erik b\u00fct\u00fcnl\u00fc\u011f\u00fcn\u00fc de zedeleyebilir. Bu nedenle, organizasyon \u015femas\u0131 sunumunda g\u00f6rsel d\u00fczen, terminolojik tutarl\u0131l\u0131k ve sade anlat\u0131m ilkeleri dikkate al\u0131nmal\u0131; kurumsal \u00fcsluba uygun olacak \u015fekilde gerekli d\u00fczenlemeler yap\u0131lmal\u0131d\u0131r.\t\t\t\t\t\t\t\t<\/div>\n\t\t\t\t<\/div>\n\t\t\t\t\t<\/div>\n\t\t<\/div>\n\t\t\t\t\t<\/div>\n\t\t<\/section>\n\t\t\t\t\t<\/div>\n\t\t<\/div>\n\t\t\t\t\t<\/div>\n\t\t<\/section>\n\t\t\t\t<\/div>\n\t\t","protected":false},"excerpt":{"rendered":"<p>Organizasyon \u015eemas\u0131 Organizasyon Metodolojisi \u0130\u00e7erik Haz\u0131rlama Uyar\u0131s\u0131 ! Kurumsal yap\u0131 i\u00e7erisinde i\u00e7eriklerin tutarl\u0131, anla\u015f\u0131l\u0131r ve \u00f6l\u00e7\u00fcl\u00fc bi\u00e7imde sunulmas\u0131 esas al\u0131nmal\u0131d\u0131r. Bu do\u011frultuda, fak\u00fclte organizasyon \u015femas\u0131 sekmesi de sade, i\u015flevsel ve g\u00f6rsel b\u00fct\u00fcnl\u00fc\u011f\u00fc destekleyen bir yakla\u015f\u0131mla d\u00fczenlenmelidir. Organizasyon \u015femas\u0131n\u0131n amac\u0131; y\u00f6netsel yap\u0131y\u0131 a\u00e7\u0131k bi\u00e7imde ifade etmek ve birimler aras\u0131 ili\u015fkileri yal\u0131n bir d\u00fczende ortaya koymakt\u0131r. Bu [&hellip;]<\/p>\n","protected":false},"author":239,"featured_media":0,"parent":0,"menu_order":0,"comment_status":"closed","ping_status":"closed","template":"","meta":{"footnotes":""},"class_list":["post-8575","page","type-page","status-publish","hentry"],"_links":{"self":[{"href":"https:\/\/atauni.edu.tr\/afet-haberlesmesi-ve-teknolojileri-koordinatorlugu\/wp-json\/wp\/v2\/pages\/8575","targetHints":{"allow":["GET"]}}],"collection":[{"href":"https:\/\/atauni.edu.tr\/afet-haberlesmesi-ve-teknolojileri-koordinatorlugu\/wp-json\/wp\/v2\/pages"}],"about":[{"href":"https:\/\/atauni.edu.tr\/afet-haberlesmesi-ve-teknolojileri-koordinatorlugu\/wp-json\/wp\/v2\/types\/page"}],"author":[{"embeddable":true,"href":"https:\/\/atauni.edu.tr\/afet-haberlesmesi-ve-teknolojileri-koordinatorlugu\/wp-json\/wp\/v2\/users\/239"}],"replies":[{"embeddable":true,"href":"https:\/\/atauni.edu.tr\/afet-haberlesmesi-ve-teknolojileri-koordinatorlugu\/wp-json\/wp\/v2\/comments?post=8575"}],"version-history":[{"count":13,"href":"https:\/\/atauni.edu.tr\/afet-haberlesmesi-ve-teknolojileri-koordinatorlugu\/wp-json\/wp\/v2\/pages\/8575\/revisions"}],"predecessor-version":[{"id":8594,"href":"https:\/\/atauni.edu.tr\/afet-haberlesmesi-ve-teknolojileri-koordinatorlugu\/wp-json\/wp\/v2\/pages\/8575\/revisions\/8594"}],"wp:attachment":[{"href":"https:\/\/atauni.edu.tr\/afet-haberlesmesi-ve-teknolojileri-koordinatorlugu\/wp-json\/wp\/v2\/media?parent=8575"}],"curies":[{"name":"wp","href":"https:\/\/api.w.org\/{rel}","templated":true}]}}