{"id":5638,"date":"2021-07-13T09:49:25","date_gmt":"2021-07-13T06:49:25","guid":{"rendered":"https:\/\/portaltest.atauni.edu.tr\/bilgisayar-muhendisligi\/?page_id=5638"},"modified":"2022-05-06T15:26:25","modified_gmt":"2022-05-06T12:26:25","slug":"tarihce","status":"publish","type":"page","link":"https:\/\/atauni.edu.tr\/agiz-dis-ve-cene-radyoloji\/tarihce\/","title":{"rendered":"Tarih\u00e7e"},"content":{"rendered":"\t\t<div data-elementor-type=\"wp-page\" data-elementor-id=\"5638\" class=\"elementor elementor-5638\" data-elementor-post-type=\"page\">\n\t\t\t\t\t\t<section class=\"elementor-section elementor-top-section elementor-element elementor-element-730d320 elementor-section-boxed elementor-section-height-default elementor-section-height-default\" data-id=\"730d320\" data-element_type=\"section\">\n\t\t\t\t\t\t<div class=\"elementor-container elementor-column-gap-default\">\n\t\t\t\t\t<div class=\"elementor-column elementor-col-100 elementor-top-column elementor-element elementor-element-753d0860\" data-id=\"753d0860\" data-element_type=\"column\">\n\t\t\t<div class=\"elementor-widget-wrap\">\n\t\t\t\t\t\t\t<\/div>\n\t\t<\/div>\n\t\t\t\t\t<\/div>\n\t\t<\/section>\n\t\t\t\t<section class=\"elementor-section elementor-top-section elementor-element elementor-element-9be811a elementor-section-boxed elementor-section-height-default elementor-section-height-default\" data-id=\"9be811a\" data-element_type=\"section\">\n\t\t\t\t\t\t<div class=\"elementor-container elementor-column-gap-default\">\n\t\t\t\t\t<div class=\"elementor-column elementor-col-100 elementor-top-column elementor-element elementor-element-1ed847b7\" data-id=\"1ed847b7\" data-element_type=\"column\">\n\t\t\t<div class=\"elementor-widget-wrap elementor-element-populated\">\n\t\t\t\t\t\t<div class=\"elementor-element elementor-element-4ce0d07f elementor-widget elementor-widget-heading\" data-id=\"4ce0d07f\" data-element_type=\"widget\" data-widget_type=\"heading.default\">\n\t\t\t\t<div class=\"elementor-widget-container\">\n\t\t\t\t\t<h2 class=\"elementor-heading-title elementor-size-default\">Tarih\u00e7e<\/h2>\t\t\t\t<\/div>\n\t\t\t\t<\/div>\n\t\t\t\t<div class=\"elementor-element elementor-element-63260862 elementor-widget-divider--view-line elementor-widget elementor-widget-divider\" data-id=\"63260862\" data-element_type=\"widget\" data-widget_type=\"divider.default\">\n\t\t\t\t<div class=\"elementor-widget-container\">\n\t\t\t\t\t\t\t<div class=\"elementor-divider\">\n\t\t\t<span class=\"elementor-divider-separator\">\n\t\t\t\t\t\t<\/span>\n\t\t<\/div>\n\t\t\t\t\t\t<\/div>\n\t\t\t\t<\/div>\n\t\t\t\t\t<\/div>\n\t\t<\/div>\n\t\t\t\t\t<\/div>\n\t\t<\/section>\n\t\t\t\t<section class=\"elementor-section elementor-top-section elementor-element elementor-element-681db8b elementor-section-boxed elementor-section-height-default elementor-section-height-default\" data-id=\"681db8b\" data-element_type=\"section\">\n\t\t\t\t\t\t<div class=\"elementor-container elementor-column-gap-default\">\n\t\t\t\t\t<div class=\"elementor-column elementor-col-100 elementor-top-column elementor-element elementor-element-ad4dac5\" data-id=\"ad4dac5\" data-element_type=\"column\">\n\t\t\t<div class=\"elementor-widget-wrap elementor-element-populated\">\n\t\t\t\t\t\t<div class=\"elementor-element elementor-element-2f96b3d elementor-widget elementor-widget-text-editor\" data-id=\"2f96b3d\" data-element_type=\"widget\" data-widget_type=\"text-editor.default\">\n\t\t\t\t<div class=\"elementor-widget-container\">\n\t\t\t\t\t\t\t\t\t<p>A\u011f\u0131z Di\u015f ve \u00c7ene Radyolojisi Anabilim Dal\u0131 kurulu\u015funda, Atat\u00fcrk \u00dcniversitesi Di\u015f Hekimli\u011fi Fak\u00fcltesinde 1976 y\u0131l\u0131nda Cerrahi K\u00fcrs\u00fcs\u00fc\u201dne ba\u011fl\u0131 olarak, Oral Diagnoz ve Radyoloji K\u00fcrs\u00fcs\u00fc olarak faaliyet g\u00f6sterdi. Y\u00d6K`\u00fcn kurulmas\u0131 ile beraber, 1982 y\u0131l\u0131nda\u201cOral Diagnoz ve Radyoloji Bilim Dal\u0131\u201d ad\u0131n\u0131 ald\u0131 ve \u201cDi\u015f Hastal\u0131klar\u0131 ve Tedavisi Anabilim Dal\u0131\u201dna ba\u011fland\u0131. 20.11.1987 tarihinde \u201cOral Diagnoz ve Radyoloji Anabilim Dal\u0131\u201d kuruldu. Oral Diagnoz ve Radyoloji Anabilim Dal\u0131 10.06.2010 tarihinde A\u011f\u0131z, Di\u015f ve \u00c7ene Radyolojisi Anabilim Dal\u0131 ad\u0131n\u0131 ald\u0131.A\u011f\u0131z, Di\u015f ve \u00c7ene Radyolojisi Anabilim Dal\u0131; gerek Y\u00d6K\u2019\u00fcn lisans ve lisans\u00fcst\u00fc m\u00fcfredat\u0131nda, gerek Sa\u011fl\u0131k Bakanl\u0131\u011f\u0131nda,\u00a0 hastalar\u0131n fak\u00fclteye ba\u015fvurular\u0131nda ilk muayenelerinin yap\u0131ld\u0131\u011f\u0131, gerekli radyolojik ve laboratuvar tetkiklerinin uygulan\u0131p te\u015fhislerinin konuldu\u011fu ve sonucunda uygun tedavi planlamas\u0131 yap\u0131larak hastalar\u0131n ilgili birimlere y\u00f6nlendirildi\u011fi anabilim dal\u0131d\u0131r. Klini\u011fimizde hastalar\u0131m\u0131za en son teknoloji ve g\u00fcler y\u00fczle hizmet verilirken, di\u015f hekimli\u011fi \u00f6\u011frencilerine de y\u00fcksek teknolojik standartlar ile do\u011fru te\u015fhis bilgisi, tedavi planlamas\u0131 ve tedavi prati\u011fi kazand\u0131r\u0131lmaktad\u0131r. Radyoloji klini\u011fimiz, tomografi ve ultrasonografi \u00fcnitesiyle \u00fclkemizin \u00f6nemli g\u00f6r\u00fcnt\u00fcleme merkezleri aras\u0131nda yer almaktad\u0131r.<\/p>\t\t\t\t\t\t\t\t<\/div>\n\t\t\t\t<\/div>\n\t\t\t\t\t<\/div>\n\t\t<\/div>\n\t\t\t\t\t<\/div>\n\t\t<\/section>\n\t\t\t\t<\/div>\n\t\t","protected":false},"excerpt":{"rendered":"<p>Tarih\u00e7e A\u011f\u0131z Di\u015f ve \u00c7ene Radyolojisi Anabilim Dal\u0131 kurulu\u015funda, Atat\u00fcrk \u00dcniversitesi Di\u015f Hekimli\u011fi Fak\u00fcltesinde 1976 y\u0131l\u0131nda Cerrahi K\u00fcrs\u00fcs\u00fc\u201dne ba\u011fl\u0131 olarak, Oral Diagnoz ve Radyoloji K\u00fcrs\u00fcs\u00fc olarak faaliyet g\u00f6sterdi. Y\u00d6K`\u00fcn kurulmas\u0131 ile beraber, 1982 y\u0131l\u0131nda\u201cOral Diagnoz ve Radyoloji Bilim Dal\u0131\u201d ad\u0131n\u0131 ald\u0131 ve \u201cDi\u015f Hastal\u0131klar\u0131 ve Tedavisi Anabilim Dal\u0131\u201dna ba\u011fland\u0131. 20.11.1987 tarihinde \u201cOral Diagnoz ve Radyoloji [&hellip;]<\/p>\n","protected":false},"author":1,"featured_media":0,"parent":0,"menu_order":0,"comment_status":"closed","ping_status":"closed","template":"","meta":{"footnotes":""},"class_list":["post-5638","page","type-page","status-publish","hentry"],"_links":{"self":[{"href":"https:\/\/atauni.edu.tr\/agiz-dis-ve-cene-radyoloji\/wp-json\/wp\/v2\/pages\/5638","targetHints":{"allow":["GET"]}}],"collection":[{"href":"https:\/\/atauni.edu.tr\/agiz-dis-ve-cene-radyoloji\/wp-json\/wp\/v2\/pages"}],"about":[{"href":"https:\/\/atauni.edu.tr\/agiz-dis-ve-cene-radyoloji\/wp-json\/wp\/v2\/types\/page"}],"author":[{"embeddable":true,"href":"https:\/\/atauni.edu.tr\/agiz-dis-ve-cene-radyoloji\/wp-json\/wp\/v2\/users\/1"}],"replies":[{"embeddable":true,"href":"https:\/\/atauni.edu.tr\/agiz-dis-ve-cene-radyoloji\/wp-json\/wp\/v2\/comments?post=5638"}],"version-history":[{"count":25,"href":"https:\/\/atauni.edu.tr\/agiz-dis-ve-cene-radyoloji\/wp-json\/wp\/v2\/pages\/5638\/revisions"}],"predecessor-version":[{"id":6180,"href":"https:\/\/atauni.edu.tr\/agiz-dis-ve-cene-radyoloji\/wp-json\/wp\/v2\/pages\/5638\/revisions\/6180"}],"wp:attachment":[{"href":"https:\/\/atauni.edu.tr\/agiz-dis-ve-cene-radyoloji\/wp-json\/wp\/v2\/media?parent=5638"}],"curies":[{"name":"wp","href":"https:\/\/api.w.org\/{rel}","templated":true}]}}