{"id":5682,"date":"2021-07-13T10:10:01","date_gmt":"2021-07-13T07:10:01","guid":{"rendered":"https:\/\/portaltest.atauni.edu.tr\/bilgisayar-muhendisligi\/?page_id=5682"},"modified":"2022-05-09T09:13:59","modified_gmt":"2022-05-09T06:13:59","slug":"misyon-vizyon-ve-temel-degerler","status":"publish","type":"page","link":"https:\/\/atauni.edu.tr\/agiz-dis-ve-cene-radyoloji\/misyon-vizyon-ve-temel-degerler\/","title":{"rendered":"Misyon, Vizyon ve Temel De\u011ferler"},"content":{"rendered":"\t\t<div data-elementor-type=\"wp-page\" data-elementor-id=\"5682\" class=\"elementor elementor-5682\" data-elementor-post-type=\"page\">\n\t\t\t\t\t\t<section class=\"elementor-section elementor-top-section elementor-element elementor-element-730d320 elementor-section-boxed elementor-section-height-default elementor-section-height-default\" data-id=\"730d320\" data-element_type=\"section\">\n\t\t\t\t\t\t<div class=\"elementor-container elementor-column-gap-default\">\n\t\t\t\t\t<div class=\"elementor-column elementor-col-100 elementor-top-column elementor-element elementor-element-753d0860\" data-id=\"753d0860\" data-element_type=\"column\">\n\t\t\t<div class=\"elementor-widget-wrap\">\n\t\t\t\t\t\t\t<\/div>\n\t\t<\/div>\n\t\t\t\t\t<\/div>\n\t\t<\/section>\n\t\t\t\t<section class=\"elementor-section elementor-top-section elementor-element elementor-element-9be811a elementor-section-boxed elementor-section-height-default elementor-section-height-default\" data-id=\"9be811a\" data-element_type=\"section\">\n\t\t\t\t\t\t<div class=\"elementor-container elementor-column-gap-default\">\n\t\t\t\t\t<div class=\"elementor-column elementor-col-100 elementor-top-column elementor-element elementor-element-1ed847b7\" data-id=\"1ed847b7\" data-element_type=\"column\">\n\t\t\t<div class=\"elementor-widget-wrap elementor-element-populated\">\n\t\t\t\t\t\t<div class=\"elementor-element elementor-element-4ce0d07f elementor-widget elementor-widget-heading\" data-id=\"4ce0d07f\" data-element_type=\"widget\" data-widget_type=\"heading.default\">\n\t\t\t\t<div class=\"elementor-widget-container\">\n\t\t\t\t\t<h2 class=\"elementor-heading-title elementor-size-default\">Misyon, Vizyon ve Temel De\u011ferler<\/h2>\t\t\t\t<\/div>\n\t\t\t\t<\/div>\n\t\t\t\t<div class=\"elementor-element elementor-element-63260862 elementor-widget-divider--view-line elementor-widget elementor-widget-divider\" data-id=\"63260862\" data-element_type=\"widget\" data-widget_type=\"divider.default\">\n\t\t\t\t<div class=\"elementor-widget-container\">\n\t\t\t\t\t\t\t<div class=\"elementor-divider\">\n\t\t\t<span class=\"elementor-divider-separator\">\n\t\t\t\t\t\t<\/span>\n\t\t<\/div>\n\t\t\t\t\t\t<\/div>\n\t\t\t\t<\/div>\n\t\t\t\t\t<\/div>\n\t\t<\/div>\n\t\t\t\t\t<\/div>\n\t\t<\/section>\n\t\t\t\t<section class=\"elementor-section elementor-top-section elementor-element elementor-element-681db8b elementor-section-boxed elementor-section-height-default elementor-section-height-default\" data-id=\"681db8b\" data-element_type=\"section\">\n\t\t\t\t\t\t<div class=\"elementor-container elementor-column-gap-default\">\n\t\t\t\t\t<div class=\"elementor-column elementor-col-100 elementor-top-column elementor-element elementor-element-ad4dac5\" data-id=\"ad4dac5\" data-element_type=\"column\">\n\t\t\t<div class=\"elementor-widget-wrap elementor-element-populated\">\n\t\t\t\t\t\t<div class=\"elementor-element elementor-element-2f96b3d elementor-widget elementor-widget-text-editor\" data-id=\"2f96b3d\" data-element_type=\"widget\" data-widget_type=\"text-editor.default\">\n\t\t\t\t<div class=\"elementor-widget-container\">\n\t\t\t\t\t\t\t\t\t<p>A\u011f\u0131z Di\u015f ve \u00c7ene Radyolojisi vizyonu ve misyonu, fak\u00fcltemiz vizyonu ve misyonuna paraleldir.<\/p><p><strong style=\"letter-spacing: 0px\">V\u0130ZYON\u00a0<\/strong><\/p><p>Atat\u00fcrk \u00dcniversitesi Di\u015f Hekimli\u011fi Fak\u00fcltesi, A\u011f\u0131z Di\u015f ve \u00c7ene Radyolojisi ABD olarak, bilimsel \u00e7al\u0131\u015fmalar ve ara\u015ft\u0131rmalarda, ulusal ve uluslararas\u0131 d\u00fczeyde kendini kabul ettirmi\u015f, uluslararas\u0131 nitelikte \u00f6\u011frenci ve \u00f6\u011fretim eleman\u0131 yap\u0131s\u0131na sahip bir b\u00f6l\u00fcm olmay\u0131 hedeflemekteyiz. Bir di\u011fer hedefimiz, \u00f6\u011frenciler ve akademisyen adaylar\u0131 taraf\u0131ndan \u00f6ncelikle tercih edilen bir b\u00f6l\u00fcm olmakt\u0131r. B\u00f6l\u00fcm\u00fcm\u00fczde hem lisans hem lisans\u00fcst\u00fc d\u00fczeyde \u00fcst d\u00fczey e\u011fitim verilerek yeti\u015fen di\u015f hekimleri, uzmanlar ve akademisyenler her yerde aranan ve tercih edilen ki\u015filer olmal\u0131d\u0131r. Hasta tedavisi ve topluma verilen hizmetteki hedefimiz; etik de\u011ferlere sayg\u0131l\u0131, hasta haklar\u0131na duyarl\u0131, hizmet kalitesine \u00f6zen g\u00f6steren ve hasta memnuniyetini \u00f6n planda tutan, hem A\u011f\u0131z Di\u015f ve \u00c7ene Radyolojisi hem de Oral Diagnoz alan\u0131nda \u00fclkemizde lider bir kurum olmakt\u0131r. Anabilim Dal\u0131m\u0131z, t\u00fcm payda\u015flar\u0131 ile kar\u015f\u0131l\u0131kl\u0131 etkile\u015fim i\u00e7erisinde olan, geri bildirime dayal\u0131 istekler do\u011frultusunda de\u011fi\u015fime a\u00e7\u0131k, \u00e7al\u0131\u015fanlar\u0131n memnuniyetini sa\u011flayan, mensubu olmakla gurur duyulan bir b\u00f6l\u00fcm olmay\u0131 benimsemektedir.<\/p><p><span style=\"text-decoration: underline\"><strong>M\u0130SYON<\/strong><\/span><\/p><p>Atat\u00fcrk \u00dcniversitesi Di\u015f Hekimli\u011fi Fak\u00fcltesi, A\u011f\u0131z Di\u015f ve \u00c7ene Radyolojisi ABD; kendi de\u011ferlerini \u00f6z\u00fcmseyen, evrensel de\u011ferlere a\u00e7\u0131k, iyi e\u011fitim alm\u0131\u015f, ele\u015ftirel d\u00fc\u015f\u00fcnceye ve bilimsel anlay\u0131\u015fa sahip, sorgulay\u0131c\u0131, \u00f6zg\u00fcr d\u00fc\u015f\u00fcnen, g\u00f6revine ba\u011fl\u0131, etik de\u011ferlere sayg\u0131l\u0131, mesle\u011finde ba\u015far\u0131l\u0131, rekabete a\u00e7\u0131k di\u015f hekimleri, uzmanlar ve akademisyenler yeti\u015ftiren, topluma a\u011f\u0131z ve di\u015f sa\u011fl\u0131\u011f\u0131 hizmetleri alan\u0131nda \u00fcst d\u00fczey sa\u011fl\u0131k hizmetleri sunan bir kurumdur.<\/p>\t\t\t\t\t\t\t\t<\/div>\n\t\t\t\t<\/div>\n\t\t\t\t\t<\/div>\n\t\t<\/div>\n\t\t\t\t\t<\/div>\n\t\t<\/section>\n\t\t\t\t<section class=\"elementor-section elementor-top-section elementor-element elementor-element-a204c9f elementor-section-boxed elementor-section-height-default elementor-section-height-default\" data-id=\"a204c9f\" data-element_type=\"section\">\n\t\t\t\t\t\t<div class=\"elementor-container elementor-column-gap-default\">\n\t\t\t\t\t<div class=\"elementor-column elementor-col-100 elementor-top-column elementor-element elementor-element-2f600bc\" data-id=\"2f600bc\" data-element_type=\"column\">\n\t\t\t<div class=\"elementor-widget-wrap elementor-element-populated\">\n\t\t\t\t\t\t<div class=\"elementor-element elementor-element-6133f31 elementor-widget elementor-widget-spacer\" data-id=\"6133f31\" data-element_type=\"widget\" data-widget_type=\"spacer.default\">\n\t\t\t\t<div class=\"elementor-widget-container\">\n\t\t\t\t\t\t\t<div class=\"elementor-spacer\">\n\t\t\t<div class=\"elementor-spacer-inner\"><\/div>\n\t\t<\/div>\n\t\t\t\t\t\t<\/div>\n\t\t\t\t<\/div>\n\t\t\t\t\t<\/div>\n\t\t<\/div>\n\t\t\t\t\t<\/div>\n\t\t<\/section>\n\t\t\t\t<section class=\"elementor-section elementor-top-section elementor-element elementor-element-f5cd236 elementor-section-boxed elementor-section-height-default elementor-section-height-default\" data-id=\"f5cd236\" data-element_type=\"section\">\n\t\t\t\t\t\t<div class=\"elementor-container elementor-column-gap-default\">\n\t\t\t\t\t<div class=\"elementor-column elementor-col-100 elementor-top-column elementor-element elementor-element-8205709\" data-id=\"8205709\" data-element_type=\"column\">\n\t\t\t<div class=\"elementor-widget-wrap elementor-element-populated\">\n\t\t\t\t\t\t<div class=\"elementor-element elementor-element-f619e6b elementor-widget elementor-widget-spacer\" data-id=\"f619e6b\" data-element_type=\"widget\" data-widget_type=\"spacer.default\">\n\t\t\t\t<div class=\"elementor-widget-container\">\n\t\t\t\t\t\t\t<div class=\"elementor-spacer\">\n\t\t\t<div class=\"elementor-spacer-inner\"><\/div>\n\t\t<\/div>\n\t\t\t\t\t\t<\/div>\n\t\t\t\t<\/div>\n\t\t\t\t\t<\/div>\n\t\t<\/div>\n\t\t\t\t\t<\/div>\n\t\t<\/section>\n\t\t\t\t<\/div>\n\t\t","protected":false},"excerpt":{"rendered":"<p>Misyon, Vizyon ve Temel De\u011ferler A\u011f\u0131z Di\u015f ve \u00c7ene Radyolojisi vizyonu ve misyonu, fak\u00fcltemiz vizyonu ve misyonuna paraleldir. V\u0130ZYON\u00a0 Atat\u00fcrk \u00dcniversitesi Di\u015f Hekimli\u011fi Fak\u00fcltesi, A\u011f\u0131z Di\u015f ve \u00c7ene Radyolojisi ABD olarak, bilimsel \u00e7al\u0131\u015fmalar ve ara\u015ft\u0131rmalarda, ulusal ve uluslararas\u0131 d\u00fczeyde kendini kabul ettirmi\u015f, uluslararas\u0131 nitelikte \u00f6\u011frenci ve \u00f6\u011fretim eleman\u0131 yap\u0131s\u0131na sahip bir b\u00f6l\u00fcm olmay\u0131 hedeflemekteyiz. Bir [&hellip;]<\/p>\n","protected":false},"author":1,"featured_media":0,"parent":0,"menu_order":0,"comment_status":"closed","ping_status":"closed","template":"elementor_header_footer","meta":{"footnotes":""},"class_list":["post-5682","page","type-page","status-publish","hentry"],"_links":{"self":[{"href":"https:\/\/atauni.edu.tr\/agiz-dis-ve-cene-radyoloji\/wp-json\/wp\/v2\/pages\/5682","targetHints":{"allow":["GET"]}}],"collection":[{"href":"https:\/\/atauni.edu.tr\/agiz-dis-ve-cene-radyoloji\/wp-json\/wp\/v2\/pages"}],"about":[{"href":"https:\/\/atauni.edu.tr\/agiz-dis-ve-cene-radyoloji\/wp-json\/wp\/v2\/types\/page"}],"author":[{"embeddable":true,"href":"https:\/\/atauni.edu.tr\/agiz-dis-ve-cene-radyoloji\/wp-json\/wp\/v2\/users\/1"}],"replies":[{"embeddable":true,"href":"https:\/\/atauni.edu.tr\/agiz-dis-ve-cene-radyoloji\/wp-json\/wp\/v2\/comments?post=5682"}],"version-history":[{"count":20,"href":"https:\/\/atauni.edu.tr\/agiz-dis-ve-cene-radyoloji\/wp-json\/wp\/v2\/pages\/5682\/revisions"}],"predecessor-version":[{"id":6194,"href":"https:\/\/atauni.edu.tr\/agiz-dis-ve-cene-radyoloji\/wp-json\/wp\/v2\/pages\/5682\/revisions\/6194"}],"wp:attachment":[{"href":"https:\/\/atauni.edu.tr\/agiz-dis-ve-cene-radyoloji\/wp-json\/wp\/v2\/media?parent=5682"}],"curies":[{"name":"wp","href":"https:\/\/api.w.org\/{rel}","templated":true}]}}