{"id":5751,"date":"2021-07-13T12:50:27","date_gmt":"2021-07-13T09:50:27","guid":{"rendered":"https:\/\/portaltest.atauni.edu.tr\/bilgisayar-muhendisligi\/?page_id=5751"},"modified":"2022-09-16T15:47:05","modified_gmt":"2022-09-16T12:47:05","slug":"lisansustu-ders-listesi","status":"publish","type":"page","link":"https:\/\/atauni.edu.tr\/agiz-dis-ve-cene-radyoloji\/lisansustu-ders-listesi\/","title":{"rendered":"Ders Listesi"},"content":{"rendered":"\t\t<div data-elementor-type=\"wp-page\" data-elementor-id=\"5751\" class=\"elementor elementor-5751\" data-elementor-post-type=\"page\">\n\t\t\t\t\t\t<section class=\"elementor-section elementor-top-section elementor-element elementor-element-9be811a elementor-section-boxed elementor-section-height-default elementor-section-height-default\" data-id=\"9be811a\" data-element_type=\"section\">\n\t\t\t\t\t\t<div class=\"elementor-container elementor-column-gap-default\">\n\t\t\t\t\t<div class=\"elementor-column elementor-col-100 elementor-top-column elementor-element elementor-element-1ed847b7\" data-id=\"1ed847b7\" data-element_type=\"column\">\n\t\t\t<div class=\"elementor-widget-wrap elementor-element-populated\">\n\t\t\t\t\t\t<div class=\"elementor-element elementor-element-4ce0d07f elementor-widget elementor-widget-heading\" data-id=\"4ce0d07f\" data-element_type=\"widget\" data-widget_type=\"heading.default\">\n\t\t\t\t<div class=\"elementor-widget-container\">\n\t\t\t\t\t<h2 class=\"elementor-heading-title elementor-size-default\">Lisans\u00fcst\u00fc Ders Listesi<\/h2>\t\t\t\t<\/div>\n\t\t\t\t<\/div>\n\t\t\t\t<div class=\"elementor-element elementor-element-63260862 elementor-widget-divider--view-line elementor-widget elementor-widget-divider\" data-id=\"63260862\" data-element_type=\"widget\" data-widget_type=\"divider.default\">\n\t\t\t\t<div class=\"elementor-widget-container\">\n\t\t\t\t\t\t\t<div class=\"elementor-divider\">\n\t\t\t<span class=\"elementor-divider-separator\">\n\t\t\t\t\t\t<\/span>\n\t\t<\/div>\n\t\t\t\t\t\t<\/div>\n\t\t\t\t<\/div>\n\t\t\t\t\t<\/div>\n\t\t<\/div>\n\t\t\t\t\t<\/div>\n\t\t<\/section>\n\t\t\t\t<section class=\"elementor-section elementor-top-section elementor-element elementor-element-adfe534 elementor-section-boxed elementor-section-height-default elementor-section-height-default\" data-id=\"adfe534\" data-element_type=\"section\">\n\t\t\t\t\t\t<div class=\"elementor-container elementor-column-gap-default\">\n\t\t\t\t\t<div class=\"elementor-column elementor-col-100 elementor-top-column elementor-element elementor-element-d781bda\" data-id=\"d781bda\" data-element_type=\"column\">\n\t\t\t<div class=\"elementor-widget-wrap elementor-element-populated\">\n\t\t\t\t\t\t<div class=\"elementor-element elementor-element-002f3e4 elementor-widget elementor-widget-text-editor\" data-id=\"002f3e4\" data-element_type=\"widget\" data-widget_type=\"text-editor.default\">\n\t\t\t\t<div class=\"elementor-widget-container\">\n\t\t\t\t\t\t\t\t\t<p>A\u011eIZ D\u0130\u015e VE \u00c7ENE RADYOLOJ\u0130S\u0130 ANA B\u0130L\u0130M DALI DOKTORA PROGRAMI-M\u00dcFREDAT DERSLER\u0130 ve AKTS KRED\u0130LER\u0130<\/p><p><a href=\"https:\/\/birimler.atauni.edu.tr\/agiz-dis-ve-cene-radyoloji\/wp-content\/uploads\/sites\/231\/2020\/07\/ADCR-DUS-DERSLERI-2022-1.xlsx\">ADCR-DUS-DERSLERI-2022<\/a><\/p><p><a href=\"https:\/\/birimler.atauni.edu.tr\/agiz-dis-ve-cene-radyoloji\/wp-content\/uploads\/sites\/231\/2020\/07\/ADCR-Doktora-dersleri-2.doc\">ADCR-Doktora-dersleri <\/a><\/p>\t\t\t\t\t\t\t\t<\/div>\n\t\t\t\t<\/div>\n\t\t\t\t\t<\/div>\n\t\t<\/div>\n\t\t\t\t\t<\/div>\n\t\t<\/section>\n\t\t\t\t<\/div>\n\t\t","protected":false},"excerpt":{"rendered":"<p>Lisans\u00fcst\u00fc Ders Listesi A\u011eIZ D\u0130\u015e VE \u00c7ENE RADYOLOJ\u0130S\u0130 ANA B\u0130L\u0130M DALI DOKTORA PROGRAMI-M\u00dcFREDAT DERSLER\u0130 ve AKTS KRED\u0130LER\u0130 ADCR-DUS-DERSLERI-2022 ADCR-Doktora-dersleri<\/p>\n","protected":false},"author":1,"featured_media":0,"parent":0,"menu_order":0,"comment_status":"closed","ping_status":"closed","template":"elementor_header_footer","meta":{"footnotes":""},"class_list":["post-5751","page","type-page","status-publish","hentry"],"_links":{"self":[{"href":"https:\/\/atauni.edu.tr\/agiz-dis-ve-cene-radyoloji\/wp-json\/wp\/v2\/pages\/5751","targetHints":{"allow":["GET"]}}],"collection":[{"href":"https:\/\/atauni.edu.tr\/agiz-dis-ve-cene-radyoloji\/wp-json\/wp\/v2\/pages"}],"about":[{"href":"https:\/\/atauni.edu.tr\/agiz-dis-ve-cene-radyoloji\/wp-json\/wp\/v2\/types\/page"}],"author":[{"embeddable":true,"href":"https:\/\/atauni.edu.tr\/agiz-dis-ve-cene-radyoloji\/wp-json\/wp\/v2\/users\/1"}],"replies":[{"embeddable":true,"href":"https:\/\/atauni.edu.tr\/agiz-dis-ve-cene-radyoloji\/wp-json\/wp\/v2\/comments?post=5751"}],"version-history":[{"count":20,"href":"https:\/\/atauni.edu.tr\/agiz-dis-ve-cene-radyoloji\/wp-json\/wp\/v2\/pages\/5751\/revisions"}],"predecessor-version":[{"id":6240,"href":"https:\/\/atauni.edu.tr\/agiz-dis-ve-cene-radyoloji\/wp-json\/wp\/v2\/pages\/5751\/revisions\/6240"}],"wp:attachment":[{"href":"https:\/\/atauni.edu.tr\/agiz-dis-ve-cene-radyoloji\/wp-json\/wp\/v2\/media?parent=5751"}],"curies":[{"name":"wp","href":"https:\/\/api.w.org\/{rel}","templated":true}]}}