{"id":5638,"date":"2021-07-13T09:49:25","date_gmt":"2021-07-13T06:49:25","guid":{"rendered":"https:\/\/portaltest.atauni.edu.tr\/bilgisayar-muhendisligi\/?page_id=5638"},"modified":"2022-06-20T15:42:38","modified_gmt":"2022-06-20T12:42:38","slug":"tarihce","status":"publish","type":"page","link":"https:\/\/atauni.edu.tr\/alman-dili-egitimi-anabilim-dali\/tarihce\/","title":{"rendered":"Tarih\u00e7e"},"content":{"rendered":"\t\t<div data-elementor-type=\"wp-page\" data-elementor-id=\"5638\" class=\"elementor elementor-5638\" data-elementor-post-type=\"page\">\n\t\t\t\t\t\t<section class=\"elementor-section elementor-top-section elementor-element elementor-element-730d320 elementor-section-boxed elementor-section-height-default elementor-section-height-default\" data-id=\"730d320\" data-element_type=\"section\">\n\t\t\t\t\t\t<div class=\"elementor-container elementor-column-gap-default\">\n\t\t\t\t\t<div class=\"elementor-column elementor-col-100 elementor-top-column elementor-element elementor-element-753d0860\" data-id=\"753d0860\" data-element_type=\"column\">\n\t\t\t<div class=\"elementor-widget-wrap\">\n\t\t\t\t\t\t\t<\/div>\n\t\t<\/div>\n\t\t\t\t\t<\/div>\n\t\t<\/section>\n\t\t\t\t<section class=\"elementor-section elementor-top-section elementor-element elementor-element-9be811a elementor-section-boxed elementor-section-height-default elementor-section-height-default\" data-id=\"9be811a\" data-element_type=\"section\">\n\t\t\t\t\t\t<div class=\"elementor-container elementor-column-gap-default\">\n\t\t\t\t\t<div class=\"elementor-column elementor-col-100 elementor-top-column elementor-element elementor-element-1ed847b7\" data-id=\"1ed847b7\" data-element_type=\"column\">\n\t\t\t<div class=\"elementor-widget-wrap elementor-element-populated\">\n\t\t\t\t\t\t<div class=\"elementor-element elementor-element-4ce0d07f elementor-widget elementor-widget-heading\" data-id=\"4ce0d07f\" data-element_type=\"widget\" data-widget_type=\"heading.default\">\n\t\t\t\t<div class=\"elementor-widget-container\">\n\t\t\t\t\t<h2 class=\"elementor-heading-title elementor-size-default\">Tarih\u00e7e<\/h2>\t\t\t\t<\/div>\n\t\t\t\t<\/div>\n\t\t\t\t<div class=\"elementor-element elementor-element-63260862 elementor-widget-divider--view-line elementor-widget elementor-widget-divider\" data-id=\"63260862\" data-element_type=\"widget\" data-widget_type=\"divider.default\">\n\t\t\t\t<div class=\"elementor-widget-container\">\n\t\t\t\t\t\t\t<div class=\"elementor-divider\">\n\t\t\t<span class=\"elementor-divider-separator\">\n\t\t\t\t\t\t<\/span>\n\t\t<\/div>\n\t\t\t\t\t\t<\/div>\n\t\t\t\t<\/div>\n\t\t\t\t\t<\/div>\n\t\t<\/div>\n\t\t\t\t\t<\/div>\n\t\t<\/section>\n\t\t\t\t<section class=\"elementor-section elementor-top-section elementor-element elementor-element-681db8b elementor-section-boxed elementor-section-height-default elementor-section-height-default\" data-id=\"681db8b\" data-element_type=\"section\">\n\t\t\t\t\t\t<div class=\"elementor-container elementor-column-gap-default\">\n\t\t\t\t\t<div class=\"elementor-column elementor-col-100 elementor-top-column elementor-element elementor-element-ad4dac5\" data-id=\"ad4dac5\" data-element_type=\"column\">\n\t\t\t<div class=\"elementor-widget-wrap elementor-element-populated\">\n\t\t\t\t\t\t<div class=\"elementor-element elementor-element-2f96b3d elementor-widget elementor-widget-text-editor\" data-id=\"2f96b3d\" data-element_type=\"widget\" data-widget_type=\"text-editor.default\">\n\t\t\t\t<div class=\"elementor-widget-container\">\n\t\t\t\t\t\t\t\t\t<p dir=\"ltr\" style=\"margin-top: 2rem;line-height: 1.5em\">Anabilim Dal\u0131m\u0131z, E\u011fitim Fak\u00fcltesi b\u00fcnyesinde 30 y\u0131l\u0131 a\u015fk\u0131n bir s\u00fcredir aktif bir \u015fekilde \u00e7al\u0131\u015fan bir anabilim dal\u0131 olarak; lisans program\u0131nda e\u011fitim vermekte ve Almanca E\u011fitimi alan\u0131nda ba\u015far\u0131l\u0131 \u00f6\u011fretmen ve bilim insanlar\u0131 yeti\u015ftirmek \u00fczere \u00e7al\u0131\u015fmalar\u0131n\u0131 s\u00fcrd\u00fcrmektedir.<\/p><p dir=\"ltr\" style=\"margin-top: 2rem;line-height: 1.5em\"><span style=\"letter-spacing: 0px\">Anabilim Dal\u0131m\u0131zda&nbsp;Alman Dili E\u011fitimi&nbsp;alan\u0131nda lisans program\u0131 sunulmaktad\u0131r. Alandaki son geli\u015fmeler dikkate al\u0131narak, \u00f6\u011frencilerin orta ve y\u00fcksek\u00f6\u011fretim kurumlar\u0131nda tam nitelikli Almanca \u00f6\u011fretmeni olabilmeleri i\u00e7in Alman dili, metodoloji, e\u011fitim bilimleri ve dilbilim alanlar\u0131nda sa\u011flam bir temel olu\u015fturulmaktad\u0131r.<\/span><\/p><p dir=\"ltr\" style=\"margin-top: 2rem;line-height: 1.5em\"><span style=\"letter-spacing: 0px\">&nbsp;Alman Dili E\u011fitimi program\u0131nda dil e\u011fitimi ve \u00f6\u011frenimindeki g\u00fcncel konulara ve dil \u00f6\u011fretmenlerinin mesleki geli\u015fimine odaklanmaktad\u0131r.&nbsp;Alman Dili E\u011fitimi mezunlar\u0131m\u0131z, e\u011fitim kurumlar\u0131nda m\u00fcfredat uzman\u0131, program y\u00f6neticisi ve test uzman\u0131 olarak \u00e7al\u0131\u015fabilirler. Ayr\u0131ca, mezunlar\u0131m\u0131z liseler, \u00fcniversitelerin haz\u0131rl\u0131k okullar\u0131nda Almanca \u00f6\u011fretim g\u00f6revlisi ve \u00fcniversitelerin Almanca b\u00f6l\u00fcmlerinde ara\u015ft\u0131rma g\u00f6revlisi olarak \u00e7al\u0131\u015fabilirler.<\/span><\/p><p dir=\"ltr\" style=\"margin-top: 2rem;line-height: 1.5em\">Akademik kadromuz, dil e\u011fitimi, dilbilim ve edebiyat alanlar\u0131ndaki ara\u015ft\u0131rmalarda yo\u011fun bir \u015fekilde yer almaktad\u0131r. Ulusal ve uluslararas\u0131 konferanslarda d\u00fczenli olarak bildiriler sunmakta ve ara\u015ft\u0131rma bulgular\u0131n\u0131 T\u00fcrkiye\u2019de ve yurtd\u0131\u015f\u0131ndaki dergilerde yay\u0131nlamaktad\u0131rlar.<\/p><p dir=\"ltr\" style=\"margin-top: 2rem;line-height: 1.5em\">Anabilim Dal\u0131m\u0131z mezunlar\u0131 orta\u00f6\u011fretimden y\u00fcksek\u00f6\u011fretime kadar her seviyede ders vermektedirler. \u00d6nemli say\u0131da mezunumuz, devlet ve \u00f6zel \u00fcniversitelerin yo\u011fun dil programlar\u0131nda (\u201chaz\u0131rl\u0131k okullar\u0131\u201d) ders vermekteler, y\u00f6netici ve \u00f6\u011fretmen e\u011fitmeni olarak g\u00f6rev yapmalar\u0131n\u0131n yan\u0131 s\u0131ra materyal haz\u0131rlama ve test etme alanlar\u0131nda \u00e7al\u0131\u015fmaktad\u0131rlar. Ayr\u0131ca, \u00e7ok say\u0131da mezunumuz y\u00fcksek lisans ve doktora yapmaya devam etmi\u015fler ve i\u00e7lerinden baz\u0131lar\u0131 bu \u00e7al\u0131\u015fmalar\u0131n\u0131n sonucunda b\u00f6l\u00fcm\u00fcm\u00fcz kadrosunda yer alm\u0131\u015flard\u0131r.<\/p><p dir=\"ltr\" style=\"margin-top: 2rem;line-height: 1.5em\">Kadromuzda halihaz\u0131rda 1 Profes\u00f6r, 1 Do\u00e7ent, 4 Doktor \u00d6\u011fretim \u00dcyesi,2 Ara\u015ft\u0131rma G\u00f6revlisi bulunmaktad\u0131r.<\/p>\t\t\t\t\t\t\t\t<\/div>\n\t\t\t\t<\/div>\n\t\t\t\t\t<\/div>\n\t\t<\/div>\n\t\t\t\t\t<\/div>\n\t\t<\/section>\n\t\t\t\t<\/div>\n\t\t","protected":false},"excerpt":{"rendered":"<p>Tarih\u00e7e Anabilim Dal\u0131m\u0131z, E\u011fitim Fak\u00fcltesi b\u00fcnyesinde 30 y\u0131l\u0131 a\u015fk\u0131n bir s\u00fcredir aktif bir \u015fekilde \u00e7al\u0131\u015fan bir anabilim dal\u0131 olarak; lisans program\u0131nda e\u011fitim vermekte ve Almanca E\u011fitimi alan\u0131nda ba\u015far\u0131l\u0131 \u00f6\u011fretmen ve bilim insanlar\u0131 yeti\u015ftirmek \u00fczere \u00e7al\u0131\u015fmalar\u0131n\u0131 s\u00fcrd\u00fcrmektedir. Anabilim Dal\u0131m\u0131zda&nbsp;Alman Dili E\u011fitimi&nbsp;alan\u0131nda lisans program\u0131 sunulmaktad\u0131r. Alandaki son geli\u015fmeler dikkate al\u0131narak, \u00f6\u011frencilerin orta ve y\u00fcksek\u00f6\u011fretim kurumlar\u0131nda tam nitelikli [&hellip;]<\/p>\n","protected":false},"author":1,"featured_media":0,"parent":0,"menu_order":0,"comment_status":"closed","ping_status":"closed","template":"","meta":{"footnotes":""},"class_list":["post-5638","page","type-page","status-publish","hentry"],"_links":{"self":[{"href":"https:\/\/atauni.edu.tr\/alman-dili-egitimi-anabilim-dali\/wp-json\/wp\/v2\/pages\/5638","targetHints":{"allow":["GET"]}}],"collection":[{"href":"https:\/\/atauni.edu.tr\/alman-dili-egitimi-anabilim-dali\/wp-json\/wp\/v2\/pages"}],"about":[{"href":"https:\/\/atauni.edu.tr\/alman-dili-egitimi-anabilim-dali\/wp-json\/wp\/v2\/types\/page"}],"author":[{"embeddable":true,"href":"https:\/\/atauni.edu.tr\/alman-dili-egitimi-anabilim-dali\/wp-json\/wp\/v2\/users\/1"}],"replies":[{"embeddable":true,"href":"https:\/\/atauni.edu.tr\/alman-dili-egitimi-anabilim-dali\/wp-json\/wp\/v2\/comments?post=5638"}],"version-history":[{"count":25,"href":"https:\/\/atauni.edu.tr\/alman-dili-egitimi-anabilim-dali\/wp-json\/wp\/v2\/pages\/5638\/revisions"}],"predecessor-version":[{"id":6246,"href":"https:\/\/atauni.edu.tr\/alman-dili-egitimi-anabilim-dali\/wp-json\/wp\/v2\/pages\/5638\/revisions\/6246"}],"wp:attachment":[{"href":"https:\/\/atauni.edu.tr\/alman-dili-egitimi-anabilim-dali\/wp-json\/wp\/v2\/media?parent=5638"}],"curies":[{"name":"wp","href":"https:\/\/api.w.org\/{rel}","templated":true}]}}