{"id":6456,"date":"2025-06-27T12:13:44","date_gmt":"2025-06-27T09:13:44","guid":{"rendered":"https:\/\/birimler.atauni.edu.tr\/alman-dili-egitimi-anabilim-dali\/?page_id=6456"},"modified":"2025-08-05T14:24:50","modified_gmt":"2025-08-05T11:24:50","slug":"duyurular","status":"publish","type":"page","link":"https:\/\/atauni.edu.tr\/alman-dili-egitimi-anabilim-dali\/duyurular\/","title":{"rendered":"Duyurular"},"content":{"rendered":"<form method=\"get\" class=\"row g-3\" style=\"margin-bottom: 20px;\"><div class=\"col-md-3\"><input type=\"text\" name=\"Duyuru_ara\" class=\"form-control\" placeholder=\"Duyuru ara...\" value=\"\"><\/div><div class=\"col-md-3\"><input type=\"date\" name=\"baslangic_tarihi\" class=\"form-control\" value=\"\"><\/div><div class=\"col-md-3\"><input type=\"date\" name=\"bitis_tarihi\" class=\"form-control\" value=\"\"><\/div><div class=\"col-md-3\"><button type=\"submit\" class=\"btn btn-secondary w-50\">Filtrele<\/button><\/div><\/form><ul class=\"kategori-yazilari-liste\"><li style=\"display: flex; margin-bottom: 10px; align-items: center;\"><div class=\"post-content\" style=\"flex-grow: 1;\"><span class=\"post-date Duyurutarih\" style=\"display: block; font-weight: bold; margin-bottom: 5px;\">12 Eyl\u00fcl 2023<\/span><a class=\"Duyurubaslik\" href=\"https:\/\/atauni.edu.tr\/alman-dili-egitimi-anabilim-dali\/2023\/09\/12\/2023-2024-egitim-ogretim-yili-hazirlik-sinifi-2\/\">2023- 2024 E\u011fitim \u00d6\u011fretim Y\u0131l\u0131 Haz\u0131rl\u0131k S\u0131n\u0131f\u0131<\/a><\/div><\/li><li style=\"display: flex; margin-bottom: 10px; align-items: center;\"><div class=\"post-content\" style=\"flex-grow: 1;\"><span class=\"post-date Duyurutarih\" style=\"display: block; font-weight: bold; margin-bottom: 5px;\">12 Eyl\u00fcl 2023<\/span><a class=\"Duyurubaslik\" href=\"https:\/\/atauni.edu.tr\/alman-dili-egitimi-anabilim-dali\/2023\/09\/12\/2023-2024-egitim-ogretim-yili-hazirlik-sinifi\/\">2023- 2024 E\u011fitim \u00d6\u011fretim Y\u0131l\u0131 Haz\u0131rl\u0131k S\u0131n\u0131f\u0131<\/a><\/div><\/li><\/ul>\n\n\n\n<p><\/p>\n","protected":false},"excerpt":{"rendered":"","protected":false},"author":8,"featured_media":0,"parent":0,"menu_order":0,"comment_status":"closed","ping_status":"closed","template":"","meta":{"footnotes":""},"class_list":["post-6456","page","type-page","status-publish","hentry"],"_links":{"self":[{"href":"https:\/\/atauni.edu.tr\/alman-dili-egitimi-anabilim-dali\/wp-json\/wp\/v2\/pages\/6456","targetHints":{"allow":["GET"]}}],"collection":[{"href":"https:\/\/atauni.edu.tr\/alman-dili-egitimi-anabilim-dali\/wp-json\/wp\/v2\/pages"}],"about":[{"href":"https:\/\/atauni.edu.tr\/alman-dili-egitimi-anabilim-dali\/wp-json\/wp\/v2\/types\/page"}],"author":[{"embeddable":true,"href":"https:\/\/atauni.edu.tr\/alman-dili-egitimi-anabilim-dali\/wp-json\/wp\/v2\/users\/8"}],"replies":[{"embeddable":true,"href":"https:\/\/atauni.edu.tr\/alman-dili-egitimi-anabilim-dali\/wp-json\/wp\/v2\/comments?post=6456"}],"version-history":[{"count":2,"href":"https:\/\/atauni.edu.tr\/alman-dili-egitimi-anabilim-dali\/wp-json\/wp\/v2\/pages\/6456\/revisions"}],"predecessor-version":[{"id":6461,"href":"https:\/\/atauni.edu.tr\/alman-dili-egitimi-anabilim-dali\/wp-json\/wp\/v2\/pages\/6456\/revisions\/6461"}],"wp:attachment":[{"href":"https:\/\/atauni.edu.tr\/alman-dili-egitimi-anabilim-dali\/wp-json\/wp\/v2\/media?parent=6456"}],"curies":[{"name":"wp","href":"https:\/\/api.w.org\/{rel}","templated":true}]}}