{"id":5638,"date":"2021-07-13T09:49:25","date_gmt":"2021-07-13T06:49:25","guid":{"rendered":"https:\/\/portaltest.atauni.edu.tr\/bilgisayar-muhendisligi\/?page_id=5638"},"modified":"2021-12-14T15:05:27","modified_gmt":"2021-12-14T12:05:27","slug":"tarihce","status":"publish","type":"page","link":"https:\/\/atauni.edu.tr\/alman-dili-ve-edebiyati\/tarihce\/","title":{"rendered":"Tarih\u00e7e"},"content":{"rendered":"\t\t<div data-elementor-type=\"wp-page\" data-elementor-id=\"5638\" class=\"elementor elementor-5638\" data-elementor-post-type=\"page\">\n\t\t\t\t\t\t<section class=\"elementor-section elementor-top-section elementor-element elementor-element-730d320 elementor-section-boxed elementor-section-height-default elementor-section-height-default\" data-id=\"730d320\" data-element_type=\"section\">\n\t\t\t\t\t\t<div class=\"elementor-container elementor-column-gap-default\">\n\t\t\t\t\t<div class=\"elementor-column elementor-col-100 elementor-top-column elementor-element elementor-element-753d0860\" data-id=\"753d0860\" data-element_type=\"column\">\n\t\t\t<div class=\"elementor-widget-wrap\">\n\t\t\t\t\t\t\t<\/div>\n\t\t<\/div>\n\t\t\t\t\t<\/div>\n\t\t<\/section>\n\t\t\t\t<section class=\"elementor-section elementor-top-section elementor-element elementor-element-9be811a elementor-section-boxed elementor-section-height-default elementor-section-height-default\" data-id=\"9be811a\" data-element_type=\"section\">\n\t\t\t\t\t\t<div class=\"elementor-container elementor-column-gap-default\">\n\t\t\t\t\t<div class=\"elementor-column elementor-col-100 elementor-top-column elementor-element elementor-element-1ed847b7\" data-id=\"1ed847b7\" data-element_type=\"column\">\n\t\t\t<div class=\"elementor-widget-wrap elementor-element-populated\">\n\t\t\t\t\t\t<div class=\"elementor-element elementor-element-4ce0d07f elementor-widget elementor-widget-heading\" data-id=\"4ce0d07f\" data-element_type=\"widget\" data-widget_type=\"heading.default\">\n\t\t\t\t<div class=\"elementor-widget-container\">\n\t\t\t\t\t<h2 class=\"elementor-heading-title elementor-size-default\">Tarih\u00e7e<\/h2>\t\t\t\t<\/div>\n\t\t\t\t<\/div>\n\t\t\t\t<div class=\"elementor-element elementor-element-63260862 elementor-widget-divider--view-line elementor-widget elementor-widget-divider\" data-id=\"63260862\" data-element_type=\"widget\" data-widget_type=\"divider.default\">\n\t\t\t\t<div class=\"elementor-widget-container\">\n\t\t\t\t\t\t\t<div class=\"elementor-divider\">\n\t\t\t<span class=\"elementor-divider-separator\">\n\t\t\t\t\t\t<\/span>\n\t\t<\/div>\n\t\t\t\t\t\t<\/div>\n\t\t\t\t<\/div>\n\t\t\t\t\t<\/div>\n\t\t<\/div>\n\t\t\t\t\t<\/div>\n\t\t<\/section>\n\t\t\t\t<section class=\"elementor-section elementor-top-section elementor-element elementor-element-681db8b elementor-section-boxed elementor-section-height-default elementor-section-height-default\" data-id=\"681db8b\" data-element_type=\"section\">\n\t\t\t\t\t\t<div class=\"elementor-container elementor-column-gap-default\">\n\t\t\t\t\t<div class=\"elementor-column elementor-col-100 elementor-top-column elementor-element elementor-element-ad4dac5\" data-id=\"ad4dac5\" data-element_type=\"column\">\n\t\t\t<div class=\"elementor-widget-wrap elementor-element-populated\">\n\t\t\t\t\t\t<div class=\"elementor-element elementor-element-2f96b3d elementor-widget elementor-widget-text-editor\" data-id=\"2f96b3d\" data-element_type=\"widget\" data-widget_type=\"text-editor.default\">\n\t\t\t\t<div class=\"elementor-widget-container\">\n\t\t\t\t\t\t\t\t\t<div><p class=\"MsoNormal\"><span style=\"letter-spacing: 0px\">Edebiyat Fak\u00fcltesi, Atat\u00fcrk \u00dcniversitesi b\u00fcnyesinde &#8220;Fen-Edebiyat Fak\u00fcltesi&#8221; ad\u0131 alt\u0131nda 17 Kas\u0131m 1958 tarihinde kurulmu\u015ftur. Edebiyat Grubu\u2019nda T\u00fcrk Dili ve Edebiyat\u0131, Alman Dili ve Edebiyat\u0131, \u0130ngiliz Dili ve Edebiyat\u0131, Frans\u0131z Dili ve Edebiyat\u0131 ile Fen Grubu\u2019nda \u0130ktisat ve \u0130\u015fletmecilik b\u00f6l\u00fcmleri yer almaktayd\u0131. B\u00f6l\u00fcm\u00fcm\u00fcz 1958-1959 \u00f6\u011fretim y\u0131l\u0131nda bir adet \u00f6\u011frenci ile lisans e\u011fitimine ba\u015flam\u0131\u015ft\u0131r. O g\u00fcnden bug\u00fcne b\u00fcy\u00fck bir geli\u015fme kaydetmi\u015f olan b\u00f6l\u00fcm\u00fcm\u00fcz \u015fu anda 10 \u00f6\u011fretim eleman\u0131 ve 250 lisans \u00f6\u011frenci ile e\u011fitim-\u00f6\u011fretime devam etmektedir.\u00a0<\/span><\/p><\/div><div>\u00a0<\/div>\t\t\t\t\t\t\t\t<\/div>\n\t\t\t\t<\/div>\n\t\t\t\t\t<\/div>\n\t\t<\/div>\n\t\t\t\t\t<\/div>\n\t\t<\/section>\n\t\t\t\t<\/div>\n\t\t","protected":false},"excerpt":{"rendered":"<p>Tarih\u00e7e Edebiyat Fak\u00fcltesi, Atat\u00fcrk \u00dcniversitesi b\u00fcnyesinde &#8220;Fen-Edebiyat Fak\u00fcltesi&#8221; ad\u0131 alt\u0131nda 17 Kas\u0131m 1958 tarihinde kurulmu\u015ftur. Edebiyat Grubu\u2019nda T\u00fcrk Dili ve Edebiyat\u0131, Alman Dili ve Edebiyat\u0131, \u0130ngiliz Dili ve Edebiyat\u0131, Frans\u0131z Dili ve Edebiyat\u0131 ile Fen Grubu\u2019nda \u0130ktisat ve \u0130\u015fletmecilik b\u00f6l\u00fcmleri yer almaktayd\u0131. B\u00f6l\u00fcm\u00fcm\u00fcz 1958-1959 \u00f6\u011fretim y\u0131l\u0131nda bir adet \u00f6\u011frenci ile lisans e\u011fitimine ba\u015flam\u0131\u015ft\u0131r. O g\u00fcnden [&hellip;]<\/p>\n","protected":false},"author":1,"featured_media":0,"parent":0,"menu_order":0,"comment_status":"closed","ping_status":"closed","template":"","meta":{"footnotes":""},"class_list":["post-5638","page","type-page","status-publish","hentry"],"_links":{"self":[{"href":"https:\/\/atauni.edu.tr\/alman-dili-ve-edebiyati\/wp-json\/wp\/v2\/pages\/5638","targetHints":{"allow":["GET"]}}],"collection":[{"href":"https:\/\/atauni.edu.tr\/alman-dili-ve-edebiyati\/wp-json\/wp\/v2\/pages"}],"about":[{"href":"https:\/\/atauni.edu.tr\/alman-dili-ve-edebiyati\/wp-json\/wp\/v2\/types\/page"}],"author":[{"embeddable":true,"href":"https:\/\/atauni.edu.tr\/alman-dili-ve-edebiyati\/wp-json\/wp\/v2\/users\/1"}],"replies":[{"embeddable":true,"href":"https:\/\/atauni.edu.tr\/alman-dili-ve-edebiyati\/wp-json\/wp\/v2\/comments?post=5638"}],"version-history":[{"count":28,"href":"https:\/\/atauni.edu.tr\/alman-dili-ve-edebiyati\/wp-json\/wp\/v2\/pages\/5638\/revisions"}],"predecessor-version":[{"id":6167,"href":"https:\/\/atauni.edu.tr\/alman-dili-ve-edebiyati\/wp-json\/wp\/v2\/pages\/5638\/revisions\/6167"}],"wp:attachment":[{"href":"https:\/\/atauni.edu.tr\/alman-dili-ve-edebiyati\/wp-json\/wp\/v2\/media?parent=5638"}],"curies":[{"name":"wp","href":"https:\/\/api.w.org\/{rel}","templated":true}]}}