{"id":6670,"date":"2022-03-07T14:03:46","date_gmt":"2022-03-07T11:03:46","guid":{"rendered":"https:\/\/birimler.atauni.edu.tr\/alman-dili-ve-edebiyati\/?page_id=6670"},"modified":"2024-10-19T18:02:12","modified_gmt":"2024-10-19T15:02:12","slug":"ogrenci-kulupleri","status":"publish","type":"page","link":"https:\/\/atauni.edu.tr\/alman-dili-ve-edebiyati\/ogrenci-kulupleri\/","title":{"rendered":"\u00d6\u011frenci K\u00fcl\u00fcpleri"},"content":{"rendered":"\t\t<div data-elementor-type=\"wp-page\" data-elementor-id=\"6670\" class=\"elementor elementor-6670\" data-elementor-post-type=\"page\">\n\t\t\t\t\t\t<section class=\"elementor-section elementor-top-section elementor-element elementor-element-c499e12 elementor-section-boxed elementor-section-height-default elementor-section-height-default\" data-id=\"c499e12\" data-element_type=\"section\">\n\t\t\t\t\t\t<div class=\"elementor-container elementor-column-gap-default\">\n\t\t\t\t\t<div class=\"elementor-column elementor-col-100 elementor-top-column elementor-element elementor-element-e374842\" data-id=\"e374842\" data-element_type=\"column\">\n\t\t\t<div class=\"elementor-widget-wrap elementor-element-populated\">\n\t\t\t\t\t\t<div class=\"elementor-element elementor-element-257eb40 elementor-widget elementor-widget-accordion\" data-id=\"257eb40\" data-element_type=\"widget\" data-widget_type=\"accordion.default\">\n\t\t\t\t<div class=\"elementor-widget-container\">\n\t\t\t\t\t\t\t<div class=\"elementor-accordion\">\n\t\t\t\t\t\t\t<div class=\"elementor-accordion-item\">\n\t\t\t\t\t<div id=\"elementor-tab-title-3931\" class=\"elementor-tab-title\" data-tab=\"1\" role=\"button\" aria-controls=\"elementor-tab-content-3931\" aria-expanded=\"false\">\n\t\t\t\t\t\t\t\t\t\t\t\t\t<span class=\"elementor-accordion-icon elementor-accordion-icon-left\" aria-hidden=\"true\">\n\t\t\t\t\t\t\t\t\t\t\t\t\t\t\t<span class=\"elementor-accordion-icon-closed\"><i class=\"fas fa-plus\"><\/i><\/span>\n\t\t\t\t\t\t\t\t<span class=\"elementor-accordion-icon-opened\"><i class=\"fas fa-minus\"><\/i><\/span>\n\t\t\t\t\t\t\t\t\t\t\t\t\t\t<\/span>\n\t\t\t\t\t\t\t\t\t\t\t\t<a class=\"elementor-accordion-title\" tabindex=\"0\">Germanistik Kul\u00fcb\u00fc<\/a>\n\t\t\t\t\t<\/div>\n\t\t\t\t\t<div id=\"elementor-tab-content-3931\" class=\"elementor-tab-content elementor-clearfix\" data-tab=\"1\" role=\"region\" aria-labelledby=\"elementor-tab-title-3931\"><p><strong>ATAT\u00dcRK \u00dcN\u0130VERS\u0130TES\u0130<\/strong><\/p>\n<p><strong>EDEB\u0130YAT FAK\u00dcLTES\u0130<\/strong><\/p>\n<p><strong>ALMAN D\u0130L\u0130 VE EDEB\u0130YATI B\u00d6L\u00dcM\u00dc<\/strong><\/p>\n<p><strong>GERMAN\u0130ST\u0130K KUL\u00dcP&nbsp;<\/strong><\/p>\n<p><strong>&nbsp;<\/strong><\/p>\n<p><strong>1)Kul\u00fcb\u00fcn Ad\u0131:<\/strong><\/p>\n<p>Alman Dili ve Edebiyat\u0131 Germanistik Kul\u00fcb\u00fc<\/p>\n<p><strong>2) Amac\u0131:<\/strong><\/p>\n<p>Kul\u00fcb\u00fcm\u00fcz\u00fcn amac\u0131; b\u00f6l\u00fcm \u00f6\u011frencilerinin ders d\u0131\u015f\u0131 zamanlar\u0131nda bilimsel, mesleki, sportif, edebi, k\u00fclt\u00fcrel, sosyal, sanatsal ve b\u00f6l\u00fcmle ilgili; plan ve program \u00e7er\u00e7evesinde etkin bir \u015fekilde rol almas\u0131n\u0131 sa\u011flayacak faaliyetler y\u00fcr\u00fctmektir.<\/p>\n<p><strong>3) \u00c7al\u0131\u015fma \u015eekli ve Alanlar\u0131:<\/strong><\/p>\n<p>Sosyal anlamda yap\u0131lan etkinliklerimiz (panel, konferans, sempozyum, seminer, gezi, &nbsp;sosyal ve k\u00fclt\u00fcrel aktiviteler vs.)&nbsp; etkinli\u011fin t\u00fcr\u00fcne g\u00f6re yap\u0131lan toplant\u0131larla \u015fekil almaktad\u0131r.<\/p>\n<p><strong>4) Kurucular\u0131:<\/strong><\/p>\n<p>Mevl\u00fct Baki Tapan ve Hakan G\u00fcrb\u00fcz<\/p>\n<p><strong>5) \u00dcyelik:<\/strong><\/p>\n<p>G\u00f6n\u00fcll\u00fcl\u00fck esas\u0131na g\u00f6re yap\u0131lan toplant\u0131larla yahut OBS \u00fczerinden kul\u00fcbe yap\u0131lan ba\u015fvurularla \u00fcye olunmaktad\u0131r.<\/p>\n<p><strong>6) \u00dcye Olma:<\/strong><\/p>\n<p>\u00dcniversitede e\u011fitim-\u00f6\u011fretim g\u00f6ren, hi\u00e7bir \u00fccret talep etmeden her t\u00fcrl\u00fc aktivitede g\u00f6n\u00fcll\u00fc olarak \u00e7al\u0131\u015fmak isteyen her \u00f6\u011frenci dolduraca\u011f\u0131 ba\u015fvuru formuna g\u00f6re de\u011ferlendirilerek kabul edilir.<\/p>\n<p><strong>7) \u00dcye Haklar\u0131:<\/strong><\/p>\n<p>Her \u00fcye birden fazla kul\u00fcbe \u00fcye olabilir ancak y\u00f6netim kurulunda g\u00f6rev alamaz.<\/p>\n<p><strong>8) \u00dcyelikten \u00c7\u0131kma:<\/strong><\/p>\n<p>Her \u00fcye kendi h\u00fcr iradesiyle \u00fcyelikten \u00e7\u0131kabilir.<\/p>\n<p><strong>9) \u00dcyelikten \u00c7\u0131kar\u0131lma:<\/strong><\/p>\n<p>Kul\u00fcp i\u00e7erisinde uygunsuz hareketlerde bulunan, kul\u00fcp ad\u0131na faydal\u0131 i\u015flerde bulunmayan, Kul\u00fcp esaslar\u0131na ayk\u0131r\u0131 olan ve yap\u0131lan etkinliklerde etkin olmayan her birey \u00fcyelikten \u00e7\u0131kar\u0131labilir.<\/p>\n<p><strong>10) Kul\u00fcp Y\u00f6netim Organlar\u0131:<\/strong><\/p>\n<p>Kul\u00fcp Dan\u0131\u015fman\u0131, Kul\u00fcp Ba\u015fkan ve Ba\u015fkan yard\u0131mc\u0131lar\u0131, Kul\u00fcp \u00dcyeleri<\/p>\n<p><strong><br>11) Genel Kurul:<\/strong><\/p>\n<p>Kul\u00fcbe kay\u0131tl\u0131 t\u00fcm \u00f6\u011frenci \u00fcyelerden olu\u015fur.<\/p>\n<p><strong>12) Toplant\u0131 Zaman\u0131:<\/strong><\/p>\n<p>Toplant\u0131lar iki haftada bir d\u00fczenlenir.<\/p>\n<p><strong>13) \u00c7a\u011fr\u0131 usul\u00fc:<\/strong><\/p>\n<p>Afi\u015fler ve davetiyelerle \u00e7a\u011fr\u0131 usul\u00fc ger\u00e7ekle\u015ftirilir.<\/p>\n<p><strong>14) Toplant\u0131 Yeri:<\/strong><\/p>\n<p>Edebiyat fak\u00fcltesinde uygun g\u00f6r\u00fclen s\u0131n\u0131flarda veya k\u00fct\u00fcphane de toplant\u0131 yap\u0131l\u0131r.<\/p>\n<p><strong>15) Toplant\u0131 Yeter Say\u0131s\u0131:<\/strong><\/p>\n<p>Kurul \u00dcyelerinin kat\u0131l\u0131m\u0131yla olu\u015fan say\u0131d\u0131r. En az be\u015f ki\u015fidir.<\/p>\n<p><strong>16) Genel Kurulun G\u00f6rev ve Yetkileri:<\/strong><\/p>\n<p>Her y\u0131l, Kul\u00fcp Y\u00f6netim Kurulu\u2019nun asil ve yedek \u00fcyelerini se\u00e7mek. Kul\u00fcp Y\u00f6netim Kurulu\u2019nun raporlar\u0131n\u0131 g\u00f6r\u00fc\u015fmek, onaylamak ve Kul\u00fcp y\u00f6netim Kurulu\u2019na sunmak. Gerekti\u011fi yerde \u00f6\u011frenci kul\u00fcb\u00fc ile ilgili kararlar\u0131 almak.<\/p>\n<p><strong>17) Genel Kurul Sonu\u00e7lar\u0131 Bildirimi:<\/strong><\/p>\n<p>Sonu\u00e7lar belgelenerek sunulur.<\/p>\n<p><strong>18) Toplant\u0131 Yeter Say\u0131s\u0131:<\/strong><\/p>\n<p>Kurul \u00dcyelerinin kat\u0131l\u0131m\u0131yla olu\u015fan say\u0131d\u0131r.<\/p>\n<p><strong>19) Y\u00f6netim Kurulu ve G\u00f6revleri:<\/strong><\/p>\n<p>\u00dcniversite kapsam\u0131nda ve d\u0131\u015f\u0131nda kul\u00fcb\u00fc temsil etmek veya uygun g\u00f6r\u00fcld\u00fc\u011f\u00fc takdirde kul\u00fcp \u00fcyelerine yetki vermek. Kul\u00fcb\u00fcn y\u0131ll\u0131k \u00e7al\u0131\u015fma ve program\u0131n\u0131 haz\u0131rlamak ve uygulamak. Gerekirse \u00e7al\u0131\u015fma esaslar\u0131nda de\u011fi\u015fiklikler yapmak. Genel kurul taraf\u0131ndan verilen g\u00f6revleri yerine getirmek. Kul\u00fcp i\u00e7erisindeki her t\u00fcrl\u00fc kararda etkin bir \u015fekilde rol almak.<\/p>\n<p><strong>20) Kul\u00fcp Defteri:<\/strong><\/p>\n<p>Kul\u00fcp ad\u0131na yap\u0131lan etkinliklerde t\u00fcm maddi gelir ve giderlerin kaydedildi\u011fi defter.<\/p>\n<p><strong>21) Ge\u00e7ici Y\u00f6netim Kurulu:<\/strong><\/p>\n<p>Akademik y\u0131l i\u00e7erisinde belirlenen Y\u00f6netim Kurulu d\u0131\u015f\u0131nda Ge\u00e7ici Y\u00f6netim Kurulu yoktur.<\/p>\n<p><strong>22) Etkinlik Yoklamas\u0131<\/strong>&nbsp;<strong>ve G\u00f6rev Al\u0131m\u0131<\/strong><\/p>\n<p>Kul\u00fcp y\u00f6netimi d\u00e2hil b\u00fct\u00fcn \u00fcyelerin Etkinlik yoklamas\u0131nda iki defa yok yaz\u0131l\u0131rsa bir sonraki etkinlikte g\u00f6rev alamayacakt\u0131r.<\/p>\n<p><strong><br>Y\u00f6netim Kurulu:<\/strong><\/p>\n<p><strong>Kul\u00fcp Dan\u0131\u015fman\u0131: <\/strong>Prof. Dr. Fatma \u00d6ZT\u00dcRK DA\u011eABAKAN<\/p>\n<p><strong>Ba\u015fkan: <\/strong>Ahmet Can \u00c7ATALTA\u015e<strong><br><\/strong><\/p>\n<p><strong>Ba\u015fkan Yard\u0131mc\u0131lar\u0131:<br><\/strong>1. Furkan \u015eAH\u0130N<br>2. Sude AYDIN<strong><br><\/strong><\/p>\n<p><strong>Yazman:<\/strong> G\u00fcls\u00fcm G\u00f6k\u00e7e KARCI<br><b><\/b><\/p>\n<p><b>Sayman:<\/b>&nbsp; Berat ATE\u015e<strong><br><\/strong><\/p>\n<p><strong>Y\u00f6netim Kurulu \u00dcyeleri:&nbsp;<\/strong><\/p>\n<p>Damla Dilara TEPEC\u0130K<br>Eray \u00c7AKMAK&nbsp;<\/p>\n<p>Osman Ekin S\u00d6ZER<\/p><p>Hafsanur TAFO<\/p>\n<p><strong>Y\u00f6netim Kurulu Yedek \u00dcyeleri:&nbsp;<\/strong><\/p>\n<p>S\u00fcreyya \u00c7A\u011eLAYAN<\/p>\n<p><strong>Denetleme Kurulu Ba\u015fkan\u0131:&nbsp;<\/strong><\/p>\n<p>K\u00fcbra Bostan<\/p>\n<p><b>Denetleme Kurulu \u00dcyeleri:<\/b><\/p>\n<p>G\u00f6ksu KORGAN<\/p>\n<p>Sevg\u00fcl ALDAN<\/p>\n<p>Zeynep YA\u011eIZ<\/p>\n<p><strong>Denetleme Kurulu Yedek \u00dcyeleri:&nbsp;<\/strong><\/p>\n<p>Gamze KUVVET<\/p>\n<p>Zehra \u015eAH\u0130N<\/p><\/div>\n\t\t\t\t<\/div>\n\t\t\t\t\t\t\t<div class=\"elementor-accordion-item\">\n\t\t\t\t\t<div id=\"elementor-tab-title-3932\" class=\"elementor-tab-title\" data-tab=\"2\" role=\"button\" aria-controls=\"elementor-tab-content-3932\" aria-expanded=\"false\">\n\t\t\t\t\t\t\t\t\t\t\t\t\t<span class=\"elementor-accordion-icon elementor-accordion-icon-left\" aria-hidden=\"true\">\n\t\t\t\t\t\t\t\t\t\t\t\t\t\t\t<span class=\"elementor-accordion-icon-closed\"><i class=\"fas fa-plus\"><\/i><\/span>\n\t\t\t\t\t\t\t\t<span class=\"elementor-accordion-icon-opened\"><i class=\"fas fa-minus\"><\/i><\/span>\n\t\t\t\t\t\t\t\t\t\t\t\t\t\t<\/span>\n\t\t\t\t\t\t\t\t\t\t\t\t<a class=\"elementor-accordion-title\" tabindex=\"0\">Germanistik Proje ve Etkinlik Kul\u00fcb\u00fc<\/a>\n\t\t\t\t\t<\/div>\n\t\t\t\t\t<div id=\"elementor-tab-content-3932\" class=\"elementor-tab-content elementor-clearfix\" data-tab=\"2\" role=\"region\" aria-labelledby=\"elementor-tab-title-3932\"><h2>&nbsp;&nbsp;&nbsp;&nbsp;&nbsp;&nbsp;&nbsp;&nbsp;&nbsp;&nbsp;&nbsp;&nbsp;&nbsp;&nbsp;&nbsp;&nbsp;&nbsp;&nbsp;&nbsp;&nbsp;&nbsp;&nbsp;&nbsp;&nbsp;&nbsp;&nbsp;&nbsp;&nbsp;&nbsp;&nbsp;&nbsp;&nbsp;&nbsp;&nbsp;&nbsp;&nbsp;&nbsp;&nbsp;&nbsp;&nbsp;&nbsp;&nbsp;&nbsp;&nbsp;&nbsp;&nbsp;&nbsp;&nbsp;&nbsp;&nbsp;&nbsp;&nbsp;&nbsp;&nbsp;&nbsp;&nbsp; ATAT\u00dcRK \u00dcN\u0130VERS\u0130TES\u0130<\/h2>\n<p><strong>EDEB\u0130YAT FAK\u00dcLTES\u0130<\/strong><\/p>\n<p><strong>ALMAN D\u0130L\u0130 VE EDEB\u0130YATI B\u00d6L\u00dcM\u00dc<\/strong><\/p>\n<p><strong>GERMAN\u0130ST\u0130K PROJE VE ETK\u0130NL\u0130K KUL\u00dcB\u00dc T\u00dcZ\u00dc\u011e\u00dc<\/strong><\/p>\n<p><strong>&nbsp;<\/strong><\/p>\n<p><strong>1)Kul\u00fcb\u00fcn Ad\u0131:<\/strong><\/p>\n<p>Germanistik Proje ve Etkinlik Kul\u00fcb\u00fc<\/p>\n<p><strong>2) Amac\u0131:<\/strong><\/p>\n<p>Kul\u00fcb\u00fcm\u00fcz\u00fcn amac\u0131; b\u00f6l\u00fcm ve \u00fcniversitemizdeki \u00f6\u011frencilerin ders d\u0131\u015f\u0131 zamanlar\u0131nda bilimsel, mesleki, sportif, edebi, k\u00fclt\u00fcrel, sosyal, sanatsal faaliyetlerde g\u00f6n\u00fcll\u00fcl\u00fck esas\u0131na dayanarak kendilerine farkl\u0131 alanlarda farkl\u0131 tecr\u00fcbeler edinecekleri etkinlik ve projeler d\u00fczenlemek. Fikirlerini projele\u015ftirmeleri i\u00e7in onlara yard\u0131mc\u0131 olmak.<\/p>\n<p><strong>3) \u00c7al\u0131\u015fma \u015eekli ve Alanlar\u0131:<\/strong><\/p>\n<p>Sosyal anlamda yap\u0131lan etkinliklerimiz (panel, konferans, sempozyum, seminer, gezi, &nbsp;sosyal ve k\u00fclt\u00fcrel aktiviteler, g\u00f6n\u00fcll\u00fcl\u00fck ve toplumsal dayan\u0131\u015fma faaliyetlerinde ekip olarak rol almak vs.)&nbsp; etkinli\u011fin t\u00fcr\u00fcne g\u00f6re yap\u0131lan toplant\u0131larla \u015fekil almaktad\u0131r.<\/p>\n<p><strong>4) Kurucular\u0131:<\/strong><\/p>\n<p>Do\u011fukan ER\u0130\u015e<\/p>\n<p><strong>5) \u00dcyelik:<\/strong><\/p>\n<p>G\u00f6n\u00fcll\u00fcl\u00fck esas\u0131na g\u00f6re yap\u0131lan toplant\u0131larla \u00fcye olunmaktad\u0131r.<\/p>\n<p><strong>6) \u00dcye Olma:<\/strong><\/p>\n<p>\u00dcniversitede e\u011fitim-\u00f6\u011fretim g\u00f6ren, hi\u00e7bir \u00fccret talep etmeden her t\u00fcrl\u00fc aktivitede g\u00f6n\u00fcll\u00fc olarak \u00e7al\u0131\u015fmak isteyen her \u00f6\u011frenci OBS \u00fczerinden kul\u00fcbe ba\u015fvuru yapabilir ve \u00fcye olabilir.<\/p>\n<p><strong>7) \u00dcye Haklar\u0131:<\/strong><\/p>\n<p>Her \u00fcye birden fazla kul\u00fcbe \u00fcye olabilir ancak y\u00f6netim kurulunda g\u00f6rev alamaz.<\/p>\n<p><strong>8) \u00dcyelikten \u00c7\u0131kma:<\/strong><\/p>\n<p>Her \u00fcye kendi h\u00fcr iradesiyle \u00fcyelikten \u00e7\u0131kabilir.<\/p>\n<p><strong>9) \u00dcyelikten \u00c7\u0131kar\u0131lma:<\/strong><\/p>\n<p>Kul\u00fcp i\u00e7erisinde uygunsuz hareketlerde bulunan, kul\u00fcp ad\u0131na faydal\u0131 i\u015flerde bulunmayan, kul\u00fcp esaslar\u0131na ayk\u0131r\u0131 olan ve yap\u0131lan etkinliklerde etkin rol oynamayan her birey \u00fcyelikten \u00e7\u0131kar\u0131labilir.<\/p>\n<p><strong>10) Kul\u00fcp Y\u00f6netim Organlar\u0131: <\/strong><\/p>\n<p>Kul\u00fcp Dan\u0131\u015fman\u0131, Kul\u00fcp Ba\u015fkan\u0131 ve Ba\u015fkan Yard\u0131mc\u0131lar\u0131, Yazman, Sayman, Y\u00f6netim Kurulu \u00dcyeleri, Y\u00f6netim Kurulu Yedek \u00dcyeleri, Denetim Kurulu \u00dcyeleri.<strong><br>11) Genel Kurul:<\/strong><\/p>\n<p>Kul\u00fcbe kay\u0131tl\u0131 t\u00fcm \u00f6\u011frenci \u00fcyelerden olu\u015fur.<\/p>\n<p><strong>12) Toplant\u0131 Zaman\u0131:<\/strong><\/p>\n<p>Toplant\u0131lar etkinliklerin yo\u011funlu\u011funa, gidi\u015fat\u0131na ba\u011fl\u0131 olarak d\u00fczenlenir.<\/p>\n<p><strong>13) \u00c7a\u011fr\u0131 usul\u00fc:<\/strong><\/p>\n<p>Afi\u015f, bro\u015f\u00fcr ve davetiyelerle \u00e7a\u011fr\u0131 usul\u00fc ger\u00e7ekle\u015ftirilir.<\/p>\n<p><strong>14) Toplant\u0131 Yeri:<\/strong><\/p>\n<p>Edebiyat fak\u00fcltesinde uygun g\u00f6r\u00fclen s\u0131n\u0131flarda,&nbsp; k\u00fct\u00fcphanede, sosyal alanlarda yada y\u00f6netim kurulu \u00fcyelerinin belirledi\u011fi bir alanda toplant\u0131 yap\u0131labilir.<\/p>\n<p><strong>15) Toplant\u0131 Yeter Say\u0131s\u0131:<\/strong><\/p>\n<p>Kurul \u00dcyelerinin kat\u0131l\u0131m\u0131yla olu\u015fan say\u0131d\u0131r. En az be\u015f ki\u015fidir.<\/p>\n<p><strong>16) Genel Kurulun G\u00f6rev ve Yetkileri:<\/strong><\/p>\n<p>Her y\u0131l, Kul\u00fcp Y\u00f6netim Kurulu\u2019nun asil ve yedek \u00fcyelerini se\u00e7mek. Kul\u00fcp Y\u00f6netim Kurulunun raporlar\u0131n\u0131 g\u00f6r\u00fc\u015fmek, onaylamak ve Kul\u00fcp Y\u00f6netim Kuruluna sunmak. Gerekti\u011fi yerde \u00f6\u011frenci kul\u00fcb\u00fc ile ilgili kararlar\u0131 almak.<\/p>\n<p><strong>17) Genel Kurul Sonu\u00e7lar\u0131 Bildirimi:<\/strong><\/p>\n<p>Sonu\u00e7lar belgelenerek sunulur.<\/p>\n<p><strong>18) Toplant\u0131 Yeter Say\u0131s\u0131:<\/strong><\/p>\n<p>Kurul \u00dcyelerinin kat\u0131l\u0131m\u0131yla olu\u015fan say\u0131d\u0131r.<\/p>\n<p><strong>19) Y\u00f6netim Kurulu ve G\u00f6revleri:<\/strong><\/p>\n<p>\u00dcniversite kapsam\u0131nda ve d\u0131\u015f\u0131nda kul\u00fcb\u00fc temsil etmek veya uygun g\u00f6r\u00fcld\u00fc\u011f\u00fc takdirde kul\u00fcp \u00fcyelerine yetki vermek. Kul\u00fcb\u00fcn y\u0131ll\u0131k \u00e7al\u0131\u015fma program\u0131n\u0131 haz\u0131rlamak ve uygulamak. Gerekirse \u00e7al\u0131\u015fma esaslar\u0131nda de\u011fi\u015fiklikler yapmak. Genel Kurul taraf\u0131ndan verilen g\u00f6revleri yerine getirmek. Kul\u00fcp i\u00e7erisindeki her t\u00fcrl\u00fc kararda etkin bir \u015fekilde rol almak.<\/p>\n<p><strong>20) Kul\u00fcp Defteri:<\/strong><\/p>\n<p>Kul\u00fcp ad\u0131na yap\u0131lan etkinliklerde t\u00fcm maddi gelir ve giderlerin kaydedildi\u011fi defter.<\/p>\n<p><strong>21) Ge\u00e7ici Y\u00f6netim Kurulu:<\/strong><\/p>\n<p>Akademik y\u0131l i\u00e7erisinde belirlenen Y\u00f6netim Kurulu d\u0131\u015f\u0131nda herhangi bir Ge\u00e7ici Y\u00f6netim Kurulu yoktur.<\/p>\n<p><strong>22) Etkinlik Yoklamas\u0131<\/strong> <strong>ve G\u00f6rev Al\u0131m\u0131<\/strong><\/p>\n<p>Etkinlik Yoklamas\u0131 ve G\u00f6rev Al\u0131m\u0131 y\u00f6netim kurulu taraf\u0131ndan tayin edilir. E\u011fer \u00fcyeler verilen g\u00f6revleri yerine getirmezse yada aksat\u0131rsa uyar\u0131 verilir, bir \u00fcye ikiden fazla uyar\u0131 al\u0131rsa kul\u00fcp \u00fcyeli\u011finden \u00e7\u0131kar\u0131l\u0131r.<\/p>\n<p><\/p>\n<p><strong>Y\u00f6netim Kurulu:<\/strong><\/p>\n<p><strong>Kul\u00fcp Dan\u0131\u015fman\u0131: Do\u00e7. Dr. Merve KARABULUT<\/strong><br><strong>Ba\u015fkan: <\/strong>Do\u011fukan ER\u0130\u015e<strong><br>Ba\u015fkan Yard\u0131mc\u0131lar\u0131: <\/strong><\/p>\n<ol>\n<li>Nurdo\u011fan ERTA\u015e<\/li>\n<li>Emine Y\u00dcKSEL<\/li>\n<li>Ay\u015fe D\u00dcNDAR<\/li>\n<\/ol>\n<div><b>Yazman:&nbsp;<\/b>Esra Nur YILDIZ<\/div>\n<p><strong>Sayman: <\/strong>Mehmet Yener BAYBAKTI<\/p>\n<p><strong>Y\u00f6netim Kurulu \u00dcyeleri: <\/strong><\/p>\n<ol>\n<li><strong>Muhammed Yasin G\u00d6REN<\/strong><\/li>\n<li><strong>Ozan G\u00dcVEN<\/strong><\/li>\n<li><strong>Seher KARAKU\u015e<\/strong><\/li><\/ol>\n<p><strong>Yedek \u00dcyeler:<\/strong><\/p>\n<ol>\n<li><strong> Yaren I\u015f\u0131k<\/strong><\/li>\n<li><strong> S\u00fcreyya \u00d6ZDEN<\/strong><\/li>\n<li><strong> Ay\u015fe BAYSAL<\/strong><\/li><\/ol>\n<p><strong>Denetim Kurulu \u00dcyeleri<\/strong><\/p>\n<ol>\n<li><strong>Canan \u00c7EL\u0130K<\/strong><\/li>\n<li><strong>Bahar AK\u00c7EVRE<\/strong><\/li>\n<li><strong>K\u00fcbra KUR\u015eUN<\/strong><\/li>\n<li><strong>Mustafa \u00dcST\u00dcN<\/strong><\/li>\n<li><strong>Hikmet Baki DA\u011eLAR<\/strong><\/li>\n<li><strong>Kubilay ZURNACI <\/strong>\n<p><\/p>\n<\/li>\n<\/ol><\/div>\n\t\t\t\t<\/div>\n\t\t\t\t\t\t\t\t<\/div>\n\t\t\t\t\t\t<\/div>\n\t\t\t\t<\/div>\n\t\t\t\t\t<\/div>\n\t\t<\/div>\n\t\t\t\t\t<\/div>\n\t\t<\/section>\n\t\t\t\t<\/div>\n\t\t","protected":false},"excerpt":{"rendered":"<p>Germanistik Kul\u00fcb\u00fc ATAT\u00dcRK \u00dcN\u0130VERS\u0130TES\u0130 EDEB\u0130YAT FAK\u00dcLTES\u0130 ALMAN D\u0130L\u0130 VE EDEB\u0130YATI B\u00d6L\u00dcM\u00dc GERMAN\u0130ST\u0130K KUL\u00dcP&nbsp; &nbsp; 1)Kul\u00fcb\u00fcn Ad\u0131: Alman Dili ve Edebiyat\u0131 Germanistik Kul\u00fcb\u00fc 2) Amac\u0131: Kul\u00fcb\u00fcm\u00fcz\u00fcn amac\u0131; b\u00f6l\u00fcm \u00f6\u011frencilerinin ders d\u0131\u015f\u0131 zamanlar\u0131nda bilimsel, mesleki, sportif, edebi, k\u00fclt\u00fcrel, sosyal, sanatsal ve b\u00f6l\u00fcmle ilgili; plan ve program \u00e7er\u00e7evesinde etkin bir \u015fekilde rol almas\u0131n\u0131 sa\u011flayacak faaliyetler y\u00fcr\u00fctmektir. 3) \u00c7al\u0131\u015fma [&hellip;]<\/p>\n","protected":false},"author":446,"featured_media":0,"parent":0,"menu_order":0,"comment_status":"closed","ping_status":"closed","template":"","meta":{"footnotes":""},"class_list":["post-6670","page","type-page","status-publish","hentry"],"_links":{"self":[{"href":"https:\/\/atauni.edu.tr\/alman-dili-ve-edebiyati\/wp-json\/wp\/v2\/pages\/6670","targetHints":{"allow":["GET"]}}],"collection":[{"href":"https:\/\/atauni.edu.tr\/alman-dili-ve-edebiyati\/wp-json\/wp\/v2\/pages"}],"about":[{"href":"https:\/\/atauni.edu.tr\/alman-dili-ve-edebiyati\/wp-json\/wp\/v2\/types\/page"}],"author":[{"embeddable":true,"href":"https:\/\/atauni.edu.tr\/alman-dili-ve-edebiyati\/wp-json\/wp\/v2\/users\/446"}],"replies":[{"embeddable":true,"href":"https:\/\/atauni.edu.tr\/alman-dili-ve-edebiyati\/wp-json\/wp\/v2\/comments?post=6670"}],"version-history":[{"count":31,"href":"https:\/\/atauni.edu.tr\/alman-dili-ve-edebiyati\/wp-json\/wp\/v2\/pages\/6670\/revisions"}],"predecessor-version":[{"id":9226,"href":"https:\/\/atauni.edu.tr\/alman-dili-ve-edebiyati\/wp-json\/wp\/v2\/pages\/6670\/revisions\/9226"}],"wp:attachment":[{"href":"https:\/\/atauni.edu.tr\/alman-dili-ve-edebiyati\/wp-json\/wp\/v2\/media?parent=6670"}],"curies":[{"name":"wp","href":"https:\/\/api.w.org\/{rel}","templated":true}]}}