{"id":7017,"date":"2022-05-23T21:57:33","date_gmt":"2022-05-23T18:57:33","guid":{"rendered":"http:\/\/birimler.atauni.edu.tr\/alman-dili-ve-edebiyati\/?page_id=7017"},"modified":"2026-01-20T14:39:26","modified_gmt":"2026-01-20T11:39:26","slug":"https-dergipark-org-tr-tr-pub-korpus","status":"publish","type":"page","link":"https:\/\/atauni.edu.tr\/alman-dili-ve-edebiyati\/https-dergipark-org-tr-tr-pub-korpus\/","title":{"rendered":"KORPUSGERMANISTIK"},"content":{"rendered":"\t\t<div data-elementor-type=\"wp-page\" data-elementor-id=\"7017\" class=\"elementor elementor-7017\" data-elementor-post-type=\"page\">\n\t\t\t\t\t\t<section class=\"elementor-section elementor-top-section elementor-element elementor-element-edee2df elementor-section-boxed elementor-section-height-default elementor-section-height-default\" data-id=\"edee2df\" data-element_type=\"section\">\n\t\t\t\t\t\t<div class=\"elementor-container elementor-column-gap-default\">\n\t\t\t\t\t<div class=\"elementor-column elementor-col-100 elementor-top-column elementor-element elementor-element-34e9322\" data-id=\"34e9322\" data-element_type=\"column\">\n\t\t\t<div class=\"elementor-widget-wrap elementor-element-populated\">\n\t\t\t\t\t\t<div class=\"elementor-element elementor-element-6bcf436 elementor-widget elementor-widget-text-editor\" data-id=\"6bcf436\" data-element_type=\"widget\" data-widget_type=\"text-editor.default\">\n\t\t\t\t<div class=\"elementor-widget-container\">\n\t\t\t\t\t\t\t\t\t<p><strong>Korpusgermanistik Dergisi, Atat\u00fcrk \u00dcniversitesi Edebiyat Fak\u00fcltesi Alman Dili ve Edebiyat\u0131 B\u00f6l\u00fcm\u00fc\u2019n\u00fcn yay\u0131n\u0131d\u0131r. Elektronik ortamda yay\u0131mlanan Korpusgermanistik, uluslararas\u0131 hakemli bir dergi olarak 2022 y\u0131l\u0131nda yay\u0131m hayat\u0131na ba\u015flam\u0131\u015ft\u0131r. T\u00fcrk\u00e7e, Almanca ve \u0130ngilizce dillerinde yay\u0131mlanan dergi, Bahar ve G\u00fcz say\u0131lar\u0131 (Haz\u0131ran &#8211; Aral\u0131k) olmak \u00fczere y\u0131lda iki defa yay\u0131mlanmaktad\u0131r. Korpusgermanistik&#8217;te yay\u0131mlanan yaz\u0131lara\u00a0<a href=\"https:\/\/dergipark.org.tr\/tr\/pub\/korpus\">https:\/\/dergipark.org.tr\/tr\/pub\/korpus<\/a> <\/strong><strong style=\"letter-spacing: 0px\">adresinden \u00fccretsiz olarak ula\u015f\u0131lmaktadad\u0131r.<\/strong><\/p>\t\t\t\t\t\t\t\t<\/div>\n\t\t\t\t<\/div>\n\t\t\t\t\t<\/div>\n\t\t<\/div>\n\t\t\t\t\t<\/div>\n\t\t<\/section>\n\t\t\t\t<section class=\"elementor-section elementor-top-section elementor-element elementor-element-286962a elementor-section-boxed elementor-section-height-default elementor-section-height-default\" data-id=\"286962a\" data-element_type=\"section\">\n\t\t\t\t\t\t<div class=\"elementor-container elementor-column-gap-default\">\n\t\t\t\t\t<div class=\"elementor-column elementor-col-100 elementor-top-column elementor-element elementor-element-71095ca\" data-id=\"71095ca\" data-element_type=\"column\">\n\t\t\t<div class=\"elementor-widget-wrap elementor-element-populated\">\n\t\t\t\t\t\t<div class=\"elementor-element elementor-element-6fd71e6 elementor-widget elementor-widget-text-editor\" data-id=\"6fd71e6\" data-element_type=\"widget\" data-widget_type=\"text-editor.default\">\n\t\t\t\t<div class=\"elementor-widget-container\">\n\t\t\t\t\t\t\t\t\t<p><strong>Ba\u015f Edit\u00f6r<\/strong>:<\/p><p>Prof. Dr. Fatma \u00d6ZT\u00dcRK DA\u011eABAKAN (Atat\u00fcrk \u00dcniversitesi Alman Dili ve Edebiyat\u0131 B\u00f6l\u00fcm\u00fc)<\/p><p><strong>Ba\u015f Edit\u00f6r:<\/strong><\/p><p>Prof. Dr. Ahmet SARI (Atat\u00fcrk \u00dcniversitesi Alman Dili ve Edebiyat\u0131 B\u00f6l\u00fcm\u00fc)<\/p><p><strong>Edit\u00f6rler<\/strong>:<\/p><ul><li>Ar\u015f. G\u00f6r. Dr. K\u00fcbra \u00c7AVU\u015e (Atat\u00fcrk \u00dcniversitesi Alman Dili ve Edebiyat\u0131 B\u00f6l\u00fcm\u00fc)<\/li><li>Do\u00e7. Dr. Habib TEK\u0130N (Marmara \u00dcniversitesi Alman Dili ve Edebiyat\u0131 B\u00f6l\u00fcm\u00fc)<\/li><li>Do\u00e7. Dr. G\u00f6khan \u015eefik ERKURT (Ayd\u0131n Adnan Menderes \u00dcniversitesi Alman Dili ve Edebiyat\u0131 B\u00f6l\u00fcm\u00fc)<\/li><\/ul><p>\u00a0<\/p>\t\t\t\t\t\t\t\t<\/div>\n\t\t\t\t<\/div>\n\t\t\t\t\t<\/div>\n\t\t<\/div>\n\t\t\t\t\t<\/div>\n\t\t<\/section>\n\t\t\t\t<section class=\"elementor-section elementor-top-section elementor-element elementor-element-fbb768f elementor-section-boxed elementor-section-height-default elementor-section-height-default\" data-id=\"fbb768f\" data-element_type=\"section\">\n\t\t\t\t\t\t<div class=\"elementor-container elementor-column-gap-default\">\n\t\t\t\t\t<div class=\"elementor-column elementor-col-100 elementor-top-column elementor-element elementor-element-dc77712\" data-id=\"dc77712\" data-element_type=\"column\">\n\t\t\t<div class=\"elementor-widget-wrap elementor-element-populated\">\n\t\t\t\t\t\t<div class=\"elementor-element elementor-element-8b28db5 elementor-widget elementor-widget-image\" data-id=\"8b28db5\" data-element_type=\"widget\" data-widget_type=\"image.default\">\n\t\t\t\t<div class=\"elementor-widget-container\">\n\t\t\t\t\t\t\t\t\t\t\t\t\t\t\t<img fetchpriority=\"high\" decoding=\"async\" width=\"200\" height=\"300\" src=\"http:\/\/atauni.edu.tr\/alman-dili-ve-edebiyati\/wp-content\/uploads\/sites\/78\/2026\/01\/Korpusgermanistik-Sayi-Kapak-Resmi-2.png\" class=\"attachment-egovt_portfolio_thumb size-egovt_portfolio_thumb wp-image-10243\" alt=\"\" \/>\t\t\t\t\t\t\t\t\t\t\t\t\t\t\t<\/div>\n\t\t\t\t<\/div>\n\t\t\t\t\t<\/div>\n\t\t<\/div>\n\t\t\t\t\t<\/div>\n\t\t<\/section>\n\t\t\t\t<\/div>\n\t\t","protected":false},"excerpt":{"rendered":"<p>Korpusgermanistik Dergisi, Atat\u00fcrk \u00dcniversitesi Edebiyat Fak\u00fcltesi Alman Dili ve Edebiyat\u0131 B\u00f6l\u00fcm\u00fc\u2019n\u00fcn yay\u0131n\u0131d\u0131r. Elektronik ortamda yay\u0131mlanan Korpusgermanistik, uluslararas\u0131 hakemli bir dergi olarak 2022 y\u0131l\u0131nda yay\u0131m hayat\u0131na ba\u015flam\u0131\u015ft\u0131r. T\u00fcrk\u00e7e, Almanca ve \u0130ngilizce dillerinde yay\u0131mlanan dergi, Bahar ve G\u00fcz say\u0131lar\u0131 (Haz\u0131ran &#8211; Aral\u0131k) olmak \u00fczere y\u0131lda iki defa yay\u0131mlanmaktad\u0131r. Korpusgermanistik&#8217;te yay\u0131mlanan yaz\u0131lara\u00a0https:\/\/dergipark.org.tr\/tr\/pub\/korpus adresinden \u00fccretsiz olarak ula\u015f\u0131lmaktadad\u0131r. Ba\u015f Edit\u00f6r: [&hellip;]<\/p>\n","protected":false},"author":446,"featured_media":0,"parent":0,"menu_order":0,"comment_status":"closed","ping_status":"closed","template":"","meta":{"footnotes":""},"class_list":["post-7017","page","type-page","status-publish","hentry"],"_links":{"self":[{"href":"https:\/\/atauni.edu.tr\/alman-dili-ve-edebiyati\/wp-json\/wp\/v2\/pages\/7017","targetHints":{"allow":["GET"]}}],"collection":[{"href":"https:\/\/atauni.edu.tr\/alman-dili-ve-edebiyati\/wp-json\/wp\/v2\/pages"}],"about":[{"href":"https:\/\/atauni.edu.tr\/alman-dili-ve-edebiyati\/wp-json\/wp\/v2\/types\/page"}],"author":[{"embeddable":true,"href":"https:\/\/atauni.edu.tr\/alman-dili-ve-edebiyati\/wp-json\/wp\/v2\/users\/446"}],"replies":[{"embeddable":true,"href":"https:\/\/atauni.edu.tr\/alman-dili-ve-edebiyati\/wp-json\/wp\/v2\/comments?post=7017"}],"version-history":[{"count":32,"href":"https:\/\/atauni.edu.tr\/alman-dili-ve-edebiyati\/wp-json\/wp\/v2\/pages\/7017\/revisions"}],"predecessor-version":[{"id":10246,"href":"https:\/\/atauni.edu.tr\/alman-dili-ve-edebiyati\/wp-json\/wp\/v2\/pages\/7017\/revisions\/10246"}],"wp:attachment":[{"href":"https:\/\/atauni.edu.tr\/alman-dili-ve-edebiyati\/wp-json\/wp\/v2\/media?parent=7017"}],"curies":[{"name":"wp","href":"https:\/\/api.w.org\/{rel}","templated":true}]}}