{"id":7784,"date":"2023-02-06T17:15:50","date_gmt":"2023-02-06T14:15:50","guid":{"rendered":"https:\/\/birimler.atauni.edu.tr\/alman-dili-ve-edebiyati\/?page_id=7784"},"modified":"2023-02-06T17:23:09","modified_gmt":"2023-02-06T14:23:09","slug":"memnuniyet-anketleri","status":"publish","type":"page","link":"https:\/\/atauni.edu.tr\/alman-dili-ve-edebiyati\/memnuniyet-anketleri\/","title":{"rendered":"Memnuniyet Anketleri"},"content":{"rendered":"\t\t<div data-elementor-type=\"wp-page\" data-elementor-id=\"7784\" class=\"elementor elementor-7784\" data-elementor-post-type=\"page\">\n\t\t\t\t\t\t<section class=\"elementor-section elementor-top-section elementor-element elementor-element-58ae01b elementor-section-boxed elementor-section-height-default elementor-section-height-default\" data-id=\"58ae01b\" data-element_type=\"section\">\n\t\t\t\t\t\t<div class=\"elementor-container elementor-column-gap-default\">\n\t\t\t\t\t<div class=\"elementor-column elementor-col-100 elementor-top-column elementor-element elementor-element-193218a\" data-id=\"193218a\" data-element_type=\"column\">\n\t\t\t<div class=\"elementor-widget-wrap elementor-element-populated\">\n\t\t\t\t\t\t<div class=\"elementor-element elementor-element-8144118 elementor-widget elementor-widget-text-editor\" data-id=\"8144118\" data-element_type=\"widget\" data-widget_type=\"text-editor.default\">\n\t\t\t\t<div class=\"elementor-widget-container\">\n\t\t\t\t\t\t\t\t\t<p><a href=\"https:\/\/forms.gle\/W21MX6rkS8ScWzcV6\">Mezun Memnuniyet Anketi i\u00e7in T\u0131klay\u0131n\u0131z\u00a0<\/a><\/p>\t\t\t\t\t\t\t\t<\/div>\n\t\t\t\t<\/div>\n\t\t\t\t\t<\/div>\n\t\t<\/div>\n\t\t\t\t\t<\/div>\n\t\t<\/section>\n\t\t\t\t<section class=\"elementor-section elementor-top-section elementor-element elementor-element-aaa4d8d elementor-section-boxed elementor-section-height-default elementor-section-height-default\" data-id=\"aaa4d8d\" data-element_type=\"section\">\n\t\t\t\t\t\t<div class=\"elementor-container elementor-column-gap-default\">\n\t\t\t\t\t<div class=\"elementor-column elementor-col-100 elementor-top-column elementor-element elementor-element-395564d\" data-id=\"395564d\" data-element_type=\"column\">\n\t\t\t<div class=\"elementor-widget-wrap elementor-element-populated\">\n\t\t\t\t\t\t<div class=\"elementor-element elementor-element-6777abe elementor-widget elementor-widget-text-editor\" data-id=\"6777abe\" data-element_type=\"widget\" data-widget_type=\"text-editor.default\">\n\t\t\t\t<div class=\"elementor-widget-container\">\n\t\t\t\t\t\t\t\t\t<p><a href=\"https:\/\/forms.gle\/sJSvMHmtgQ3J9cg19\">\u00d6\u011frenci Memnuniyet Anketi i\u00e7in T\u0131klay\u0131n\u0131z<\/a><\/p>\t\t\t\t\t\t\t\t<\/div>\n\t\t\t\t<\/div>\n\t\t\t\t\t<\/div>\n\t\t<\/div>\n\t\t\t\t\t<\/div>\n\t\t<\/section>\n\t\t\t\t<\/div>\n\t\t","protected":false},"excerpt":{"rendered":"<p>Mezun Memnuniyet Anketi i\u00e7in T\u0131klay\u0131n\u0131z\u00a0 \u00d6\u011frenci Memnuniyet Anketi i\u00e7in T\u0131klay\u0131n\u0131z<\/p>\n","protected":false},"author":446,"featured_media":0,"parent":0,"menu_order":0,"comment_status":"closed","ping_status":"closed","template":"","meta":{"footnotes":""},"class_list":["post-7784","page","type-page","status-publish","hentry"],"_links":{"self":[{"href":"https:\/\/atauni.edu.tr\/alman-dili-ve-edebiyati\/wp-json\/wp\/v2\/pages\/7784","targetHints":{"allow":["GET"]}}],"collection":[{"href":"https:\/\/atauni.edu.tr\/alman-dili-ve-edebiyati\/wp-json\/wp\/v2\/pages"}],"about":[{"href":"https:\/\/atauni.edu.tr\/alman-dili-ve-edebiyati\/wp-json\/wp\/v2\/types\/page"}],"author":[{"embeddable":true,"href":"https:\/\/atauni.edu.tr\/alman-dili-ve-edebiyati\/wp-json\/wp\/v2\/users\/446"}],"replies":[{"embeddable":true,"href":"https:\/\/atauni.edu.tr\/alman-dili-ve-edebiyati\/wp-json\/wp\/v2\/comments?post=7784"}],"version-history":[{"count":10,"href":"https:\/\/atauni.edu.tr\/alman-dili-ve-edebiyati\/wp-json\/wp\/v2\/pages\/7784\/revisions"}],"predecessor-version":[{"id":7795,"href":"https:\/\/atauni.edu.tr\/alman-dili-ve-edebiyati\/wp-json\/wp\/v2\/pages\/7784\/revisions\/7795"}],"wp:attachment":[{"href":"https:\/\/atauni.edu.tr\/alman-dili-ve-edebiyati\/wp-json\/wp\/v2\/media?parent=7784"}],"curies":[{"name":"wp","href":"https:\/\/api.w.org\/{rel}","templated":true}]}}