{"id":8704,"date":"2024-04-05T11:19:47","date_gmt":"2024-04-05T08:19:47","guid":{"rendered":"https:\/\/birimler.atauni.edu.tr\/alman-dili-ve-edebiyati\/?page_id=8704"},"modified":"2026-01-14T10:37:47","modified_gmt":"2026-01-14T07:37:47","slug":"bolum-intibak-komisyonu","status":"publish","type":"page","link":"https:\/\/atauni.edu.tr\/alman-dili-ve-edebiyati\/bolum-intibak-komisyonu\/","title":{"rendered":"\u0130ntibak Komisyonu"},"content":{"rendered":"\t\t<div data-elementor-type=\"wp-page\" data-elementor-id=\"8704\" class=\"elementor elementor-8704\" data-elementor-post-type=\"page\">\n\t\t\t\t\t\t<section class=\"elementor-section elementor-top-section elementor-element elementor-element-442913d elementor-section-boxed elementor-section-height-default elementor-section-height-default\" data-id=\"442913d\" data-element_type=\"section\">\n\t\t\t\t\t\t<div class=\"elementor-container elementor-column-gap-default\">\n\t\t\t\t\t<div class=\"elementor-column elementor-col-100 elementor-top-column elementor-element elementor-element-777e6b1\" data-id=\"777e6b1\" data-element_type=\"column\">\n\t\t\t<div class=\"elementor-widget-wrap elementor-element-populated\">\n\t\t\t\t\t\t<div class=\"elementor-element elementor-element-aeece5c elementor-widget elementor-widget-text-editor\" data-id=\"aeece5c\" data-element_type=\"widget\" data-widget_type=\"text-editor.default\">\n\t\t\t\t<div class=\"elementor-widget-container\">\n\t\t\t\t\t\t\t\t\t<p><strong>Alman Dili ve Edebiyat\u0131 B\u00f6l\u00fcm\u00fc \u0130ntibak Komisyonu:<\/strong><\/p><ul><li>Prof. Dr. Turgut G\u00d6\u011eEBAKAN (Ba\u015fkan)<\/li><li>Prof. Dr. Zennube \u015eAH\u0130N YILMAZ<\/li><li>Prof. Dr. Cemile AKYILDIZ<\/li><li>Ar\u015f. G\u00f6r. Dr. K\u00fcbra \u00c7AVU\u015e<\/li><\/ul>\t\t\t\t\t\t\t\t<\/div>\n\t\t\t\t<\/div>\n\t\t\t\t\t<\/div>\n\t\t<\/div>\n\t\t\t\t\t<\/div>\n\t\t<\/section>\n\t\t\t\t<\/div>\n\t\t","protected":false},"excerpt":{"rendered":"<p>Alman Dili ve Edebiyat\u0131 B\u00f6l\u00fcm\u00fc \u0130ntibak Komisyonu: Prof. Dr. Turgut G\u00d6\u011eEBAKAN (Ba\u015fkan) Prof. Dr. Zennube \u015eAH\u0130N YILMAZ Prof. Dr. Cemile AKYILDIZ Ar\u015f. G\u00f6r. Dr. K\u00fcbra \u00c7AVU\u015e<\/p>\n","protected":false},"author":568,"featured_media":0,"parent":0,"menu_order":0,"comment_status":"closed","ping_status":"closed","template":"","meta":{"footnotes":""},"class_list":["post-8704","page","type-page","status-publish","hentry"],"_links":{"self":[{"href":"https:\/\/atauni.edu.tr\/alman-dili-ve-edebiyati\/wp-json\/wp\/v2\/pages\/8704","targetHints":{"allow":["GET"]}}],"collection":[{"href":"https:\/\/atauni.edu.tr\/alman-dili-ve-edebiyati\/wp-json\/wp\/v2\/pages"}],"about":[{"href":"https:\/\/atauni.edu.tr\/alman-dili-ve-edebiyati\/wp-json\/wp\/v2\/types\/page"}],"author":[{"embeddable":true,"href":"https:\/\/atauni.edu.tr\/alman-dili-ve-edebiyati\/wp-json\/wp\/v2\/users\/568"}],"replies":[{"embeddable":true,"href":"https:\/\/atauni.edu.tr\/alman-dili-ve-edebiyati\/wp-json\/wp\/v2\/comments?post=8704"}],"version-history":[{"count":17,"href":"https:\/\/atauni.edu.tr\/alman-dili-ve-edebiyati\/wp-json\/wp\/v2\/pages\/8704\/revisions"}],"predecessor-version":[{"id":10188,"href":"https:\/\/atauni.edu.tr\/alman-dili-ve-edebiyati\/wp-json\/wp\/v2\/pages\/8704\/revisions\/10188"}],"wp:attachment":[{"href":"https:\/\/atauni.edu.tr\/alman-dili-ve-edebiyati\/wp-json\/wp\/v2\/media?parent=8704"}],"curies":[{"name":"wp","href":"https:\/\/api.w.org\/{rel}","templated":true}]}}