{"id":8707,"date":"2024-04-05T11:20:27","date_gmt":"2024-04-05T08:20:27","guid":{"rendered":"https:\/\/birimler.atauni.edu.tr\/alman-dili-ve-edebiyati\/?page_id=8707"},"modified":"2026-04-14T11:51:18","modified_gmt":"2026-04-14T08:51:18","slug":"egitim-komisyonu","status":"publish","type":"page","link":"https:\/\/atauni.edu.tr\/alman-dili-ve-edebiyati\/egitim-komisyonu\/","title":{"rendered":"E\u011fitim Komisyonu"},"content":{"rendered":"\t\t<div data-elementor-type=\"wp-page\" data-elementor-id=\"8707\" class=\"elementor elementor-8707\" data-elementor-post-type=\"page\">\n\t\t\t\t\t\t<section class=\"elementor-section elementor-top-section elementor-element elementor-element-e8c6746 elementor-section-boxed elementor-section-height-default elementor-section-height-default\" data-id=\"e8c6746\" data-element_type=\"section\">\n\t\t\t\t\t\t<div class=\"elementor-container elementor-column-gap-default\">\n\t\t\t\t\t<div class=\"elementor-column elementor-col-100 elementor-top-column elementor-element elementor-element-2923308\" data-id=\"2923308\" data-element_type=\"column\">\n\t\t\t<div class=\"elementor-widget-wrap elementor-element-populated\">\n\t\t\t\t\t\t<div class=\"elementor-element elementor-element-1fc09d6 elementor-widget elementor-widget-text-editor\" data-id=\"1fc09d6\" data-element_type=\"widget\" data-widget_type=\"text-editor.default\">\n\t\t\t\t<div class=\"elementor-widget-container\">\n\t\t\t\t\t\t\t\t\t<p><strong>Alman Dili ve Edebiyat\u0131 B\u00f6l\u00fcm\u00fc E\u011fitim Komisyonu:\u00a0<\/strong><\/p><ul><li>Prof. Dr. Turgut G\u00d6\u011eEBAKAN (Ba\u015fkan)<\/li><li>Prof. Dr. Zennube \u015eAH\u0130N YILMAZ<\/li><li>Prof. Dr. Cemile AKYILDIZ<\/li><li>Prof. Dr. \u015eenay KAY\u011eIN<\/li><li>Ar\u015f. G\u00f6r. Dr. K\u00fcbra \u00c7AVU\u015e<\/li><\/ul>\t\t\t\t\t\t\t\t<\/div>\n\t\t\t\t<\/div>\n\t\t\t\t\t<\/div>\n\t\t<\/div>\n\t\t\t\t\t<\/div>\n\t\t<\/section>\n\t\t\t\t<\/div>\n\t\t","protected":false},"excerpt":{"rendered":"<p>Alman Dili ve Edebiyat\u0131 B\u00f6l\u00fcm\u00fc E\u011fitim Komisyonu:\u00a0 Prof. Dr. Turgut G\u00d6\u011eEBAKAN (Ba\u015fkan) Prof. Dr. Zennube \u015eAH\u0130N YILMAZ Prof. Dr. Cemile AKYILDIZ Prof. Dr. \u015eenay KAY\u011eIN Ar\u015f. G\u00f6r. Dr. K\u00fcbra \u00c7AVU\u015e<\/p>\n","protected":false},"author":568,"featured_media":0,"parent":0,"menu_order":0,"comment_status":"closed","ping_status":"closed","template":"","meta":{"footnotes":""},"class_list":["post-8707","page","type-page","status-publish","hentry"],"_links":{"self":[{"href":"https:\/\/atauni.edu.tr\/alman-dili-ve-edebiyati\/wp-json\/wp\/v2\/pages\/8707","targetHints":{"allow":["GET"]}}],"collection":[{"href":"https:\/\/atauni.edu.tr\/alman-dili-ve-edebiyati\/wp-json\/wp\/v2\/pages"}],"about":[{"href":"https:\/\/atauni.edu.tr\/alman-dili-ve-edebiyati\/wp-json\/wp\/v2\/types\/page"}],"author":[{"embeddable":true,"href":"https:\/\/atauni.edu.tr\/alman-dili-ve-edebiyati\/wp-json\/wp\/v2\/users\/568"}],"replies":[{"embeddable":true,"href":"https:\/\/atauni.edu.tr\/alman-dili-ve-edebiyati\/wp-json\/wp\/v2\/comments?post=8707"}],"version-history":[{"count":16,"href":"https:\/\/atauni.edu.tr\/alman-dili-ve-edebiyati\/wp-json\/wp\/v2\/pages\/8707\/revisions"}],"predecessor-version":[{"id":10436,"href":"https:\/\/atauni.edu.tr\/alman-dili-ve-edebiyati\/wp-json\/wp\/v2\/pages\/8707\/revisions\/10436"}],"wp:attachment":[{"href":"https:\/\/atauni.edu.tr\/alman-dili-ve-edebiyati\/wp-json\/wp\/v2\/media?parent=8707"}],"curies":[{"name":"wp","href":"https:\/\/api.w.org\/{rel}","templated":true}]}}