{"id":8713,"date":"2024-04-05T11:21:36","date_gmt":"2024-04-05T08:21:36","guid":{"rendered":"https:\/\/birimler.atauni.edu.tr\/alman-dili-ve-edebiyati\/?page_id=8713"},"modified":"2026-01-14T10:39:25","modified_gmt":"2026-01-14T07:39:25","slug":"ogrenci-isleri-komisyonu","status":"publish","type":"page","link":"https:\/\/atauni.edu.tr\/alman-dili-ve-edebiyati\/ogrenci-isleri-komisyonu\/","title":{"rendered":"\u00d6\u011frenci \u0130\u015fleri Komisyonu"},"content":{"rendered":"\t\t<div data-elementor-type=\"wp-page\" data-elementor-id=\"8713\" class=\"elementor elementor-8713\" data-elementor-post-type=\"page\">\n\t\t\t\t\t\t<section class=\"elementor-section elementor-top-section elementor-element elementor-element-6f67bdb elementor-section-boxed elementor-section-height-default elementor-section-height-default\" data-id=\"6f67bdb\" data-element_type=\"section\">\n\t\t\t\t\t\t<div class=\"elementor-container elementor-column-gap-default\">\n\t\t\t\t\t<div class=\"elementor-column elementor-col-100 elementor-top-column elementor-element elementor-element-4dd1de9\" data-id=\"4dd1de9\" data-element_type=\"column\">\n\t\t\t<div class=\"elementor-widget-wrap elementor-element-populated\">\n\t\t\t\t\t\t<div class=\"elementor-element elementor-element-6ad6262 elementor-widget elementor-widget-text-editor\" data-id=\"6ad6262\" data-element_type=\"widget\" data-widget_type=\"text-editor.default\">\n\t\t\t\t<div class=\"elementor-widget-container\">\n\t\t\t\t\t\t\t\t\t<p><strong>Alman Dili ve Edebiyat\u0131 B\u00f6l\u00fcm\u00fc \u00d6\u011frenci \u0130li\u015fkileri Komisyonu:\u00a0<\/strong><\/p><ul><li>Ar\u015f. G\u00f6r. Dr. K\u00fcbra \u00c7AVU\u015e\u00a0(Ba\u015fkan)<\/li><li>Ar\u015f. G\u00f6r. Ebrar K\u00d6SEO\u011eLU<\/li><\/ul>\t\t\t\t\t\t\t\t<\/div>\n\t\t\t\t<\/div>\n\t\t\t\t\t<\/div>\n\t\t<\/div>\n\t\t\t\t\t<\/div>\n\t\t<\/section>\n\t\t\t\t<\/div>\n\t\t","protected":false},"excerpt":{"rendered":"<p>Alman Dili ve Edebiyat\u0131 B\u00f6l\u00fcm\u00fc \u00d6\u011frenci \u0130li\u015fkileri Komisyonu:\u00a0 Ar\u015f. G\u00f6r. Dr. K\u00fcbra \u00c7AVU\u015e\u00a0(Ba\u015fkan) Ar\u015f. G\u00f6r. Ebrar K\u00d6SEO\u011eLU<\/p>\n","protected":false},"author":568,"featured_media":0,"parent":0,"menu_order":0,"comment_status":"closed","ping_status":"closed","template":"","meta":{"footnotes":""},"class_list":["post-8713","page","type-page","status-publish","hentry"],"_links":{"self":[{"href":"https:\/\/atauni.edu.tr\/alman-dili-ve-edebiyati\/wp-json\/wp\/v2\/pages\/8713","targetHints":{"allow":["GET"]}}],"collection":[{"href":"https:\/\/atauni.edu.tr\/alman-dili-ve-edebiyati\/wp-json\/wp\/v2\/pages"}],"about":[{"href":"https:\/\/atauni.edu.tr\/alman-dili-ve-edebiyati\/wp-json\/wp\/v2\/types\/page"}],"author":[{"embeddable":true,"href":"https:\/\/atauni.edu.tr\/alman-dili-ve-edebiyati\/wp-json\/wp\/v2\/users\/568"}],"replies":[{"embeddable":true,"href":"https:\/\/atauni.edu.tr\/alman-dili-ve-edebiyati\/wp-json\/wp\/v2\/comments?post=8713"}],"version-history":[{"count":16,"href":"https:\/\/atauni.edu.tr\/alman-dili-ve-edebiyati\/wp-json\/wp\/v2\/pages\/8713\/revisions"}],"predecessor-version":[{"id":10191,"href":"https:\/\/atauni.edu.tr\/alman-dili-ve-edebiyati\/wp-json\/wp\/v2\/pages\/8713\/revisions\/10191"}],"wp:attachment":[{"href":"https:\/\/atauni.edu.tr\/alman-dili-ve-edebiyati\/wp-json\/wp\/v2\/media?parent=8713"}],"curies":[{"name":"wp","href":"https:\/\/api.w.org\/{rel}","templated":true}]}}