{"id":9301,"date":"2024-11-27T10:33:55","date_gmt":"2024-11-27T07:33:55","guid":{"rendered":"https:\/\/birimler.atauni.edu.tr\/alman-dili-ve-edebiyati\/?page_id=9301"},"modified":"2026-03-03T15:29:51","modified_gmt":"2026-03-03T12:29:51","slug":"koordinatorlukler","status":"publish","type":"page","link":"https:\/\/atauni.edu.tr\/alman-dili-ve-edebiyati\/koordinatorlukler\/","title":{"rendered":"Koordinat\u00f6rl\u00fckler"},"content":{"rendered":"\t\t<div data-elementor-type=\"wp-page\" data-elementor-id=\"9301\" class=\"elementor elementor-9301\" data-elementor-post-type=\"page\">\n\t\t\t\t\t\t<section class=\"elementor-section elementor-top-section elementor-element elementor-element-8f7135b elementor-section-boxed elementor-section-height-default elementor-section-height-default\" data-id=\"8f7135b\" data-element_type=\"section\">\n\t\t\t\t\t\t<div class=\"elementor-container elementor-column-gap-default\">\n\t\t\t\t\t<div class=\"elementor-column elementor-col-100 elementor-top-column elementor-element elementor-element-826680d\" data-id=\"826680d\" data-element_type=\"column\">\n\t\t\t<div class=\"elementor-widget-wrap elementor-element-populated\">\n\t\t\t\t\t\t<div class=\"elementor-element elementor-element-4460b26 elementor-widget elementor-widget-text-editor\" data-id=\"4460b26\" data-element_type=\"widget\" data-widget_type=\"text-editor.default\">\n\t\t\t\t<div class=\"elementor-widget-container\">\n\t\t\t\t\t\t\t\t\t<ul>\n<li>\n<p><strong>Ders Program Koordinat\u00f6r\u00fc:<\/strong> Ar\u015f. G\u00f6r. Ebrar K\u00d6SEO\u011eLU<\/p>\n<\/li>\n<li>\n<p><strong>S\u0131nav Program Koordinat\u00f6r\u00fc:<\/strong> Ar\u015f. G\u00f6r. Ebrar K\u00d6SEO\u011eLU<\/p>\n<\/li>\n<li>\n<p><strong>\u00c7ift Ana Dal Program Koordinat\u00f6r\u00fc:<\/strong> Prof. Dr. Turgut G\u00d6\u011eEBAKAN<\/p>\n<\/li>\n<li>\n<p><strong>Yan Dal Program Koordinat\u00f6r\u00fc:<\/strong> Prof. Dr. Turgut G\u00d6\u011eEBAKAN<\/p>\n<\/li>\n<li>\n<p><strong>Proje Koordinat\u00f6r\u00fc:<\/strong> Prof. Dr. Fatma \u00d6ZT\u00dcRK DA\u011eABAKAN<\/p>\n<\/li>\n<li>\n<p><strong>Web Sayfas\u0131 Koordinat\u00f6r\u00fc:<\/strong> Ar\u015f. G\u00f6r. Ebrar K\u00d6SEO\u011eLU&nbsp;<\/p>\n<\/li>\n<li>\n<p><strong>Avesis Koordinat\u00f6r\u00fc:<\/strong> Ar\u015f. G\u00f6r. Dr. K\u00fcbra \u00c7AVU\u015e&nbsp;<\/p>\n<\/li>\n<li>\n<p><strong>B\u00f6l\u00fcm Dergi Koordinat\u00f6r\u00fc:<\/strong> Prof. Dr. Fatma \u00d6ZT\u00dcRK DA\u011eABAKAN, Ar\u015f. G\u00f6r. Dr. K\u00fcbra \u00c7AVU\u015e<\/p>\n<\/li>\n<li>\n<p><strong>Ders Bilgi Paketi Koordinat\u00f6r\u00fc:<\/strong> Ar\u015f. G\u00f6r. Ebrar K\u00d6SEO\u011eLU&nbsp;<\/p>\n<\/li>\n<li>\n<p><strong>Bologna Koordinat\u00f6r\u00fc:<\/strong> Prof. Dr. \u015eenay KAY\u011eIN<\/p>\n<\/li>\n<li>\n<p><strong>T\u00dcB\u0130TAK Koordinat\u00f6r\u00fc:<\/strong> Ar\u015f. G\u00f6r. Dr. K\u00fcbra \u00c7AVU\u015e<\/p>\n<\/li>\n<li>\n<p><strong>FEDEK Koordinat\u00f6r\u00fc:<\/strong> Prof. Dr. Turgut G\u00d6\u011eEBAKAN<\/p>\n<\/li>\n<li>\n<p><strong>Mevlana De\u011fi\u015fim Program\u0131 Koordinat\u00f6r\u00fc:<\/strong> Prof. Dr. Zennube \u015eAH\u0130N YILMAZ<\/p>\n<\/li>\n<li>\n<p><strong>Farabi De\u011fi\u015fim Program\u0131 Koordinat\u00f6r\u00fc:<\/strong> Prof. Dr. \u015eenay KAY\u011eIN&nbsp;<\/p>\n<\/li>\n<li>\n<p><strong>Erasmus De\u011fi\u015fim Program\u0131 Koordinat\u00f6r\u00fc:<\/strong> Prof. Dr. Ahmet SARI&nbsp;<\/p>\n<\/li>\n<li>\n<p><strong>Orhun De\u011fi\u015fim Program\u0131 Koordinat\u00f6r\u00fc:<\/strong> Ar\u015f. G\u00f6r. Dr. K\u00fcbra \u00c7AVU\u015e&nbsp;<\/p>\n<\/li>\n<li>\n<p><strong>Fikri M\u00fclkiyet Haklar\u0131 (Patent) Koordinat\u00f6r\u00fc:<\/strong> Prof. Dr. Turgut G\u00d6\u011eEBAKAN<\/p>\n<\/li>\n<li>\n<p><strong>Engelli \u00d6\u011frenci Temsilcisi:<\/strong> Prof. Dr. Cemile AKYILDIZ<\/p>\n<\/li>\n<li>\n<p><strong>\u00d6\u011frenci Kul\u00fcb\u00fc Koordinat\u00f6rleri:<\/strong> Prof. Dr. Fatma \u00d6ZT\u00dcRK DA\u011eABAKAN, Ar\u015f. G\u00f6r. Dr. K\u00fcbra \u00c7AVU\u015e&nbsp;<\/p>\n<\/li>\n<li>\n<p><strong>Laboratuvar Yetkilisi:<\/strong> Prof. Dr. Cemile AKYILDIZ&nbsp;<\/p>\n<\/li>\n<li>\n<p><strong>Kariyer Merkezi Temsilcisi:<\/strong> Ar\u015f. G\u00f6r. Ebrar K\u00d6SEO\u011eLU<\/p>\n<\/li>\n<li>\n<p><strong>B\u00f6l\u00fcm Tan\u0131t\u0131m Sorumlusu:<\/strong> Ar\u015f. G\u00f6r. Dr. K\u00fcbra \u00c7AVU\u015e, Ar\u015f. G\u00f6r. Ebrar K\u00d6SEO\u011eLU<\/p>\n<\/li>\n<li>\n<p><strong>Toplumsal Duyarl\u0131l\u0131k Projeleri Yetkilisi: <\/strong>Ar\u015f. G\u00f6r. Dr. K\u00fcbra \u00c7AVU\u015e, Ar\u015f. G\u00f6r. Ebrar K\u00d6SEO\u011eL<\/p>\n<\/li>\n<\/ul>\t\t\t\t\t\t\t\t<\/div>\n\t\t\t\t<\/div>\n\t\t\t\t\t<\/div>\n\t\t<\/div>\n\t\t\t\t\t<\/div>\n\t\t<\/section>\n\t\t\t\t<\/div>\n\t\t","protected":false},"excerpt":{"rendered":"<p>Ders Program Koordinat\u00f6r\u00fc: Ar\u015f. G\u00f6r. Ebrar K\u00d6SEO\u011eLU S\u0131nav Program Koordinat\u00f6r\u00fc: Ar\u015f. G\u00f6r. Ebrar K\u00d6SEO\u011eLU \u00c7ift Ana Dal Program Koordinat\u00f6r\u00fc: Prof. Dr. Turgut G\u00d6\u011eEBAKAN Yan Dal Program Koordinat\u00f6r\u00fc: Prof. Dr. Turgut G\u00d6\u011eEBAKAN Proje Koordinat\u00f6r\u00fc: Prof. Dr. Fatma \u00d6ZT\u00dcRK DA\u011eABAKAN Web Sayfas\u0131 Koordinat\u00f6r\u00fc: Ar\u015f. G\u00f6r. Ebrar K\u00d6SEO\u011eLU&nbsp; Avesis Koordinat\u00f6r\u00fc: Ar\u015f. G\u00f6r. Dr. K\u00fcbra \u00c7AVU\u015e&nbsp; B\u00f6l\u00fcm Dergi Koordinat\u00f6r\u00fc: [&hellip;]<\/p>\n","protected":false},"author":568,"featured_media":0,"parent":0,"menu_order":0,"comment_status":"closed","ping_status":"closed","template":"","meta":{"footnotes":""},"class_list":["post-9301","page","type-page","status-publish","hentry"],"_links":{"self":[{"href":"https:\/\/atauni.edu.tr\/alman-dili-ve-edebiyati\/wp-json\/wp\/v2\/pages\/9301","targetHints":{"allow":["GET"]}}],"collection":[{"href":"https:\/\/atauni.edu.tr\/alman-dili-ve-edebiyati\/wp-json\/wp\/v2\/pages"}],"about":[{"href":"https:\/\/atauni.edu.tr\/alman-dili-ve-edebiyati\/wp-json\/wp\/v2\/types\/page"}],"author":[{"embeddable":true,"href":"https:\/\/atauni.edu.tr\/alman-dili-ve-edebiyati\/wp-json\/wp\/v2\/users\/568"}],"replies":[{"embeddable":true,"href":"https:\/\/atauni.edu.tr\/alman-dili-ve-edebiyati\/wp-json\/wp\/v2\/comments?post=9301"}],"version-history":[{"count":19,"href":"https:\/\/atauni.edu.tr\/alman-dili-ve-edebiyati\/wp-json\/wp\/v2\/pages\/9301\/revisions"}],"predecessor-version":[{"id":10303,"href":"https:\/\/atauni.edu.tr\/alman-dili-ve-edebiyati\/wp-json\/wp\/v2\/pages\/9301\/revisions\/10303"}],"wp:attachment":[{"href":"https:\/\/atauni.edu.tr\/alman-dili-ve-edebiyati\/wp-json\/wp\/v2\/media?parent=9301"}],"curies":[{"name":"wp","href":"https:\/\/api.w.org\/{rel}","templated":true}]}}