{"id":9315,"date":"2024-11-27T10:57:52","date_gmt":"2024-11-27T07:57:52","guid":{"rendered":"https:\/\/birimler.atauni.edu.tr\/alman-dili-ve-edebiyati\/?page_id=9315"},"modified":"2026-01-14T10:33:15","modified_gmt":"2026-01-14T07:33:15","slug":"bolum-kalite-komisyonu","status":"publish","type":"page","link":"https:\/\/atauni.edu.tr\/alman-dili-ve-edebiyati\/bolum-kalite-komisyonu\/","title":{"rendered":"B\u00f6l\u00fcm Kalite Komisyonu"},"content":{"rendered":"\t\t<div data-elementor-type=\"wp-page\" data-elementor-id=\"9315\" class=\"elementor elementor-9315\" data-elementor-post-type=\"page\">\n\t\t\t\t\t\t<section class=\"elementor-section elementor-top-section elementor-element elementor-element-b6e8849 elementor-section-boxed elementor-section-height-default elementor-section-height-default\" data-id=\"b6e8849\" data-element_type=\"section\">\n\t\t\t\t\t\t<div class=\"elementor-container elementor-column-gap-default\">\n\t\t\t\t\t<div class=\"elementor-column elementor-col-100 elementor-top-column elementor-element elementor-element-3a7e863\" data-id=\"3a7e863\" data-element_type=\"column\">\n\t\t\t<div class=\"elementor-widget-wrap elementor-element-populated\">\n\t\t\t\t\t\t<div class=\"elementor-element elementor-element-c1f6454 elementor-widget elementor-widget-text-editor\" data-id=\"c1f6454\" data-element_type=\"widget\" data-widget_type=\"text-editor.default\">\n\t\t\t\t<div class=\"elementor-widget-container\">\n\t\t\t\t\t\t\t\t\t<ul><li>Prof. Dr. Turgut G\u00d6\u011eEBAKAN (Ba\u015fkan)<\/li><li>Prof. Dr. Ahmet SARI<\/li><li>Prof. Dr. Zennube \u015eAH\u0130N YILMAZ<\/li><li>Prof. Dr. G\u00fcrsel UYANIK<\/li><li>Ar\u015f. G\u00f6r. Dr. K\u00fcbra \u00c7AVU\u015e<\/li><li>Ar\u015f. G\u00f6r. Ebrar K\u00d6SEO\u011eLU<\/li><\/ul>\t\t\t\t\t\t\t\t<\/div>\n\t\t\t\t<\/div>\n\t\t\t\t\t<\/div>\n\t\t<\/div>\n\t\t\t\t\t<\/div>\n\t\t<\/section>\n\t\t\t\t<\/div>\n\t\t","protected":false},"excerpt":{"rendered":"<p>Prof. Dr. Turgut G\u00d6\u011eEBAKAN (Ba\u015fkan) Prof. Dr. Ahmet SARI Prof. Dr. Zennube \u015eAH\u0130N YILMAZ Prof. Dr. G\u00fcrsel UYANIK Ar\u015f. G\u00f6r. Dr. K\u00fcbra \u00c7AVU\u015e Ar\u015f. G\u00f6r. Ebrar K\u00d6SEO\u011eLU<\/p>\n","protected":false},"author":568,"featured_media":0,"parent":0,"menu_order":0,"comment_status":"closed","ping_status":"closed","template":"","meta":{"footnotes":""},"class_list":["post-9315","page","type-page","status-publish","hentry"],"_links":{"self":[{"href":"https:\/\/atauni.edu.tr\/alman-dili-ve-edebiyati\/wp-json\/wp\/v2\/pages\/9315","targetHints":{"allow":["GET"]}}],"collection":[{"href":"https:\/\/atauni.edu.tr\/alman-dili-ve-edebiyati\/wp-json\/wp\/v2\/pages"}],"about":[{"href":"https:\/\/atauni.edu.tr\/alman-dili-ve-edebiyati\/wp-json\/wp\/v2\/types\/page"}],"author":[{"embeddable":true,"href":"https:\/\/atauni.edu.tr\/alman-dili-ve-edebiyati\/wp-json\/wp\/v2\/users\/568"}],"replies":[{"embeddable":true,"href":"https:\/\/atauni.edu.tr\/alman-dili-ve-edebiyati\/wp-json\/wp\/v2\/comments?post=9315"}],"version-history":[{"count":10,"href":"https:\/\/atauni.edu.tr\/alman-dili-ve-edebiyati\/wp-json\/wp\/v2\/pages\/9315\/revisions"}],"predecessor-version":[{"id":10175,"href":"https:\/\/atauni.edu.tr\/alman-dili-ve-edebiyati\/wp-json\/wp\/v2\/pages\/9315\/revisions\/10175"}],"wp:attachment":[{"href":"https:\/\/atauni.edu.tr\/alman-dili-ve-edebiyati\/wp-json\/wp\/v2\/media?parent=9315"}],"curies":[{"name":"wp","href":"https:\/\/api.w.org\/{rel}","templated":true}]}}