{"id":9678,"date":"2025-04-11T15:51:38","date_gmt":"2025-04-11T12:51:38","guid":{"rendered":"https:\/\/birimler.atauni.edu.tr\/alman-dili-ve-edebiyati\/?page_id=9678"},"modified":"2026-01-13T23:32:04","modified_gmt":"2026-01-13T20:32:04","slug":"birim-kriter-komisyonu","status":"publish","type":"page","link":"https:\/\/atauni.edu.tr\/alman-dili-ve-edebiyati\/birim-kriter-komisyonu\/","title":{"rendered":"Birim Kriter Komisyonu"},"content":{"rendered":"\t\t<div data-elementor-type=\"wp-page\" data-elementor-id=\"9678\" class=\"elementor elementor-9678\" data-elementor-post-type=\"page\">\n\t\t\t\t\t\t<section class=\"elementor-section elementor-top-section elementor-element elementor-element-ab694f2 elementor-section-boxed elementor-section-height-default elementor-section-height-default\" data-id=\"ab694f2\" data-element_type=\"section\">\n\t\t\t\t\t\t<div class=\"elementor-container elementor-column-gap-default\">\n\t\t\t\t\t<div class=\"elementor-column elementor-col-100 elementor-top-column elementor-element elementor-element-57bac36\" data-id=\"57bac36\" data-element_type=\"column\">\n\t\t\t<div class=\"elementor-widget-wrap elementor-element-populated\">\n\t\t\t\t\t\t<div class=\"elementor-element elementor-element-4172c68 elementor-widget elementor-widget-text-editor\" data-id=\"4172c68\" data-element_type=\"widget\" data-widget_type=\"text-editor.default\">\n\t\t\t\t<div class=\"elementor-widget-container\">\n\t\t\t\t\t\t\t\t\t<p><strong>Alman Dili ve Edebiyat\u0131 B\u00f6l\u00fcm\u00fc Birim Kriter Komisyonu:\u00a0<\/strong><\/p><ul><li>Prof. Dr. Turgut G\u00d6\u011eEBAKAN (Ba\u015fkan)<\/li><li>Prof. Dr. Ahmet SARI<\/li><li>Prof. Dr. Zennube \u015eAH\u0130N YILMAZ<\/li><li>Prof. Dr. Cemile AKYILDIZ<\/li><li>Ar\u015f. G\u00f6r. Dr. K\u00fcbra \u00c7AVU\u015e<\/li><\/ul>\t\t\t\t\t\t\t\t<\/div>\n\t\t\t\t<\/div>\n\t\t\t\t\t<\/div>\n\t\t<\/div>\n\t\t\t\t\t<\/div>\n\t\t<\/section>\n\t\t\t\t<\/div>\n\t\t","protected":false},"excerpt":{"rendered":"<p>Alman Dili ve Edebiyat\u0131 B\u00f6l\u00fcm\u00fc Birim Kriter Komisyonu:\u00a0 Prof. Dr. Turgut G\u00d6\u011eEBAKAN (Ba\u015fkan) Prof. Dr. Ahmet SARI Prof. Dr. Zennube \u015eAH\u0130N YILMAZ Prof. Dr. Cemile AKYILDIZ Ar\u015f. G\u00f6r. Dr. K\u00fcbra \u00c7AVU\u015e<\/p>\n","protected":false},"author":568,"featured_media":0,"parent":0,"menu_order":0,"comment_status":"closed","ping_status":"closed","template":"","meta":{"footnotes":""},"class_list":["post-9678","page","type-page","status-publish","hentry"],"_links":{"self":[{"href":"https:\/\/atauni.edu.tr\/alman-dili-ve-edebiyati\/wp-json\/wp\/v2\/pages\/9678","targetHints":{"allow":["GET"]}}],"collection":[{"href":"https:\/\/atauni.edu.tr\/alman-dili-ve-edebiyati\/wp-json\/wp\/v2\/pages"}],"about":[{"href":"https:\/\/atauni.edu.tr\/alman-dili-ve-edebiyati\/wp-json\/wp\/v2\/types\/page"}],"author":[{"embeddable":true,"href":"https:\/\/atauni.edu.tr\/alman-dili-ve-edebiyati\/wp-json\/wp\/v2\/users\/568"}],"replies":[{"embeddable":true,"href":"https:\/\/atauni.edu.tr\/alman-dili-ve-edebiyati\/wp-json\/wp\/v2\/comments?post=9678"}],"version-history":[{"count":7,"href":"https:\/\/atauni.edu.tr\/alman-dili-ve-edebiyati\/wp-json\/wp\/v2\/pages\/9678\/revisions"}],"predecessor-version":[{"id":10156,"href":"https:\/\/atauni.edu.tr\/alman-dili-ve-edebiyati\/wp-json\/wp\/v2\/pages\/9678\/revisions\/10156"}],"wp:attachment":[{"href":"https:\/\/atauni.edu.tr\/alman-dili-ve-edebiyati\/wp-json\/wp\/v2\/media?parent=9678"}],"curies":[{"name":"wp","href":"https:\/\/api.w.org\/{rel}","templated":true}]}}