{"id":9881,"date":"2025-07-29T15:53:04","date_gmt":"2025-07-29T12:53:04","guid":{"rendered":"https:\/\/birimler.atauni.edu.tr\/alman-dili-ve-edebiyati\/?page_id=9881"},"modified":"2025-07-29T15:53:04","modified_gmt":"2025-07-29T12:53:04","slug":"etkinlikler","status":"publish","type":"page","link":"https:\/\/atauni.edu.tr\/alman-dili-ve-edebiyati\/etkinlikler\/","title":{"rendered":"Etkinlikler"},"content":{"rendered":"<form method=\"get\" class=\"row g-3\" style=\"margin-bottom: 20px;\"><div class=\"col-md-3\"><input type=\"text\" name=\"etkinlik_ara\" class=\"form-control\" placeholder=\"Etkinlik ara...\" value=\"\"><\/div><div class=\"col-md-3\"><input type=\"date\" name=\"baslangic_tarihi\" class=\"form-control\" value=\"\"><\/div><div class=\"col-md-3\"><input type=\"date\" name=\"bitis_tarihi\" class=\"form-control\" value=\"\"><\/div><div class=\"col-md-3\"><button type=\"submit\" class=\"btn btn-secondary w-50\">Filtrele<\/button><\/div><\/form><div class=\"etkinlikler-grid-container\" style=\"display: grid; grid-template-columns: repeat(3, 1fr); gap: 20px;\"><div class=\"etkinlik-grid-item\"><div class=\"etkinlik-thumbnail\"><img fetchpriority=\"high\" decoding=\"async\" width=\"300\" height=\"225\" src=\"https:\/\/atauni.edu.tr\/alman-dili-ve-edebiyati\/wp-content\/uploads\/sites\/78\/2025\/11\/IMG-20251030-WA0018-300x225.jpg\" class=\"img-fluid wp-post-image\" alt=\"\" srcset=\"https:\/\/atauni.edu.tr\/alman-dili-ve-edebiyati\/wp-content\/uploads\/sites\/78\/2025\/11\/IMG-20251030-WA0018-300x225.jpg 300w, https:\/\/atauni.edu.tr\/alman-dili-ve-edebiyati\/wp-content\/uploads\/sites\/78\/2025\/11\/IMG-20251030-WA0018-1024x768.jpg 1024w, https:\/\/atauni.edu.tr\/alman-dili-ve-edebiyati\/wp-content\/uploads\/sites\/78\/2025\/11\/IMG-20251030-WA0018-768x576.jpg 768w, https:\/\/atauni.edu.tr\/alman-dili-ve-edebiyati\/wp-content\/uploads\/sites\/78\/2025\/11\/IMG-20251030-WA0018-1536x1152.jpg 1536w, https:\/\/atauni.edu.tr\/alman-dili-ve-edebiyati\/wp-content\/uploads\/sites\/78\/2025\/11\/IMG-20251030-WA0018-2048x1536.jpg 2048w, https:\/\/atauni.edu.tr\/alman-dili-ve-edebiyati\/wp-content\/uploads\/sites\/78\/2025\/11\/IMG-20251030-WA0018-600x450.jpg 600w, https:\/\/atauni.edu.tr\/alman-dili-ve-edebiyati\/wp-content\/uploads\/sites\/78\/2025\/11\/IMG-20251030-WA0018-560x420.jpg 560w\" sizes=\"(max-width: 300px) 100vw, 300px\" \/><\/div><div class=\"etkinlik-datee\"><span class=\"day\">18<\/span><span class=\"month\">Ekim<\/span><span class=\"year\">2025<\/span><\/div><a href=\"https:\/\/atauni.edu.tr\/alman-dili-ve-edebiyati\/2025\/10\/18\/bolum-kahvaltisi-2025\/\" class=\"etkinlik-titlee\">B\u00f6l\u00fcm Kahvalt\u0131s\u0131 2025<\/a><\/div><div class=\"etkinlik-grid-item\"><div class=\"etkinlik-thumbnail\"><img decoding=\"async\" width=\"222\" height=\"227\" src=\"https:\/\/atauni.edu.tr\/alman-dili-ve-edebiyati\/wp-content\/uploads\/sites\/78\/2025\/11\/images.jpg\" class=\"img-fluid wp-post-image\" alt=\"\" \/><\/div><div class=\"etkinlik-datee\"><span class=\"day\">13<\/span><span class=\"month\">Ekim<\/span><span class=\"year\">2025<\/span><\/div><a href=\"https:\/\/atauni.edu.tr\/alman-dili-ve-edebiyati\/2025\/10\/13\/sitoded-tanitim-konferansi\/\" class=\"etkinlik-titlee\">S\u0130TODED Tan\u0131t\u0131m Konferans\u0131<\/a><\/div><div class=\"etkinlik-grid-item\"><div class=\"etkinlik-thumbnail\"><img decoding=\"async\" width=\"300\" height=\"164\" src=\"https:\/\/atauni.edu.tr\/alman-dili-ve-edebiyati\/wp-content\/uploads\/sites\/78\/2025\/11\/IMG-20251008-WA0014-300x164.jpg\" class=\"img-fluid wp-post-image\" alt=\"\" srcset=\"https:\/\/atauni.edu.tr\/alman-dili-ve-edebiyati\/wp-content\/uploads\/sites\/78\/2025\/11\/IMG-20251008-WA0014-300x164.jpg 300w, https:\/\/atauni.edu.tr\/alman-dili-ve-edebiyati\/wp-content\/uploads\/sites\/78\/2025\/11\/IMG-20251008-WA0014-768x421.jpg 768w, https:\/\/atauni.edu.tr\/alman-dili-ve-edebiyati\/wp-content\/uploads\/sites\/78\/2025\/11\/IMG-20251008-WA0014-600x329.jpg 600w, https:\/\/atauni.edu.tr\/alman-dili-ve-edebiyati\/wp-content\/uploads\/sites\/78\/2025\/11\/IMG-20251008-WA0014-560x307.jpg 560w, https:\/\/atauni.edu.tr\/alman-dili-ve-edebiyati\/wp-content\/uploads\/sites\/78\/2025\/11\/IMG-20251008-WA0014.jpg 946w\" sizes=\"(max-width: 300px) 100vw, 300px\" \/><\/div><div class=\"etkinlik-datee\"><span class=\"day\">09<\/span><span class=\"month\">Ekim<\/span><span class=\"year\">2025<\/span><\/div><a href=\"https:\/\/atauni.edu.tr\/alman-dili-ve-edebiyati\/2025\/10\/09\/germanistik-kulubu-tanitim-standi\/\" class=\"etkinlik-titlee\">Germanistik Kul\u00fcb\u00fc Tan\u0131t\u0131m Stand\u0131<\/a><\/div><div class=\"etkinlik-grid-item\"><div class=\"etkinlik-thumbnail\"><img loading=\"lazy\" decoding=\"async\" width=\"300\" height=\"225\" src=\"https:\/\/atauni.edu.tr\/alman-dili-ve-edebiyati\/wp-content\/uploads\/sites\/78\/2025\/10\/IMG-20251007-WA0028-scaled-e1759840240730-300x225.jpg\" class=\"img-fluid wp-post-image\" alt=\"\" srcset=\"https:\/\/atauni.edu.tr\/alman-dili-ve-edebiyati\/wp-content\/uploads\/sites\/78\/2025\/10\/IMG-20251007-WA0028-scaled-e1759840240730-300x225.jpg 300w, https:\/\/atauni.edu.tr\/alman-dili-ve-edebiyati\/wp-content\/uploads\/sites\/78\/2025\/10\/IMG-20251007-WA0028-scaled-e1759840240730-1024x769.jpg 1024w, https:\/\/atauni.edu.tr\/alman-dili-ve-edebiyati\/wp-content\/uploads\/sites\/78\/2025\/10\/IMG-20251007-WA0028-scaled-e1759840240730-768x577.jpg 768w, https:\/\/atauni.edu.tr\/alman-dili-ve-edebiyati\/wp-content\/uploads\/sites\/78\/2025\/10\/IMG-20251007-WA0028-scaled-e1759840240730-1536x1154.jpg 1536w, https:\/\/atauni.edu.tr\/alman-dili-ve-edebiyati\/wp-content\/uploads\/sites\/78\/2025\/10\/IMG-20251007-WA0028-scaled-e1759840240730-600x451.jpg 600w, https:\/\/atauni.edu.tr\/alman-dili-ve-edebiyati\/wp-content\/uploads\/sites\/78\/2025\/10\/IMG-20251007-WA0028-scaled-e1759840240730-560x421.jpg 560w, https:\/\/atauni.edu.tr\/alman-dili-ve-edebiyati\/wp-content\/uploads\/sites\/78\/2025\/10\/IMG-20251007-WA0028-scaled-e1759840240730.jpg 1920w\" sizes=\"(max-width: 300px) 100vw, 300px\" \/><\/div><div class=\"etkinlik-datee\"><span class=\"day\">07<\/span><span class=\"month\">Ekim<\/span><span class=\"year\">2025<\/span><\/div><a href=\"https:\/\/atauni.edu.tr\/alman-dili-ve-edebiyati\/2025\/10\/07\/2025-2026-egitim-ogretim-yili-birim-oryantasyon-programi\/\" class=\"etkinlik-titlee\">2025-2026 E\u011fitim \u00d6\u011fretim Y\u0131l\u0131 Birim Oryantasyon Program\u0131<\/a><\/div><div class=\"etkinlik-grid-item\"><div class=\"etkinlik-thumbnail\"><img loading=\"lazy\" decoding=\"async\" width=\"300\" height=\"225\" src=\"https:\/\/atauni.edu.tr\/alman-dili-ve-edebiyati\/wp-content\/uploads\/sites\/78\/2024\/10\/20241007_142115-1-300x225.jpg\" class=\"img-fluid wp-post-image\" alt=\"\" srcset=\"https:\/\/atauni.edu.tr\/alman-dili-ve-edebiyati\/wp-content\/uploads\/sites\/78\/2024\/10\/20241007_142115-1-300x225.jpg 300w, https:\/\/atauni.edu.tr\/alman-dili-ve-edebiyati\/wp-content\/uploads\/sites\/78\/2024\/10\/20241007_142115-1-1024x768.jpg 1024w, https:\/\/atauni.edu.tr\/alman-dili-ve-edebiyati\/wp-content\/uploads\/sites\/78\/2024\/10\/20241007_142115-1-768x576.jpg 768w, https:\/\/atauni.edu.tr\/alman-dili-ve-edebiyati\/wp-content\/uploads\/sites\/78\/2024\/10\/20241007_142115-1-1536x1152.jpg 1536w, https:\/\/atauni.edu.tr\/alman-dili-ve-edebiyati\/wp-content\/uploads\/sites\/78\/2024\/10\/20241007_142115-1-2048x1536.jpg 2048w, https:\/\/atauni.edu.tr\/alman-dili-ve-edebiyati\/wp-content\/uploads\/sites\/78\/2024\/10\/20241007_142115-1-600x450.jpg 600w, https:\/\/atauni.edu.tr\/alman-dili-ve-edebiyati\/wp-content\/uploads\/sites\/78\/2024\/10\/20241007_142115-1-560x420.jpg 560w\" sizes=\"(max-width: 300px) 100vw, 300px\" \/><\/div><div class=\"etkinlik-datee\"><span class=\"day\">07<\/span><span class=\"month\">Ekim<\/span><span class=\"year\">2024<\/span><\/div><a href=\"https:\/\/atauni.edu.tr\/alman-dili-ve-edebiyati\/2024\/10\/07\/oryantasyon-programi-2024-2025\/\" class=\"etkinlik-titlee\">2024-2025 E\u011fitim \u00d6\u011fretim Y\u0131l\u0131 Birim Oryantasyon Program\u0131<\/a><\/div><div class=\"etkinlik-grid-item\"><div class=\"etkinlik-thumbnail\"><img loading=\"lazy\" decoding=\"async\" width=\"300\" height=\"225\" src=\"https:\/\/atauni.edu.tr\/alman-dili-ve-edebiyati\/wp-content\/uploads\/sites\/78\/2024\/10\/IMG-20240930-WA0006-e1727790624724-300x225.jpg\" class=\"img-fluid wp-post-image\" alt=\"\" srcset=\"https:\/\/atauni.edu.tr\/alman-dili-ve-edebiyati\/wp-content\/uploads\/sites\/78\/2024\/10\/IMG-20240930-WA0006-e1727790624724-300x225.jpg 300w, https:\/\/atauni.edu.tr\/alman-dili-ve-edebiyati\/wp-content\/uploads\/sites\/78\/2024\/10\/IMG-20240930-WA0006-e1727790624724-1024x768.jpg 1024w, https:\/\/atauni.edu.tr\/alman-dili-ve-edebiyati\/wp-content\/uploads\/sites\/78\/2024\/10\/IMG-20240930-WA0006-e1727790624724-768x576.jpg 768w, https:\/\/atauni.edu.tr\/alman-dili-ve-edebiyati\/wp-content\/uploads\/sites\/78\/2024\/10\/IMG-20240930-WA0006-e1727790624724-1536x1152.jpg 1536w, https:\/\/atauni.edu.tr\/alman-dili-ve-edebiyati\/wp-content\/uploads\/sites\/78\/2024\/10\/IMG-20240930-WA0006-e1727790624724-600x450.jpg 600w, https:\/\/atauni.edu.tr\/alman-dili-ve-edebiyati\/wp-content\/uploads\/sites\/78\/2024\/10\/IMG-20240930-WA0006-e1727790624724-560x420.jpg 560w, https:\/\/atauni.edu.tr\/alman-dili-ve-edebiyati\/wp-content\/uploads\/sites\/78\/2024\/10\/IMG-20240930-WA0006-e1727790624724.jpg 2032w\" sizes=\"(max-width: 300px) 100vw, 300px\" \/><\/div><div class=\"etkinlik-datee\"><span class=\"day\">01<\/span><span class=\"month\">Ekim<\/span><span class=\"year\">2024<\/span><\/div><a href=\"https:\/\/atauni.edu.tr\/alman-dili-ve-edebiyati\/2024\/10\/01\/2024-2025-oryantasyon-bolum-tanitim-standi\/\" class=\"etkinlik-titlee\">2024-2025 Oryantasyon B\u00f6l\u00fcm Tan\u0131t\u0131m Stand\u0131<\/a><\/div><div class=\"etkinlik-grid-item\"><div class=\"etkinlik-thumbnail\"><img loading=\"lazy\" decoding=\"async\" width=\"200\" height=\"174\" src=\"https:\/\/atauni.edu.tr\/alman-dili-ve-edebiyati\/wp-content\/uploads\/sites\/78\/2024\/06\/Korpusgermanistik-Sayi-Kapak-Resmi-e1719910141223.png\" class=\"img-fluid wp-post-image\" alt=\"\" \/><\/div><div class=\"etkinlik-datee\"><span class=\"day\">29<\/span><span class=\"month\">Haziran<\/span><span class=\"year\">2024<\/span><\/div><a href=\"https:\/\/atauni.edu.tr\/alman-dili-ve-edebiyati\/2024\/06\/29\/korpusgermanistik-dergisinin-besinci-sayisi-dergiparkta-yayimlanmistir\/\" class=\"etkinlik-titlee\">Korpusgermanistik Dergisi<\/a><\/div><div class=\"etkinlik-grid-item\"><div class=\"etkinlik-thumbnail\"><img loading=\"lazy\" decoding=\"async\" width=\"300\" height=\"225\" src=\"https:\/\/atauni.edu.tr\/alman-dili-ve-edebiyati\/wp-content\/uploads\/sites\/78\/2024\/07\/IMG-20240605-WA0000-e1722334909755-300x225.jpg\" class=\"img-fluid wp-post-image\" alt=\"\" srcset=\"https:\/\/atauni.edu.tr\/alman-dili-ve-edebiyati\/wp-content\/uploads\/sites\/78\/2024\/07\/IMG-20240605-WA0000-e1722334909755-300x225.jpg 300w, https:\/\/atauni.edu.tr\/alman-dili-ve-edebiyati\/wp-content\/uploads\/sites\/78\/2024\/07\/IMG-20240605-WA0000-e1722334909755-1024x769.jpg 1024w, https:\/\/atauni.edu.tr\/alman-dili-ve-edebiyati\/wp-content\/uploads\/sites\/78\/2024\/07\/IMG-20240605-WA0000-e1722334909755-768x577.jpg 768w, https:\/\/atauni.edu.tr\/alman-dili-ve-edebiyati\/wp-content\/uploads\/sites\/78\/2024\/07\/IMG-20240605-WA0000-e1722334909755-600x451.jpg 600w, https:\/\/atauni.edu.tr\/alman-dili-ve-edebiyati\/wp-content\/uploads\/sites\/78\/2024\/07\/IMG-20240605-WA0000-e1722334909755-560x421.jpg 560w, https:\/\/atauni.edu.tr\/alman-dili-ve-edebiyati\/wp-content\/uploads\/sites\/78\/2024\/07\/IMG-20240605-WA0000-e1722334909755.jpg 1169w\" sizes=\"(max-width: 300px) 100vw, 300px\" \/><\/div><div class=\"etkinlik-datee\"><span class=\"day\">27<\/span><span class=\"month\">May\u0131s<\/span><span class=\"year\">2024<\/span><\/div><a href=\"https:\/\/atauni.edu.tr\/alman-dili-ve-edebiyati\/2024\/05\/27\/mezuniyet-2024\/\" class=\"etkinlik-titlee\">Mezuniyet 2024<\/a><\/div><div class=\"etkinlik-grid-item\"><div class=\"etkinlik-thumbnail\"><img loading=\"lazy\" decoding=\"async\" width=\"300\" height=\"224\" src=\"https:\/\/atauni.edu.tr\/alman-dili-ve-edebiyati\/wp-content\/uploads\/sites\/78\/2024\/05\/sempozyum-afis-e1715077082780-300x224.jpg\" class=\"img-fluid wp-post-image\" alt=\"\" srcset=\"https:\/\/atauni.edu.tr\/alman-dili-ve-edebiyati\/wp-content\/uploads\/sites\/78\/2024\/05\/sempozyum-afis-e1715077082780-300x224.jpg 300w, https:\/\/atauni.edu.tr\/alman-dili-ve-edebiyati\/wp-content\/uploads\/sites\/78\/2024\/05\/sempozyum-afis-e1715077082780-600x448.jpg 600w, https:\/\/atauni.edu.tr\/alman-dili-ve-edebiyati\/wp-content\/uploads\/sites\/78\/2024\/05\/sempozyum-afis-e1715077082780-560x418.jpg 560w, https:\/\/atauni.edu.tr\/alman-dili-ve-edebiyati\/wp-content\/uploads\/sites\/78\/2024\/05\/sempozyum-afis-e1715077082780.jpg 732w\" sizes=\"(max-width: 300px) 100vw, 300px\" \/><\/div><div class=\"etkinlik-datee\"><span class=\"day\">30<\/span><span class=\"month\">Nisan<\/span><span class=\"year\">2024<\/span><\/div><a href=\"https:\/\/atauni.edu.tr\/alman-dili-ve-edebiyati\/2024\/04\/30\/edebiyat-fakultesi-alman-dili-ve-edebiyati-bolumu-gunumuz-dil-edebiyat-ve-kultur-arastirmalarinda-kadin-temali-egilimler-kuramyontemteknikler-adinda-uluslararasi-b\/\" class=\"etkinlik-titlee\">EDEB\u0130YAT FAK\u00dcLTES\u0130 ALMAN D\u0130L\u0130 VE EDEB\u0130YATI B\u00d6L\u00dcM\u00dc \u201cG\u00dcN\u00dcM\u00dcZ D\u0130L, EDEB\u0130YAT VE K\u00dcLT\u00dcR ARA\u015eTIRMALARINDA KADIN TEMALI E\u011e\u0130L\u0130MLER KURAM\u2022Y\u00d6NTEM\u2022TEKN\u0130KLER\u201d ADINDA ULUSLARARASI B\u0130R SEMPOZYUM D\u00dcZENLED\u0130<\/a><\/div><\/div><div class=\"pagination\" style=\"margin-top: 20px;\"><span aria-current=\"page\" class=\"page-numbers current\">1<\/span>\n<a class=\"page-numbers\" href=\"https:\/\/atauni.edu.tr\/alman-dili-ve-edebiyati\/wp-json\/wp\/v2\/pages\/9881\/page\/2\/\">2<\/a>\n<a class=\"page-numbers\" href=\"https:\/\/atauni.edu.tr\/alman-dili-ve-edebiyati\/wp-json\/wp\/v2\/pages\/9881\/page\/3\/\">3<\/a>\n<a class=\"next page-numbers\" href=\"https:\/\/atauni.edu.tr\/alman-dili-ve-edebiyati\/wp-json\/wp\/v2\/pages\/9881\/page\/2\/\">Sonraki &raquo;<\/a><\/div>\n","protected":false},"excerpt":{"rendered":"","protected":false},"author":1,"featured_media":0,"parent":0,"menu_order":0,"comment_status":"closed","ping_status":"closed","template":"","meta":{"footnotes":""},"class_list":["post-9881","page","type-page","status-publish","hentry"],"_links":{"self":[{"href":"https:\/\/atauni.edu.tr\/alman-dili-ve-edebiyati\/wp-json\/wp\/v2\/pages\/9881","targetHints":{"allow":["GET"]}}],"collection":[{"href":"https:\/\/atauni.edu.tr\/alman-dili-ve-edebiyati\/wp-json\/wp\/v2\/pages"}],"about":[{"href":"https:\/\/atauni.edu.tr\/alman-dili-ve-edebiyati\/wp-json\/wp\/v2\/types\/page"}],"author":[{"embeddable":true,"href":"https:\/\/atauni.edu.tr\/alman-dili-ve-edebiyati\/wp-json\/wp\/v2\/users\/1"}],"replies":[{"embeddable":true,"href":"https:\/\/atauni.edu.tr\/alman-dili-ve-edebiyati\/wp-json\/wp\/v2\/comments?post=9881"}],"version-history":[{"count":1,"href":"https:\/\/atauni.edu.tr\/alman-dili-ve-edebiyati\/wp-json\/wp\/v2\/pages\/9881\/revisions"}],"predecessor-version":[{"id":9883,"href":"https:\/\/atauni.edu.tr\/alman-dili-ve-edebiyati\/wp-json\/wp\/v2\/pages\/9881\/revisions\/9883"}],"wp:attachment":[{"href":"https:\/\/atauni.edu.tr\/alman-dili-ve-edebiyati\/wp-json\/wp\/v2\/media?parent=9881"}],"curies":[{"name":"wp","href":"https:\/\/api.w.org\/{rel}","templated":true}]}}