{"id":5638,"date":"2021-07-13T09:49:25","date_gmt":"2021-07-13T06:49:25","guid":{"rendered":"https:\/\/portaltest.atauni.edu.tr\/bilgisayar-muhendisligi\/?page_id=5638"},"modified":"2022-03-09T15:19:18","modified_gmt":"2022-03-09T12:19:18","slug":"tarihce","status":"publish","type":"page","link":"https:\/\/atauni.edu.tr\/amerikan-kulturu-ve-edebiyati\/tarihce\/","title":{"rendered":"Tarih\u00e7e"},"content":{"rendered":"\t\t<div data-elementor-type=\"wp-page\" data-elementor-id=\"5638\" class=\"elementor elementor-5638\" data-elementor-post-type=\"page\">\n\t\t\t\t\t\t<section class=\"elementor-section elementor-top-section elementor-element elementor-element-730d320 elementor-section-boxed elementor-section-height-default elementor-section-height-default\" data-id=\"730d320\" data-element_type=\"section\">\n\t\t\t\t\t\t<div class=\"elementor-container elementor-column-gap-default\">\n\t\t\t\t\t<div class=\"elementor-column elementor-col-100 elementor-top-column elementor-element elementor-element-753d0860\" data-id=\"753d0860\" data-element_type=\"column\">\n\t\t\t<div class=\"elementor-widget-wrap\">\n\t\t\t\t\t\t\t<\/div>\n\t\t<\/div>\n\t\t\t\t\t<\/div>\n\t\t<\/section>\n\t\t\t\t<section class=\"elementor-section elementor-top-section elementor-element elementor-element-9be811a elementor-section-boxed elementor-section-height-default elementor-section-height-default\" data-id=\"9be811a\" data-element_type=\"section\">\n\t\t\t\t\t\t<div class=\"elementor-container elementor-column-gap-default\">\n\t\t\t\t\t<div class=\"elementor-column elementor-col-100 elementor-top-column elementor-element elementor-element-1ed847b7\" data-id=\"1ed847b7\" data-element_type=\"column\">\n\t\t\t<div class=\"elementor-widget-wrap elementor-element-populated\">\n\t\t\t\t\t\t<div class=\"elementor-element elementor-element-4ce0d07f elementor-widget elementor-widget-heading\" data-id=\"4ce0d07f\" data-element_type=\"widget\" data-widget_type=\"heading.default\">\n\t\t\t\t<div class=\"elementor-widget-container\">\n\t\t\t\t\t<h2 class=\"elementor-heading-title elementor-size-default\">Tarih\u00e7e<\/h2>\t\t\t\t<\/div>\n\t\t\t\t<\/div>\n\t\t\t\t<div class=\"elementor-element elementor-element-63260862 elementor-widget-divider--view-line elementor-widget elementor-widget-divider\" data-id=\"63260862\" data-element_type=\"widget\" data-widget_type=\"divider.default\">\n\t\t\t\t<div class=\"elementor-widget-container\">\n\t\t\t\t\t\t\t<div class=\"elementor-divider\">\n\t\t\t<span class=\"elementor-divider-separator\">\n\t\t\t\t\t\t<\/span>\n\t\t<\/div>\n\t\t\t\t\t\t<\/div>\n\t\t\t\t<\/div>\n\t\t\t\t\t<\/div>\n\t\t<\/div>\n\t\t\t\t\t<\/div>\n\t\t<\/section>\n\t\t\t\t<section class=\"elementor-section elementor-top-section elementor-element elementor-element-681db8b elementor-section-boxed elementor-section-height-default elementor-section-height-default\" data-id=\"681db8b\" data-element_type=\"section\">\n\t\t\t\t\t\t<div class=\"elementor-container elementor-column-gap-default\">\n\t\t\t\t\t<div class=\"elementor-column elementor-col-100 elementor-top-column elementor-element elementor-element-ad4dac5\" data-id=\"ad4dac5\" data-element_type=\"column\">\n\t\t\t<div class=\"elementor-widget-wrap elementor-element-populated\">\n\t\t\t\t\t\t<div class=\"elementor-element elementor-element-2f96b3d elementor-widget elementor-widget-text-editor\" data-id=\"2f96b3d\" data-element_type=\"widget\" data-widget_type=\"text-editor.default\">\n\t\t\t\t<div class=\"elementor-widget-container\">\n\t\t\t\t\t\t\t\t\t<p>Amerikan K\u00fclt\u00fcr\u00fc ve Edebiyat\u0131 B\u00f6l\u00fcm\u00fc \u00e7e\u015fitli d\u00fcnya \u00fclkelerinde ve \u00fclkemizdeki \u00fcniversitelerde lisans ve lisans\u00fcst\u00fc d\u00fczeylerde, akademik ve toplumsal ya\u015fam\u0131n b\u00fct\u00fcn a\u015famalar\u0131nda kendisine yer bulmu\u015f, dil, edebiyat ve k\u00fclt\u00fcr ba\u011flam\u0131nda \u00f6nemli bir disiplindir. Uluslararas\u0131 bilimsel i\u015f birli\u011fini \u00f6ne \u00e7\u0131karan yap\u0131s\u0131 ve g\u00fc\u00e7l\u00fc kurumsal kimli\u011fiyle Amerikan K\u00fclt\u00fcr\u00fc ve Edebiyat\u0131 B\u00f6l\u00fcm\u00fc 2016 y\u0131l\u0131nda Prof. Dr. Ahmet BE\u015eE\u2019nin giri\u015fimleriyle \u00fcniversitemizin m\u00fcracaat\u0131 sonucu Y\u00d6K taraf\u0131ndan kabul edilerek Atat\u00fcrk \u00dcniversitesi, Edebiyat Fak\u00fcltesi b\u00fcnyesinde kurulmu\u015ftur. B\u00f6l\u00fcm\u00fcn ilk \u00f6\u011fretim \u00fcyesi Dr. Deniz ARAS, Dr. \u00d6\u011fretim \u00dcyesi olarak g\u00f6revine 2018 y\u0131l\u0131nda atanm\u0131\u015ft\u0131r.\u00a0 Amerikan K\u00fclt\u00fcr\u00fc ve Edebiyat\u0131 B\u00f6l\u00fcm\u00fc, 2021 y\u0131l\u0131 itibariyle 1 profes\u00f6r, 1 Do\u00e7ent, 2 Doktor \u00d6\u011fretim \u00dcyesi ve 1 Ara\u015ft\u0131rma G\u00f6revlisiyle 2021-2022 e\u011fitim-\u00f6\u011fretim y\u0131l\u0131nda \u00f6\u011frenci al\u0131m\u0131n\u0131 ger\u00e7ekle\u015ftirerek e\u011fitim-\u00f6\u011fretime ba\u015flam\u0131\u015ft\u0131r.<\/p>\t\t\t\t\t\t\t\t<\/div>\n\t\t\t\t<\/div>\n\t\t\t\t\t<\/div>\n\t\t<\/div>\n\t\t\t\t\t<\/div>\n\t\t<\/section>\n\t\t\t\t<\/div>\n\t\t","protected":false},"excerpt":{"rendered":"<p>Tarih\u00e7e Amerikan K\u00fclt\u00fcr\u00fc ve Edebiyat\u0131 B\u00f6l\u00fcm\u00fc \u00e7e\u015fitli d\u00fcnya \u00fclkelerinde ve \u00fclkemizdeki \u00fcniversitelerde lisans ve lisans\u00fcst\u00fc d\u00fczeylerde, akademik ve toplumsal ya\u015fam\u0131n b\u00fct\u00fcn a\u015famalar\u0131nda kendisine yer bulmu\u015f, dil, edebiyat ve k\u00fclt\u00fcr ba\u011flam\u0131nda \u00f6nemli bir disiplindir. Uluslararas\u0131 bilimsel i\u015f birli\u011fini \u00f6ne \u00e7\u0131karan yap\u0131s\u0131 ve g\u00fc\u00e7l\u00fc kurumsal kimli\u011fiyle Amerikan K\u00fclt\u00fcr\u00fc ve Edebiyat\u0131 B\u00f6l\u00fcm\u00fc 2016 y\u0131l\u0131nda Prof. Dr. Ahmet BE\u015eE\u2019nin [&hellip;]<\/p>\n","protected":false},"author":1,"featured_media":0,"parent":0,"menu_order":0,"comment_status":"closed","ping_status":"closed","template":"","meta":{"footnotes":""},"class_list":["post-5638","page","type-page","status-publish","hentry"],"_links":{"self":[{"href":"https:\/\/atauni.edu.tr\/amerikan-kulturu-ve-edebiyati\/wp-json\/wp\/v2\/pages\/5638","targetHints":{"allow":["GET"]}}],"collection":[{"href":"https:\/\/atauni.edu.tr\/amerikan-kulturu-ve-edebiyati\/wp-json\/wp\/v2\/pages"}],"about":[{"href":"https:\/\/atauni.edu.tr\/amerikan-kulturu-ve-edebiyati\/wp-json\/wp\/v2\/types\/page"}],"author":[{"embeddable":true,"href":"https:\/\/atauni.edu.tr\/amerikan-kulturu-ve-edebiyati\/wp-json\/wp\/v2\/users\/1"}],"replies":[{"embeddable":true,"href":"https:\/\/atauni.edu.tr\/amerikan-kulturu-ve-edebiyati\/wp-json\/wp\/v2\/comments?post=5638"}],"version-history":[{"count":37,"href":"https:\/\/atauni.edu.tr\/amerikan-kulturu-ve-edebiyati\/wp-json\/wp\/v2\/pages\/5638\/revisions"}],"predecessor-version":[{"id":6384,"href":"https:\/\/atauni.edu.tr\/amerikan-kulturu-ve-edebiyati\/wp-json\/wp\/v2\/pages\/5638\/revisions\/6384"}],"wp:attachment":[{"href":"https:\/\/atauni.edu.tr\/amerikan-kulturu-ve-edebiyati\/wp-json\/wp\/v2\/media?parent=5638"}],"curies":[{"name":"wp","href":"https:\/\/api.w.org\/{rel}","templated":true}]}}