{"id":5728,"date":"2021-07-13T11:33:38","date_gmt":"2021-07-13T08:33:38","guid":{"rendered":"https:\/\/portaltest.atauni.edu.tr\/bilgisayar-muhendisligi\/?page_id=5728"},"modified":"2021-12-13T10:30:57","modified_gmt":"2021-12-13T07:30:57","slug":"bolum-tanitimi","status":"publish","type":"page","link":"https:\/\/atauni.edu.tr\/amerikan-kulturu-ve-edebiyati\/bolum-tanitimi\/","title":{"rendered":"B\u00f6l\u00fcm Tan\u0131t\u0131m\u0131"},"content":{"rendered":"\t\t<div data-elementor-type=\"wp-page\" data-elementor-id=\"5728\" class=\"elementor elementor-5728\" data-elementor-post-type=\"page\">\n\t\t\t\t\t\t<section class=\"elementor-section elementor-top-section elementor-element elementor-element-730d320 elementor-section-boxed elementor-section-height-default elementor-section-height-default\" data-id=\"730d320\" data-element_type=\"section\">\n\t\t\t\t\t\t<div class=\"elementor-container elementor-column-gap-default\">\n\t\t\t\t\t<div class=\"elementor-column elementor-col-100 elementor-top-column elementor-element elementor-element-753d0860\" data-id=\"753d0860\" data-element_type=\"column\">\n\t\t\t<div class=\"elementor-widget-wrap\">\n\t\t\t\t\t\t\t<\/div>\n\t\t<\/div>\n\t\t\t\t\t<\/div>\n\t\t<\/section>\n\t\t\t\t<section class=\"elementor-section elementor-top-section elementor-element elementor-element-9be811a elementor-section-boxed elementor-section-height-default elementor-section-height-default\" data-id=\"9be811a\" data-element_type=\"section\">\n\t\t\t\t\t\t<div class=\"elementor-container elementor-column-gap-default\">\n\t\t\t\t\t<div class=\"elementor-column elementor-col-100 elementor-top-column elementor-element elementor-element-1ed847b7\" data-id=\"1ed847b7\" data-element_type=\"column\">\n\t\t\t<div class=\"elementor-widget-wrap elementor-element-populated\">\n\t\t\t\t\t\t<div class=\"elementor-element elementor-element-4ce0d07f elementor-widget elementor-widget-heading\" data-id=\"4ce0d07f\" data-element_type=\"widget\" data-widget_type=\"heading.default\">\n\t\t\t\t<div class=\"elementor-widget-container\">\n\t\t\t\t\t<h2 class=\"elementor-heading-title elementor-size-default\">B\u00f6l\u00fcm Tan\u0131t\u0131m\u0131<\/h2>\t\t\t\t<\/div>\n\t\t\t\t<\/div>\n\t\t\t\t<div class=\"elementor-element elementor-element-63260862 elementor-widget-divider--view-line elementor-widget elementor-widget-divider\" data-id=\"63260862\" data-element_type=\"widget\" data-widget_type=\"divider.default\">\n\t\t\t\t<div class=\"elementor-widget-container\">\n\t\t\t\t\t\t\t<div class=\"elementor-divider\">\n\t\t\t<span class=\"elementor-divider-separator\">\n\t\t\t\t\t\t<\/span>\n\t\t<\/div>\n\t\t\t\t\t\t<\/div>\n\t\t\t\t<\/div>\n\t\t\t\t\t<\/div>\n\t\t<\/div>\n\t\t\t\t\t<\/div>\n\t\t<\/section>\n\t\t\t\t<section class=\"elementor-section elementor-top-section elementor-element elementor-element-681db8b elementor-section-boxed elementor-section-height-default elementor-section-height-default\" data-id=\"681db8b\" data-element_type=\"section\">\n\t\t\t\t\t\t<div class=\"elementor-container elementor-column-gap-default\">\n\t\t\t\t\t<div class=\"elementor-column elementor-col-100 elementor-top-column elementor-element elementor-element-ad4dac5\" data-id=\"ad4dac5\" data-element_type=\"column\">\n\t\t\t<div class=\"elementor-widget-wrap elementor-element-populated\">\n\t\t\t\t\t\t<div class=\"elementor-element elementor-element-2f96b3d elementor-widget elementor-widget-text-editor\" data-id=\"2f96b3d\" data-element_type=\"widget\" data-widget_type=\"text-editor.default\">\n\t\t\t\t<div class=\"elementor-widget-container\">\n\t\t\t\t\t\t\t\t\t<div class=\"\" style=\"color: #000000;font-family: 'Roboto Condensed', sans-serif;font-size: 14px;text-align: start\"><span lang=\"TR\">Amerikan K\u00fclt\u00fcr\u00fc ve Edebiyat\u0131 b\u00f6l\u00fcm\u00fcm\u00fcz \u00fclkemizde eksikli\u011fi hissedilen sadece dilde yetkin de\u011fil ayn\u0131 zamanda k\u00fclt\u00fcrel ve sosyal konularda da g\u00fc\u00e7l\u00fc bir altyap\u0131ya ve ele\u015ftirel bak\u0131\u015f a\u00e7\u0131s\u0131na sahip bireyler yeti\u015ftirmeyi ama\u00e7lamaktad\u0131r. Amerikan k\u00fclt\u00fcr\u00fc ve edebiyat\u0131n\u0131 \u015fekillendiren tarihsel, felsefi, dinsel, toplumsal, sanatsal ve politik geleneklerin olu\u015fumunu ve g\u00fcn\u00fcm\u00fcze uzanan geli\u015fimiyle birlikte b\u00f6l\u00fcm\u00fcn disiplinler ve k\u00fclt\u00fcrleraras\u0131 perspektifi, b\u00f6l\u00fcm \u00f6\u011frencilerini fark\u0131ndal\u0131k d\u00fczeyi y\u00fcksek, \u00f6\u011frenme ve ara\u015ft\u0131rmay\u0131 bir ya\u015fam bi\u00e7imi olarak benimseyen bireyler aras\u0131na yerle\u015ftirecektir.\u00a0<span>\u00a0<\/span>Bu ba\u011flamda, edebiyat, felsefe, dil ve di\u011fer sosyal bilimler disiplinlerini de i\u00e7inde bar\u0131nd\u0131ran Amerikan K\u00fclt\u00fcr\u00fc ve Edebiyat\u0131 b\u00f6l\u00fcm\u00fc, \u00f6\u011frencilerine sadece kendi k\u00fclt\u00fcrlerini ve de\u011ferlerini de\u011fil, ayn\u0131 zamanda k\u00fclt\u00fcrlerin perspektiflerini de anlama yetisi ve kar\u015f\u0131la\u015ft\u0131rmal\u0131 bir ele\u015ftirel bak\u0131\u015f a\u00e7\u0131s\u0131 edinimi sunar. Ayr\u0131ca, program i\u00e7eri\u011finin k\u00fcreselle\u015fen d\u00fcnyan\u0131n ortak dili haline gelen \u0130ngilizceyi de kapsamas\u0131, k\u00fclt\u00fcrleraras\u0131 etkile\u015fimin \u00f6ncelikli oldu\u011fu 21. y\u00fczy\u0131l da \u0130ngilizce ile T\u00fcrk\u00e7e aras\u0131nda k\u00f6pr\u00fc g\u00f6revi \u00fcstlenerek bu b\u00f6l\u00fcm\u00fc tercih edecek adaylara bir k\u00fclt\u00fcr ve ileti\u015fim uzman\u0131 olarak mezun olmalar\u0131na olanak tan\u0131r.\u00a0<\/span><\/div><p><br style=\"color: #000000;font-family: 'Roboto Condensed', sans-serif;font-size: 14px;text-align: start\" \/><span lang=\"TR\" style=\"color: #000000;font-family: 'Roboto Condensed', sans-serif;font-size: 14px;text-align: start\">\u00dclkemizin k\u00f6kl\u00fc \u00fcniversitelerinden biri olan Atat\u00fcrk \u00dcniversitesi sahip oldu\u011fu se\u00e7kin akademik personeli, geli\u015fmi\u015f fiziksel imk\u00e2nlar\u0131 ve bilimsel, k\u00fclt\u00fcrel, sosyal olanaklar\u0131yla g\u00fc\u00e7l\u00fc bir alt yap\u0131ya sahiptir. Do\u011fu Anadolu\u2019nun en b\u00fcy\u00fck e\u011fitim binas\u0131 olma \u00f6zelli\u011fine sahip olan ve 2019 y\u0131l\u0131nda in\u015fas\u0131 tamamlanan Atat\u00fcrk \u00dcniversitesi Edebiyat Fak\u00fcltesi, yeni binas\u0131yla toplamda 42.300 metrekare kapal\u0131 alana sahiptir. Fak\u00fcltede 52 derslik, 20 amfi, 310akademik ve idari personel odas\u0131, 235 ki\u015filik konferans salonu ve k\u00fct\u00fcphane bulunmaktad\u0131r. Binan\u0131n ikinci kat\u0131nda yer alan Amerikan K\u00fclt\u00fcr\u00fc ve Edebiyat\u0131 b\u00f6l\u00fcm\u00fc s\u0131n\u0131flar\u0131n\u0131n donan\u0131m\u0131 ve \u00f6\u011frenci kapasitesi olarak e\u011fitim-\u00f6\u011fretime haz\u0131rd\u0131r.\u00a0<\/span><\/p>\t\t\t\t\t\t\t\t<\/div>\n\t\t\t\t<\/div>\n\t\t\t\t\t<\/div>\n\t\t<\/div>\n\t\t\t\t\t<\/div>\n\t\t<\/section>\n\t\t\t\t<\/div>\n\t\t","protected":false},"excerpt":{"rendered":"<p>B\u00f6l\u00fcm Tan\u0131t\u0131m\u0131 Amerikan K\u00fclt\u00fcr\u00fc ve Edebiyat\u0131 b\u00f6l\u00fcm\u00fcm\u00fcz \u00fclkemizde eksikli\u011fi hissedilen sadece dilde yetkin de\u011fil ayn\u0131 zamanda k\u00fclt\u00fcrel ve sosyal konularda da g\u00fc\u00e7l\u00fc bir altyap\u0131ya ve ele\u015ftirel bak\u0131\u015f a\u00e7\u0131s\u0131na sahip bireyler yeti\u015ftirmeyi ama\u00e7lamaktad\u0131r. Amerikan k\u00fclt\u00fcr\u00fc ve edebiyat\u0131n\u0131 \u015fekillendiren tarihsel, felsefi, dinsel, toplumsal, sanatsal ve politik geleneklerin olu\u015fumunu ve g\u00fcn\u00fcm\u00fcze uzanan geli\u015fimiyle birlikte b\u00f6l\u00fcm\u00fcn disiplinler ve k\u00fclt\u00fcrleraras\u0131 [&hellip;]<\/p>\n","protected":false},"author":1,"featured_media":0,"parent":0,"menu_order":0,"comment_status":"closed","ping_status":"closed","template":"elementor_header_footer","meta":{"footnotes":""},"class_list":["post-5728","page","type-page","status-publish","hentry"],"_links":{"self":[{"href":"https:\/\/atauni.edu.tr\/amerikan-kulturu-ve-edebiyati\/wp-json\/wp\/v2\/pages\/5728","targetHints":{"allow":["GET"]}}],"collection":[{"href":"https:\/\/atauni.edu.tr\/amerikan-kulturu-ve-edebiyati\/wp-json\/wp\/v2\/pages"}],"about":[{"href":"https:\/\/atauni.edu.tr\/amerikan-kulturu-ve-edebiyati\/wp-json\/wp\/v2\/types\/page"}],"author":[{"embeddable":true,"href":"https:\/\/atauni.edu.tr\/amerikan-kulturu-ve-edebiyati\/wp-json\/wp\/v2\/users\/1"}],"replies":[{"embeddable":true,"href":"https:\/\/atauni.edu.tr\/amerikan-kulturu-ve-edebiyati\/wp-json\/wp\/v2\/comments?post=5728"}],"version-history":[{"count":14,"href":"https:\/\/atauni.edu.tr\/amerikan-kulturu-ve-edebiyati\/wp-json\/wp\/v2\/pages\/5728\/revisions"}],"predecessor-version":[{"id":6191,"href":"https:\/\/atauni.edu.tr\/amerikan-kulturu-ve-edebiyati\/wp-json\/wp\/v2\/pages\/5728\/revisions\/6191"}],"wp:attachment":[{"href":"https:\/\/atauni.edu.tr\/amerikan-kulturu-ve-edebiyati\/wp-json\/wp\/v2\/media?parent=5728"}],"curies":[{"name":"wp","href":"https:\/\/api.w.org\/{rel}","templated":true}]}}