{"id":6071,"date":"2021-08-27T15:45:02","date_gmt":"2021-08-27T12:45:02","guid":{"rendered":"http:\/\/birimler.atauni.edu.tr\/amerikan-kulturu-ve-edebiyati\/?page_id=6071"},"modified":"2022-03-12T17:46:26","modified_gmt":"2022-03-12T14:46:26","slug":"bolum-kurulu-kararlari","status":"publish","type":"page","link":"https:\/\/atauni.edu.tr\/amerikan-kulturu-ve-edebiyati\/bolum-kurulu-kararlari\/","title":{"rendered":"B\u00f6l\u00fcm Kurulu Kararlar\u0131"},"content":{"rendered":"\t\t<div data-elementor-type=\"wp-page\" data-elementor-id=\"6071\" class=\"elementor elementor-6071\" data-elementor-post-type=\"page\">\n\t\t\t\t\t\t<section class=\"elementor-section elementor-top-section elementor-element elementor-element-730d320 elementor-section-boxed elementor-section-height-default elementor-section-height-default\" data-id=\"730d320\" data-element_type=\"section\">\n\t\t\t\t\t\t<div class=\"elementor-container elementor-column-gap-default\">\n\t\t\t\t\t<div class=\"elementor-column elementor-col-100 elementor-top-column elementor-element elementor-element-753d0860\" data-id=\"753d0860\" data-element_type=\"column\">\n\t\t\t<div class=\"elementor-widget-wrap\">\n\t\t\t\t\t\t\t<\/div>\n\t\t<\/div>\n\t\t\t\t\t<\/div>\n\t\t<\/section>\n\t\t\t\t<section class=\"elementor-section elementor-top-section elementor-element elementor-element-9be811a elementor-section-boxed elementor-section-height-default elementor-section-height-default\" data-id=\"9be811a\" data-element_type=\"section\">\n\t\t\t\t\t\t<div class=\"elementor-container elementor-column-gap-default\">\n\t\t\t\t\t<div class=\"elementor-column elementor-col-100 elementor-top-column elementor-element elementor-element-1ed847b7\" data-id=\"1ed847b7\" data-element_type=\"column\">\n\t\t\t<div class=\"elementor-widget-wrap elementor-element-populated\">\n\t\t\t\t\t\t<div class=\"elementor-element elementor-element-4ce0d07f elementor-widget elementor-widget-heading\" data-id=\"4ce0d07f\" data-element_type=\"widget\" data-widget_type=\"heading.default\">\n\t\t\t\t<div class=\"elementor-widget-container\">\n\t\t\t\t\t<h2 class=\"elementor-heading-title elementor-size-default\">B\u00f6l\u00fcm Kurulu Kararlar\u0131<\/h2>\t\t\t\t<\/div>\n\t\t\t\t<\/div>\n\t\t\t\t<div class=\"elementor-element elementor-element-63260862 elementor-widget-divider--view-line elementor-widget elementor-widget-divider\" data-id=\"63260862\" data-element_type=\"widget\" data-widget_type=\"divider.default\">\n\t\t\t\t<div class=\"elementor-widget-container\">\n\t\t\t\t\t\t\t<div class=\"elementor-divider\">\n\t\t\t<span class=\"elementor-divider-separator\">\n\t\t\t\t\t\t<\/span>\n\t\t<\/div>\n\t\t\t\t\t\t<\/div>\n\t\t\t\t<\/div>\n\t\t\t\t\t<\/div>\n\t\t<\/div>\n\t\t\t\t\t<\/div>\n\t\t<\/section>\n\t\t\t\t<section class=\"elementor-section elementor-top-section elementor-element elementor-element-392b4f7 elementor-section-boxed elementor-section-height-default elementor-section-height-default\" data-id=\"392b4f7\" data-element_type=\"section\">\n\t\t\t\t\t\t<div class=\"elementor-container elementor-column-gap-default\">\n\t\t\t\t\t<div class=\"elementor-column elementor-col-100 elementor-top-column elementor-element elementor-element-d4a9470\" data-id=\"d4a9470\" data-element_type=\"column\">\n\t\t\t<div class=\"elementor-widget-wrap elementor-element-populated\">\n\t\t\t\t\t\t<div class=\"elementor-element elementor-element-0feea9c elementor-widget elementor-widget-text-editor\" data-id=\"0feea9c\" data-element_type=\"widget\" data-widget_type=\"text-editor.default\">\n\t\t\t\t<div class=\"elementor-widget-container\">\n\t\t\t\t\t\t\t\t\t<p>2021-2022 \u00f6\u011fretim y\u0131l\u0131 itibariyle Amerikan K\u00fclt\u00fcr\u00fc ve Edebiyat\u0131na kay\u0131t yapt\u0131racak olan haz\u0131rl\u0131k s\u0131n\u0131f\u0131 \u00f6\u011frencilerinin YDS\u2019den en az <strong>80 Puan<\/strong> veya Y\u00fcksek\u00f6\u011fretim Kurulu Ba\u015fkanl\u0131\u011f\u0131 taraf\u0131ndan kabul edilen s\u0131navlar ile Yabanc\u0131 Dil S\u0131navlar\u0131 E\u015fde\u011ferlikleri \u00d6SYM Y\u00f6netim Kurulunca kabul edilen s\u0131navlardan e\u015f de\u011fer bir puan alm\u0131\u015f olmalar\u0131 ve s\u0131nav sonu\u00e7 belgelerini Atat\u00fcrk \u00dcniversitesi Yabanc\u0131 Dille E\u011fitim Yap\u0131lan B\u00f6l\u00fcm ve Anabilim Dallar\u0131nda Haz\u0131rl\u0131k S\u0131n\u0131f\u0131 E\u011fitim-\u00d6\u011fretim ve S\u0131nav Uygulama Esaslar\u0131 Y\u00f6nergesinde belirtilen tarihlerde teslim etmeleri halinde Amerikan K\u00fclt\u00fcr\u00fc ve Edebiyat\u0131 B\u00f6l\u00fcm\u00fc Haz\u0131rl\u0131k s\u0131n\u0131f\u0131ndan muaf olmalar\u0131na <strong>B\u00f6l\u00fcm Kurulumuzca<\/strong> karar verilmi\u015ftir.<\/p>\t\t\t\t\t\t\t\t<\/div>\n\t\t\t\t<\/div>\n\t\t\t\t\t<\/div>\n\t\t<\/div>\n\t\t\t\t\t<\/div>\n\t\t<\/section>\n\t\t\t\t<\/div>\n\t\t","protected":false},"excerpt":{"rendered":"<p>B\u00f6l\u00fcm Kurulu Kararlar\u0131 2021-2022 \u00f6\u011fretim y\u0131l\u0131 itibariyle Amerikan K\u00fclt\u00fcr\u00fc ve Edebiyat\u0131na kay\u0131t yapt\u0131racak olan haz\u0131rl\u0131k s\u0131n\u0131f\u0131 \u00f6\u011frencilerinin YDS\u2019den en az 80 Puan veya Y\u00fcksek\u00f6\u011fretim Kurulu Ba\u015fkanl\u0131\u011f\u0131 taraf\u0131ndan kabul edilen s\u0131navlar ile Yabanc\u0131 Dil S\u0131navlar\u0131 E\u015fde\u011ferlikleri \u00d6SYM Y\u00f6netim Kurulunca kabul edilen s\u0131navlardan e\u015f de\u011fer bir puan alm\u0131\u015f olmalar\u0131 ve s\u0131nav sonu\u00e7 belgelerini Atat\u00fcrk \u00dcniversitesi Yabanc\u0131 Dille [&hellip;]<\/p>\n","protected":false},"author":1,"featured_media":0,"parent":0,"menu_order":0,"comment_status":"closed","ping_status":"closed","template":"elementor_header_footer","meta":{"footnotes":""},"class_list":["post-6071","page","type-page","status-publish","hentry"],"_links":{"self":[{"href":"https:\/\/atauni.edu.tr\/amerikan-kulturu-ve-edebiyati\/wp-json\/wp\/v2\/pages\/6071","targetHints":{"allow":["GET"]}}],"collection":[{"href":"https:\/\/atauni.edu.tr\/amerikan-kulturu-ve-edebiyati\/wp-json\/wp\/v2\/pages"}],"about":[{"href":"https:\/\/atauni.edu.tr\/amerikan-kulturu-ve-edebiyati\/wp-json\/wp\/v2\/types\/page"}],"author":[{"embeddable":true,"href":"https:\/\/atauni.edu.tr\/amerikan-kulturu-ve-edebiyati\/wp-json\/wp\/v2\/users\/1"}],"replies":[{"embeddable":true,"href":"https:\/\/atauni.edu.tr\/amerikan-kulturu-ve-edebiyati\/wp-json\/wp\/v2\/comments?post=6071"}],"version-history":[{"count":25,"href":"https:\/\/atauni.edu.tr\/amerikan-kulturu-ve-edebiyati\/wp-json\/wp\/v2\/pages\/6071\/revisions"}],"predecessor-version":[{"id":6505,"href":"https:\/\/atauni.edu.tr\/amerikan-kulturu-ve-edebiyati\/wp-json\/wp\/v2\/pages\/6071\/revisions\/6505"}],"wp:attachment":[{"href":"https:\/\/atauni.edu.tr\/amerikan-kulturu-ve-edebiyati\/wp-json\/wp\/v2\/media?parent=6071"}],"curies":[{"name":"wp","href":"https:\/\/api.w.org\/{rel}","templated":true}]}}