{"id":6476,"date":"2022-03-12T16:51:03","date_gmt":"2022-03-12T13:51:03","guid":{"rendered":"https:\/\/birimler.atauni.edu.tr\/amerikan-kulturu-ve-edebiyati\/?page_id=6476"},"modified":"2022-03-14T11:16:20","modified_gmt":"2022-03-14T08:16:20","slug":"ogrenci-kulupleri","status":"publish","type":"page","link":"https:\/\/atauni.edu.tr\/amerikan-kulturu-ve-edebiyati\/ogrenci-kulupleri\/","title":{"rendered":"\u00d6\u011frenci Kul\u00fcpleri"},"content":{"rendered":"\t\t<div data-elementor-type=\"wp-page\" data-elementor-id=\"6476\" class=\"elementor elementor-6476\" data-elementor-post-type=\"page\">\n\t\t\t\t\t\t<section class=\"elementor-section elementor-top-section elementor-element elementor-element-6cd5261 elementor-section-boxed elementor-section-height-default elementor-section-height-default\" data-id=\"6cd5261\" data-element_type=\"section\">\n\t\t\t\t\t\t<div class=\"elementor-container elementor-column-gap-default\">\n\t\t\t\t\t<div class=\"elementor-column elementor-col-100 elementor-top-column elementor-element elementor-element-3734f26\" data-id=\"3734f26\" data-element_type=\"column\">\n\t\t\t<div class=\"elementor-widget-wrap elementor-element-populated\">\n\t\t\t\t\t\t<div class=\"elementor-element elementor-element-3c1cf78 elementor-widget elementor-widget-text-editor\" data-id=\"3c1cf78\" data-element_type=\"widget\" data-widget_type=\"text-editor.default\">\n\t\t\t\t<div class=\"elementor-widget-container\">\n\t\t\t\t\t\t\t\t\t<p>Kul\u00fcp kurulma a\u015famas\u0131ndad\u0131r.<\/p>\t\t\t\t\t\t\t\t<\/div>\n\t\t\t\t<\/div>\n\t\t\t\t\t<\/div>\n\t\t<\/div>\n\t\t\t\t\t<\/div>\n\t\t<\/section>\n\t\t\t\t<\/div>\n\t\t","protected":false},"excerpt":{"rendered":"<p>Kul\u00fcp kurulma a\u015famas\u0131ndad\u0131r.<\/p>\n","protected":false},"author":68,"featured_media":0,"parent":0,"menu_order":0,"comment_status":"closed","ping_status":"closed","template":"","meta":{"footnotes":""},"class_list":["post-6476","page","type-page","status-publish","hentry"],"_links":{"self":[{"href":"https:\/\/atauni.edu.tr\/amerikan-kulturu-ve-edebiyati\/wp-json\/wp\/v2\/pages\/6476","targetHints":{"allow":["GET"]}}],"collection":[{"href":"https:\/\/atauni.edu.tr\/amerikan-kulturu-ve-edebiyati\/wp-json\/wp\/v2\/pages"}],"about":[{"href":"https:\/\/atauni.edu.tr\/amerikan-kulturu-ve-edebiyati\/wp-json\/wp\/v2\/types\/page"}],"author":[{"embeddable":true,"href":"https:\/\/atauni.edu.tr\/amerikan-kulturu-ve-edebiyati\/wp-json\/wp\/v2\/users\/68"}],"replies":[{"embeddable":true,"href":"https:\/\/atauni.edu.tr\/amerikan-kulturu-ve-edebiyati\/wp-json\/wp\/v2\/comments?post=6476"}],"version-history":[{"count":10,"href":"https:\/\/atauni.edu.tr\/amerikan-kulturu-ve-edebiyati\/wp-json\/wp\/v2\/pages\/6476\/revisions"}],"predecessor-version":[{"id":6573,"href":"https:\/\/atauni.edu.tr\/amerikan-kulturu-ve-edebiyati\/wp-json\/wp\/v2\/pages\/6476\/revisions\/6573"}],"wp:attachment":[{"href":"https:\/\/atauni.edu.tr\/amerikan-kulturu-ve-edebiyati\/wp-json\/wp\/v2\/media?parent=6476"}],"curies":[{"name":"wp","href":"https:\/\/api.w.org\/{rel}","templated":true}]}}